{"id":1230,"date":"2018-11-04T13:46:47","date_gmt":"2018-11-04T12:46:47","guid":{"rendered":"https:\/\/hoegy.de\/homepage\/?page_id=1230"},"modified":"2025-09-11T17:31:51","modified_gmt":"2025-09-11T15:31:51","slug":"infos-ganztagesschule","status":"publish","type":"page","link":"https:\/\/hoegy.de\/homepage\/schulangebote\/ganztagesschule\/infos-ganztagesschule\/","title":{"rendered":"Informationen Ganztagesschule"},"content":{"rendered":"<section class=\"l-section wpb_row height_small\"><div class=\"l-section-h i-cf\"><div class=\"g-cols vc_row via_flex valign_top type_default stacking_default\"><div class=\"vc_col-sm-12 wpb_column vc_column_container\"><div class=\"vc_column-inner\"><div class=\"wpb_wrapper\"><div class=\"wpb_text_column\"><div class=\"wpb_wrapper\"><p><span>Das H\u00f6Gy bietet im Rahmen der Ganztagesschule ein bew\u00e4hrtes, vielf\u00e4ltiges und breites Betreuungsangebot an. Die Kernzeiten der Betreuung sind Montag \u2013 Donnerstag von 7.30 \u2013 15.15 Uhr w\u00e4hrend der Schulzeit; Kosten fallen f\u00fcr Sie keine an.<\/span><br \/>\n<span>Unsere Betreuung ist nach dem Baustein-Prinzip konzipiert:<\/span><br \/>\n<span>So k\u00f6nnen Sie f\u00fcr die Tage, an denen Sie eine Betreuung ben\u00f6tigen bzw. w\u00fcnschen, w\u00e4hlen, ob Ihr Kind z.B. eines der zahlreichen AG-Angebote nutzt. Diese werden von ausgebildeten Sch\u00fclermentoren, Eltern und Kolleginnen und Kollegen betreut . Alternativ kann die GTS-Zeit besucht werden, die eine Hausaufgabenbetreuung und anschlie\u00dfende kleinere Freizeitangebote bietet. Auch Nachhilfe im Rahmen von \u201eSch\u00fcler helfen Sch\u00fclern\u201c bildet einen m\u00f6glichen Baustein. F\u00fcr die Nachhilfe ist ein kleiner Betrag zu entrichten.<\/span><br \/>\n<span>M\u00f6chten Sie Ihr Kind im Rahmen unserer Ganztagesbetreuung betreuen lassen, dann ist eine Anmeldung erforderlich; diese erfolgt i.d.R. in der ersten Schulwoche. Sollte sich bei Ihnen einmal spontan Betreuungsbedarf ergeben, so steht Ihrem Kind die GTS-Zeit aber auch ohne Anmeldung offen.<\/span><\/p>\n<\/div><\/div><div class=\"w-tabs style_default switch_click accordion has_scrolling\" style=\"--sections-title-size:inherit\"><div class=\"w-tabs-sections titles-align_none icon_chevron cpos_right\"><div class=\"w-tabs-section active\" id=\"1631350796425-c3a82544-06ea\"><button class=\"w-tabs-section-header active with_icon\" aria-controls=\"content-1631350796425-c3a82544-06ea\" aria-expanded=\"true\"><i class=\"fas fa-book\"><\/i><div class=\"w-tabs-section-title\">Informationen GTS<\/div><div class=\"w-tabs-section-control\"><\/div><\/button><div  class=\"w-tabs-section-content\" id=\"content-1631350796425-c3a82544-06ea\"><div class=\"w-tabs-section-content-h i-cf\"><div class=\"wpfd-wpbakery-single-file  \" id=\"\" ><\/div><div class=\"wpfd-wpbakery-single-file  \" id=\"\" ><div class=\"wpfd-single-file\">\n    <div class=\"wpfd-single-file--icon\">\n            <a href=\"https:\/\/hoegy.de\/homepage\/hgy-admin\/admin-ajax.php?juwpfisadmin&#x3D;false&amp;action&#x3D;wpfd&amp;task&#x3D;file.download&amp;wpfd_category_id&#x3D;73&amp;wpfd_file_id&#x3D;14486&amp;token&#x3D;&amp;preview&#x3D;1\" alt=\"\u00dcbersicht und Infos zu den AGs 2025-26\" class=\"wpfdlightbox\">\n            <div class=\"wpfd-icon-placeholder lazyload\" style=\"background-image:inherit;border-radius: 4%;box-shadow: 0px 0px 0px 0px transparent;background-color: #CB0606;border: 0px solid ;background-size: 100%;\" data-bg-image=\"url(&quot;https:\/\/hoegy.de\/homepage\/hgy-apps\/wp-file-download\/app\/site\/assets\/icons\/svg\/pdf.svg&quot;)\"><\/div>\n        <\/a>\n    <\/div>\n\n    <div class=\"wpfd-single-file--details wpfd-file-content\">\n                        <h3 class=\"wpfd-file-content--title\"><a href=\"https:\/\/hoegy.de\/homepage\/download\/73\/ganztagesschule-gts\/14486\/uebersicht-und-infos-zu-den-ags-2025-26.pdf\" style=\"text-decoration: none\">\u00dcbersicht und Infos zu den AGs 2025-26<\/a><\/h3>\n        <div class=\"wpfd-file-content--meta\">\n                    <div>Dateigr\u00f6\u00dfe: 347.24 KB<\/div>\n                    <div>Erstellungsdatum: 11.09.2025<\/div>\n                    <div>Aktualisiert: 11.09.2025<\/div>\n                    <div>Aufrufe: 1062<\/div>\n        <\/div>\n    <\/div>\n    <div class=\"wpfd-single-file--buttons\">\n                                <a href=\"https:\/\/hoegy.de\/homepage\/download\/73\/ganztagesschule-gts\/14486\/uebersicht-und-infos-zu-den-ags-2025-26.pdf\"  data-id=\"14486\" title=\"\u00dcbersicht und Infos zu den AGs 2025-26\" class=\"noLightbox wpfd_downloadlink wpfd-single-file-button wpfd-button-download\">\n                    <svg xmlns=\"http:\/\/www.w3.org\/2000\/svg\" width=\"38\" height=\"38\" viewBox=\"0 0 400 400\"><g fill=\"#ffffff\"><path d=\"M178 234v-7V24c0-13 8-23 20-24 13-1 24 9 24 23v212l5-5 44-44c10-9 23-10 32-1s9 23-1 33l-85 85c-10 11-23 11-34 0l-85-86a22 22 0 0123-37 28 28 0 018 6l44 44a31 31 0 013 5zM200 400H24c-17 0-28-14-23-29 3-10 12-15 23-16h351c12 0 21 6 24 16 5 15-6 29-22 29H200z\"\/><\/g><\/svg>\n                    <span>Herunterladen<\/span>\n                <\/a>\n                    <a href=\"https:\/\/hoegy.de\/homepage\/hgy-admin\/admin-ajax.php?juwpfisadmin&#x3D;false&amp;action&#x3D;wpfd&amp;task&#x3D;file.download&amp;wpfd_category_id&#x3D;73&amp;wpfd_file_id&#x3D;14486&amp;token&#x3D;&amp;preview&#x3D;1\" class=\"wpfd-single-file-button wpfd-button-preview wpfdlightbox\">\n                        <svg xmlns=\"http:\/\/www.w3.org\/2000\/svg\" width=\"38\" height=\"38\" viewBox=\"0 0 400 400\"><g fill=\"#ffffff\"><path d=\"M0 200V55C0 28 16 8 41 2a63 63 0 0115-2h289c32 0 55 23 55 54v248c0 10-6 16-15 16-8 0-14-6-14-16V56c0-16-11-27-28-27H57c-18 0-28 9-28 28v286c0 19 10 28 28 28h243c11 0 18 6 18 15s-7 14-18 14H56c-28 0-49-16-55-41a67 67 0 01-1-15V200z\"\/><path d=\"M314 302l15 15 52 51c7 7 7 14 2 20-6 6-13 5-20-2l-67-65a11 11 0 00-1-1 104 104 0 01-149-26c-29-43-20-99 20-133 39-33 99-31 137 4 38 34 45 93 11 137zm-159-64c-1 42 34 77 77 77 42 1 78-33 78-75 1-42-34-77-75-77-44-1-79 32-80 75z\"\/><\/g><\/svg>\n                        <span>Vorschau<\/span>\n                    <\/a>\n    <\/div>\n<\/div>\n<\/div><div class=\"wpfd-wpbakery-single-file  \" id=\"\" ><\/div><div class=\"wpfd-wpbakery-single-file  \" id=\"\" ><\/div><div class=\"wpfd-wpbakery-single-file  \" id=\"\" ><div class=\"wpfd-single-file\">\n    <div class=\"wpfd-single-file--icon\">\n            <a href=\"https:\/\/hoegy.de\/homepage\/hgy-admin\/admin-ajax.php?juwpfisadmin&#x3D;false&amp;action&#x3D;wpfd&amp;task&#x3D;file.download&amp;wpfd_category_id&#x3D;73&amp;wpfd_file_id&#x3D;9020&amp;token&#x3D;&amp;preview&#x3D;1\" alt=\"Hausaufgabenbetreuung-Regeln\" class=\"wpfdlightbox\">\n            <div class=\"wpfd-icon-placeholder lazyload\" style=\"background-image:inherit;border-radius: 4%;box-shadow: 0px 0px 0px 0px transparent;background-color: #CB0606;border: 0px solid ;background-size: 100%;\" data-bg-image=\"url(&quot;https:\/\/hoegy.de\/homepage\/hgy-apps\/wp-file-download\/app\/site\/assets\/icons\/svg\/pdf.svg&quot;)\"><\/div>\n        <\/a>\n    <\/div>\n\n    <div class=\"wpfd-single-file--details wpfd-file-content\">\n                        <h3 class=\"wpfd-file-content--title\"><a href=\"https:\/\/hoegy.de\/homepage\/download\/73\/ganztagesschule-gts\/9020\/hausaufgabenbetreuung-regeln.pdf\" style=\"text-decoration: none\">Hausaufgabenbetreuung-Regeln<\/a><\/h3>\n        <div class=\"wpfd-file-content--meta\">\n                    <div>Dateigr\u00f6\u00dfe: 94.84 KB<\/div>\n                    <div>Erstellungsdatum: 02.09.2022<\/div>\n                    <div>Aktualisiert: 02.09.2022<\/div>\n                    <div>Aufrufe: 1498<\/div>\n        <\/div>\n    <\/div>\n    <div class=\"wpfd-single-file--buttons\">\n                                <a href=\"https:\/\/hoegy.de\/homepage\/download\/73\/ganztagesschule-gts\/9020\/hausaufgabenbetreuung-regeln.pdf\"  data-id=\"9020\" title=\"Hausaufgabenbetreuung-Regeln\" class=\"noLightbox wpfd_downloadlink wpfd-single-file-button wpfd-button-download\">\n                    <svg xmlns=\"http:\/\/www.w3.org\/2000\/svg\" width=\"38\" height=\"38\" viewBox=\"0 0 400 400\"><g fill=\"#ffffff\"><path d=\"M178 234v-7V24c0-13 8-23 20-24 13-1 24 9 24 23v212l5-5 44-44c10-9 23-10 32-1s9 23-1 33l-85 85c-10 11-23 11-34 0l-85-86a22 22 0 0123-37 28 28 0 018 6l44 44a31 31 0 013 5zM200 400H24c-17 0-28-14-23-29 3-10 12-15 23-16h351c12 0 21 6 24 16 5 15-6 29-22 29H200z\"\/><\/g><\/svg>\n                    <span>Herunterladen<\/span>\n                <\/a>\n                    <a href=\"https:\/\/hoegy.de\/homepage\/hgy-admin\/admin-ajax.php?juwpfisadmin&#x3D;false&amp;action&#x3D;wpfd&amp;task&#x3D;file.download&amp;wpfd_category_id&#x3D;73&amp;wpfd_file_id&#x3D;9020&amp;token&#x3D;&amp;preview&#x3D;1\" class=\"wpfd-single-file-button wpfd-button-preview wpfdlightbox\">\n                        <svg xmlns=\"http:\/\/www.w3.org\/2000\/svg\" width=\"38\" height=\"38\" viewBox=\"0 0 400 400\"><g fill=\"#ffffff\"><path d=\"M0 200V55C0 28 16 8 41 2a63 63 0 0115-2h289c32 0 55 23 55 54v248c0 10-6 16-15 16-8 0-14-6-14-16V56c0-16-11-27-28-27H57c-18 0-28 9-28 28v286c0 19 10 28 28 28h243c11 0 18 6 18 15s-7 14-18 14H56c-28 0-49-16-55-41a67 67 0 01-1-15V200z\"\/><path d=\"M314 302l15 15 52 51c7 7 7 14 2 20-6 6-13 5-20-2l-67-65a11 11 0 00-1-1 104 104 0 01-149-26c-29-43-20-99 20-133 39-33 99-31 137 4 38 34 45 93 11 137zm-159-64c-1 42 34 77 77 77 42 1 78-33 78-75 1-42-34-77-75-77-44-1-79 32-80 75z\"\/><\/g><\/svg>\n                        <span>Vorschau<\/span>\n                    <\/a>\n    <\/div>\n<\/div>\n<\/div><\/div><\/div><\/div><\/div><\/div><\/div><\/div><\/div><\/div><\/div><\/section>\n","protected":false},"excerpt":{"rendered":"Das H\u00f6Gy bietet im Rahmen der Ganztagesschule ein bew\u00e4hrtes, vielf\u00e4ltiges und breites Betreuungsangebot an. Die Kernzeiten der Betreuung sind Montag \u2013 Donnerstag von 7.30 \u2013 15.15 Uhr w\u00e4hrend der Schulzeit; Kosten fallen f\u00fcr Sie keine an. Unsere Betreuung ist nach dem Baustein-Prinzip konzipiert: So k\u00f6nnen Sie f\u00fcr die Tage, an denen Sie eine Betreuung ben\u00f6tigen...","protected":false},"author":1,"featured_media":0,"parent":34,"menu_order":1,"comment_status":"closed","ping_status":"closed","template":"","meta":{"footnotes":""},"class_list":["post-1230","page","type-page","status-publish","hentry"],"publishpress_future_action":{"enabled":false,"date":"2026-04-20 19:18:03","action":"change-status","newStatus":"draft","terms":[],"taxonomy":"","extraData":[]},"publishpress_future_workflow_manual_trigger":{"enabledWorkflows":[]},"_links":{"self":[{"href":"https:\/\/hoegy.de\/homepage\/wp-json\/wp\/v2\/pages\/1230","targetHints":{"allow":["GET"]}}],"collection":[{"href":"https:\/\/hoegy.de\/homepage\/wp-json\/wp\/v2\/pages"}],"about":[{"href":"https:\/\/hoegy.de\/homepage\/wp-json\/wp\/v2\/types\/page"}],"author":[{"embeddable":true,"href":"https:\/\/hoegy.de\/homepage\/wp-json\/wp\/v2\/users\/1"}],"replies":[{"embeddable":true,"href":"https:\/\/hoegy.de\/homepage\/wp-json\/wp\/v2\/comments?post=1230"}],"version-history":[{"count":40,"href":"https:\/\/hoegy.de\/homepage\/wp-json\/wp\/v2\/pages\/1230\/revisions"}],"predecessor-version":[{"id":14506,"href":"https:\/\/hoegy.de\/homepage\/wp-json\/wp\/v2\/pages\/1230\/revisions\/14506"}],"up":[{"embeddable":true,"href":"https:\/\/hoegy.de\/homepage\/wp-json\/wp\/v2\/pages\/34"}],"wp:attachment":[{"href":"https:\/\/hoegy.de\/homepage\/wp-json\/wp\/v2\/media?parent=1230"}],"curies":[{"name":"wp","href":"https:\/\/api.w.org\/{rel}","templated":true}]}}