{"id":12776,"date":"2024-11-10T12:52:26","date_gmt":"2024-11-10T11:52:26","guid":{"rendered":"https:\/\/hoegy.de\/homepage\/?page_id=12776"},"modified":"2024-11-10T12:52:26","modified_gmt":"2024-11-10T11:52:26","slug":"schulseelsorge","status":"publish","type":"page","link":"https:\/\/hoegy.de\/homepage\/schulangebote\/beratung-konfliktloesung\/schulseelsorge\/","title":{"rendered":"Schulseelsorge"},"content":{"rendered":"<p><strong>Liebe Sch\u00fclerinnen und Sch\u00fcler, liebe Eltern, liebe Kolleginnen und Kollegen und alle am Schulleben Beteiligten,<\/strong><\/p>\n<p>die Schulseelsorge ist ein Gespr\u00e4chs- und Beratungsangebot f\u00fcr Euch\/Sie.<\/p>\n<p>Das Angebot ist offen f\u00fcr alle am Schulleben Beteiligten unabh\u00e4ngig von Konfession, Religion und Weltanschauung und unterliegt dem Prinzip der Freiwilligkeit.<\/p>\n<p>Ich bin da,<\/p>\n<ul>\n<li>um Fragen zu besprechen, die vielleicht nicht in den Unterricht oder in die Klasse passen<\/li>\n<li>wenn man jemand braucht, der einem zuh\u00f6rt<\/li>\n<\/ul>\n<ul>\n<li><strong>um Probleme zu bereden<\/strong><\/li>\n<\/ul>\n<ul>\n<li><strong>um Rat in schweren Situationen zu bekommen<\/strong><\/li>\n<\/ul>\n<ul>\n<li>oder um einfach nur \u00fcber Gott und die Welt zu reden.<\/li>\n<\/ul>\n<p>Alle Gespr\u00e4che werden vertraulich behandelt.<\/p>\n<p>Erreichbar bin ich wie folgt:<\/p>\n<p><strong>Kontakt: <\/strong><a href=\"mailto:schulseelsorge@myhoegy.de\"><strong>schulseelsorge@myhoegy.de<\/strong><\/a><\/p>\n<p><strong>Sprechzeiten<\/strong><br \/>\nNach Vereinbarung<\/p>\n<p>Herzliche Gr\u00fc\u00dfe,<\/p>\n<p>Ulrike Weber<\/p>\n","protected":false},"excerpt":{"rendered":"<p>Liebe Sch\u00fclerinnen und Sch\u00fcler, liebe Eltern, liebe Kolleginnen und Kollegen und alle am Schulleben Beteiligten, die Schulseelsorge ist ein Gespr\u00e4chs- und Beratungsangebot f\u00fcr Euch\/Sie. Das Angebot ist offen f\u00fcr alle am Schulleben Beteiligten unabh\u00e4ngig von Konfession, Religion und Weltanschauung und unterliegt dem Prinzip der Freiwilligkeit. Ich bin da, um Fragen zu besprechen, die vielleicht nicht&#8230;<\/p>\n","protected":false},"author":1,"featured_media":0,"parent":8368,"menu_order":0,"comment_status":"closed","ping_status":"closed","template":"","meta":{"footnotes":""},"class_list":["post-12776","page","type-page","status-publish","hentry"],"publishpress_future_action":{"enabled":false,"date":"2026-04-16 05:03:00","action":"change-status","newStatus":"draft","terms":[],"taxonomy":"","extraData":[]},"publishpress_future_workflow_manual_trigger":{"enabledWorkflows":[]},"_links":{"self":[{"href":"https:\/\/hoegy.de\/homepage\/wp-json\/wp\/v2\/pages\/12776","targetHints":{"allow":["GET"]}}],"collection":[{"href":"https:\/\/hoegy.de\/homepage\/wp-json\/wp\/v2\/pages"}],"about":[{"href":"https:\/\/hoegy.de\/homepage\/wp-json\/wp\/v2\/types\/page"}],"author":[{"embeddable":true,"href":"https:\/\/hoegy.de\/homepage\/wp-json\/wp\/v2\/users\/1"}],"replies":[{"embeddable":true,"href":"https:\/\/hoegy.de\/homepage\/wp-json\/wp\/v2\/comments?post=12776"}],"version-history":[{"count":1,"href":"https:\/\/hoegy.de\/homepage\/wp-json\/wp\/v2\/pages\/12776\/revisions"}],"predecessor-version":[{"id":12777,"href":"https:\/\/hoegy.de\/homepage\/wp-json\/wp\/v2\/pages\/12776\/revisions\/12777"}],"up":[{"embeddable":true,"href":"https:\/\/hoegy.de\/homepage\/wp-json\/wp\/v2\/pages\/8368"}],"wp:attachment":[{"href":"https:\/\/hoegy.de\/homepage\/wp-json\/wp\/v2\/media?parent=12776"}],"curies":[{"name":"wp","href":"https:\/\/api.w.org\/{rel}","templated":true}]}}