{"id":12992,"date":"2024-12-12T15:00:13","date_gmt":"2024-12-12T14:00:13","guid":{"rendered":"https:\/\/hoegy.de\/homepage\/?page_id=12992"},"modified":"2024-12-12T15:00:13","modified_gmt":"2024-12-12T14:00:13","slug":"sport","status":"publish","type":"page","link":"https:\/\/hoegy.de\/homepage\/schulangebote\/faecher-unterricht\/sport\/","title":{"rendered":"Sport"},"content":{"rendered":"<section class=\"l-section wpb_row height_small\"><div class=\"l-section-h i-cf\"><div class=\"g-cols vc_row via_flex valign_top type_default stacking_default\"><div class=\"vc_col-sm-12 wpb_column vc_column_container\"><div class=\"vc_column-inner\"><div class=\"wpb_wrapper\"><div class=\"wpb_text_column\"><div class=\"wpb_wrapper\"><p><strong>Sport<\/strong><\/p>\n<p>Bewegung und Lernen geh\u00f6ren zusammen! In diesem Sinne ist uns der Sport am H\u00f6Gy sowohl in Form des Sportunterrichts als auch in Form von au\u00dferunterrichtlichen Aktivit\u00e4ten und Kooperationen wichtig.<\/p>\n<p><strong>Sportanlagen am H\u00f6Gy<\/strong><\/p>\n<p>Durch unsere eigene gro\u00dfe Sporthalle und die Sportau\u00dfenanlagen auf unserem Schulgel\u00e4nde sind wir in der einmaligen Lage, den Sportunterricht (mit Ausnahme des Schwimmens) direkt bei uns an der Schule stattfinden lassen zu k\u00f6nnen. Dies erspart l\u00e4stige und zeitaufw\u00e4ndige Wege zu anderen Sportst\u00e4tten, womit mehr Zeit f\u00fcr den Sport an sich bleibt.<\/p>\n<p>In unserer Sporthalle befindet sich eine gro\u00dfe Kletterwand, f\u00fcr die sich viele Sch\u00fclerinnen und Sch\u00fcler vor allem in der Kletter-AG begeistern.<\/p>\n<p>Im Au\u00dfenbereich stehen uns ein Kunstrasenplatz, ein Hartplatz, ein Beachvolleyballfeld sowie Leichtathletikanlagen zur Verf\u00fcgung \u2013 alles im Gr\u00fcnen, so dass diese Bereiche oft und gerne genutzt werden.<\/p>\n<p><strong>Schwimmunterricht<\/strong><\/p>\n<p>Die F\u00e4higkeit, sicher schwimmen zu k\u00f6nnen, kann lebenswichtig sein. Daher sind wir froh, in Klasse 5 und 7 Schwimmunterricht anbieten zu k\u00f6nnen. Hierf\u00fcr fahren Busse unsere Sch\u00fclerinnen und Sch\u00fcler zum Inselbad in Zizishausen.<\/p>\n<p><strong>Au\u00dferunterrichtliche Aktivit\u00e4ten<\/strong><\/p>\n<p>Der <strong>Sporttag im Winter<\/strong> hat am H\u00f6Gy eine lange Tradition: Alle Sch\u00fclerinnen und Sch\u00fcler der Klassenstufen 5-10 nehmen jahrgangs\u00fcbergreifend an diesem Event teil. Dank mehrere Kooperationspartner k\u00f6nnen die Sch\u00fclerinnen und Sch\u00fcler aktuell zwischen den Aktivit\u00e4ten Ski Alpin, Schlittschuhlaufen, Erlebnisbad Fildorado, Stuntwerk Kirchheim, HipHop\/ lateinamerikanischer Tanz, Kampfsport und Wandern w\u00e4hlen. Der Tag bietet eine tolle M\u00f6glichkeit, au\u00dferhalb des Schulalltags Sport in der Gemeinschaft erleben zu k\u00f6nnen und auch neue Sportarten kennenzulernen.<\/p>\n<p>Ein weiteres sportliches Highlight am H\u00f6Gy sind die <strong>Bundesjugendspiele<\/strong> der Klassen 5-7, die jedes Jahr im Stadion Neckarau stattfinden. Gemeinsam wird hier beim Weitsprung, Weitwurf, Sprint und Mittelstreckenlauf gek\u00e4mpft und angefeuert. Bei der Durchf\u00fchrung helfen die Sch\u00fclerinnen und Sch\u00fcler der Klassen 10, die neben den Lehrerinnen und Lehrern, auch Ansprechpersonen f\u00fcr die j\u00fcngeren Sch\u00fclerinnen und Sch\u00fcler sind. Die Sani-AG ist immer vor Ort, um zu helfen, falls sich doch einmal jemand verletzt oder anderweitig Hilfe ben\u00f6tigt.<\/p>\n<p>Dar\u00fcber hinaus wird der Sportunterricht am H\u00f6Gy auch immer wieder von <strong>Kooperationen mit au\u00dferschulischen Einrichtungen und Vereinen<\/strong> bereichert.<\/p>\n<\/div><\/div><\/div><\/div><\/div><\/div><\/div><\/section>\n","protected":false},"excerpt":{"rendered":"Sport Bewegung und Lernen geh\u00f6ren zusammen! In diesem Sinne ist uns der Sport am H\u00f6Gy sowohl in Form des Sportunterrichts als auch in Form von au\u00dferunterrichtlichen Aktivit\u00e4ten und Kooperationen wichtig. Sportanlagen am H\u00f6Gy Durch unsere eigene gro\u00dfe Sporthalle und die Sportau\u00dfenanlagen auf unserem Schulgel\u00e4nde sind wir in der einmaligen Lage, den Sportunterricht (mit Ausnahme des...","protected":false},"author":8,"featured_media":0,"parent":218,"menu_order":0,"comment_status":"closed","ping_status":"closed","template":"","meta":{"footnotes":""},"class_list":["post-12992","page","type-page","status-publish","hentry"],"publishpress_future_action":{"enabled":false,"date":"2026-05-12 12:11:30","action":"change-status","newStatus":"draft","terms":[],"taxonomy":"","extraData":[]},"publishpress_future_workflow_manual_trigger":{"enabledWorkflows":[]},"_links":{"self":[{"href":"https:\/\/hoegy.de\/homepage\/wp-json\/wp\/v2\/pages\/12992","targetHints":{"allow":["GET"]}}],"collection":[{"href":"https:\/\/hoegy.de\/homepage\/wp-json\/wp\/v2\/pages"}],"about":[{"href":"https:\/\/hoegy.de\/homepage\/wp-json\/wp\/v2\/types\/page"}],"author":[{"embeddable":true,"href":"https:\/\/hoegy.de\/homepage\/wp-json\/wp\/v2\/users\/8"}],"replies":[{"embeddable":true,"href":"https:\/\/hoegy.de\/homepage\/wp-json\/wp\/v2\/comments?post=12992"}],"version-history":[{"count":1,"href":"https:\/\/hoegy.de\/homepage\/wp-json\/wp\/v2\/pages\/12992\/revisions"}],"predecessor-version":[{"id":12993,"href":"https:\/\/hoegy.de\/homepage\/wp-json\/wp\/v2\/pages\/12992\/revisions\/12993"}],"up":[{"embeddable":true,"href":"https:\/\/hoegy.de\/homepage\/wp-json\/wp\/v2\/pages\/218"}],"wp:attachment":[{"href":"https:\/\/hoegy.de\/homepage\/wp-json\/wp\/v2\/media?parent=12992"}],"curies":[{"name":"wp","href":"https:\/\/api.w.org\/{rel}","templated":true}]}}