{"id":12995,"date":"2024-12-12T15:07:53","date_gmt":"2024-12-12T14:07:53","guid":{"rendered":"https:\/\/hoegy.de\/homepage\/?page_id=12995"},"modified":"2024-12-12T15:07:53","modified_gmt":"2024-12-12T14:07:53","slug":"sport","status":"publish","type":"page","link":"https:\/\/hoegy.de\/homepage\/schulangebote\/mehr-als-unterricht\/sport\/","title":{"rendered":"Sport"},"content":{"rendered":"<section class=\"l-section wpb_row height_small\"><div class=\"l-section-h i-cf\"><div class=\"g-cols vc_row via_flex valign_top type_default stacking_default\"><div class=\"vc_col-sm-12 wpb_column vc_column_container\"><div class=\"vc_column-inner\"><div class=\"wpb_wrapper\"><div class=\"wpb_text_column\"><div class=\"wpb_wrapper\"><p><strong>Sporttag im Winter<\/strong><\/p>\n<p>Der Sporttag im Winter hat am H\u00f6Gy eine lange Tradition: Alle Sch\u00fclerinnen und Sch\u00fcler der Klassenstufen 5-10 nehmen jahrgangs\u00fcbergreifend an diesem Event teil. Dank mehrere Kooperationspartner k\u00f6nnen die Sch\u00fclerinnen und Sch\u00fcler aktuell zwischen den Aktivit\u00e4ten Ski Alpin, Schlittschuhlaufen, Erlebnisbad Fildorado, Stuntwerk Kirchheim, HipHop\/ lateinamerikanischer Tanz, Kampfsport und Wandern w\u00e4hlen. Der Tag bietet eine tolle M\u00f6glichkeit, au\u00dferhalb des Schulalltags Sport in der Gemeinschaft erleben zu k\u00f6nnen und auch neue Sportarten kennenzulernen.<\/p>\n<p><strong>Bundesjugendspiele<\/strong><\/p>\n<p>Ein weiteres sportliches Highlight am H\u00f6Gy sind die Bundesjugendspiele der Klassen 5-7, die jedes Jahr im Stadion Neckarau stattfinden. Gemeinsam wird hier beim Weitsprung, Weitwurf, Sprint und Mittelstreckenlauf gek\u00e4mpft und angefeuert. Bei der Durchf\u00fchrung helfen die Sch\u00fclerinnen und Sch\u00fcler der Klassen 10, die neben den Lehrerinnen und Lehrern, auch Ansprechpersonen f\u00fcr die j\u00fcngeren Sch\u00fclerinnen und Sch\u00fcler sind. Die Sani-AG ist immer vor Ort, um zu helfen, falls sich doch einmal jemand verletzt oder anderweitig Hilfe ben\u00f6tigt.<\/p>\n<p><strong>\u00a0<\/strong><strong>Jugend trainiert f\u00fcr Olympia<\/strong><\/p>\n<p>Regelm\u00e4\u00dfig nehmen H\u00f6Gy-Mannschaften in unterschiedlichen Sportarten am Wettbewerb Jugend trainiert f\u00fcr Olympia teil. Und dies durchaus erfolgreich! Hervorzuheben ist hier der herausragende Erfolg unserer Rudermannschaft, die beim Bundesfinale 2023 den 3. Platz gewonnen hat.<\/p>\n<\/div><\/div><\/div><\/div><\/div><\/div><\/div><\/section>\n","protected":false},"excerpt":{"rendered":"Sporttag im Winter Der Sporttag im Winter hat am H\u00f6Gy eine lange Tradition: Alle Sch\u00fclerinnen und Sch\u00fcler der Klassenstufen 5-10 nehmen jahrgangs\u00fcbergreifend an diesem Event teil. Dank mehrere Kooperationspartner k\u00f6nnen die Sch\u00fclerinnen und Sch\u00fcler aktuell zwischen den Aktivit\u00e4ten Ski Alpin, Schlittschuhlaufen, Erlebnisbad Fildorado, Stuntwerk Kirchheim, HipHop\/ lateinamerikanischer Tanz, Kampfsport und Wandern w\u00e4hlen. Der Tag bietet...","protected":false},"author":8,"featured_media":0,"parent":614,"menu_order":0,"comment_status":"closed","ping_status":"closed","template":"","meta":{"footnotes":""},"class_list":["post-12995","page","type-page","status-publish","hentry"],"publishpress_future_action":{"enabled":false,"date":"2026-04-23 20:18:23","action":"change-status","newStatus":"draft","terms":[],"taxonomy":"","extraData":[]},"publishpress_future_workflow_manual_trigger":{"enabledWorkflows":[]},"_links":{"self":[{"href":"https:\/\/hoegy.de\/homepage\/wp-json\/wp\/v2\/pages\/12995","targetHints":{"allow":["GET"]}}],"collection":[{"href":"https:\/\/hoegy.de\/homepage\/wp-json\/wp\/v2\/pages"}],"about":[{"href":"https:\/\/hoegy.de\/homepage\/wp-json\/wp\/v2\/types\/page"}],"author":[{"embeddable":true,"href":"https:\/\/hoegy.de\/homepage\/wp-json\/wp\/v2\/users\/8"}],"replies":[{"embeddable":true,"href":"https:\/\/hoegy.de\/homepage\/wp-json\/wp\/v2\/comments?post=12995"}],"version-history":[{"count":1,"href":"https:\/\/hoegy.de\/homepage\/wp-json\/wp\/v2\/pages\/12995\/revisions"}],"predecessor-version":[{"id":12996,"href":"https:\/\/hoegy.de\/homepage\/wp-json\/wp\/v2\/pages\/12995\/revisions\/12996"}],"up":[{"embeddable":true,"href":"https:\/\/hoegy.de\/homepage\/wp-json\/wp\/v2\/pages\/614"}],"wp:attachment":[{"href":"https:\/\/hoegy.de\/homepage\/wp-json\/wp\/v2\/media?parent=12995"}],"curies":[{"name":"wp","href":"https:\/\/api.w.org\/{rel}","templated":true}]}}