{"id":13256,"date":"2025-02-02T18:46:59","date_gmt":"2025-02-02T17:46:59","guid":{"rendered":"https:\/\/hoegy.de\/homepage\/?page_id=13256"},"modified":"2025-02-02T18:52:41","modified_gmt":"2025-02-02T17:52:41","slug":"schuelerbuecherei","status":"publish","type":"page","link":"https:\/\/hoegy.de\/homepage\/schulangebote\/ganztagesschule\/schuelerbuecherei\/","title":{"rendered":"Sch\u00fclerb\u00fccherei"},"content":{"rendered":"<section class=\"l-section wpb_row height_small\"><div class=\"l-section-h i-cf\"><div class=\"g-cols vc_row via_flex valign_top type_default stacking_default\"><div class=\"vc_col-sm-8 wpb_column vc_column_container\"><div class=\"vc_column-inner\"><div class=\"wpb_wrapper\"><div class=\"wpb_text_column\"><div class=\"wpb_wrapper\"><p>Jede Menge Lesestoff f\u00fcr so ziemlich jeden Geschmack &#8211; das bietet unsere kleine B\u00fccherei!<\/p>\n<p>Wir haben B\u00fccher aus den Bereichen Fantasy, Spannung und Abenteuer, Freundschaft, Klassiker, historische Romane, M\u00e4rchen und nat\u00fcrlich auch Sachb\u00fccher; au\u00dferdem findet ihr bei uns eine kleine Auswahl an englischen B\u00fcchern und Zeitschriften.<br \/>\nUnser Angebot richtet sich v.a. an die Klassen 5-7, aber auch f\u00fcr \u00e4ltere Sch\u00fclerinnen und Sch\u00fcler gibt es Interessantes.<br \/>\nUnkompliziert und kostenlos k\u00f6nnt ihr die B\u00fccher ausleihen oder bei uns in der B\u00fccherei gem\u00fctlich auf dem Sofa sitzen und schm\u00f6kern.<br \/>\nWir haben immer montags bis donnerstags in der Mittagspause ge\u00f6ffnet (also in der 7. Stunde), dienstags au\u00dferdem in der 6. Stunde. Unsere B\u00fccherei ist im Raum G12 auf der Empore \u00fcber der Mensa.<br \/>\nWir freuen uns auf euch!<\/p>\n<p>Das B\u00fccherei-Team Jana, Rebecca, Marie, Martha, Lotte und Maja<br \/>\nAnsprechpartnerin: Frau J\u00e4ger<\/p>\n<\/div><\/div><div class=\"w-slider style_none fit_contain nav_none count_5\"><div class=\"w-slider-h\" aria-hidden=\"true\"><div class=\"royalSlider\"><div class=\"rsContent\"><a class=\"rsImg\" data-rsw=\"1024\" data-rsh=\"683\" href=\"https:\/\/hoegy.de\/homepage\/hgy-media\/3-4-1024x683.jpg\"><span data-alt=\"\"><\/span><\/a><\/div><div class=\"rsContent\"><a class=\"rsImg\" data-rsw=\"1024\" data-rsh=\"683\" href=\"https:\/\/hoegy.de\/homepage\/hgy-media\/2-7-1024x683.jpg\"><span data-alt=\"\"><\/span><\/a><\/div><div class=\"rsContent\"><a class=\"rsImg\" data-rsw=\"1024\" data-rsh=\"617\" href=\"https:\/\/hoegy.de\/homepage\/hgy-media\/1-9-1024x617.jpg\"><span data-alt=\"\"><\/span><\/a><\/div><div class=\"rsContent\"><a class=\"rsImg\" data-rsw=\"1024\" data-rsh=\"683\" href=\"https:\/\/hoegy.de\/homepage\/hgy-media\/5-4-1024x683.jpg\"><span data-alt=\"\"><\/span><\/a><\/div><div class=\"rsContent\"><a class=\"rsImg\" data-rsw=\"1024\" data-rsh=\"683\" href=\"https:\/\/hoegy.de\/homepage\/hgy-media\/6-1-1024x683.jpg\"><span data-alt=\"\"><\/span><\/a><\/div><\/div><img decoding=\"async\" data-src=\"https:\/\/hoegy.de\/homepage\/hgy-media\/3-4-1024x683.jpg\" width=\"1024\" height=\"683\" alt src=\"data:image\/svg+xml;base64,PHN2ZyB3aWR0aD0iMSIgaGVpZ2h0PSIxIiB4bWxucz0iaHR0cDovL3d3dy53My5vcmcvMjAwMC9zdmciPjwvc3ZnPg==\" class=\"lazyload\" style=\"--smush-placeholder-width: 1024px; --smush-placeholder-aspect-ratio: 1024\/683;\"><\/div><div class=\"w-slider-json\" onclick='return {&quot;autoScaleSlider&quot;:true,&quot;addActiveClass&quot;:true,&quot;loop&quot;:true,&quot;fadeInLoadedSlide&quot;:false,&quot;slidesSpacing&quot;:0,&quot;imageScalePadding&quot;:0,&quot;numImagesToPreload&quot;:2,&quot;arrowsNav&quot;:true,&quot;arrowsNavAutoHide&quot;:false,&quot;transitionType&quot;:&quot;move&quot;,&quot;transitionSpeed&quot;:250,&quot;block&quot;:{&quot;moveEffect&quot;:&quot;none&quot;,&quot;speed&quot;:300},&quot;thumbs&quot;:{&quot;fitInViewport&quot;:false,&quot;firstMargin&quot;:false,&quot;spacing&quot;:4},&quot;controlNavigation&quot;:&quot;none&quot;,&quot;autoScaleSliderWidth&quot;:1024,&quot;autoScaleSliderHeight&quot;:683}'><\/div><\/div><\/div><\/div><\/div><div class=\"vc_col-sm-4 wpb_column vc_column_container\"><div class=\"vc_column-inner\"><div class=\"wpb_wrapper\"><div class=\"w-image us_custom_e12032c6 has_height align_none\"><div class=\"w-image-h\"><img decoding=\"async\" width=\"360\" height=\"595\" data-src=\"https:\/\/hoegy.de\/homepage\/hgy-media\/gts_buecherei_panda-360x595.jpg\" class=\"attachment-us_600_595 size-us_600_595 lazyload\" alt=\"\" data-srcset=\"https:\/\/hoegy.de\/homepage\/hgy-media\/gts_buecherei_panda-360x595.jpg 360w, https:\/\/hoegy.de\/homepage\/hgy-media\/gts_buecherei_panda-121x200.jpg 121w, https:\/\/hoegy.de\/homepage\/hgy-media\/gts_buecherei_panda-30x50.jpg 30w, https:\/\/hoegy.de\/homepage\/hgy-media\/gts_buecherei_panda.jpg 538w\" data-sizes=\"auto, (max-width: 360px) 100vw, 360px\" src=\"data:image\/svg+xml;base64,PHN2ZyB3aWR0aD0iMSIgaGVpZ2h0PSIxIiB4bWxucz0iaHR0cDovL3d3dy53My5vcmcvMjAwMC9zdmciPjwvc3ZnPg==\" style=\"--smush-placeholder-width: 360px; --smush-placeholder-aspect-ratio: 360\/595;\" \/><\/div><\/div><\/div><\/div><\/div><\/div><\/div><\/section>\n","protected":false},"excerpt":{"rendered":"Jede Menge Lesestoff f\u00fcr so ziemlich jeden Geschmack &#8211; das bietet unsere kleine B\u00fccherei! Wir haben B\u00fccher aus den Bereichen Fantasy, Spannung und Abenteuer, Freundschaft, Klassiker, historische Romane, M\u00e4rchen und nat\u00fcrlich auch Sachb\u00fccher; au\u00dferdem findet ihr bei uns eine kleine Auswahl an englischen B\u00fcchern und Zeitschriften. Unser Angebot richtet sich v.a. an die Klassen 5-7,...","protected":false},"author":2,"featured_media":0,"parent":34,"menu_order":5,"comment_status":"closed","ping_status":"closed","template":"","meta":{"footnotes":""},"class_list":["post-13256","page","type-page","status-publish","hentry"],"publishpress_future_action":{"enabled":false,"date":"2026-05-08 05:56:20","action":"change-status","newStatus":"draft","terms":[],"taxonomy":"","extraData":[]},"publishpress_future_workflow_manual_trigger":{"enabledWorkflows":[]},"_links":{"self":[{"href":"https:\/\/hoegy.de\/homepage\/wp-json\/wp\/v2\/pages\/13256","targetHints":{"allow":["GET"]}}],"collection":[{"href":"https:\/\/hoegy.de\/homepage\/wp-json\/wp\/v2\/pages"}],"about":[{"href":"https:\/\/hoegy.de\/homepage\/wp-json\/wp\/v2\/types\/page"}],"author":[{"embeddable":true,"href":"https:\/\/hoegy.de\/homepage\/wp-json\/wp\/v2\/users\/2"}],"replies":[{"embeddable":true,"href":"https:\/\/hoegy.de\/homepage\/wp-json\/wp\/v2\/comments?post=13256"}],"version-history":[{"count":11,"href":"https:\/\/hoegy.de\/homepage\/wp-json\/wp\/v2\/pages\/13256\/revisions"}],"predecessor-version":[{"id":13270,"href":"https:\/\/hoegy.de\/homepage\/wp-json\/wp\/v2\/pages\/13256\/revisions\/13270"}],"up":[{"embeddable":true,"href":"https:\/\/hoegy.de\/homepage\/wp-json\/wp\/v2\/pages\/34"}],"wp:attachment":[{"href":"https:\/\/hoegy.de\/homepage\/wp-json\/wp\/v2\/media?parent=13256"}],"curies":[{"name":"wp","href":"https:\/\/api.w.org\/{rel}","templated":true}]}}