{"id":13322,"date":"2025-02-14T17:34:11","date_gmt":"2025-02-14T16:34:11","guid":{"rendered":"https:\/\/hoegy.de\/homepage\/?page_id=13322"},"modified":"2026-02-01T20:29:47","modified_gmt":"2026-02-01T19:29:47","slug":"einschulung-und-schulfest","status":"publish","type":"page","link":"https:\/\/hoegy.de\/homepage\/dein-weg-am-hoegy\/unterstufe\/einschulung-und-schulfest\/","title":{"rendered":"Einschulung und Schulfest"},"content":{"rendered":"<section class=\"l-section wpb_row height_small\"><div class=\"l-section-h i-cf\"><div class=\"g-cols vc_row via_flex valign_top type_default stacking_default\"><div class=\"vc_col-sm-12 wpb_column vc_column_container\"><div class=\"vc_column-inner\"><div class=\"wpb_wrapper\"><div class=\"wpb_text_column\"><div class=\"wpb_wrapper\"><p><strong>Willkommen am H\u00f6Gy!<\/strong><\/p>\n<p>Am letzten Freitag vor den Sommerferien feiern wir unsere neuen F\u00fcnftkl\u00e4ssler. An diesem Nachmittag lernst du deine neue Klasse und dein Klassenlehrer-Team kennen. Auch deine Patinnen und Paten stellen sich vor. Sie helfen dir, dich an der neuen Schule wohlzuf\u00fchlen.<\/p>\n<p>Deine Eltern bekommen wichtige Informationen f\u00fcr den Start nach den Ferien. Danach seid ihr alle herzlich zum Sommerfest des H\u00f6lderlin-Gymnasiums eingeladen. Dort k\u00f6nnt ihr in die H\u00f6Gy-Gemeinschaft eintauchen und bei einem tollen Programm viele Leute kennenlernen.<\/p>\n<p>Am ersten Schultag nach den Sommerferien begr\u00fc\u00dft die ganze Schule die neuen F\u00fcnftkl\u00e4ssler. Danach gehst du mit deiner Klasse in euren Raum. Dort beginnt das dreit\u00e4gige Programm \u201eGemeinsam Klasse sein\u201c. So werdet ihr schnell eine tolle Klassengemeinschaft.<\/p>\n<p><strong>Wir freuen uns auf dich!<\/strong><\/p>\n<p>&nbsp;<\/p>\n<p><img decoding=\"async\" class=\"wp-image-12435 aligncenter lazyload\" data-src=\"https:\/\/hoegy.de\/homepage\/hgy-media\/Begruessung-Fuenfer.png\" alt=\"\" width=\"451\" height=\"300\" data-srcset=\"https:\/\/hoegy.de\/homepage\/hgy-media\/Begruessung-Fuenfer.png 800w, https:\/\/hoegy.de\/homepage\/hgy-media\/Begruessung-Fuenfer-200x133.png 200w, https:\/\/hoegy.de\/homepage\/hgy-media\/Begruessung-Fuenfer-600x400.png 600w, https:\/\/hoegy.de\/homepage\/hgy-media\/Begruessung-Fuenfer-50x33.png 50w\" data-sizes=\"(max-width: 451px) 100vw, 451px\" src=\"data:image\/svg+xml;base64,PHN2ZyB3aWR0aD0iMSIgaGVpZ2h0PSIxIiB4bWxucz0iaHR0cDovL3d3dy53My5vcmcvMjAwMC9zdmciPjwvc3ZnPg==\" style=\"--smush-placeholder-width: 451px; --smush-placeholder-aspect-ratio: 451\/300;\" \/><\/p>\n<p>&nbsp;<\/p>\n<p><img decoding=\"async\" class=\"wp-image-12444 aligncenter lazyload\" data-src=\"https:\/\/hoegy.de\/homepage\/hgy-media\/IMG_9655.png\" alt=\"\" width=\"449\" height=\"299\" data-srcset=\"https:\/\/hoegy.de\/homepage\/hgy-media\/IMG_9655.png 5234w, https:\/\/hoegy.de\/homepage\/hgy-media\/IMG_9655-200x133.png 200w, https:\/\/hoegy.de\/homepage\/hgy-media\/IMG_9655-1024x683.png 1024w, https:\/\/hoegy.de\/homepage\/hgy-media\/IMG_9655-600x400.png 600w, https:\/\/hoegy.de\/homepage\/hgy-media\/IMG_9655-50x33.png 50w\" data-sizes=\"(max-width: 449px) 100vw, 449px\" src=\"data:image\/svg+xml;base64,PHN2ZyB3aWR0aD0iMSIgaGVpZ2h0PSIxIiB4bWxucz0iaHR0cDovL3d3dy53My5vcmcvMjAwMC9zdmciPjwvc3ZnPg==\" style=\"--smush-placeholder-width: 449px; --smush-placeholder-aspect-ratio: 449\/299;\" \/><\/p>\n<p><img decoding=\"async\" class=\"wp-image-12446 aligncenter lazyload\" data-src=\"https:\/\/hoegy.de\/homepage\/hgy-media\/IMG_9761.png\" alt=\"\" width=\"453\" height=\"303\" data-srcset=\"https:\/\/hoegy.de\/homepage\/hgy-media\/IMG_9761.png 4950w, https:\/\/hoegy.de\/homepage\/hgy-media\/IMG_9761-200x133.png 200w, https:\/\/hoegy.de\/homepage\/hgy-media\/IMG_9761-1024x683.png 1024w, https:\/\/hoegy.de\/homepage\/hgy-media\/IMG_9761-600x400.png 600w, https:\/\/hoegy.de\/homepage\/hgy-media\/IMG_9761-50x33.png 50w\" data-sizes=\"(max-width: 453px) 100vw, 453px\" src=\"data:image\/svg+xml;base64,PHN2ZyB3aWR0aD0iMSIgaGVpZ2h0PSIxIiB4bWxucz0iaHR0cDovL3d3dy53My5vcmcvMjAwMC9zdmciPjwvc3ZnPg==\" style=\"--smush-placeholder-width: 453px; --smush-placeholder-aspect-ratio: 453\/303;\" \/><\/p>\n<\/div><\/div><\/div><\/div><\/div><\/div><\/div><\/section>\n","protected":false},"excerpt":{"rendered":"Willkommen am H\u00f6Gy! Am letzten Freitag vor den Sommerferien feiern wir unsere neuen F\u00fcnftkl\u00e4ssler. An diesem Nachmittag lernst du deine neue Klasse und dein Klassenlehrer-Team kennen. Auch deine Patinnen und Paten stellen sich vor. Sie helfen dir, dich an der neuen Schule wohlzuf\u00fchlen. Deine Eltern bekommen wichtige Informationen f\u00fcr den Start nach den Ferien. Danach...","protected":false},"author":1,"featured_media":0,"parent":8317,"menu_order":7,"comment_status":"closed","ping_status":"closed","template":"","meta":{"footnotes":""},"class_list":["post-13322","page","type-page","status-publish","hentry"],"publishpress_future_action":{"enabled":false,"date":"2026-04-30 21:02:43","action":"change-status","newStatus":"draft","terms":[],"taxonomy":"","extraData":[]},"publishpress_future_workflow_manual_trigger":{"enabledWorkflows":[]},"_links":{"self":[{"href":"https:\/\/hoegy.de\/homepage\/wp-json\/wp\/v2\/pages\/13322","targetHints":{"allow":["GET"]}}],"collection":[{"href":"https:\/\/hoegy.de\/homepage\/wp-json\/wp\/v2\/pages"}],"about":[{"href":"https:\/\/hoegy.de\/homepage\/wp-json\/wp\/v2\/types\/page"}],"author":[{"embeddable":true,"href":"https:\/\/hoegy.de\/homepage\/wp-json\/wp\/v2\/users\/1"}],"replies":[{"embeddable":true,"href":"https:\/\/hoegy.de\/homepage\/wp-json\/wp\/v2\/comments?post=13322"}],"version-history":[{"count":6,"href":"https:\/\/hoegy.de\/homepage\/wp-json\/wp\/v2\/pages\/13322\/revisions"}],"predecessor-version":[{"id":15172,"href":"https:\/\/hoegy.de\/homepage\/wp-json\/wp\/v2\/pages\/13322\/revisions\/15172"}],"up":[{"embeddable":true,"href":"https:\/\/hoegy.de\/homepage\/wp-json\/wp\/v2\/pages\/8317"}],"wp:attachment":[{"href":"https:\/\/hoegy.de\/homepage\/wp-json\/wp\/v2\/media?parent=13322"}],"curies":[{"name":"wp","href":"https:\/\/api.w.org\/{rel}","templated":true}]}}