{"id":13465,"date":"2025-02-28T21:32:16","date_gmt":"2025-02-28T20:32:16","guid":{"rendered":"https:\/\/hoegy.de\/homepage\/?page_id=13465"},"modified":"2025-10-12T09:11:52","modified_gmt":"2025-10-12T07:11:52","slug":"fobizz","status":"publish","type":"page","link":"https:\/\/hoegy.de\/homepage\/service\/fobizz\/","title":{"rendered":"Informationen zu fobizz"},"content":{"rendered":"<section class=\"l-section wpb_row height_small\"><div class=\"l-section-h i-cf\"><div class=\"g-cols vc_row via_flex valign_top type_default stacking_default\"><div class=\"vc_col-sm-8 wpb_column vc_column_container\"><div class=\"vc_column-inner\"><div class=\"wpb_wrapper\"><div class=\"wpb_text_column\"><div class=\"wpb_wrapper\"><p><strong>Liebe Eltern und Erziehungsberechtigte,<\/strong><\/p>\n<p>KI-Tools, auch bekannt als KI-Chatbots, sind sowohl eine gro\u00dfe Chance als auch eine gro\u00dfe Herausforderung f\u00fcr unsere Gesellschaft. Mit der allgemeinen Zug\u00e4nglichkeit von ChatGPT im Jahr 2022 hat sich das Schul- und Alltagsleben Ihrer Kinder grundlegend ver\u00e4ndert. Es gibt kaum eine App, ein Handy oder ein digitales Ger\u00e4t, das nicht bereits mit KI-Funktionen ausgestattet ist bzw. in kommenden Updates mit KI-Features erg\u00e4nzt wird (z. B. Gemini, Copilot). Auch an Schulen und in modernen p\u00e4dagogischen Unterrichtskonzepten hinterl\u00e4sst das \u201eZeitalter der KI\u201c seine Spuren. Vermutlich nutzen Ihre Kinder bereits in unterschiedlichem Umfang KI f\u00fcr schulische oder au\u00dferschulische Aufgaben.<\/p>\n<p>Um Ihren Kindern einen sinnvollen und reflektierten Umgang mit KI zu erm\u00f6glichen und sie gleichzeitig \u00fcber deren Potenziale, Risiken und Gefahren aufzukl\u00e4ren, <strong>wird KI am H\u00f6Gy ab diesem Schuljahr zeitweise im Unterricht eingesetzt<\/strong>.<\/p>\n<p>Beim Einsatz von k\u00fcnstlicher Intelligenz im Klassenzimmer orientiert sich das H\u00f6Gy an den Empfehlungen des Kultusministeriums Baden-W\u00fcrttemberg:<\/p>\n<p>\u201eKI muss aktiv im Schulunterricht behandelt werden, da die Sch\u00fclerinnen und Sch\u00fcler lernen m\u00fcssen, mit dieser neuen Technologie umzugehen. [\u2026] Zudem werden Text-KI-Tools von Lehrkr\u00e4ften als methodisch-didaktische Werkzeuge verwendet.\u201c<\/p>\n<p><em>[Quelle: Homepage KM-BW vom 15.02.2023]<\/em><\/p>\n<p>Beim Umgang Ihrer Kinder mit KI gelten in besonderem Ma\u00dfe die datenschutz- und jugendschutzrechtlichen Vorgaben. Daher werden am H\u00f6Gy alle KI-Tools f\u00fcr den Unterricht ausschlie\u00dflich \u00fcber die Plattform <strong>fobizz.com<\/strong> bereitgestellt.<\/p>\n<p><strong>Was sind die KI-Tools von fobizz?<\/strong><\/p>\n<p>Die KI-Tools des deutschen Dienstanbieters fobizz wurden entwickelt, um eine datenschutzkonforme Nutzung von KI mit Sch\u00fclerinnen und Sch\u00fclern zu erm\u00f6glichen. Fobizz fungiert dabei als zwischengeschaltete Plattform zwischen ChatGPT (bzw. anderen KI-Tools) und der Prompt-Eingabe (dem Chat) des Benutzers.<\/p>\n<p>Der Ablauf ist wie folgt:<\/p>\n<ol>\n<li>Der Benutzer gibt einen Prompt in fobizz ein. Von dort wird die Anfrage an ChatGPT weitergeleitet.<\/li>\n<li>ChatGPT verarbeitet die Anfrage und sendet die Antwort zur\u00fcck an fobizz.<\/li>\n<li>Die generierte KI-Antwort wird in den urspr\u00fcnglichen Chat eingef\u00fcgt.<\/li>\n<\/ol>\n<p>Sollte ein Benutzer pers\u00f6nliche Daten eingeben, wird dies durch einen Warnhinweis angezeigt. So wird verhindert, dass versehentlich Namen oder pers\u00f6nliche Daten der Lernenden an ChatGPT oder andere KI-Tools \u00fcbermittelt werden. Die Nutzung der fobizz-KI-Tools erfolgt ausschlie\u00dflich zu schulischen Zwecken und in einem gesch\u00fctzten Rahmen.<br \/>\nDie Anonymisierung der Benutzer ist ein wichtiger Baustein, um Ihren Kindern einen verantwortungsvollen Umgang mit KI zu erm\u00f6glichen.<\/p>\n<p><strong>\u00a0<\/strong><\/p>\n<p><strong>\u00a0<\/strong><\/p>\n<p><strong>\u00a0<\/strong><\/p>\n<p><strong>Wie werden die fobizz-KI-Tools bereitgestellt?<\/strong><\/p>\n<p>Die Lehrkraft er\u00f6ffnet \u00fcber ihren pers\u00f6nlichen fobizz-Account ein virtuelles KI-Klassenzimmer. Je nach Aufgabenstellung kann dieses entweder 24 Stunden oder bis zu 7 Tage lang von den Lernenden genutzt werden. Im virtuellen Klassenzimmer kann die Lehrkraft gezielt einzelne oder mehrere KI-Tools f\u00fcr die Klasse freigeben. Die Sch\u00fclerinnen und Sch\u00fcler erhalten anonymisierte Zug\u00e4nge (Beitritts-QR-Codes oder Beitritts-Links), \u00fcber die sie dem virtuellen Klassenzimmer beitreten und die KI-Tools nutzen k\u00f6nnen.<br \/>\nDen Lernenden stehen jedoch nur die von der Lehrkraft freigegebenen und f\u00fcr eine begrenzte Zeit aktivierten KI-Tools zur Verf\u00fcgung.<\/p>\n<p>Die Lehrkraft kann in ihrem Account nachverfolgen, welche Aktivit\u00e4ten die Lernenden ausf\u00fchren, und sie durch gezielte Hinweise bei der Bearbeitung ihrer Aufgaben unterst\u00fctzen.<\/p>\n<p><strong>Wie werden die KI-Tools sinnvoll im Unterricht eingesetzt?<\/strong><\/p>\n<p>Lernende ben\u00f6tigen Wissen dar\u00fcber, wie KI funktioniert, wo ihre Grenzen liegen und welche sozialen, wirtschaftlichen, politischen und ethischen Aspekte zu beachten sind. Sie brauchen Reflexions- und Diskussionsm\u00f6glichkeiten sowie Antworten auf die Frage:<\/p>\n<p><strong>\u201e<\/strong>Warum sollen wir lernen, wenn die KI das anscheinend besser kann?\u201c<\/p>\n<p>Ein zentraler Bestandteil der KI-Nutzung ist es, den Kindern sowohl das <em>\u201egute Prompting\u201c<\/em> als auch einen kritischen Umgang mit KI-generierten Antworten zu vermitteln:<\/p>\n<ul>\n<li>Wie ist ein Prompt zu strukturieren, um zielgerichtete Informationen zu erhalten, die der jeweiligen Fragestellung gerecht werden?<\/li>\n<li>Wie lassen sich faktenbasierte Antworten der KI von sogenannten \u201eHalluzinationen\u201c unterscheiden, die entstehen, wenn die KI an die Grenzen ihres Datenwissens st\u00f6\u00dft oder aufgrund unpr\u00e4ziser Prompts erfundene Antworten generiert?<\/li>\n<\/ul>\n<p>Trotz aller Faszination f\u00fcr KI ist es uns am H\u00f6Gy wichtig, dass Lernende weiterhin schulische Bildungsprozesse durchlaufen, die nicht ausschlie\u00dflich von KI, Smartphones, Tablets und Computern gepr\u00e4gt sind. Wir sind der \u00dcberzeugung, dass jedes Medium seinen Platz und seine Zeit im Unterricht hat \u2013 KI ebenso wie der klassische handschriftliche Aufschrieb, die Auseinandersetzung mit gedruckten Texten und die Recherche in B\u00fcchern, ganz ohne digitale Hilfsmittel.<\/p>\n<p><strong>Lernen Sie als Eltern fobizz und dessen Angebote kennen<\/strong><\/p>\n<p>Fobizz bietet regelm\u00e4\u00dfig <strong>Online-Elternabende<\/strong> in Form von Webinaren an, in denen Sie ausf\u00fchrlich \u00fcber die Plattform und ihre Angebote informiert werden. Dort haben Sie auch die M\u00f6glichkeit, die KI-Tools selbst auszuprobieren:<br \/>\n\u27a1 <a href=\"https:\/\/fobizz.com\/de\/eltern\/\"><strong>https:\/\/fobizz.com\/de\/eltern\/<\/strong><\/a><\/p>\n<p>Mit freundlichen Gr\u00fc\u00dfen<br \/>\nThomas Gr\u00e4ber, H\u00f6lderlin-Gymnasium N\u00fcrtingen<\/p>\n<\/div><\/div><\/div><\/div><\/div><div class=\"vc_col-sm-4 wpb_column vc_column_container\"><div class=\"vc_column-inner\"><div class=\"wpb_wrapper\"><div class=\"w-image align_center\"><div class=\"w-image-h\"><img decoding=\"async\" width=\"200\" height=\"200\" data-src=\"https:\/\/hoegy.de\/homepage\/hgy-media\/girl_with_robot-removebg-preview-200x200.png\" class=\"attachment-medium size-medium lazyload\" alt=\"\" data-srcset=\"https:\/\/hoegy.de\/homepage\/hgy-media\/girl_with_robot-removebg-preview-200x200.png 200w, https:\/\/hoegy.de\/homepage\/hgy-media\/girl_with_robot-removebg-preview-150x150.png 150w, https:\/\/hoegy.de\/homepage\/hgy-media\/girl_with_robot-removebg-preview-50x50.png 50w, https:\/\/hoegy.de\/homepage\/hgy-media\/girl_with_robot-removebg-preview.png 500w\" data-sizes=\"auto, (max-width: 200px) 100vw, 200px\" src=\"data:image\/svg+xml;base64,PHN2ZyB3aWR0aD0iMSIgaGVpZ2h0PSIxIiB4bWxucz0iaHR0cDovL3d3dy53My5vcmcvMjAwMC9zdmciPjwvc3ZnPg==\" style=\"--smush-placeholder-width: 200px; --smush-placeholder-aspect-ratio: 200\/200;\" \/><\/div><\/div><div class=\"w-image align_center\"><div class=\"w-image-h\"><img decoding=\"async\" width=\"200\" height=\"85\" data-src=\"https:\/\/hoegy.de\/homepage\/hgy-media\/fobizz_logo-200x85.png\" class=\"attachment-medium size-medium lazyload\" alt=\"\" data-srcset=\"https:\/\/hoegy.de\/homepage\/hgy-media\/fobizz_logo-200x85.png 200w, https:\/\/hoegy.de\/homepage\/hgy-media\/fobizz_logo-50x21.png 50w, https:\/\/hoegy.de\/homepage\/hgy-media\/fobizz_logo.png 279w\" data-sizes=\"auto, (max-width: 200px) 100vw, 200px\" src=\"data:image\/svg+xml;base64,PHN2ZyB3aWR0aD0iMSIgaGVpZ2h0PSIxIiB4bWxucz0iaHR0cDovL3d3dy53My5vcmcvMjAwMC9zdmciPjwvc3ZnPg==\" style=\"--smush-placeholder-width: 200px; --smush-placeholder-aspect-ratio: 200\/85;\" \/><\/div><\/div><div class=\"w-separator hide_on_tablets hide_on_mobiles size_custom\" style=\"height:350px\"><\/div><div class=\"w-image hide_on_tablets hide_on_mobiles align_center\"><div class=\"w-image-h\"><img decoding=\"async\" width=\"200\" height=\"200\" data-src=\"https:\/\/hoegy.de\/homepage\/hgy-media\/A_cute_robot_who_helps_a_girl_with_blond_well-cut_-removebg-preview-200x200.png\" class=\"attachment-medium size-medium lazyload\" alt=\"\" data-srcset=\"https:\/\/hoegy.de\/homepage\/hgy-media\/A_cute_robot_who_helps_a_girl_with_blond_well-cut_-removebg-preview-200x200.png 200w, https:\/\/hoegy.de\/homepage\/hgy-media\/A_cute_robot_who_helps_a_girl_with_blond_well-cut_-removebg-preview-150x150.png 150w, https:\/\/hoegy.de\/homepage\/hgy-media\/A_cute_robot_who_helps_a_girl_with_blond_well-cut_-removebg-preview-50x50.png 50w, https:\/\/hoegy.de\/homepage\/hgy-media\/A_cute_robot_who_helps_a_girl_with_blond_well-cut_-removebg-preview.png 500w\" data-sizes=\"auto, (max-width: 200px) 100vw, 200px\" src=\"data:image\/svg+xml;base64,PHN2ZyB3aWR0aD0iMSIgaGVpZ2h0PSIxIiB4bWxucz0iaHR0cDovL3d3dy53My5vcmcvMjAwMC9zdmciPjwvc3ZnPg==\" style=\"--smush-placeholder-width: 200px; --smush-placeholder-aspect-ratio: 200\/200;\" \/><\/div><\/div><div class=\"w-separator hide_on_tablets hide_on_mobiles size_custom\" style=\"height:350px\"><\/div><div class=\"w-image hide_on_tablets hide_on_mobiles align_center\"><div class=\"w-image-h\"><img decoding=\"async\" width=\"200\" height=\"200\" data-src=\"https:\/\/hoegy.de\/homepage\/hgy-media\/A_cute_robot_who_helps_an_older_teacher_with_a_bea-removebg-preview-200x200.png\" class=\"attachment-medium size-medium lazyload\" alt=\"\" data-srcset=\"https:\/\/hoegy.de\/homepage\/hgy-media\/A_cute_robot_who_helps_an_older_teacher_with_a_bea-removebg-preview-200x200.png 200w, https:\/\/hoegy.de\/homepage\/hgy-media\/A_cute_robot_who_helps_an_older_teacher_with_a_bea-removebg-preview-150x150.png 150w, https:\/\/hoegy.de\/homepage\/hgy-media\/A_cute_robot_who_helps_an_older_teacher_with_a_bea-removebg-preview-50x50.png 50w, https:\/\/hoegy.de\/homepage\/hgy-media\/A_cute_robot_who_helps_an_older_teacher_with_a_bea-removebg-preview.png 500w\" data-sizes=\"auto, (max-width: 200px) 100vw, 200px\" src=\"data:image\/svg+xml;base64,PHN2ZyB3aWR0aD0iMSIgaGVpZ2h0PSIxIiB4bWxucz0iaHR0cDovL3d3dy53My5vcmcvMjAwMC9zdmciPjwvc3ZnPg==\" style=\"--smush-placeholder-width: 200px; --smush-placeholder-aspect-ratio: 200\/200;\" \/><\/div><\/div><\/div><\/div><\/div><\/div><\/div><\/section><section class=\"l-section wpb_row height_small\"><div class=\"l-section-h i-cf\"><div class=\"g-cols vc_row via_flex valign_top type_default stacking_default\"><div class=\"vc_col-sm-12 wpb_column vc_column_container\"><div class=\"vc_column-inner\"><div class=\"wpb_wrapper\"><div class=\"wpb_text_column\"><div class=\"wpb_wrapper\"><p><strong>Informationen und Handreichungen zum Download<\/strong><br \/>\n<div class=\"wpfd-content wpfd-content-default wpfd-content-multi\" data-category=\"143\"             style=\"background-color: rgba(255, 255, 255, 0)\"><input type=\"hidden\" id=\"current_category_143\" value=\"143\" \/>                    <input type=\"hidden\" id=\"current_category_slug_143\" value=\"ki-tool-fobizz\" \/>                    <input type=\"hidden\" id=\"current_ordering_143\" value=\"title\" \/>                    <input type=\"hidden\" id=\"current_ordering_direction_143\" value=\"desc\" \/>                    <input type=\"hidden\" id=\"page_limit_143\" value=\"10\" \/><input type=\"hidden\" id=\"wpfd_display_empty_category_message\" value=\"0\" \/><input type=\"hidden\" id=\"wpfd_empty_category_message_val\" value=\"This file category has no files to display\" \/><input type=\"hidden\" id=\"wpfd_display_empty_folder\" value=\"0\" \/><input type=\"hidden\" id=\"wpfd_is_empty_subcategories\" value=\"1\" \/><input type=\"hidden\" id=\"wpfd_is_empty_files\" value=\"1\" \/><input type=\"hidden\" id=\"wpfd_root_category_theme\" class=\"wpfd_root_category_theme\" value=\"default\" \/><a data-catid=\"\"                       class=\"default-download-category \"                       href=\"https:\/\/hoegy.de\/homepage\/download\/wpfdcat\/143\/ki-tool-fobizz\">Alles downloaden                        <i class=\"zmdi zmdi-check-all wpfd-download-category\"><\/i>                    <\/a>    <script type=\"text\/x-handlebars-template\" class=\"wpfd-template-files\">        {{#if files }}        <div class=\"wpfd_list\">            {{#each files}}            <div class=\"file\" style=\"margin : 10px 10px 10px 10px;\" data-id=\"{{ID}}\" data-catid=\"{{catid}}\">                <div class=\"filecontent\">                    {{#if file_custom_icon}}                    <div class=\"icon-custom\"><img decoding=\"async\" src=\"{{file_custom_icon}}\" \/><\/div>                    {{else}}                    <div class=\"ext ext-{{ext}} wpfd-icon-set-svg\"><span class=\"txt\">{{ext}}<\/span><\/div>                    {{\/if}}<h3><label class=\"wpfd_checkbox\"><input class=\"cbox_file_download\" type=\"checkbox\" data-id=\"{{ID}}\" \/><span><\/span><\/label><a href=\"{{linkdownload}}\"  class=\"wpfd_downloadlink\" title=\"{{post_title}}\" target=\"{{#if remote_file}}_blank{{\/if}}\">{{{crop_title}}}<\/a><\/h3>                    <div class=\"file-xinfo\">                        {{#if description}}<div class=\"file-desc\">{{{description}}}<\/div>{{\/if}}{{#if versionNumber}}<div class=\"file-version\"><span>Version:<\/span> {{versionNumber}}<\/div>{{\/if}}<div class=\"file-size\"><span>Dateigr\u00f6\u00dfe:<\/span> {{bytesToSize size}}<\/div><div class=\"file-dated\"><span>Letzte \u00c4nderung:<\/span> {{modified}}<\/div>                    <\/div>                <\/div>                <span class=\"file-right\">                    <a class=\"downloadlink wpfd_downloadlink\"  href=\"{{linkdownload}}\" style=\"background-color:rgba(51, 160, 214, 1);color:#ffffff;\" target=\"{{#if remote_file}}_blank{{\/if}}\">Herunterladen<i class=\"zmdi zmdi-cloud-download wpfd-download\"><\/i><\/a>{{#if openpdflink}}<a class=\"openlink wpfdlightbox wpfd_previewlink\" href=\"{{openpdflink}}\" target=\"\">Vorschau                            <i class=\"zmdi zmdi-filter-center-focus wpfd-preview\"><\/i>                        <\/a>{{else}}{{#if viewerlink}}<a                            href=\"{{viewerlink}}\"                            class=\"openlink wpfdlightbox wpfd_previewlink\"                            target=\"\"                            data-id=\"{{ID}}\"                            data-catid=\"{{catid}}\"                            data-file-type=\"{{ext}}\">Vorschau<i class=\"zmdi zmdi-filter-center-focus wpfd-preview\"><\/i>                        <\/a>{{\/if}}{{\/if}}                <\/span>            <\/div>            {{\/each}}            <div class=\"file flex_span\" style=\"margin : 10px 10px 10px 10px;\"><\/div>        <\/div>        {{\/if}}    <\/script><div class=\"wpfd-container\">        <div class=\"wpfd-open-tree\"><\/div>    <div class=\"wpfd-container-default \">        <div class=\"wpfd-categories hide\"><div class=\"wpfd-category-desc\"><\/div><\/div>                    <div class=\"wpfd_list\">                                                        <div class=\"file\" style=\"margin : 10px 10px 10px 10px;\"                         data-id=\"13463\"                         data-catid=\"143\">                            <div class=\"filecontent\">                                <div class=\"ext ext-pdf wpfd-icon-set-svg\"><span class=\"txt\">pdf<\/span><\/div><h3><label class=\"wpfd_checkbox\"><input class=\"cbox_file_download\" type=\"checkbox\" data-id=\"13463\" data-catid=\"143\" \/><span><\/span><\/label><a href=\"https:\/\/hoegy.de\/homepage\/download\/143\/ki-tool-fobizz\/13463\/eltern-informationsbrief-zum-einsatz-von-ki.pdf\"  class=\"wpfd_downloadlink\" title=\"Eltern-Informationsbrief zum Einsatz von KI\" target=\"\">Eltern-Informationsbrief zum Einsatz von KI<\/a><\/h3>                                <div class=\"file-xinfo\">                                    <div class=\"file-desc\"><\/div><div class=\"file-size\"><span>Dateigr\u00f6\u00dfe:<\/span> 210.20 KB<\/div><div class=\"file-dated\"><span>Letzte \u00c4nderung:<\/span> 28.02.2025<\/div>                                <\/div>                            <\/div>                            <div class=\"file-right\">                                <a class=\"downloadlink wpfd_downloadlink\"  href=\"https:\/\/hoegy.de\/homepage\/download\/143\/ki-tool-fobizz\/13463\/eltern-informationsbrief-zum-einsatz-von-ki.pdf\" style=\"background-color:rgba(51, 160, 214, 1);color:#ffffff;\" target=\"\">Herunterladen<i class=\"zmdi zmdi-cloud-download wpfd-download\"><\/i><\/a><a class=\"openlink wpfdlightbox wpfd_previewlink\" href=\"https:\/\/hoegy.de\/homepage\/hgy-admin\/admin-ajax.php?juwpfisadmin=false&#038;action=wpfd&#038;task=file.download&#038;wpfd_category_id=143&#038;wpfd_file_id=13463&#038;token=&#038;preview=1\" target=\"\">Vorschau                            <i class=\"zmdi zmdi-filter-center-focus wpfd-preview\"><\/i>                        <\/a>                            <\/div>                    <\/div>                                                                            <div class=\"file\" style=\"margin : 10px 10px 10px 10px;\"                         data-id=\"13462\"                         data-catid=\"143\">                            <div class=\"filecontent\">                                <div class=\"ext ext-pdf wpfd-icon-set-svg\"><span class=\"txt\">pdf<\/span><\/div><h3><label class=\"wpfd_checkbox\"><input class=\"cbox_file_download\" type=\"checkbox\" data-id=\"13462\" data-catid=\"143\" \/><span><\/span><\/label><a href=\"https:\/\/hoegy.de\/homepage\/download\/143\/ki-tool-fobizz\/13462\/2025-02-hoegy-ki-leitfaden_fuer_den_unterricht_v1-0.pdf\"  class=\"wpfd_downloadlink\" title=\"2025-02 H\u00f6Gy-KI-Leitfaden_f\u00fcr_den_Unterricht_v1.0\" target=\"\">2025-02 H\u00f6Gy-KI-Leitfaden_f\u00fcr_den_Unterricht_v1.0<\/a><\/h3>                                <div class=\"file-xinfo\">                                    <div class=\"file-desc\"><\/div><div class=\"file-size\"><span>Dateigr\u00f6\u00dfe:<\/span> 192.77 KB<\/div><div class=\"file-dated\"><span>Letzte \u00c4nderung:<\/span> 28.02.2025<\/div>                                <\/div>                            <\/div>                            <div class=\"file-right\">                                <a class=\"downloadlink wpfd_downloadlink\"  href=\"https:\/\/hoegy.de\/homepage\/download\/143\/ki-tool-fobizz\/13462\/2025-02-hoegy-ki-leitfaden_fuer_den_unterricht_v1-0.pdf\" style=\"background-color:rgba(51, 160, 214, 1);color:#ffffff;\" target=\"\">Herunterladen<i class=\"zmdi zmdi-cloud-download wpfd-download\"><\/i><\/a><a class=\"openlink wpfdlightbox wpfd_previewlink\" href=\"https:\/\/hoegy.de\/homepage\/hgy-admin\/admin-ajax.php?juwpfisadmin=false&#038;action=wpfd&#038;task=file.download&#038;wpfd_category_id=143&#038;wpfd_file_id=13462&#038;token=&#038;preview=1\" target=\"\">Vorschau                            <i class=\"zmdi zmdi-filter-center-focus wpfd-preview\"><\/i>                        <\/a>                            <\/div>                    <\/div>                                                                            <div class=\"file\" style=\"margin : 10px 10px 10px 10px;\"                         data-id=\"13464\"                         data-catid=\"143\">                            <div class=\"filecontent\">                                <div class=\"ext ext-pdf wpfd-icon-set-svg\"><span class=\"txt\">pdf<\/span><\/div><h3><label class=\"wpfd_checkbox\"><input class=\"cbox_file_download\" type=\"checkbox\" data-id=\"13464\" data-catid=\"143\" \/><span><\/span><\/label><a href=\"https:\/\/hoegy.de\/homepage\/download\/143\/ki-tool-fobizz\/13464\/2025-02-hoegy-ki-leitfaden_fuer_lehrkraefte_v1-0.pdf\"  class=\"wpfd_downloadlink\" title=\"2025-02 H\u00f6Gy-KI-Leitfaden_f\u00fcr_Lehrkr\u00e4fte_v1.0\" target=\"\">2025-02 H\u00f6Gy-KI-Leitfaden_f\u00fcr_Lehrkr\u00e4fte_v1.0<\/a><\/h3>                                <div class=\"file-xinfo\">                                    <div class=\"file-desc\"><\/div><div class=\"file-size\"><span>Dateigr\u00f6\u00dfe:<\/span> 218.46 KB<\/div><div class=\"file-dated\"><span>Letzte \u00c4nderung:<\/span> 28.02.2025<\/div>                                <\/div>                            <\/div>                            <div class=\"file-right\">                                <a class=\"downloadlink wpfd_downloadlink\"  href=\"https:\/\/hoegy.de\/homepage\/download\/143\/ki-tool-fobizz\/13464\/2025-02-hoegy-ki-leitfaden_fuer_lehrkraefte_v1-0.pdf\" style=\"background-color:rgba(51, 160, 214, 1);color:#ffffff;\" target=\"\">Herunterladen<i class=\"zmdi zmdi-cloud-download wpfd-download\"><\/i><\/a><a class=\"openlink wpfdlightbox wpfd_previewlink\" href=\"https:\/\/hoegy.de\/homepage\/hgy-admin\/admin-ajax.php?juwpfisadmin=false&#038;action=wpfd&#038;task=file.download&#038;wpfd_category_id=143&#038;wpfd_file_id=13464&#038;token=&#038;preview=1\" target=\"\">Vorschau                            <i class=\"zmdi zmdi-filter-center-focus wpfd-preview\"><\/i>                        <\/a>                            <\/div>                    <\/div>                                                    <div class=\"file flex_span\" style=\"margin : 10px 10px 10px 10px;\"><\/div>            <\/div>                    <\/div><\/div><\/div>\n<\/div><\/div><\/div><\/div><\/div><\/div><\/div><\/section>\n","protected":false},"excerpt":{"rendered":"Liebe Eltern und Erziehungsberechtigte, KI-Tools, auch bekannt als KI-Chatbots, sind sowohl eine gro\u00dfe Chance als auch eine gro\u00dfe Herausforderung f\u00fcr unsere Gesellschaft. Mit der allgemeinen Zug\u00e4nglichkeit von ChatGPT im Jahr 2022 hat sich das Schul- und Alltagsleben Ihrer Kinder grundlegend ver\u00e4ndert. Es gibt kaum eine App, ein Handy oder ein digitales Ger\u00e4t, das nicht bereits...","protected":false},"author":2,"featured_media":0,"parent":239,"menu_order":6,"comment_status":"closed","ping_status":"closed","template":"","meta":{"footnotes":""},"class_list":["post-13465","page","type-page","status-publish","hentry"],"publishpress_future_action":{"enabled":false,"date":"2026-05-09 19:09:11","action":"change-status","newStatus":"draft","terms":[],"taxonomy":"","extraData":[]},"publishpress_future_workflow_manual_trigger":{"enabledWorkflows":[]},"_links":{"self":[{"href":"https:\/\/hoegy.de\/homepage\/wp-json\/wp\/v2\/pages\/13465","targetHints":{"allow":["GET"]}}],"collection":[{"href":"https:\/\/hoegy.de\/homepage\/wp-json\/wp\/v2\/pages"}],"about":[{"href":"https:\/\/hoegy.de\/homepage\/wp-json\/wp\/v2\/types\/page"}],"author":[{"embeddable":true,"href":"https:\/\/hoegy.de\/homepage\/wp-json\/wp\/v2\/users\/2"}],"replies":[{"embeddable":true,"href":"https:\/\/hoegy.de\/homepage\/wp-json\/wp\/v2\/comments?post=13465"}],"version-history":[{"count":15,"href":"https:\/\/hoegy.de\/homepage\/wp-json\/wp\/v2\/pages\/13465\/revisions"}],"predecessor-version":[{"id":13553,"href":"https:\/\/hoegy.de\/homepage\/wp-json\/wp\/v2\/pages\/13465\/revisions\/13553"}],"up":[{"embeddable":true,"href":"https:\/\/hoegy.de\/homepage\/wp-json\/wp\/v2\/pages\/239"}],"wp:attachment":[{"href":"https:\/\/hoegy.de\/homepage\/wp-json\/wp\/v2\/media?parent=13465"}],"curies":[{"name":"wp","href":"https:\/\/api.w.org\/{rel}","templated":true}]}}