{"id":13511,"date":"2025-02-28T23:21:19","date_gmt":"2025-02-28T22:21:19","guid":{"rendered":"https:\/\/hoegy.de\/homepage\/?page_id=13511"},"modified":"2025-02-28T23:21:19","modified_gmt":"2025-02-28T22:21:19","slug":"anfahrt-mit-bus-und-bahn","status":"publish","type":"page","link":"https:\/\/hoegy.de\/homepage\/das-hoegy\/schulalltag\/anfahrt-mit-bus-und-bahn\/","title":{"rendered":"Anfahrt mit Bus und Bahn"},"content":{"rendered":"<section class=\"l-section wpb_row height_small\"><div class=\"l-section-h i-cf\"><div class=\"g-cols vc_row via_flex valign_top type_default stacking_default\"><div class=\"vc_col-sm-12 wpb_column vc_column_container\"><div class=\"vc_column-inner\"><div class=\"wpb_wrapper\"><div class=\"wpb_text_column\"><div class=\"wpb_wrapper\"><p data-start=\"217\" data-end=\"433\">Das H\u00f6Gy ist mit \u00f6ffentlichen Verkehrsmitteln gut erreichbar. Nachfolgend finden Sie eine \u00dcbersicht der wichtigsten Bus- und Bahnverbindungen sowie weiterf\u00fchrende Links zu aktuellen Fahrpl\u00e4nen.<\/p>\n<hr data-start=\"435\" data-end=\"438\" \/>\n<h3 data-start=\"440\" data-end=\"477\">\u00d6PNV Fahrtm\u00f6glichkeiten zum \/ vom H\u00f6Gy (Auszug aus VVS-Fahrpl\u00e4nen, Stand 24.2.2025)<\/h3>\n<p><em>Alle Angaben ohne Gew\u00e4hr. Bitte pr\u00fcfen Sie Ihre individuelle Verbindung regelm\u00e4\u00dfig unter <a href=\"https:\/\/vvs.de\" target=\"_blank\" rel=\"noopener\">https:\/\/vvs.de<\/a>.<\/em><\/p>\n<p>Aktuelle Verbindungen f\u00fcr Unterrichtsbeginn 7:45 Uhr und 9:35 Uhr, sowie Unterrichtsende 12:00 Uhr, 12:50 Uhr und 15:15 Uhr.<\/p>\n<p><span style=\"color: #ff0000;\">Rote Farbe<\/span>: Haltestellen, die in wenigen Minuten zu Fu\u00df vom H\u00f6Gy erreichbar sind und direkte Verbindungen zu diesen Haltestellen ohne Umsteigen.<\/p>\n<p>Laden Sie gerne die folgende PDF-Datei herunter.<\/p>\n<\/div><\/div><div class=\"wpfd-wpbakery-single-file  \" id=\"\" ><div class=\"wpfd-single-file\">\n    <div class=\"wpfd-single-file--icon\">\n            <a href=\"https:\/\/hoegy.de\/homepage\/hgy-admin\/admin-ajax.php?juwpfisadmin&#x3D;false&amp;action&#x3D;wpfd&amp;task&#x3D;file.download&amp;wpfd_category_id&#x3D;88&amp;wpfd_file_id&#x3D;13523&amp;token&#x3D;&amp;preview&#x3D;1\" alt=\"\u00d6PNV Fahrtm\u00f6glichkeiten zum&amp;vom H\u00f6Gy (Auszug aus VVS-Fahrpl\u00e4nen Stand 24.2.2025)\" class=\"wpfdlightbox\">\n            <div class=\"wpfd-icon-placeholder lazyload\" style=\"background-image:inherit;border-radius: 4%;box-shadow: 0px 0px 0px 0px transparent;background-color: #CB0606;border: 0px solid ;background-size: 100%;\" data-bg-image=\"url(&quot;https:\/\/hoegy.de\/homepage\/hgy-apps\/wp-file-download\/app\/site\/assets\/icons\/svg\/pdf.svg&quot;)\"><\/div>\n        <\/a>\n    <\/div>\n\n    <div class=\"wpfd-single-file--details wpfd-file-content\">\n                        <h3 class=\"wpfd-file-content--title\"><a href=\"https:\/\/hoegy.de\/homepage\/download\/88\/vvs\/13523\/oepnv-fahrtmoeglichkeiten-zumvom-hoegy-auszug-aus-vvs-fahrplaenen-stand-24-2-2025.pdf\" style=\"text-decoration: none\">\u00d6PNV Fahrtm\u00f6glichkeiten zum&vom H\u00f6Gy (Auszug aus VVS-Fahrpl\u00e4nen Stand 24.2.2025)<\/a><\/h3>\n        <div class=\"wpfd-file-content--meta\">\n                    <div>Dateigr\u00f6\u00dfe: 459.86 KB<\/div>\n                    <div>Erstellungsdatum: 28.02.2025<\/div>\n                    <div>Aktualisiert: 28.02.2025<\/div>\n                    <div>Aufrufe: 1080<\/div>\n        <\/div>\n    <\/div>\n    <div class=\"wpfd-single-file--buttons\">\n                                <a href=\"https:\/\/hoegy.de\/homepage\/download\/88\/vvs\/13523\/oepnv-fahrtmoeglichkeiten-zumvom-hoegy-auszug-aus-vvs-fahrplaenen-stand-24-2-2025.pdf\"  data-id=\"13523\" title=\"\u00d6PNV Fahrtm\u00f6glichkeiten zum&amp;vom H\u00f6Gy (Auszug aus VVS-Fahrpl\u00e4nen Stand 24.2.2025)\" class=\"noLightbox wpfd_downloadlink wpfd-single-file-button wpfd-button-download\">\n                    <svg xmlns=\"http:\/\/www.w3.org\/2000\/svg\" width=\"38\" height=\"38\" viewBox=\"0 0 400 400\"><g fill=\"#ffffff\"><path d=\"M178 234v-7V24c0-13 8-23 20-24 13-1 24 9 24 23v212l5-5 44-44c10-9 23-10 32-1s9 23-1 33l-85 85c-10 11-23 11-34 0l-85-86a22 22 0 0123-37 28 28 0 018 6l44 44a31 31 0 013 5zM200 400H24c-17 0-28-14-23-29 3-10 12-15 23-16h351c12 0 21 6 24 16 5 15-6 29-22 29H200z\"\/><\/g><\/svg>\n                    <span>Herunterladen<\/span>\n                <\/a>\n                    <a href=\"https:\/\/hoegy.de\/homepage\/hgy-admin\/admin-ajax.php?juwpfisadmin&#x3D;false&amp;action&#x3D;wpfd&amp;task&#x3D;file.download&amp;wpfd_category_id&#x3D;88&amp;wpfd_file_id&#x3D;13523&amp;token&#x3D;&amp;preview&#x3D;1\" class=\"wpfd-single-file-button wpfd-button-preview wpfdlightbox\">\n                        <svg xmlns=\"http:\/\/www.w3.org\/2000\/svg\" width=\"38\" height=\"38\" viewBox=\"0 0 400 400\"><g fill=\"#ffffff\"><path d=\"M0 200V55C0 28 16 8 41 2a63 63 0 0115-2h289c32 0 55 23 55 54v248c0 10-6 16-15 16-8 0-14-6-14-16V56c0-16-11-27-28-27H57c-18 0-28 9-28 28v286c0 19 10 28 28 28h243c11 0 18 6 18 15s-7 14-18 14H56c-28 0-49-16-55-41a67 67 0 01-1-15V200z\"\/><path d=\"M314 302l15 15 52 51c7 7 7 14 2 20-6 6-13 5-20-2l-67-65a11 11 0 00-1-1 104 104 0 01-149-26c-29-43-20-99 20-133 39-33 99-31 137 4 38 34 45 93 11 137zm-159-64c-1 42 34 77 77 77 42 1 78-33 78-75 1-42-34-77-75-77-44-1-79 32-80 75z\"\/><\/g><\/svg>\n                        <span>Vorschau<\/span>\n                    <\/a>\n    <\/div>\n<\/div>\n<\/div><div class=\"wpb_text_column\"><div class=\"wpb_wrapper\"><hr data-start=\"1109\" data-end=\"1112\" \/>\n<h2 data-start=\"1114\" data-end=\"1151\"><strong data-start=\"1117\" data-end=\"1149\">Weiterf\u00fchrende Informationen<\/strong><\/h2>\n<p data-start=\"1153\" data-end=\"1283\">\ud83d\udd17 <strong data-start=\"1156\" data-end=\"1203\"><a href=\"https:\/\/www.vvs.de\/fahrplan\" target=\"_blank\" rel=\"noopener\" data-start=\"1158\" data-end=\"1201\">VVS Fahrplanauskunft<\/a><\/strong><br data-start=\"1203\" data-end=\"1206\" \/>\ud83d\udd17 <strong data-start=\"1209\" data-end=\"1281\"><a href=\"https:\/\/www.vvs.de\/d-ticket-jugendbw\" target=\"_blank\" rel=\"noopener\" data-start=\"1211\" data-end=\"1279\">D-Ticket JugendBW<\/a><\/strong><\/p>\n<\/div><\/div><\/div><\/div><\/div><\/div><\/div><\/section>\n","protected":false},"excerpt":{"rendered":"Das H\u00f6Gy ist mit \u00f6ffentlichen Verkehrsmitteln gut erreichbar. Nachfolgend finden Sie eine \u00dcbersicht der wichtigsten Bus- und Bahnverbindungen sowie weiterf\u00fchrende Links zu aktuellen Fahrpl\u00e4nen. \u00d6PNV Fahrtm\u00f6glichkeiten zum \/ vom H\u00f6Gy (Auszug aus VVS-Fahrpl\u00e4nen, Stand 24.2.2025) Alle Angaben ohne Gew\u00e4hr. Bitte pr\u00fcfen Sie Ihre individuelle Verbindung regelm\u00e4\u00dfig unter https:\/\/vvs.de. Aktuelle Verbindungen f\u00fcr Unterrichtsbeginn 7:45 Uhr und...","protected":false},"author":2,"featured_media":0,"parent":13499,"menu_order":3,"comment_status":"closed","ping_status":"closed","template":"","meta":{"footnotes":""},"class_list":["post-13511","page","type-page","status-publish","hentry"],"publishpress_future_action":{"enabled":false,"date":"2026-05-10 12:53:02","action":"change-status","newStatus":"draft","terms":[],"taxonomy":"","extraData":[]},"publishpress_future_workflow_manual_trigger":{"enabledWorkflows":[]},"_links":{"self":[{"href":"https:\/\/hoegy.de\/homepage\/wp-json\/wp\/v2\/pages\/13511","targetHints":{"allow":["GET"]}}],"collection":[{"href":"https:\/\/hoegy.de\/homepage\/wp-json\/wp\/v2\/pages"}],"about":[{"href":"https:\/\/hoegy.de\/homepage\/wp-json\/wp\/v2\/types\/page"}],"author":[{"embeddable":true,"href":"https:\/\/hoegy.de\/homepage\/wp-json\/wp\/v2\/users\/2"}],"replies":[{"embeddable":true,"href":"https:\/\/hoegy.de\/homepage\/wp-json\/wp\/v2\/comments?post=13511"}],"version-history":[{"count":14,"href":"https:\/\/hoegy.de\/homepage\/wp-json\/wp\/v2\/pages\/13511\/revisions"}],"predecessor-version":[{"id":13526,"href":"https:\/\/hoegy.de\/homepage\/wp-json\/wp\/v2\/pages\/13511\/revisions\/13526"}],"up":[{"embeddable":true,"href":"https:\/\/hoegy.de\/homepage\/wp-json\/wp\/v2\/pages\/13499"}],"wp:attachment":[{"href":"https:\/\/hoegy.de\/homepage\/wp-json\/wp\/v2\/media?parent=13511"}],"curies":[{"name":"wp","href":"https:\/\/api.w.org\/{rel}","templated":true}]}}