{"id":13663,"date":"2025-03-31T23:08:57","date_gmt":"2025-03-31T21:08:57","guid":{"rendered":"https:\/\/hoegy.de\/homepage\/?page_id=13663"},"modified":"2025-04-07T11:42:14","modified_gmt":"2025-04-07T09:42:14","slug":"attraktive-arbeits-und-aufenthaltsbereiche-am-hoegy","status":"publish","type":"page","link":"https:\/\/hoegy.de\/homepage\/das-hoegy\/schulalltag\/attraktive-arbeits-und-aufenthaltsbereiche-am-hoegy\/","title":{"rendered":"Attraktive Arbeits- und Aufenthaltsbereiche am H\u00f6Gy"},"content":{"rendered":"<section class=\"l-section wpb_row height_small\"><div class=\"l-section-h i-cf\"><div class=\"g-cols vc_row via_flex valign_top type_default stacking_default\"><div class=\"vc_col-sm-6 wpb_column vc_column_container\"><div class=\"vc_column-inner\"><div class=\"wpb_wrapper\"><div class=\"wpb_text_column\"><div class=\"wpb_wrapper\"><p>Am H\u00f6Gy gibt es f\u00fcr euch Sch\u00fcler*innen viele verschiedene Orte zum Arbeiten.<\/p>\n<p><strong>Unsere Lernbereiche in der Bibliothek und auf der Empore Ebene 4 \u2013 mit Tablet oder Buch zum Erfolg!<\/strong><\/p>\n<p>Hier kannst du mit deinem eigenen digitalen Ger\u00e4t oder mit Buch und Heft in kleinen Gruppen in den Nischen oder an den runden Tischen in gr\u00f6\u00dferen Gruppen arbeiten oder dich allein zur\u00fcckziehen. Wer es ganz still haben m\u00f6chte, kann sich eine Mickymaus f\u00fcr die Ohren im Sekretariat ausleihen.<\/p>\n<\/div><\/div><\/div><\/div><\/div><div class=\"vc_col-sm-6 wpb_column vc_column_container\"><div class=\"vc_column-inner\"><div class=\"wpb_wrapper\"><div class=\"w-image align_none\"><div class=\"w-image-h\"><img decoding=\"async\" width=\"446\" height=\"595\" data-src=\"https:\/\/hoegy.de\/homepage\/hgy-media\/Bibliothek-446x595.jpg\" class=\"attachment-us_600_595 size-us_600_595 lazyload\" alt=\"\" data-srcset=\"https:\/\/hoegy.de\/homepage\/hgy-media\/Bibliothek-446x595.jpg 446w, https:\/\/hoegy.de\/homepage\/hgy-media\/Bibliothek-150x200.jpg 150w, https:\/\/hoegy.de\/homepage\/hgy-media\/Bibliothek-768x1024.jpg 768w, https:\/\/hoegy.de\/homepage\/hgy-media\/Bibliothek-38x50.jpg 38w, https:\/\/hoegy.de\/homepage\/hgy-media\/Bibliothek-75x100.jpg 75w, https:\/\/hoegy.de\/homepage\/hgy-media\/Bibliothek-scaled.jpg 1920w\" data-sizes=\"auto, (max-width: 446px) 100vw, 446px\" src=\"data:image\/svg+xml;base64,PHN2ZyB3aWR0aD0iMSIgaGVpZ2h0PSIxIiB4bWxucz0iaHR0cDovL3d3dy53My5vcmcvMjAwMC9zdmciPjwvc3ZnPg==\" style=\"--smush-placeholder-width: 446px; --smush-placeholder-aspect-ratio: 446\/595;\" \/><\/div><\/div><\/div><\/div><\/div><\/div><\/div><\/section><section class=\"l-section wpb_row height_small\"><div class=\"l-section-h i-cf\"><div class=\"g-cols vc_row via_flex valign_top type_default stacking_default\"><div class=\"vc_col-sm-6 wpb_column vc_column_container\"><div class=\"vc_column-inner\"><div class=\"wpb_wrapper\"><div class=\"wpb_text_column\"><div class=\"wpb_wrapper\"><p><strong>Die Empore im Ganztageshaus \u2013 frisch gest\u00e4rkt lernen!<\/strong><\/p>\n<p>Wer beim Arbeiten auch essen und trinken m\u00f6chte, kann dies auf der Empore im Ganztageshaus \u00fcber der Mensa tun.<\/p>\n<\/div><\/div><\/div><\/div><\/div><div class=\"vc_col-sm-6 wpb_column vc_column_container\"><div class=\"vc_column-inner\"><div class=\"wpb_wrapper\"><div class=\"w-image align_none\"><div class=\"w-image-h\"><img decoding=\"async\" width=\"446\" height=\"595\" data-src=\"https:\/\/hoegy.de\/homepage\/hgy-media\/Mensa-Empore-446x595.jpg\" class=\"attachment-us_600_595 size-us_600_595 lazyload\" alt=\"\" data-srcset=\"https:\/\/hoegy.de\/homepage\/hgy-media\/Mensa-Empore-446x595.jpg 446w, https:\/\/hoegy.de\/homepage\/hgy-media\/Mensa-Empore-150x200.jpg 150w, https:\/\/hoegy.de\/homepage\/hgy-media\/Mensa-Empore-768x1024.jpg 768w, https:\/\/hoegy.de\/homepage\/hgy-media\/Mensa-Empore-38x50.jpg 38w, https:\/\/hoegy.de\/homepage\/hgy-media\/Mensa-Empore-75x100.jpg 75w, https:\/\/hoegy.de\/homepage\/hgy-media\/Mensa-Empore-scaled.jpg 1920w\" data-sizes=\"auto, (max-width: 446px) 100vw, 446px\" src=\"data:image\/svg+xml;base64,PHN2ZyB3aWR0aD0iMSIgaGVpZ2h0PSIxIiB4bWxucz0iaHR0cDovL3d3dy53My5vcmcvMjAwMC9zdmciPjwvc3ZnPg==\" style=\"--smush-placeholder-width: 446px; --smush-placeholder-aspect-ratio: 446\/595;\" \/><\/div><\/div><\/div><\/div><\/div><\/div><\/div><\/section><section class=\"l-section wpb_row height_small\"><div class=\"l-section-h i-cf\"><div class=\"g-cols vc_row via_flex valign_top type_default stacking_default\"><div class=\"vc_col-sm-4 wpb_column vc_column_container\"><div class=\"vc_column-inner\"><div class=\"wpb_wrapper\"><div class=\"wpb_text_column\"><div class=\"wpb_wrapper\"><p><strong>Unsere Lerninseln \u2013 Gruppenarbeit leicht gemacht<\/strong><\/p>\n<p>W\u00e4hrend des Unterrichts kann die Lerninsel f\u00fcr Gruppenarbeiten auf den einzelnen Ebenen angesteuert werden. Hier eignen sich die Nischen f\u00fcr kleine Gruppen, die schwarzen Sitzhocker in Kombination mit der gelben Rundung f\u00fcr gr\u00f6\u00dfere Gruppen. Die Lehrenden k\u00f6nnen euch durch die Bullaugen drau\u00dfen vom Raum innen beobachten und gleichzeitig die Sch\u00fcler*innen im Raum betreuen.<\/p>\n<\/div><\/div><\/div><\/div><\/div><div class=\"vc_col-sm-4 wpb_column vc_column_container\"><div class=\"vc_column-inner\"><div class=\"wpb_wrapper\"><div class=\"w-image align_none\"><div class=\"w-image-h\"><img decoding=\"async\" width=\"446\" height=\"595\" data-src=\"https:\/\/hoegy.de\/homepage\/hgy-media\/Lerninsel-1-446x595.jpg\" class=\"attachment-us_600_595 size-us_600_595 lazyload\" alt=\"\" data-srcset=\"https:\/\/hoegy.de\/homepage\/hgy-media\/Lerninsel-1-446x595.jpg 446w, https:\/\/hoegy.de\/homepage\/hgy-media\/Lerninsel-1-150x200.jpg 150w, https:\/\/hoegy.de\/homepage\/hgy-media\/Lerninsel-1-768x1024.jpg 768w, https:\/\/hoegy.de\/homepage\/hgy-media\/Lerninsel-1-38x50.jpg 38w, https:\/\/hoegy.de\/homepage\/hgy-media\/Lerninsel-1-75x100.jpg 75w, https:\/\/hoegy.de\/homepage\/hgy-media\/Lerninsel-1-scaled.jpg 1920w\" data-sizes=\"auto, (max-width: 446px) 100vw, 446px\" src=\"data:image\/svg+xml;base64,PHN2ZyB3aWR0aD0iMSIgaGVpZ2h0PSIxIiB4bWxucz0iaHR0cDovL3d3dy53My5vcmcvMjAwMC9zdmciPjwvc3ZnPg==\" style=\"--smush-placeholder-width: 446px; --smush-placeholder-aspect-ratio: 446\/595;\" \/><\/div><\/div><\/div><\/div><\/div><div class=\"vc_col-sm-4 wpb_column vc_column_container\"><div class=\"vc_column-inner\"><div class=\"wpb_wrapper\"><div class=\"w-image align_none\"><div class=\"w-image-h\"><img decoding=\"async\" width=\"600\" height=\"450\" data-src=\"https:\/\/hoegy.de\/homepage\/hgy-media\/Lerninsel-2-600x450.jpg\" class=\"attachment-us_600_595 size-us_600_595 lazyload\" alt=\"\" data-srcset=\"https:\/\/hoegy.de\/homepage\/hgy-media\/Lerninsel-2-600x450.jpg 600w, https:\/\/hoegy.de\/homepage\/hgy-media\/Lerninsel-2-200x150.jpg 200w, https:\/\/hoegy.de\/homepage\/hgy-media\/Lerninsel-2-1024x768.jpg 1024w, https:\/\/hoegy.de\/homepage\/hgy-media\/Lerninsel-2-50x38.jpg 50w, https:\/\/hoegy.de\/homepage\/hgy-media\/Lerninsel-2-100x75.jpg 100w\" data-sizes=\"auto, (max-width: 600px) 100vw, 600px\" src=\"data:image\/svg+xml;base64,PHN2ZyB3aWR0aD0iMSIgaGVpZ2h0PSIxIiB4bWxucz0iaHR0cDovL3d3dy53My5vcmcvMjAwMC9zdmciPjwvc3ZnPg==\" style=\"--smush-placeholder-width: 600px; --smush-placeholder-aspect-ratio: 600\/450;\" \/><\/div><\/div><\/div><\/div><\/div><\/div><\/div><\/section><section class=\"l-section wpb_row height_small\"><div class=\"l-section-h i-cf\"><div class=\"g-cols vc_row via_flex valign_top type_default stacking_default\"><div class=\"vc_col-sm-6 wpb_column vc_column_container\"><div class=\"vc_column-inner\"><div class=\"wpb_wrapper\"><div class=\"wpb_text_column\"><div class=\"wpb_wrapper\"><p>Wer sich von der Arbeit erholen m\u00f6chte, ist an mehreren Pl\u00e4tzen im H\u00f6Gy gut aufgehoben:<\/p>\n<p><strong>Unsere gro\u00dfe Sitztreppe \u2013 ein toller Kommunikations- und Veranstaltungsort<\/strong><\/p>\n<p>Auf der im Winter beheizten Sitztreppe k\u00f6nnt ihr euch austauschen, ein Hei\u00dfgetr\u00e4nk trinken, essen oder Hausaufgaben machen. Gleichzeitig dient dieser Bereich mit Beamer, Leinwand und Beleuchtung als zweiter Veranstaltungsort f\u00fcr kleinere Veranstaltungen, z.B. wenn die Eltern eurer Klasse zu einer Auff\u00fchrung eingeladen werden.<\/p>\n<\/div><\/div><\/div><\/div><\/div><div class=\"vc_col-sm-6 wpb_column vc_column_container\"><div class=\"vc_column-inner\"><div class=\"wpb_wrapper\"><div class=\"w-image align_none\"><div class=\"w-image-h\"><img decoding=\"async\" width=\"446\" height=\"595\" data-src=\"https:\/\/hoegy.de\/homepage\/hgy-media\/Sitztreppe-446x595.jpg\" class=\"attachment-us_600_595 size-us_600_595 lazyload\" alt=\"\" data-srcset=\"https:\/\/hoegy.de\/homepage\/hgy-media\/Sitztreppe-446x595.jpg 446w, https:\/\/hoegy.de\/homepage\/hgy-media\/Sitztreppe-150x200.jpg 150w, https:\/\/hoegy.de\/homepage\/hgy-media\/Sitztreppe-768x1024.jpg 768w, https:\/\/hoegy.de\/homepage\/hgy-media\/Sitztreppe-38x50.jpg 38w, https:\/\/hoegy.de\/homepage\/hgy-media\/Sitztreppe-75x100.jpg 75w, https:\/\/hoegy.de\/homepage\/hgy-media\/Sitztreppe-scaled.jpg 1920w\" data-sizes=\"auto, (max-width: 446px) 100vw, 446px\" src=\"data:image\/svg+xml;base64,PHN2ZyB3aWR0aD0iMSIgaGVpZ2h0PSIxIiB4bWxucz0iaHR0cDovL3d3dy53My5vcmcvMjAwMC9zdmciPjwvc3ZnPg==\" style=\"--smush-placeholder-width: 446px; --smush-placeholder-aspect-ratio: 446\/595;\" \/><\/div><\/div><\/div><\/div><\/div><\/div><\/div><\/section><section class=\"l-section wpb_row height_small\"><div class=\"l-section-h i-cf\"><div class=\"g-cols vc_row via_flex valign_top type_default stacking_default\"><div class=\"vc_col-sm-6 wpb_column vc_column_container\"><div class=\"vc_column-inner\"><div class=\"wpb_wrapper\"><div class=\"wpb_text_column\"><div class=\"wpb_wrapper\"><p><strong>Unsere Sch\u00fclerlounge \u2013 Hier sind wir gern!<\/strong><\/p>\n<p>Dort gibt es viele Sitzm\u00f6glichkeiten f\u00fcr gr\u00f6\u00dfere und kleinere Gruppen, ihr k\u00f6nnt Tischkicker spielen, die Getr\u00e4nkeautomaten und der B\u00e4ckerverkauf in der gro\u00dfen Pause befinden sich in unmittelbarer N\u00e4he, die Tische k\u00f6nnt ihr auch gern zum Arbeiten nutzen. Auf jeden Fall habt ihr hier alle, die vorbeikommen, im Blick \u2013 ein guter Treffpunkt f\u00fcr Freunde.<\/p>\n<\/div><\/div><\/div><\/div><\/div><div class=\"vc_col-sm-6 wpb_column vc_column_container\"><div class=\"vc_column-inner\"><div class=\"wpb_wrapper\"><div class=\"w-image align_none\"><div class=\"w-image-h\"><img decoding=\"async\" width=\"600\" height=\"450\" data-src=\"https:\/\/hoegy.de\/homepage\/hgy-media\/Schuelerlounge-600x450.jpg\" class=\"attachment-us_600_595 size-us_600_595 lazyload\" alt=\"\" data-srcset=\"https:\/\/hoegy.de\/homepage\/hgy-media\/Schuelerlounge-600x450.jpg 600w, https:\/\/hoegy.de\/homepage\/hgy-media\/Schuelerlounge-200x150.jpg 200w, https:\/\/hoegy.de\/homepage\/hgy-media\/Schuelerlounge-1024x768.jpg 1024w, https:\/\/hoegy.de\/homepage\/hgy-media\/Schuelerlounge-50x38.jpg 50w, https:\/\/hoegy.de\/homepage\/hgy-media\/Schuelerlounge-100x75.jpg 100w\" data-sizes=\"auto, (max-width: 600px) 100vw, 600px\" src=\"data:image\/svg+xml;base64,PHN2ZyB3aWR0aD0iMSIgaGVpZ2h0PSIxIiB4bWxucz0iaHR0cDovL3d3dy53My5vcmcvMjAwMC9zdmciPjwvc3ZnPg==\" style=\"--smush-placeholder-width: 600px; --smush-placeholder-aspect-ratio: 600\/450;\" \/><\/div><\/div><\/div><\/div><\/div><div class=\"vc_col-sm-12 wpb_column vc_column_container\"><div class=\"vc_column-inner\"><div class=\"wpb_wrapper\"><\/div><\/div><\/div><\/div><\/div><\/section><section class=\"l-section wpb_row height_small\"><div class=\"l-section-h i-cf\"><div class=\"g-cols vc_row via_flex valign_top type_default stacking_default\"><div class=\"vc_col-sm-6 wpb_column vc_column_container\"><div class=\"vc_column-inner\"><div class=\"wpb_wrapper\"><div class=\"wpb_text_column\"><div class=\"wpb_wrapper\"><p><strong>Die Bibliothek f\u00fcr die Unterstufe \u2013 viele spannende B\u00fccher!<\/strong><\/p>\n<p><span>In der Unterstufenbibliothek auf der Empore im Ganztageshaus k\u00f6nnt ihr B\u00fccher verschlingen &#8211; bis der Arzt kommt. Hier findet jeder etwas f\u00fcr seinen Geschmack und ihr k\u00f6nnt auf dem gem\u00fctlichen Sofa oder in den chilligen Sitzs\u00e4cken abh\u00e4ngen, die Fantasie anknipsen und die Seele baumeln lassen.<\/span><\/p>\n<\/div><\/div><\/div><\/div><\/div><div class=\"vc_col-sm-6 wpb_column vc_column_container\"><div class=\"vc_column-inner\"><div class=\"wpb_wrapper\"><div class=\"w-image align_none\"><div class=\"w-image-h\"><img decoding=\"async\" width=\"600\" height=\"450\" data-src=\"https:\/\/hoegy.de\/homepage\/hgy-media\/IMG_3358-600x450.jpg\" class=\"attachment-us_600_595 size-us_600_595 lazyload\" alt=\"\" data-srcset=\"https:\/\/hoegy.de\/homepage\/hgy-media\/IMG_3358-600x450.jpg 600w, https:\/\/hoegy.de\/homepage\/hgy-media\/IMG_3358-200x150.jpg 200w, https:\/\/hoegy.de\/homepage\/hgy-media\/IMG_3358-1024x768.jpg 1024w, https:\/\/hoegy.de\/homepage\/hgy-media\/IMG_3358-50x38.jpg 50w, https:\/\/hoegy.de\/homepage\/hgy-media\/IMG_3358-100x75.jpg 100w\" data-sizes=\"auto, (max-width: 600px) 100vw, 600px\" src=\"data:image\/svg+xml;base64,PHN2ZyB3aWR0aD0iMSIgaGVpZ2h0PSIxIiB4bWxucz0iaHR0cDovL3d3dy53My5vcmcvMjAwMC9zdmciPjwvc3ZnPg==\" style=\"--smush-placeholder-width: 600px; --smush-placeholder-aspect-ratio: 600\/450;\" \/><\/div><\/div><\/div><\/div><\/div><div class=\"vc_col-sm-12 wpb_column vc_column_container\"><div class=\"vc_column-inner\"><div class=\"wpb_wrapper\"><\/div><\/div><\/div><\/div><\/div><\/section><section class=\"l-section wpb_row height_small\"><div class=\"l-section-h i-cf\"><div class=\"g-cols vc_row via_flex valign_top type_default stacking_default\"><div class=\"vc_col-sm-6 wpb_column vc_column_container\"><div class=\"vc_column-inner\"><div class=\"wpb_wrapper\"><div class=\"wpb_text_column\"><div class=\"wpb_wrapper\"><p><strong>Unsere Mensa im Ganztageshaus \u2013 lecker, lecker, lecker!<\/strong><\/p>\n<p>In unserer Mensa gibt es von 11 bis 13 Uhr leckeres, frisch gekochtes Essen. Ob vegetarisch oder mit Fleisch, ob Salat oder Nachtisch \u2013 lasst es euch schmecken!<\/p>\n<\/div><\/div><\/div><\/div><\/div><div class=\"vc_col-sm-6 wpb_column vc_column_container\"><div class=\"vc_column-inner\"><div class=\"wpb_wrapper\"><div class=\"w-image align_none\"><div class=\"w-image-h\"><img decoding=\"async\" width=\"600\" height=\"450\" data-src=\"https:\/\/hoegy.de\/homepage\/hgy-media\/Mensa-600x450.jpg\" class=\"attachment-us_600_595 size-us_600_595 lazyload\" alt=\"\" data-srcset=\"https:\/\/hoegy.de\/homepage\/hgy-media\/Mensa-600x450.jpg 600w, https:\/\/hoegy.de\/homepage\/hgy-media\/Mensa-200x150.jpg 200w, https:\/\/hoegy.de\/homepage\/hgy-media\/Mensa-1024x768.jpg 1024w, https:\/\/hoegy.de\/homepage\/hgy-media\/Mensa-50x38.jpg 50w, https:\/\/hoegy.de\/homepage\/hgy-media\/Mensa-100x75.jpg 100w\" data-sizes=\"auto, (max-width: 600px) 100vw, 600px\" src=\"data:image\/svg+xml;base64,PHN2ZyB3aWR0aD0iMSIgaGVpZ2h0PSIxIiB4bWxucz0iaHR0cDovL3d3dy53My5vcmcvMjAwMC9zdmciPjwvc3ZnPg==\" style=\"--smush-placeholder-width: 600px; --smush-placeholder-aspect-ratio: 600\/450;\" \/><\/div><\/div><\/div><\/div><\/div><\/div><\/div><\/section>\n","protected":false},"excerpt":{"rendered":"Am H\u00f6Gy gibt es f\u00fcr euch Sch\u00fcler*innen viele verschiedene Orte zum Arbeiten. Unsere Lernbereiche in der Bibliothek und auf der Empore Ebene 4 \u2013 mit Tablet oder Buch zum Erfolg! Hier kannst du mit deinem eigenen digitalen Ger\u00e4t oder mit Buch und Heft in kleinen Gruppen in den Nischen oder an den runden Tischen in...","protected":false},"author":8,"featured_media":0,"parent":13499,"menu_order":4,"comment_status":"closed","ping_status":"closed","template":"","meta":{"footnotes":""},"class_list":["post-13663","page","type-page","status-publish","hentry"],"publishpress_future_action":{"enabled":false,"date":"2026-04-23 17:21:07","action":"change-status","newStatus":"draft","terms":[],"taxonomy":"","extraData":[]},"publishpress_future_workflow_manual_trigger":{"enabledWorkflows":[]},"_links":{"self":[{"href":"https:\/\/hoegy.de\/homepage\/wp-json\/wp\/v2\/pages\/13663","targetHints":{"allow":["GET"]}}],"collection":[{"href":"https:\/\/hoegy.de\/homepage\/wp-json\/wp\/v2\/pages"}],"about":[{"href":"https:\/\/hoegy.de\/homepage\/wp-json\/wp\/v2\/types\/page"}],"author":[{"embeddable":true,"href":"https:\/\/hoegy.de\/homepage\/wp-json\/wp\/v2\/users\/8"}],"replies":[{"embeddable":true,"href":"https:\/\/hoegy.de\/homepage\/wp-json\/wp\/v2\/comments?post=13663"}],"version-history":[{"count":6,"href":"https:\/\/hoegy.de\/homepage\/wp-json\/wp\/v2\/pages\/13663\/revisions"}],"predecessor-version":[{"id":13722,"href":"https:\/\/hoegy.de\/homepage\/wp-json\/wp\/v2\/pages\/13663\/revisions\/13722"}],"up":[{"embeddable":true,"href":"https:\/\/hoegy.de\/homepage\/wp-json\/wp\/v2\/pages\/13499"}],"wp:attachment":[{"href":"https:\/\/hoegy.de\/homepage\/wp-json\/wp\/v2\/media?parent=13663"}],"curies":[{"name":"wp","href":"https:\/\/api.w.org\/{rel}","templated":true}]}}