{"id":13849,"date":"2025-04-29T14:22:02","date_gmt":"2025-04-29T12:22:02","guid":{"rendered":"https:\/\/hoegy.de\/homepage\/?page_id=13849"},"modified":"2025-04-29T14:23:56","modified_gmt":"2025-04-29T12:23:56","slug":"erstes-wiedersehen-seit-corona-abiturjahrgang-2012-besucht-das-hoelderlin-gymnasium","status":"publish","type":"page","link":"https:\/\/hoegy.de\/homepage\/schulgemeinschaft\/alumni\/jahrgang-2012\/erstes-wiedersehen-seit-corona-abiturjahrgang-2012-besucht-das-hoelderlin-gymnasium\/","title":{"rendered":"Erstes Wiedersehen seit Corona: Abiturjahrgang 2012 besucht das H\u00f6lderlin-Gymnasium"},"content":{"rendered":"<section class=\"l-section wpb_row height_small\"><div class=\"l-section-h i-cf\"><div class=\"g-cols vc_row via_flex valign_top type_default stacking_default\"><div class=\"vc_col-sm-12 wpb_column vc_column_container\"><div class=\"vc_column-inner\"><div class=\"wpb_wrapper\"><div class=\"wpb_text_column\"><div class=\"wpb_wrapper\"><p style=\"font-weight: 400\">Kurz vor Weihnachten war es endlich so weit: Der Doppeljahrgang 2012 \u2013 wegen des damals erstmals abschlie\u00dfenden G8 ein doppelter Abiturjahrgang \u2013 kam erstmals seit der Corona-Pandemie wieder zu einem Jahrgangstreffen zusammen. Einige bekannte Gesichter waren der Einladung gefolgt, um Erinnerungen aufleben zu lassen, gemeinsam in die Vergangenheit zu blicken und sich \u00fcber die Entwicklungen seit dem Abitur auszutauschen.<\/p>\n<p style=\"font-weight: 400\">Zum Auftakt des Treffens stand ein ganz besonderer Programmpunkt auf dem Plan: eine F\u00fchrung durch das inzwischen umfassend sanierte Schulgeb\u00e4ude. Schulleiterin Frau Selb nahm sich pers\u00f6nlich Zeit, um den Ehemaligen die modernisierten Klassenzimmer, Fachr\u00e4ume und Gemeinschaftsbereiche zu zeigen. Neu sanierte Klassenzimmer ohne herausfallende Fenster oder Tageslichtprojektoren waren eine deutliche Ver\u00e4nderung zum erinnerten Zustand. Aber besonders ver\u00e4ndert wirkte der Eingangsbereich und der nun offene einladende Bereich rund um den (Kunst-)&#8221;Graben&#8221;. Neben vielen baulichen Ver\u00e4nderungen gab es auch interessante Einblicke in den heutigen Schulalltag und die p\u00e4dagogischen Neuerungen, die das H\u00f6Gy in den letzten Jahren gepr\u00e4gt haben.<\/p>\n<p style=\"font-weight: 400\">F\u00fcr heitere Momente sorgte auch eine kurze Vorstellungsrunde aller Anwesenden auf den Stufen des fr\u00fcheren &#8220;Grabens&#8221; bei der von Katzen \u00fcber Kinder bis zu Auslandsjahren einige spannende Lebenswendungen aufgedeckt wurden. Und das H\u00f6Gy hinterlie\u00df auch nicht nur als Lebensabschnitt einen bleibenden Eindruck, waren doch\u00a0 viele Lehrer:innen unter den Absolvent:innen.<\/p>\n<p style=\"font-weight: 400\">F\u00fcr viele war der Rundgang eine Reise in die eigene Schulzeit \u2013 zwischen nostalgischen Momenten und staunendem Blick auf das Neue. Die Mischung aus Erinnerungen und Ver\u00e4nderungen sorgte f\u00fcr angeregte Gespr\u00e4che schon w\u00e4hrend der F\u00fchrung. Erinnerungen vom Pool an der Abschussrampe im Pausenhof zum Abischerz \u00fcber das zu Beginn ausgewogene Mittagessen mit der Pizza aus der provisorischen Holzh\u00fctte in der Aula bis hin zur SuperTux-Zone im Computer-Bereich im Eck des Grabens &#8211; und nat\u00fcrlich zahlreiche Anekdoten aus dem Unterricht pr\u00e4gten den Abend.<\/p>\n<p style=\"font-weight: 400\">Im Anschluss an den Schulbesuch ging es weiter in den N\u00fcrtinger Hof, wo der Abend in gem\u00fctlicher Runde ausklang. Bei Essen und Getr\u00e4nken wurde viel gelacht, erz\u00e4hlt und nat\u00fcrlich \u00fcber alte Zeiten gesprochen. Die Freude \u00fcber das Wiedersehen war gro\u00df \u2013 ebenso der Wunsch, sich in Zukunft wieder h\u00e4ufiger zu treffen.<\/p>\n<p style=\"font-weight: 400\">Ein herzliches Dankesch\u00f6n gilt Frau Selb f\u00fcr die engagierte F\u00fchrung sowie allen, die das Treffen m\u00f6glich gemacht haben. Es war ein gelungener Abend voller sch\u00f6ner Begegnungen und lebendiger Erinnerungen.<\/p>\n<p style=\"text-align: right\"><em>Michael Medla<\/em><\/p>\n<\/div><\/div><div class=\"w-image align_none\"><div class=\"w-image-h\"><img decoding=\"async\" width=\"1024\" height=\"768\" data-src=\"https:\/\/hoegy.de\/homepage\/hgy-media\/IMG_3205-1024x768.jpg\" class=\"attachment-large size-large lazyload\" alt=\"\" data-srcset=\"https:\/\/hoegy.de\/homepage\/hgy-media\/IMG_3205-1024x768.jpg 1024w, https:\/\/hoegy.de\/homepage\/hgy-media\/IMG_3205-200x150.jpg 200w, https:\/\/hoegy.de\/homepage\/hgy-media\/IMG_3205-600x450.jpg 600w, https:\/\/hoegy.de\/homepage\/hgy-media\/IMG_3205-50x38.jpg 50w, https:\/\/hoegy.de\/homepage\/hgy-media\/IMG_3205-100x75.jpg 100w, https:\/\/hoegy.de\/homepage\/hgy-media\/IMG_3205-1320x990.jpg 1320w\" data-sizes=\"auto, (max-width: 1024px) 100vw, 1024px\" src=\"data:image\/svg+xml;base64,PHN2ZyB3aWR0aD0iMSIgaGVpZ2h0PSIxIiB4bWxucz0iaHR0cDovL3d3dy53My5vcmcvMjAwMC9zdmciPjwvc3ZnPg==\" style=\"--smush-placeholder-width: 1024px; --smush-placeholder-aspect-ratio: 1024\/768;\" \/><\/div><\/div><\/div><\/div><\/div><\/div><\/div><\/section>\n","protected":false},"excerpt":{"rendered":"Kurz vor Weihnachten war es endlich so weit: Der Doppeljahrgang 2012 \u2013 wegen des damals erstmals abschlie\u00dfenden G8 ein doppelter Abiturjahrgang \u2013 kam erstmals seit der Corona-Pandemie wieder zu einem Jahrgangstreffen zusammen. Einige bekannte Gesichter waren der Einladung gefolgt, um Erinnerungen aufleben zu lassen, gemeinsam in die Vergangenheit zu blicken und sich \u00fcber die Entwicklungen...","protected":false},"author":8,"featured_media":0,"parent":13846,"menu_order":0,"comment_status":"closed","ping_status":"closed","template":"","meta":{"footnotes":""},"class_list":["post-13849","page","type-page","status-publish","hentry"],"publishpress_future_action":{"enabled":false,"date":"2026-04-26 11:20:27","action":"change-status","newStatus":"draft","terms":[],"taxonomy":"","extraData":[]},"publishpress_future_workflow_manual_trigger":{"enabledWorkflows":[]},"_links":{"self":[{"href":"https:\/\/hoegy.de\/homepage\/wp-json\/wp\/v2\/pages\/13849","targetHints":{"allow":["GET"]}}],"collection":[{"href":"https:\/\/hoegy.de\/homepage\/wp-json\/wp\/v2\/pages"}],"about":[{"href":"https:\/\/hoegy.de\/homepage\/wp-json\/wp\/v2\/types\/page"}],"author":[{"embeddable":true,"href":"https:\/\/hoegy.de\/homepage\/wp-json\/wp\/v2\/users\/8"}],"replies":[{"embeddable":true,"href":"https:\/\/hoegy.de\/homepage\/wp-json\/wp\/v2\/comments?post=13849"}],"version-history":[{"count":1,"href":"https:\/\/hoegy.de\/homepage\/wp-json\/wp\/v2\/pages\/13849\/revisions"}],"predecessor-version":[{"id":13850,"href":"https:\/\/hoegy.de\/homepage\/wp-json\/wp\/v2\/pages\/13849\/revisions\/13850"}],"up":[{"embeddable":true,"href":"https:\/\/hoegy.de\/homepage\/wp-json\/wp\/v2\/pages\/13846"}],"wp:attachment":[{"href":"https:\/\/hoegy.de\/homepage\/wp-json\/wp\/v2\/media?parent=13849"}],"curies":[{"name":"wp","href":"https:\/\/api.w.org\/{rel}","templated":true}]}}