{"id":220,"date":"2018-10-13T08:51:50","date_gmt":"2018-10-13T06:51:50","guid":{"rendered":"https:\/\/hoegy.de\/homepage\/?page_id=220"},"modified":"2024-12-10T19:57:01","modified_gmt":"2024-12-10T18:57:01","slug":"schulsozialarbeit","status":"publish","type":"page","link":"https:\/\/hoegy.de\/homepage\/schulangebote\/beratung-konfliktloesung\/schulsozialarbeit\/","title":{"rendered":"Schulsozialarbeit"},"content":{"rendered":"<section class=\"l-section wpb_row height_small\"><div class=\"l-section-h i-cf\"><div class=\"g-cols vc_row via_flex valign_top type_default stacking_default\"><div class=\"vc_col-sm-12 wpb_column vc_column_container\"><div class=\"vc_column-inner\"><div class=\"wpb_wrapper\"><div class=\"wpb_text_column\"><div class=\"wpb_wrapper\"><div class=\"content\">\n<div class=\"field field--name-body field--type-text-with-summary field--label-hidden field--item quickedit-field\" data-quickedit-field-id=\"node\/6\/body\/de\/full\">\n<p>Seit September 2012 hat die Stadt N\u00fcrtingen Schulsozialarbeit an allen staatlichen Schulen in N\u00fcrtingen eingerichtet. Schulsozialarbeit ist ein Leistungsangebot der Jugendhilfe an der Schule, prim\u00e4r f\u00fcr alle Kinder und Jugendliche, sowie f\u00fcr ihre Eltern. Sie unterst\u00fctzt und flankiert den Erziehungs- und Bildungsauftrag der Schule (vgl. \u00a7 1 SchG BW).<\/p>\n<p>Schulsozialarbeit tr\u00e4gt zur Gestaltung der Schule als Lebensraum der Kinder und Jugendlichen bei und verkn\u00fcpft diesen mit der Lebenswelt au\u00dferhalb der Schule.<\/p>\n<p>Unsere Arbeit umfasst Beratungsgespr\u00e4che, sozialp\u00e4dagogische Gruppenarbeiten, Gemeinwesenarbeit, sowie weitere Angebote und Projekte.<\/p>\n<p>An dieser Stelle m\u00f6chten wir besonders auf einen Schwerpunkt unserer Arbeit hinweisen: die <strong>individuelle Beratung<\/strong> f\u00fcr Sch\u00fcler*Innen, Eltern und Lehrkr\u00e4fte. Als Teil der Jugendhilfe sind wir dabei auch f\u00fcr Probleme Ansprechpartner, die \u00fcber schulspezifische Schwierigkeiten hinausgehen und alle Lebensbereiche der Sch\u00fcler*Innen umfassen.<\/p>\n<p><span>Das B\u00fcro der Schulsozialarbeit befindet sich im Gang hinter der Mensa-K\u00fcche \u2013 beim Haupteingang einfach geradeaus, durch die Glast\u00fcr und dann nach links in den Flur.<\/span><\/p>\n<p><strong>Kernarbeitszeiten:<\/strong><\/p>\n<p>Montag\u00a0 \u00a0 \u00a0 \u00a0 \u00a0 \u00a0 \u00a0 \u00a0 \u00a0 \u00a0 \u00a0 \u00a0 \u00a0 \u00a0 10:30 Uhr \u2013 14:00 Uhr<\/p>\n<p>Dienstag bis Freitag\u00a0 \u00a009:00 Uhr \u2013 14:00 Uhr.<\/p>\n<p>Beratungstermine k\u00f6nnen nach Absprache auch au\u00dferhalb dieser Kernarbeitszeiten vereinbart werden.<\/p>\n<p><strong>Kontakt:<\/strong><br \/>\nW\u00e4hrend der Schulzeit erreichen Sie uns:<\/p>\n<p>B\u00fcro: 07022\/ 9478 &#8211; 7328<br \/>\n<a href=\"mailto:hoegy@schulsozialarbeit-nuertingen.de\">hoegy@schulsozialarbeit-nuertingen.de<\/a><\/p>\n<p>Daniela Knobelsdorf mobil: 0173 \/ 978 50 48<br \/>\n<a href=\"mailto:daniela.knobelsdorf@schulsozialarbeit-nuertingen.de\">daniela.knobelsdorf@schulsozialarbeit-nuertingen.de<\/a><\/p>\n<p>Nina Hermann mobil: 01578 \/ 050 73 99<br \/>\n<a href=\"mailto:nina.hermann@schulsozialarbeit-nuertingen.de\">nina.hermann@schulsozialarbeit-nuertingen.de<\/a><\/p>\n<p>Dietmar Derrez mobil: 0176 \/ 172 62 212<br \/>\n<a href=\"mailto:dietmar.derrez@schulsozialarbeit-nuertingen.de\">dietmar.derrez@schulsozialarbeit-nuertingen.de<\/a><\/p>\n<p>BK Sprechen Sie uns an!<\/p>\n<p><strong>Alle unsere Beratungsgespr\u00e4che unterliegen der Schweigepflicht!<\/strong><\/p>\n<p>Homepage: <a href=\"http:\/\/www.schulsozialarbeit-hoegy-nuertingen.de\">www.schulsozialarbeit-hoegy-nuertingen.de<\/a><\/p>\n<\/div>\n<\/div>\n<\/div><\/div><\/div><\/div><\/div><\/div><\/div><\/section>\n","protected":false},"excerpt":{"rendered":"Seit September 2012 hat die Stadt N\u00fcrtingen Schulsozialarbeit an allen staatlichen Schulen in N\u00fcrtingen eingerichtet. Schulsozialarbeit ist ein Leistungsangebot der Jugendhilfe an der Schule, prim\u00e4r f\u00fcr alle Kinder und Jugendliche, sowie f\u00fcr ihre Eltern. Sie unterst\u00fctzt und flankiert den Erziehungs- und Bildungsauftrag der Schule (vgl. \u00a7 1 SchG BW). Schulsozialarbeit tr\u00e4gt zur Gestaltung der Schule...","protected":false},"author":2,"featured_media":0,"parent":8368,"menu_order":1,"comment_status":"closed","ping_status":"closed","template":"","meta":{"footnotes":""},"class_list":["post-220","page","type-page","status-publish","hentry"],"publishpress_future_action":{"enabled":false,"date":"2026-04-20 17:44:17","action":"change-status","newStatus":"draft","terms":[],"taxonomy":"","extraData":[]},"publishpress_future_workflow_manual_trigger":{"enabledWorkflows":[]},"_links":{"self":[{"href":"https:\/\/hoegy.de\/homepage\/wp-json\/wp\/v2\/pages\/220","targetHints":{"allow":["GET"]}}],"collection":[{"href":"https:\/\/hoegy.de\/homepage\/wp-json\/wp\/v2\/pages"}],"about":[{"href":"https:\/\/hoegy.de\/homepage\/wp-json\/wp\/v2\/types\/page"}],"author":[{"embeddable":true,"href":"https:\/\/hoegy.de\/homepage\/wp-json\/wp\/v2\/users\/2"}],"replies":[{"embeddable":true,"href":"https:\/\/hoegy.de\/homepage\/wp-json\/wp\/v2\/comments?post=220"}],"version-history":[{"count":14,"href":"https:\/\/hoegy.de\/homepage\/wp-json\/wp\/v2\/pages\/220\/revisions"}],"predecessor-version":[{"id":12977,"href":"https:\/\/hoegy.de\/homepage\/wp-json\/wp\/v2\/pages\/220\/revisions\/12977"}],"up":[{"embeddable":true,"href":"https:\/\/hoegy.de\/homepage\/wp-json\/wp\/v2\/pages\/8368"}],"wp:attachment":[{"href":"https:\/\/hoegy.de\/homepage\/wp-json\/wp\/v2\/media?parent=220"}],"curies":[{"name":"wp","href":"https:\/\/api.w.org\/{rel}","templated":true}]}}