{"id":228,"date":"2018-10-13T08:52:45","date_gmt":"2018-10-13T06:52:45","guid":{"rendered":"https:\/\/hoegy.de\/homepage\/?page_id=228"},"modified":"2022-09-04T22:49:03","modified_gmt":"2022-09-04T20:49:03","slug":"infos-elternbeirat","status":"publish","type":"page","link":"https:\/\/hoegy.de\/homepage\/schulgemeinschaft\/elternbeirat\/infos-elternbeirat\/","title":{"rendered":"Informationen Elternbeirat"},"content":{"rendered":"<p>Jede Schule hat ihre eigene Atmosph\u00e4re, ihren eigenen Geist des Hauses. An der besonders angenehmen und positiven Atmosph\u00e4re am H\u00f6lderlin-Gymnasium wirken seit Jahren Elternvertreter, Elternbeirat und Schulleitung zusammen.<br \/>\nDer Blick hinter die Kulissen des Schulgeschehens ist f\u00fcr die Eltern interessant und intensiviert ein &#8220;Mit-Erleben&#8221; der Schulzeit ihrer Kinder. Dar\u00fcber hinaus bietet sich die M\u00f6glichkeit, aktiv am Erziehungsauftrag zusammen mit der Schule teilzunehmen.<br \/>\nDer aus den Elternvertretern der Klassen 5 \u2013 10 und Kursstufen 1 und 2 gebildete Elternbeirat sieht sich als wichtige Kontaktstelle zwischen Schulleitung, Lehrern und Sch\u00fclermitverantwortung.<\/p>\n<h2>Anregungen? Probleme? Fragen?<\/h2>\n<p>&#8230;. schreiben Sie uns an elternbeirat@hoegy.de<\/p>\n<p>&nbsp;<\/p>\n<p>Weitere interessante Links:<\/p>\n<ul>\n<li>Landeselternbeirat Baden-W\u00fcrttemberg:\u00a0<a title=\"Landeselternbeirat\" href=\"http:\/\/www.leb-bw.de\/\" target=\"_blank\" rel=\"noopener noreferrer\">http:\/\/www.leb-bw.de\/<\/a><\/li>\n<\/ul>\n","protected":false},"excerpt":{"rendered":"<p>Jede Schule hat ihre eigene Atmosph\u00e4re, ihren eigenen Geist des Hauses. An der besonders angenehmen und positiven Atmosph\u00e4re am H\u00f6lderlin-Gymnasium wirken seit Jahren Elternvertreter, Elternbeirat und Schulleitung zusammen. Der Blick hinter die Kulissen des Schulgeschehens ist f\u00fcr die Eltern interessant und intensiviert ein &#8220;Mit-Erleben&#8221; der Schulzeit ihrer Kinder. Dar\u00fcber hinaus bietet sich die M\u00f6glichkeit, aktiv&#8230;<\/p>\n","protected":false},"author":2,"featured_media":0,"parent":8395,"menu_order":1,"comment_status":"closed","ping_status":"closed","template":"","meta":{"footnotes":""},"class_list":["post-228","page","type-page","status-publish","hentry"],"publishpress_future_action":{"enabled":false,"date":"2026-04-24 10:41:52","action":"change-status","newStatus":"draft","terms":[],"taxonomy":"","extraData":[]},"publishpress_future_workflow_manual_trigger":{"enabledWorkflows":[]},"_links":{"self":[{"href":"https:\/\/hoegy.de\/homepage\/wp-json\/wp\/v2\/pages\/228","targetHints":{"allow":["GET"]}}],"collection":[{"href":"https:\/\/hoegy.de\/homepage\/wp-json\/wp\/v2\/pages"}],"about":[{"href":"https:\/\/hoegy.de\/homepage\/wp-json\/wp\/v2\/types\/page"}],"author":[{"embeddable":true,"href":"https:\/\/hoegy.de\/homepage\/wp-json\/wp\/v2\/users\/2"}],"replies":[{"embeddable":true,"href":"https:\/\/hoegy.de\/homepage\/wp-json\/wp\/v2\/comments?post=228"}],"version-history":[{"count":12,"href":"https:\/\/hoegy.de\/homepage\/wp-json\/wp\/v2\/pages\/228\/revisions"}],"predecessor-version":[{"id":9038,"href":"https:\/\/hoegy.de\/homepage\/wp-json\/wp\/v2\/pages\/228\/revisions\/9038"}],"up":[{"embeddable":true,"href":"https:\/\/hoegy.de\/homepage\/wp-json\/wp\/v2\/pages\/8395"}],"wp:attachment":[{"href":"https:\/\/hoegy.de\/homepage\/wp-json\/wp\/v2\/media?parent=228"}],"curies":[{"name":"wp","href":"https:\/\/api.w.org\/{rel}","templated":true}]}}