{"id":232,"date":"2018-10-13T08:53:14","date_gmt":"2018-10-13T06:53:14","guid":{"rendered":"https:\/\/hoegy.de\/homepage\/?page_id=232"},"modified":"2022-08-13T12:22:09","modified_gmt":"2022-08-13T10:22:09","slug":"infos-vdf","status":"publish","type":"page","link":"https:\/\/hoegy.de\/homepage\/schulgemeinschaft\/vdf\/infos-vdf\/","title":{"rendered":"Informationen zum Verein der Freunde"},"content":{"rendered":"<h2>Warum das H\u00f6Gy Freunde braucht<\/h2>\n<ul>\n<li>Freunde f\u00f6rdern die Schulgemeinschaft<\/li>\n<li>Freunde unterst\u00fctzen schulische Veranstaltungen und Projekte<\/li>\n<li>Freunde geben Sch\u00fclern bei Bedarf finanzielle Unterst\u00fctzung<\/li>\n<li>Freunde finanzieren besondere Anschaffungen f\u00fcr die Schule<\/li>\n<\/ul>\n<p>Dazu wurde 1974 der Verein der Freunde des H\u00f6lderlin-Gymnasiums e.V. gegr\u00fcndet. Seither verbindet der Verein Eltern, Lehrer, Ehemalige und andere im Bestreben, aus dem H\u00f6Gy die Schule zu machen, auf die wir alle stolz sein k\u00f6nnen.<\/p>\n<h2>Der Verein bietet seinen Mitgliedern<\/h2>\n<ul>\n<li>Kontaktpflege durch kulturelle Veranstaltungen wie:\n<ul>\n<li>Kunst- und Geschichtsreisen im s\u00fcddeutschen Raum<\/li>\n<li>Studienreisen auf den Spuren der Griechen und R\u00f6mer in Europa<\/li>\n<li>alle zwei Jahre Schulball unter dem Motto &#8220;Tanz in den Fr\u00fchling&#8221;<\/li>\n<li>Ehemaligentreffen<\/li>\n<\/ul>\n<\/li>\n<li>kostenlos das H\u00f6Gy-Jahrbuch<\/li>\n<li>und das gute Gef\u00fchl mitzuhelfen.<\/li>\n<\/ul>\n<h2>Mitgliedsbeitr\u00e4ge<\/h2>\n<p>Der j\u00e4hrliche Beitrag kostet f\u00fcr Erwachsene 15 Euro.<br \/>\nSch\u00fcler und Studenten zahlen 6 Euro.<\/p>\n<p>Spenden und Mitgliedsbeitr\u00e4ge an den Verein sind steuerlich abzugsf\u00e4hig.<\/p>\n<p><a href=\"https:\/\/hoegy.de\/homepage\/schulgemeinschaft\/vdf\/mitglied-werden\/\">Jetzt Mitglied werden!<\/a><\/p>\n","protected":false},"excerpt":{"rendered":"<p>Warum das H\u00f6Gy Freunde braucht Freunde f\u00f6rdern die Schulgemeinschaft Freunde unterst\u00fctzen schulische Veranstaltungen und Projekte Freunde geben Sch\u00fclern bei Bedarf finanzielle Unterst\u00fctzung Freunde finanzieren besondere Anschaffungen f\u00fcr die Schule Dazu wurde 1974 der Verein der Freunde des H\u00f6lderlin-Gymnasiums e.V. gegr\u00fcndet. Seither verbindet der Verein Eltern, Lehrer, Ehemalige und andere im Bestreben, aus dem H\u00f6Gy die&#8230;<\/p>\n","protected":false},"author":2,"featured_media":0,"parent":8399,"menu_order":1,"comment_status":"closed","ping_status":"closed","template":"","meta":{"footnotes":""},"class_list":["post-232","page","type-page","status-publish","hentry"],"publishpress_future_action":{"enabled":false,"date":"2026-04-22 00:41:15","action":"change-status","newStatus":"draft","terms":[],"taxonomy":"","extraData":[]},"publishpress_future_workflow_manual_trigger":{"enabledWorkflows":[]},"_links":{"self":[{"href":"https:\/\/hoegy.de\/homepage\/wp-json\/wp\/v2\/pages\/232","targetHints":{"allow":["GET"]}}],"collection":[{"href":"https:\/\/hoegy.de\/homepage\/wp-json\/wp\/v2\/pages"}],"about":[{"href":"https:\/\/hoegy.de\/homepage\/wp-json\/wp\/v2\/types\/page"}],"author":[{"embeddable":true,"href":"https:\/\/hoegy.de\/homepage\/wp-json\/wp\/v2\/users\/2"}],"replies":[{"embeddable":true,"href":"https:\/\/hoegy.de\/homepage\/wp-json\/wp\/v2\/comments?post=232"}],"version-history":[{"count":12,"href":"https:\/\/hoegy.de\/homepage\/wp-json\/wp\/v2\/pages\/232\/revisions"}],"predecessor-version":[{"id":8819,"href":"https:\/\/hoegy.de\/homepage\/wp-json\/wp\/v2\/pages\/232\/revisions\/8819"}],"up":[{"embeddable":true,"href":"https:\/\/hoegy.de\/homepage\/wp-json\/wp\/v2\/pages\/8399"}],"wp:attachment":[{"href":"https:\/\/hoegy.de\/homepage\/wp-json\/wp\/v2\/media?parent=232"}],"curies":[{"name":"wp","href":"https:\/\/api.w.org\/{rel}","templated":true}]}}