{"id":234,"date":"2018-10-13T08:53:35","date_gmt":"2018-10-13T06:53:35","guid":{"rendered":"https:\/\/hoegy.de\/homepage\/?page_id=234"},"modified":"2026-02-17T15:19:40","modified_gmt":"2026-02-17T14:19:40","slug":"infos-mensa","status":"publish","type":"page","link":"https:\/\/hoegy.de\/homepage\/schulgemeinschaft\/mensa-verein\/infos-mensa\/","title":{"rendered":"Informationen zum Mensa-Verein"},"content":{"rendered":"<section class=\"l-section wpb_row height_small\"><div class=\"l-section-h i-cf\"><div class=\"g-cols vc_row via_flex valign_top type_default stacking_default\"><div class=\"vc_col-sm-12 wpb_column vc_column_container\"><div class=\"vc_column-inner\"><div class=\"wpb_wrapper\"><div class=\"wpb_text_column\"><div class=\"wpb_wrapper\"><div>\n<h3 style=\"text-align: left;\" align=\"right\">Die Mensa des H\u00f6lderlin-Gymnasiums stellt sich vor<\/h3>\n<p><img decoding=\"async\" class=\"size-medium wp-image-3375 alignleft lazyload\" data-src=\"https:\/\/hoegy.de\/homepage\/hgy-media\/mensa_logo-200x100.png\" alt=\"H\u00f6Gy Mensa\" width=\"200\" height=\"100\" data-srcset=\"https:\/\/hoegy.de\/homepage\/hgy-media\/mensa_logo-200x100.png 200w, https:\/\/hoegy.de\/homepage\/hgy-media\/mensa_logo-1024x514.png 1024w, https:\/\/hoegy.de\/homepage\/hgy-media\/mensa_logo-1536x771.png 1536w, https:\/\/hoegy.de\/homepage\/hgy-media\/mensa_logo-2048x1028.png 2048w, https:\/\/hoegy.de\/homepage\/hgy-media\/mensa_logo-600x301.png 600w, https:\/\/hoegy.de\/homepage\/hgy-media\/mensa_logo-50x25.png 50w, https:\/\/hoegy.de\/homepage\/hgy-media\/mensa_logo-1320x663.png 1320w\" data-sizes=\"(max-width: 200px) 100vw, 200px\" src=\"data:image\/svg+xml;base64,PHN2ZyB3aWR0aD0iMSIgaGVpZ2h0PSIxIiB4bWxucz0iaHR0cDovL3d3dy53My5vcmcvMjAwMC9zdmciPjwvc3ZnPg==\" style=\"--smush-placeholder-width: 200px; --smush-placeholder-aspect-ratio: 200\/100;\" \/><\/p>\n<p style=\"page-break-after: avoid;\"><span style=\"font-size: 14.0pt; font-family: 'Calibri',sans-serif;\">Seit 2004 gibt es am H\u00f6lderlin Gymnasium einen Mensaverein, der sich um das leibliche Wohl der Kinder an unserer Schule k\u00fcmmert. Die Mensak\u00fcche bietet verschiedene ausgewogene und abwechslungsreiche Mittagsmen\u00fcs an. Unsere K\u00fcchenchefin Natalie Holzmann und das Team von 6 hauptamtlichen und etlichen ehrenamtlichen Helferinnen und Helfern kochen noch so, wie es sich geh\u00f6rt.<\/span><\/p>\n<p>Selbstgebackene Pizzabr\u00f6tchen, von Hand gef\u00fcllte Cannelloni, frisch gekochte So\u00dfen und vieles mehr machen den Unterschied.<\/p>\n<p>Der Mensaverein \u201eH\u00f6Gy \u2013 Eltern f\u00fcr Sch\u00fcler (H\u00f6Gy EfS)\u201c ist ein eingetragener gemeinn\u00fctziger Verein. Er k\u00fcmmert sich um das leibliche Wohl der Kinder an unserer Schule und bietet einen Raum f\u00fcr die Mittagspausen.<\/p>\n<\/div>\n<p>Von Montag bis Donnerstag gibt es im Regelbetrieb der Mensa folgendes Angebot zur Auswahl:<\/p>\n<ul>\n<li><b><em>Men\u00fc 1<\/em><\/b> (Meist Fleischgericht) &amp; Beilagensalat <b><em>oder<\/em><\/b> Nachtisch<\/li>\n<li><b><em>Men\u00fc 2<\/em><\/b> (Meist Vegetarisch) &amp; Beilagensalat <b><em>oder<\/em><\/b> Nachtisch<\/li>\n<li><b><em>Men\u00fc 3<\/em><\/b> (Gro\u00dfer Salat vom Buffet) &amp; Beilagensalat <b><em>oder<\/em><\/b> Nachtisch<\/li>\n<\/ul>\n<p>Zu jedem Men\u00fc gibt es kostenlos Wasser aus unserem Wasserspender, soviel man m\u00f6chte. Ein Men\u00fc wie oben beschrieben kostet derzeit zwischen \u20ac4,50 und \u20ac5,50. F\u00fcr einen zus\u00e4tzlichen Beilagensalat oder einen Nachtisch berechnen wir \u20ac0,50 extra. Aktuelle Preise finden Sie in unserem <a href=\"https:\/\/www.meinessen.net\/hoegy\/\" target=\"_blank\" rel=\"noopener noreferrer\">Online-Speiseplan<\/a>.\u00a0 Dort k\u00f6nnen Sie auch das Essen vorbestellen.<\/p>\n<p>Ohne gro\u00dfes ehrenamtliches Engagement k\u00f6nnen wir das Angebot und die Preise, sowie die Gemeinn\u00fctzigkeit nicht aufrecht erhalten.<\/p>\n<p>Wir freuen uns \u00fcber alle hilfsbereiten H\u00e4nde, seien es Eltern, Tanten, Onkel,Gro\u00dfeltern\u2026, einfach \u00fcber alle!<\/p>\n<p>Bitte unterst\u00fctzen Sie uns, es kommt Ihrem Kind zugute!<\/p>\n<p>Wenn Sie sich engagieren und helfen m\u00f6chte, tragen Sie sich bitte an den Elternabenden in die vorbereiteten Listen ein oder senden Sie eine Mail an: <a href=\"mailto:mensaverein@hoegy.de\">mensaverein@hoegy.de<\/a>.<\/p>\n<p>Weitere Informationen finden Sie auf der <a href=\"https:\/\/hoegy.de\/homepage\/schulgemeinschaft\/mensa-verein\/faqs\/\">FAQ-Seite<\/a> und bei den <a href=\"https:\/\/hoegy.de\/homepage\/schulgemeinschaft\/mensa-verein\/mithilfe\/\">Informationen f\u00fcr Mensa-Helfer<\/a><\/p>\n<p><span style=\"color: #339966;\">Das Mensateam, sowie alle Sch\u00fcler sagen herzlichen Dank !!!<\/span><\/p>\n<\/div><\/div>[vc_separator]<\/div><\/div><\/div><\/div><\/div><\/section><section class=\"l-section wpb_row height_small\"><div class=\"l-section-h i-cf\"><div class=\"g-cols vc_row via_flex valign_top type_default stacking_default\"><div class=\"vc_col-sm-4 wpb_column vc_column_container\"><div class=\"vc_column-inner\"><div class=\"wpb_wrapper\"><div class=\"w-image align_none\"><div class=\"w-image-h\"><img decoding=\"async\" width=\"768\" height=\"1024\" src=\"https:\/\/hoegy.de\/homepage\/hgy-media\/20260205_105258-00000003-768x1024.avif\" class=\"attachment-large size-large\" alt=\"\" loading=\"lazy\" srcset=\"https:\/\/hoegy.de\/homepage\/hgy-media\/20260205_105258-00000003-768x1024.avif 768w, https:\/\/hoegy.de\/homepage\/hgy-media\/20260205_105258-00000003-150x200.avif 150w, https:\/\/hoegy.de\/homepage\/hgy-media\/20260205_105258-00000003-446x595.avif 446w, https:\/\/hoegy.de\/homepage\/hgy-media\/20260205_105258-00000003-38x50.avif 38w, https:\/\/hoegy.de\/homepage\/hgy-media\/20260205_105258-00000003-75x100.avif 75w, https:\/\/hoegy.de\/homepage\/hgy-media\/20260205_105258-00000003-scaled.avif 1920w\" sizes=\"auto, (max-width: 768px) 100vw, 768px\" \/><\/div><\/div><\/div><\/div><\/div><div class=\"vc_col-sm-4 wpb_column vc_column_container\"><div class=\"vc_column-inner\"><div class=\"wpb_wrapper\"><div class=\"w-image align_none\"><div class=\"w-image-h\"><img decoding=\"async\" width=\"768\" height=\"1024\" src=\"https:\/\/hoegy.de\/homepage\/hgy-media\/20260205_102647-768x1024.avif\" class=\"attachment-large size-large\" alt=\"\" loading=\"lazy\" srcset=\"https:\/\/hoegy.de\/homepage\/hgy-media\/20260205_102647-768x1024.avif 768w, https:\/\/hoegy.de\/homepage\/hgy-media\/20260205_102647-150x200.avif 150w, https:\/\/hoegy.de\/homepage\/hgy-media\/20260205_102647-446x595.avif 446w, https:\/\/hoegy.de\/homepage\/hgy-media\/20260205_102647-38x50.avif 38w, https:\/\/hoegy.de\/homepage\/hgy-media\/20260205_102647-75x100.avif 75w, https:\/\/hoegy.de\/homepage\/hgy-media\/20260205_102647-scaled.avif 1920w\" sizes=\"auto, (max-width: 768px) 100vw, 768px\" \/><\/div><\/div><\/div><\/div><\/div><div class=\"vc_col-sm-4 wpb_column vc_column_container\"><div class=\"vc_column-inner\"><div class=\"wpb_wrapper\"><div class=\"w-image align_none\"><div class=\"w-image-h\"><img decoding=\"async\" width=\"768\" height=\"1024\" src=\"https:\/\/hoegy.de\/homepage\/hgy-media\/20260205_100152-768x1024.avif\" class=\"attachment-large size-large\" alt=\"\" loading=\"lazy\" srcset=\"https:\/\/hoegy.de\/homepage\/hgy-media\/20260205_100152-768x1024.avif 768w, https:\/\/hoegy.de\/homepage\/hgy-media\/20260205_100152-150x200.avif 150w, https:\/\/hoegy.de\/homepage\/hgy-media\/20260205_100152-446x595.avif 446w, https:\/\/hoegy.de\/homepage\/hgy-media\/20260205_100152-38x50.avif 38w, https:\/\/hoegy.de\/homepage\/hgy-media\/20260205_100152-75x100.avif 75w, https:\/\/hoegy.de\/homepage\/hgy-media\/20260205_100152-scaled.avif 1920w\" sizes=\"auto, (max-width: 768px) 100vw, 768px\" \/><\/div><\/div><\/div><\/div><\/div><\/div><\/div><\/section>\n","protected":false},"excerpt":{"rendered":"Die Mensa des H\u00f6lderlin-Gymnasiums stellt sich vor Seit 2004 gibt es am H\u00f6lderlin Gymnasium einen Mensaverein, der sich um das leibliche Wohl der Kinder an unserer Schule k\u00fcmmert. Die Mensak\u00fcche bietet verschiedene ausgewogene und abwechslungsreiche Mittagsmen\u00fcs an. Unsere K\u00fcchenchefin Natalie Holzmann und das Team von 6 hauptamtlichen und etlichen ehrenamtlichen Helferinnen und Helfern kochen noch...","protected":false},"author":2,"featured_media":0,"parent":8406,"menu_order":1,"comment_status":"closed","ping_status":"closed","template":"","meta":{"footnotes":""},"class_list":["post-234","page","type-page","status-publish","hentry"],"publishpress_future_action":{"enabled":false,"date":"2026-04-23 04:24:22","action":"change-status","newStatus":"draft","terms":[],"taxonomy":"","extraData":[]},"publishpress_future_workflow_manual_trigger":{"enabledWorkflows":[]},"_links":{"self":[{"href":"https:\/\/hoegy.de\/homepage\/wp-json\/wp\/v2\/pages\/234","targetHints":{"allow":["GET"]}}],"collection":[{"href":"https:\/\/hoegy.de\/homepage\/wp-json\/wp\/v2\/pages"}],"about":[{"href":"https:\/\/hoegy.de\/homepage\/wp-json\/wp\/v2\/types\/page"}],"author":[{"embeddable":true,"href":"https:\/\/hoegy.de\/homepage\/wp-json\/wp\/v2\/users\/2"}],"replies":[{"embeddable":true,"href":"https:\/\/hoegy.de\/homepage\/wp-json\/wp\/v2\/comments?post=234"}],"version-history":[{"count":37,"href":"https:\/\/hoegy.de\/homepage\/wp-json\/wp\/v2\/pages\/234\/revisions"}],"predecessor-version":[{"id":15203,"href":"https:\/\/hoegy.de\/homepage\/wp-json\/wp\/v2\/pages\/234\/revisions\/15203"}],"up":[{"embeddable":true,"href":"https:\/\/hoegy.de\/homepage\/wp-json\/wp\/v2\/pages\/8406"}],"wp:attachment":[{"href":"https:\/\/hoegy.de\/homepage\/wp-json\/wp\/v2\/media?parent=234"}],"curies":[{"name":"wp","href":"https:\/\/api.w.org\/{rel}","templated":true}]}}