{"id":236,"date":"2018-10-13T08:53:53","date_gmt":"2018-10-13T06:53:53","guid":{"rendered":"https:\/\/hoegy.de\/homepage\/?page_id=236"},"modified":"2025-04-01T08:25:24","modified_gmt":"2025-04-01T06:25:24","slug":"infos-solarverein","status":"publish","type":"page","link":"https:\/\/hoegy.de\/homepage\/schulgemeinschaft\/solarverein\/infos-solarverein\/","title":{"rendered":"Informationen Solarverein"},"content":{"rendered":"<section class=\"l-section wpb_row height_small\"><div class=\"l-section-h i-cf\"><div class=\"g-cols vc_row via_flex valign_top type_default stacking_default\"><div class=\"vc_col-sm-12 wpb_column vc_column_container\"><div class=\"vc_column-inner\"><div class=\"wpb_wrapper\"><div class=\"wpb_text_column\"><div class=\"wpb_wrapper\"><p style=\"text-align: left\">\n<\/div><\/div><\/div><\/div><\/div><\/div><\/div><\/section><section class=\"l-section wpb_row height_small\"><div class=\"l-section-h i-cf\"><div class=\"g-cols vc_row via_flex valign_top type_default stacking_default\"><div class=\"vc_col-sm-12 wpb_column vc_column_container\"><div class=\"vc_column-inner\"><div class=\"wpb_wrapper\"><div class=\"w-image align_center\"><div class=\"w-image-h\"><img decoding=\"async\" width=\"400\" height=\"218\" data-src=\"https:\/\/hoegy.de\/homepage\/hgy-media\/Solarverein-Logo.jpg\" class=\"attachment-large size-large lazyload\" alt=\"\" data-srcset=\"https:\/\/hoegy.de\/homepage\/hgy-media\/Solarverein-Logo.jpg 400w, https:\/\/hoegy.de\/homepage\/hgy-media\/Solarverein-Logo-200x109.jpg 200w\" data-sizes=\"auto, (max-width: 400px) 100vw, 400px\" src=\"data:image\/svg+xml;base64,PHN2ZyB3aWR0aD0iMSIgaGVpZ2h0PSIxIiB4bWxucz0iaHR0cDovL3d3dy53My5vcmcvMjAwMC9zdmciPjwvc3ZnPg==\" style=\"--smush-placeholder-width: 400px; --smush-placeholder-aspect-ratio: 400\/218;\" \/><\/div><\/div><div class=\"wpb_text_column\"><div class=\"wpb_wrapper\"><h2 style=\"text-align: left\">Photovoltaikverein H\u00f6Gy e.V.<\/h2>\n<h3 style=\"text-align: left\">zum Nutzen von Umwelt und Schule<\/h3>\n<p style=\"text-align: left\">Der Photovoltaikverein <strong>Sonne \u00fcber\u00b4m Lerchenberg\u00a0e.V.<\/strong> hat sich zum Ziel gesetzt, auf dem Anbau des H\u00f6Gy eine Photovoltaikanlage zu errichten und zu betreiben.<\/p>\n<h3 style=\"text-align: left\">Systemdarstellung<\/h3>\n<p style=\"text-align: left\"><div class=\"wpfd-single-file\">\n    <div class=\"wpfd-single-file--icon\">\n            <a href=\"https:\/\/hoegy.de\/homepage\/hgy-admin\/admin-ajax.php?juwpfisadmin&#x3D;false&amp;action&#x3D;wpfd&amp;task&#x3D;file.download&amp;wpfd_category_id&#x3D;115&amp;wpfd_file_id&#x3D;13678&amp;token&#x3D;&amp;preview&#x3D;1\" alt=\"Pr\u00e4sentation Schaukasten 2024\" class=\"wpfdlightbox\">\n            <div class=\"wpfd-icon-placeholder lazyload\" style=\"background-image:inherit;border-radius: 4%;box-shadow: 0px 0px 0px 0px transparent;background-color: #CB0606;border: 0px solid ;background-size: 100%;\" data-bg-image=\"url(&quot;https:\/\/hoegy.de\/homepage\/hgy-apps\/wp-file-download\/app\/site\/assets\/icons\/svg\/pdf.svg&quot;)\"><\/div>\n        <\/a>\n    <\/div>\n\n    <div class=\"wpfd-single-file--details wpfd-file-content\">\n                        <h3 class=\"wpfd-file-content--title\"><a href=\"https:\/\/hoegy.de\/homepage\/download\/115\/vereine\/13678\/praesentation-schaukasten-2024-2.pdf\" style=\"text-decoration: none\">Pr\u00e4sentation Schaukasten 2024<\/a><\/h3>\n        <div class=\"wpfd-file-content--meta\">\n                    <div>Dateigr\u00f6\u00dfe: 2.23 MB<\/div>\n                    <div>Erstellungsdatum: 01.04.2025<\/div>\n                    <div>Aktualisiert: 01.04.2025<\/div>\n                    <div>Aufrufe: 240<\/div>\n        <\/div>\n    <\/div>\n    <div class=\"wpfd-single-file--buttons\">\n                                <a href=\"https:\/\/hoegy.de\/homepage\/download\/115\/vereine\/13678\/praesentation-schaukasten-2024-2.pdf\"  data-id=\"13678\" title=\"Pr\u00e4sentation Schaukasten 2024\" class=\"noLightbox wpfd_downloadlink wpfd-single-file-button wpfd-button-download\">\n                    <svg xmlns=\"http:\/\/www.w3.org\/2000\/svg\" width=\"38\" height=\"38\" viewBox=\"0 0 400 400\"><g fill=\"#ffffff\"><path d=\"M178 234v-7V24c0-13 8-23 20-24 13-1 24 9 24 23v212l5-5 44-44c10-9 23-10 32-1s9 23-1 33l-85 85c-10 11-23 11-34 0l-85-86a22 22 0 0123-37 28 28 0 018 6l44 44a31 31 0 013 5zM200 400H24c-17 0-28-14-23-29 3-10 12-15 23-16h351c12 0 21 6 24 16 5 15-6 29-22 29H200z\"\/><\/g><\/svg>\n                    <span>Herunterladen<\/span>\n                <\/a>\n                    <a href=\"https:\/\/hoegy.de\/homepage\/hgy-admin\/admin-ajax.php?juwpfisadmin&#x3D;false&amp;action&#x3D;wpfd&amp;task&#x3D;file.download&amp;wpfd_category_id&#x3D;115&amp;wpfd_file_id&#x3D;13678&amp;token&#x3D;&amp;preview&#x3D;1\" class=\"wpfd-single-file-button wpfd-button-preview wpfdlightbox\">\n                        <svg xmlns=\"http:\/\/www.w3.org\/2000\/svg\" width=\"38\" height=\"38\" viewBox=\"0 0 400 400\"><g fill=\"#ffffff\"><path d=\"M0 200V55C0 28 16 8 41 2a63 63 0 0115-2h289c32 0 55 23 55 54v248c0 10-6 16-15 16-8 0-14-6-14-16V56c0-16-11-27-28-27H57c-18 0-28 9-28 28v286c0 19 10 28 28 28h243c11 0 18 6 18 15s-7 14-18 14H56c-28 0-49-16-55-41a67 67 0 01-1-15V200z\"\/><path d=\"M314 302l15 15 52 51c7 7 7 14 2 20-6 6-13 5-20-2l-67-65a11 11 0 00-1-1 104 104 0 01-149-26c-29-43-20-99 20-133 39-33 99-31 137 4 38 34 45 93 11 137zm-159-64c-1 42 34 77 77 77 42 1 78-33 78-75 1-42-34-77-75-77-44-1-79 32-80 75z\"\/><\/g><\/svg>\n                        <span>Vorschau<\/span>\n                    <\/a>\n    <\/div>\n<\/div>\n<p style=\"text-align: left\"><strong>Adresse<\/strong><\/p>\n<p style=\"text-align: left\">Sonne \u00fcber\u00b4m Lerchenberg Photovoltaikverein H\u00f6Gy e.V.<br \/>\nH\u00f6lderlin-Gymnasium<br \/>\nAm Lerchenberg 75<br \/>\n72622 N\u00fcrtingen<\/p>\n<p style=\"text-align: left\">1. Vorsitzender: Erhard Baier<br \/>\nTel.: O7O22\/50832<br \/>\nE-Mail: <a href=\"mailto:photovoltaik@hoegy.de\">photovoltaik@hoegy.de<\/a><br \/>\nFax.: O7O22\/9478-7320<\/p>\n<\/div><\/div><\/div><\/div><\/div><\/div><\/div><\/section><section class=\"l-section wpb_row height_small\"><div class=\"l-section-h i-cf\"><div class=\"g-cols vc_row via_flex valign_top type_default stacking_default\"><div class=\"vc_col-sm-12 wpb_column vc_column_container\"><div class=\"vc_column-inner\"><div class=\"wpb_wrapper\"><div class=\"wpb_text_column\"><div class=\"wpb_wrapper\"><\/div><\/div><\/div><\/div><\/div><\/div><\/div><\/section>\n","protected":false},"excerpt":{"rendered":"Photovoltaikverein H\u00f6Gy e.V. zum Nutzen von Umwelt und Schule Der Photovoltaikverein Sonne \u00fcber\u00b4m Lerchenberg\u00a0e.V. hat sich zum Ziel gesetzt, auf dem Anbau des H\u00f6Gy eine Photovoltaikanlage zu errichten und zu betreiben. Systemdarstellung Pr\u00e4sentation Schaukasten 2024 Dateigr\u00f6\u00dfe: 2.23 MB Erstellungsdatum: 01.04.2025 Aktualisiert: 01.04.2025 Aufrufe: 240 Herunterladen Vorschau Adresse Sonne \u00fcber\u00b4m Lerchenberg Photovoltaikverein H\u00f6Gy e.V. H\u00f6lderlin-Gymnasium Am...","protected":false},"author":2,"featured_media":0,"parent":8411,"menu_order":1,"comment_status":"closed","ping_status":"closed","template":"","meta":{"footnotes":""},"class_list":["post-236","page","type-page","status-publish","hentry"],"publishpress_future_action":{"enabled":false,"date":"2026-04-20 17:44:34","action":"change-status","newStatus":"draft","terms":[],"taxonomy":"","extraData":[]},"publishpress_future_workflow_manual_trigger":{"enabledWorkflows":[]},"_links":{"self":[{"href":"https:\/\/hoegy.de\/homepage\/wp-json\/wp\/v2\/pages\/236","targetHints":{"allow":["GET"]}}],"collection":[{"href":"https:\/\/hoegy.de\/homepage\/wp-json\/wp\/v2\/pages"}],"about":[{"href":"https:\/\/hoegy.de\/homepage\/wp-json\/wp\/v2\/types\/page"}],"author":[{"embeddable":true,"href":"https:\/\/hoegy.de\/homepage\/wp-json\/wp\/v2\/users\/2"}],"replies":[{"embeddable":true,"href":"https:\/\/hoegy.de\/homepage\/wp-json\/wp\/v2\/comments?post=236"}],"version-history":[{"count":16,"href":"https:\/\/hoegy.de\/homepage\/wp-json\/wp\/v2\/pages\/236\/revisions"}],"predecessor-version":[{"id":13680,"href":"https:\/\/hoegy.de\/homepage\/wp-json\/wp\/v2\/pages\/236\/revisions\/13680"}],"up":[{"embeddable":true,"href":"https:\/\/hoegy.de\/homepage\/wp-json\/wp\/v2\/pages\/8411"}],"wp:attachment":[{"href":"https:\/\/hoegy.de\/homepage\/wp-json\/wp\/v2\/media?parent=236"}],"curies":[{"name":"wp","href":"https:\/\/api.w.org\/{rel}","templated":true}]}}