{"id":262,"date":"2018-10-13T09:03:45","date_gmt":"2018-10-13T07:03:45","guid":{"rendered":"https:\/\/hoegy.de\/homepage\/?page_id=262"},"modified":"2022-08-13T12:22:21","modified_gmt":"2022-08-13T10:22:21","slug":"mensa","status":"publish","type":"page","link":"https:\/\/hoegy.de\/homepage\/schulgemeinschaft\/mensa-verein\/mensa\/","title":{"rendered":"Der Speiseplan"},"content":{"rendered":"<section class=\"l-section wpb_row height_small\"><div class=\"l-section-h i-cf\"><div class=\"g-cols vc_row via_flex valign_top type_default stacking_default\"><div class=\"vc_col-sm-12 wpb_column vc_column_container\"><div class=\"vc_column-inner\"><div class=\"wpb_wrapper\"><div class=\"w-image align_none\"><div class=\"w-image-h\"><img decoding=\"async\" width=\"1000\" height=\"400\" data-src=\"https:\/\/hoegy.de\/homepage\/hgy-media\/mensa0.png\" class=\"attachment-full size-full lazyload\" alt=\"\" data-srcset=\"https:\/\/hoegy.de\/homepage\/hgy-media\/mensa0.png 1000w, https:\/\/hoegy.de\/homepage\/hgy-media\/mensa0-200x80.png 200w\" data-sizes=\"auto, (max-width: 1000px) 100vw, 1000px\" src=\"data:image\/svg+xml;base64,PHN2ZyB3aWR0aD0iMSIgaGVpZ2h0PSIxIiB4bWxucz0iaHR0cDovL3d3dy53My5vcmcvMjAwMC9zdmciPjwvc3ZnPg==\" style=\"--smush-placeholder-width: 1000px; --smush-placeholder-aspect-ratio: 1000\/400;\" \/><\/div><\/div><div class=\"w-separator size_small\"><\/div><div class=\"wpb_text_column\"><div class=\"wpb_wrapper\"><blockquote>\n<p><strong>Den aktuellen Speiseplan finden Sie online immer in unserem <a href=\"https:\/\/www.meinessen.net\/hoegy\" target=\"_blank\" rel=\"noopener noreferrer\">Mensa-Bezahlsystem<\/a>.<\/strong><\/p>\n<\/blockquote>\n<\/div><\/div><div class=\"w-separator size_small\"><\/div><div class=\"w-image align_center\"><a target=\"_blank\" rel=\"nofollow\" href=\"https:\/\/www.meinessen.net\/hoegy\" aria-label=\"mensa_bestellsystem\" class=\"w-image-h\"><img decoding=\"async\" width=\"600\" height=\"358\" data-src=\"https:\/\/hoegy.de\/homepage\/hgy-media\/mensa_bestellsystem-600x358.jpeg\" class=\"attachment-us_600_595 size-us_600_595 lazyload\" alt=\"Mensa Online-Bestellsystem\" data-srcset=\"https:\/\/hoegy.de\/homepage\/hgy-media\/mensa_bestellsystem-600x358.jpeg 600w, https:\/\/hoegy.de\/homepage\/hgy-media\/mensa_bestellsystem-200x119.jpeg 200w, https:\/\/hoegy.de\/homepage\/hgy-media\/mensa_bestellsystem-1024x611.jpeg 1024w, https:\/\/hoegy.de\/homepage\/hgy-media\/mensa_bestellsystem-50x30.jpeg 50w, https:\/\/hoegy.de\/homepage\/hgy-media\/mensa_bestellsystem.jpeg 1266w\" data-sizes=\"auto, (max-width: 600px) 100vw, 600px\" src=\"data:image\/svg+xml;base64,PHN2ZyB3aWR0aD0iMSIgaGVpZ2h0PSIxIiB4bWxucz0iaHR0cDovL3d3dy53My5vcmcvMjAwMC9zdmciPjwvc3ZnPg==\" style=\"--smush-placeholder-width: 600px; --smush-placeholder-aspect-ratio: 600\/358;\" \/><\/a><\/div><div class=\"w-separator size_small\"><\/div><div class=\"wpb_text_column\"><div class=\"wpb_wrapper\"><p>Wir bitten um Vorbestellung, dies erleichtert unsere Planungen und sichert Ihr Wunschessen. Falls Sie noch nicht registriert sind, finden Sie Hilfe in unseren <a href=\"https:\/\/hoegy.de\/homepage\/schulgemeinschaft\/mensa-verein\/faqs\/\">FAQ&#8217;s<\/a>.\u00a0Bei Fragen wenden Sie sich bitte an <a href=\"mailto:mensa-bezahlsystem@hoegy.de\">mensa-bezahlsystem@hoegy.de<\/a>.<\/p>\n<p>Falls Sie Fragen zum Speiseplan haben, Lob, Kritik oder einfach W\u00fcnsche \u00e4u\u00dfern m\u00f6chten wenden Sie sich bitte an <a href=\"mailto:kueche@hoegy.de\">kueche@hoegy.de<\/a>.<\/p>\n<\/div><\/div><\/div><\/div><\/div><\/div><\/div><\/section>\n","protected":false},"excerpt":{"rendered":"Den aktuellen Speiseplan finden Sie online immer in unserem Mensa-Bezahlsystem. Wir bitten um Vorbestellung, dies erleichtert unsere Planungen und sichert Ihr Wunschessen. Falls Sie noch nicht registriert sind, finden Sie Hilfe in unseren FAQ&#8217;s.\u00a0Bei Fragen wenden Sie sich bitte an mensa-bezahlsystem@hoegy.de. Falls Sie Fragen zum Speiseplan haben, Lob, Kritik oder einfach W\u00fcnsche \u00e4u\u00dfern m\u00f6chten wenden...","protected":false},"author":2,"featured_media":0,"parent":8406,"menu_order":3,"comment_status":"closed","ping_status":"closed","template":"","meta":{"footnotes":""},"class_list":["post-262","page","type-page","status-publish","hentry"],"publishpress_future_action":{"enabled":false,"date":"2026-04-20 17:43:00","action":"change-status","newStatus":"draft","terms":[],"taxonomy":"","extraData":[]},"publishpress_future_workflow_manual_trigger":{"enabledWorkflows":[]},"_links":{"self":[{"href":"https:\/\/hoegy.de\/homepage\/wp-json\/wp\/v2\/pages\/262","targetHints":{"allow":["GET"]}}],"collection":[{"href":"https:\/\/hoegy.de\/homepage\/wp-json\/wp\/v2\/pages"}],"about":[{"href":"https:\/\/hoegy.de\/homepage\/wp-json\/wp\/v2\/types\/page"}],"author":[{"embeddable":true,"href":"https:\/\/hoegy.de\/homepage\/wp-json\/wp\/v2\/users\/2"}],"replies":[{"embeddable":true,"href":"https:\/\/hoegy.de\/homepage\/wp-json\/wp\/v2\/comments?post=262"}],"version-history":[{"count":102,"href":"https:\/\/hoegy.de\/homepage\/wp-json\/wp\/v2\/pages\/262\/revisions"}],"predecessor-version":[{"id":8822,"href":"https:\/\/hoegy.de\/homepage\/wp-json\/wp\/v2\/pages\/262\/revisions\/8822"}],"up":[{"embeddable":true,"href":"https:\/\/hoegy.de\/homepage\/wp-json\/wp\/v2\/pages\/8406"}],"wp:attachment":[{"href":"https:\/\/hoegy.de\/homepage\/wp-json\/wp\/v2\/media?parent=262"}],"curies":[{"name":"wp","href":"https:\/\/api.w.org\/{rel}","templated":true}]}}