{"id":2939,"date":"2019-12-03T17:00:57","date_gmt":"2019-12-03T16:00:57","guid":{"rendered":"https:\/\/hoegy.de\/homepage\/?page_id=2939"},"modified":"2022-09-02T21:20:58","modified_gmt":"2022-09-02T19:20:58","slug":"konfliktloesung","status":"publish","type":"page","link":"https:\/\/hoegy.de\/homepage\/schulangebote\/beratung-konfliktloesung\/konfliktloesung\/","title":{"rendered":"Konfliktl\u00f6sung"},"content":{"rendered":"<section class=\"l-section wpb_row height_small\"><div class=\"l-section-h i-cf\"><div class=\"g-cols vc_row via_flex valign_top type_default stacking_default\"><div class=\"vc_col-sm-12 wpb_column vc_column_container\"><div class=\"vc_column-inner\"><div class=\"wpb_wrapper\"><div class=\"wpb_text_column\"><div class=\"wpb_wrapper\"><p>An einem Ort, an dem \u00fcber eintausend Menschen t\u00e4glich zusammenkommen, bleiben auch Konflikte nicht aus.<\/p>\n<p>Ist man in eine solche Situation geraten, m\u00f6chte man meistens den Konflikt l\u00f6sen. Aber an wen wendet man sich eigentlich als N\u00e4chstes? Wie geht es weiter?<\/p>\n<p>Daf\u00fcr hat das H\u00f6Gy einen Plan zur Konfliktl\u00f6sung ausgearbeitet:.<\/p>\n<\/div><\/div><div class=\"wpfd-wpbakery-single-file  \" id=\"\" ><\/div><\/div><\/div><\/div><\/div><\/div><\/section>\n","protected":false},"excerpt":{"rendered":"An einem Ort, an dem \u00fcber eintausend Menschen t\u00e4glich zusammenkommen, bleiben auch Konflikte nicht aus. Ist man in eine solche Situation geraten, m\u00f6chte man meistens den Konflikt l\u00f6sen. Aber an wen wendet man sich eigentlich als N\u00e4chstes? Wie geht es weiter? Daf\u00fcr hat das H\u00f6Gy einen Plan zur Konfliktl\u00f6sung ausgearbeitet:.","protected":false},"author":2,"featured_media":0,"parent":8368,"menu_order":4,"comment_status":"closed","ping_status":"closed","template":"","meta":{"footnotes":""},"class_list":["post-2939","page","type-page","status-publish","hentry"],"publishpress_future_action":{"enabled":false,"date":"2026-04-26 14:55:16","action":"change-status","newStatus":"draft","terms":[],"taxonomy":"","extraData":[]},"publishpress_future_workflow_manual_trigger":{"enabledWorkflows":[]},"_links":{"self":[{"href":"https:\/\/hoegy.de\/homepage\/wp-json\/wp\/v2\/pages\/2939","targetHints":{"allow":["GET"]}}],"collection":[{"href":"https:\/\/hoegy.de\/homepage\/wp-json\/wp\/v2\/pages"}],"about":[{"href":"https:\/\/hoegy.de\/homepage\/wp-json\/wp\/v2\/types\/page"}],"author":[{"embeddable":true,"href":"https:\/\/hoegy.de\/homepage\/wp-json\/wp\/v2\/users\/2"}],"replies":[{"embeddable":true,"href":"https:\/\/hoegy.de\/homepage\/wp-json\/wp\/v2\/comments?post=2939"}],"version-history":[{"count":4,"href":"https:\/\/hoegy.de\/homepage\/wp-json\/wp\/v2\/pages\/2939\/revisions"}],"predecessor-version":[{"id":9024,"href":"https:\/\/hoegy.de\/homepage\/wp-json\/wp\/v2\/pages\/2939\/revisions\/9024"}],"up":[{"embeddable":true,"href":"https:\/\/hoegy.de\/homepage\/wp-json\/wp\/v2\/pages\/8368"}],"wp:attachment":[{"href":"https:\/\/hoegy.de\/homepage\/wp-json\/wp\/v2\/media?parent=2939"}],"curies":[{"name":"wp","href":"https:\/\/api.w.org\/{rel}","templated":true}]}}