{"id":339,"date":"2018-10-17T13:18:58","date_gmt":"2018-10-17T11:18:58","guid":{"rendered":"https:\/\/hoegy.de\/homepage\/?page_id=339"},"modified":"2025-12-03T16:17:28","modified_gmt":"2025-12-03T15:17:28","slug":"personen","status":"publish","type":"page","link":"https:\/\/hoegy.de\/homepage\/schulgemeinschaft\/elternbeirat\/personen\/","title":{"rendered":"Vertreter"},"content":{"rendered":"<section class=\"l-section wpb_row height_small\"><div class=\"l-section-h i-cf\"><div class=\"g-cols vc_row via_flex valign_top type_default stacking_default\"><div class=\"vc_col-sm-12 wpb_column vc_column_container\"><div class=\"vc_column-inner\"><div class=\"wpb_wrapper\"><div class=\"wpb_text_column\"><div class=\"wpb_wrapper\"><h2>Die gew\u00e4hlten Vertreter*innen der H\u00f6Gy-Eltern<\/h2>\n<table width=\"696\" cellpadding=\"1\">\n<tbody>\n<tr>\n<td style=\"width: 407px;\">1. Vorsitzende<\/td>\n<td style=\"width: 265px;\">Frau Katja Renz<\/td>\n<\/tr>\n<tr>\n<td style=\"width: 407px;\">stellv. Vorsitzender<\/td>\n<td style=\"width: 265px;\">Frau Meike Czernoch<\/td>\n<\/tr>\n<tr>\n<td style=\"width: 407px;\">Kassenf\u00fchrer<\/td>\n<td style=\"width: 265px;\">Herr Joachim Gr\u00e4ber<\/td>\n<\/tr>\n<tr>\n<td style=\"width: 407px;\">1. Kassenpr\u00fcferin<\/td>\n<td style=\"width: 265px;\">Frau Sandra Roth<\/td>\n<\/tr>\n<tr>\n<td style=\"width: 407px;\">2. Kassenpr\u00fcfer<\/td>\n<td style=\"width: 265px;\">Herr Sven Vielhauer<\/td>\n<\/tr>\n<tr>\n<td style=\"width: 407px;\"><\/td>\n<td style=\"width: 265px;\"><\/td>\n<\/tr>\n<tr>\n<td style=\"width: 407px;\">1. Vertreterin Schulkonferenz <span style=\"font-size: smaller;\">&#8211; Kraft Amtes &#8211;<\/span><\/td>\n<td style=\"width: 265px;\">Frau Katja Renz<\/td>\n<\/tr>\n<tr>\n<td style=\"width: 407px;\">2. Vertreter Schulkonferenz<\/td>\n<td style=\"width: 265px;\">Herr <span>Dr. Moritz B\u00e4hr<\/span><\/td>\n<\/tr>\n<tr>\n<td style=\"width: 407px;\">3. Vertreter Schulkonferenz<\/td>\n<td style=\"width: 265px;\">Herr Wolfgang Sigloch<\/td>\n<\/tr>\n<tr>\n<td style=\"width: 407px;\">4. Vertreterin Schulkonferenz<\/td>\n<td style=\"width: 265px;\">Frau <span>Dr. Annika Drews<\/span><\/td>\n<\/tr>\n<tr>\n<td style=\"width: 407px;\">Stellvertreterin<\/td>\n<td style=\"width: 265px;\">Frau Elke Noizet<\/td>\n<\/tr>\n<tr>\n<td style=\"width: 407px;\">Stellvertreterin<\/td>\n<td style=\"width: 265px;\">Herr <span>Jochen Leibfarth<\/span><\/td>\n<\/tr>\n<tr>\n<td style=\"width: 407px;\">Stellvertreterin<\/td>\n<td style=\"width: 265px;\">Frau Meike Czernoch<\/td>\n<\/tr>\n<tr>\n<td style=\"width: 407px;\">Stellvertreterin<\/td>\n<td style=\"width: 265px;\">Frau <span>Swetlana Sudermann<\/span><\/td>\n<\/tr>\n<tr>\n<td style=\"width: 407px;\"><\/td>\n<td style=\"width: 265px;\"><\/td>\n<\/tr>\n<\/tbody>\n<\/table>\n<\/div><\/div><\/div><\/div><\/div><\/div><\/div><\/section>\n","protected":false},"excerpt":{"rendered":"Die gew\u00e4hlten Vertreter*innen der H\u00f6Gy-Eltern 1. Vorsitzende Frau Katja Renz stellv. Vorsitzender Frau Meike Czernoch Kassenf\u00fchrer Herr Joachim Gr\u00e4ber 1. Kassenpr\u00fcferin Frau Sandra Roth 2. Kassenpr\u00fcfer Herr Sven Vielhauer 1. Vertreterin Schulkonferenz &#8211; Kraft Amtes &#8211; Frau Katja Renz 2. Vertreter Schulkonferenz Herr Dr. Moritz B\u00e4hr 3. Vertreter Schulkonferenz Herr Wolfgang Sigloch 4. Vertreterin Schulkonferenz...","protected":false},"author":2,"featured_media":0,"parent":8395,"menu_order":2,"comment_status":"closed","ping_status":"closed","template":"","meta":{"footnotes":""},"class_list":["post-339","page","type-page","status-publish","hentry"],"publishpress_future_action":{"enabled":false,"date":"2026-05-07 19:14:07","action":"change-status","newStatus":"draft","terms":[],"taxonomy":"","extraData":[]},"publishpress_future_workflow_manual_trigger":{"enabledWorkflows":[]},"_links":{"self":[{"href":"https:\/\/hoegy.de\/homepage\/wp-json\/wp\/v2\/pages\/339","targetHints":{"allow":["GET"]}}],"collection":[{"href":"https:\/\/hoegy.de\/homepage\/wp-json\/wp\/v2\/pages"}],"about":[{"href":"https:\/\/hoegy.de\/homepage\/wp-json\/wp\/v2\/types\/page"}],"author":[{"embeddable":true,"href":"https:\/\/hoegy.de\/homepage\/wp-json\/wp\/v2\/users\/2"}],"replies":[{"embeddable":true,"href":"https:\/\/hoegy.de\/homepage\/wp-json\/wp\/v2\/comments?post=339"}],"version-history":[{"count":26,"href":"https:\/\/hoegy.de\/homepage\/wp-json\/wp\/v2\/pages\/339\/revisions"}],"predecessor-version":[{"id":14872,"href":"https:\/\/hoegy.de\/homepage\/wp-json\/wp\/v2\/pages\/339\/revisions\/14872"}],"up":[{"embeddable":true,"href":"https:\/\/hoegy.de\/homepage\/wp-json\/wp\/v2\/pages\/8395"}],"wp:attachment":[{"href":"https:\/\/hoegy.de\/homepage\/wp-json\/wp\/v2\/media?parent=339"}],"curies":[{"name":"wp","href":"https:\/\/api.w.org\/{rel}","templated":true}]}}