{"id":3916,"date":"2020-08-10T18:59:02","date_gmt":"2020-08-10T16:59:02","guid":{"rendered":"https:\/\/hoegy.de\/homepage\/?page_id=3916"},"modified":"2026-02-24T18:25:32","modified_gmt":"2026-02-24T17:25:32","slug":"musikprofil","status":"publish","type":"page","link":"https:\/\/hoegy.de\/homepage\/schulangebote\/faecher-unterricht\/musikprofil\/","title":{"rendered":"Musikprofil"},"content":{"rendered":"<section class=\"l-section wpb_row height_small\"><div class=\"l-section-h i-cf\"><div class=\"g-cols vc_row via_flex valign_top type_default stacking_default\"><div class=\"vc_col-sm-6 wpb_column vc_column_container\"><div class=\"vc_column-inner\"><div class=\"wpb_wrapper\"><div class=\"wpb_text_column us_custom_096bf242\"><div class=\"wpb_wrapper\"><p>Am H\u00f6lderlin-Gymnasium in N\u00fcrtingen gibt es ein Musikprofil, in welchem Kinder, die Freude an der Musik haben, vielf\u00e4ltig gef\u00f6rdert werden. Dabei legen wir besonderen Wert auf die Musizierpraxis.<\/p>\n<p>Musik f\u00f6rdert die k\u00fcnstlerische Seite und die Kreativit\u00e4t Ihres Kindes. Singen und Musizieren verst\u00e4rken aber auch die sozialen Kompetenzen und die Teamf\u00e4higkeit &#8211; Musik kann man nur miteinander und nicht gegeneinander machen. Durch die Teilnahme an unseren musikalischen Arbeitsgemeinschaften werden diese Kompetenzen verst\u00e4rkt.<\/p>\n<\/div><\/div><div class=\"wpb_text_column\"><div class=\"wpb_wrapper\"><p>In der Unterstufe kann zwischen drei Arten von Musikunterricht gew\u00e4hlt werden:<\/p>\n<ul>\n<li>regul\u00e4rer Musikunterricht<\/li>\n<li>Musik-Vorprofil (f\u00fcr Kinder, die bereits ein Instrument spielen)<\/li>\n<li>Bl\u00e4serklasse (f\u00fcr Kinder, die ein Blasinstrument erlernen m\u00f6chten)<\/li>\n<\/ul>\n<\/div><\/div><\/div><\/div><\/div><div class=\"vc_col-sm-6 wpb_column vc_column_container\"><div class=\"vc_column-inner\"><div class=\"wpb_wrapper\"><div class=\"w-image align_center\"><div class=\"w-image-h\"><img decoding=\"async\" width=\"186\" height=\"200\" data-src=\"https:\/\/hoegy.de\/homepage\/hgy-media\/Dirigent-186x200.png\" class=\"attachment-medium size-medium lazyload\" alt=\"\" data-srcset=\"https:\/\/hoegy.de\/homepage\/hgy-media\/Dirigent-186x200.png 186w, https:\/\/hoegy.de\/homepage\/hgy-media\/Dirigent-951x1024.png 951w, https:\/\/hoegy.de\/homepage\/hgy-media\/Dirigent-553x595.png 553w, https:\/\/hoegy.de\/homepage\/hgy-media\/Dirigent-46x50.png 46w, https:\/\/hoegy.de\/homepage\/hgy-media\/Dirigent-1320x1421.png 1320w, https:\/\/hoegy.de\/homepage\/hgy-media\/Dirigent.png 1507w\" data-sizes=\"auto, (max-width: 186px) 100vw, 186px\" src=\"data:image\/svg+xml;base64,PHN2ZyB3aWR0aD0iMSIgaGVpZ2h0PSIxIiB4bWxucz0iaHR0cDovL3d3dy53My5vcmcvMjAwMC9zdmciPjwvc3ZnPg==\" style=\"--smush-placeholder-width: 186px; --smush-placeholder-aspect-ratio: 186\/200;\" \/><\/div><\/div><\/div><\/div><\/div><\/div><\/div><\/section><section class=\"l-section wpb_row height_small\" id=\"mup-vp\"><div class=\"l-section-h i-cf\"><div class=\"g-cols vc_row via_flex valign_top type_default stacking_default\"><div class=\"vc_col-sm-6 wpb_column vc_column_container\"><div class=\"vc_column-inner\"><div class=\"wpb_wrapper\">[vc_empty_space height=&#8221;50px&#8221;]<div class=\"wpb_text_column\"><div class=\"wpb_wrapper\"><table style=\"background-color: #e4e6f1; height: 417px;\" width=\"568\">\n<tbody>\n<tr>\n<td style=\"width: 117.917px;\"><span style=\"color: #8391b8;\"><strong>KLASSE 5-7<\/strong><\/span><\/td>\n<td style=\"width: 616.083px;\"><span style=\"color: #8391b8;\">3 Wochenstunden<\/span><\/p>\n<p><span style=\"color: #8391b8;\">(keine zus\u00e4tzlichen Unterrichtsstunden)<\/span><\/td>\n<\/tr>\n<tr>\n<td style=\"width: 117.917px;\"><span style=\"color: #8391b8;\"><strong>KLASSE 6-7<br \/>\n<\/strong><\/span><\/td>\n<td style=\"width: 616.083px;\"><span style=\"color: #8391b8;\">2 Wochenstunden<\/span><\/p>\n<p><span style=\"color: #8391b8;\">(plus Teilnahme an einer Musik-AG)<\/span><\/td>\n<\/tr>\n<tr>\n<td style=\"width: 117.917px;\"><span style=\"color: #8391b8;\"><strong>KLASSE 8-10<\/strong><\/span><\/td>\n<td style=\"width: 616.083px;\"><span style=\"color: #8391b8;\">4 Wochenstunden<\/span><\/p>\n<p><span style=\"color: #8391b8;\">(plus Teilnahme an einer Musik-AG)<\/span><\/td>\n<\/tr>\n<tr>\n<td style=\"width: 117.917px;\"><span style=\"color: #8391b8;\"><strong>KURSSTUFE<\/strong><\/span><\/td>\n<td style=\"width: 616.083px;\"><span style=\"color: #8391b8;\">5 Wochenstunden (Leistungsfach)<\/span><\/p>\n<p><span style=\"color: #8391b8;\">(plus Teilnahme an einer Musik-AG)<\/span><\/td>\n<\/tr>\n<\/tbody>\n<\/table>\n<\/div><\/div><\/div><\/div><\/div><div class=\"vc_col-sm-6 wpb_column vc_column_container\"><div class=\"vc_column-inner us_custom_62830d0d\"><div class=\"wpb_wrapper\"><div class=\"wpb_text_column\"><div class=\"wpb_wrapper\"><h3><span style=\"color: #8592b6;\"><strong>MUSIKVORPROFIL IN KLASSE 5 &#8211; 7<\/strong><\/span><\/h3>\n<\/div><\/div><div class=\"wpb_text_column us_custom_ced8c81b\"><div class=\"wpb_wrapper\"><p>Mit dem Eintritt in das Musikvorprofil werden die Kinder entweder in eine Klasse mit dem Schwerpunkt\u00a0<strong>\u201eBlasinstrumente\u201c<\/strong>\u00a0oder\u00a0<strong>\u201eStreichinstrumente\u201c\u00a0<\/strong>eingeteilt.<br \/>\nIn diesen Gruppen findet der Musikunterricht unter anderem mit vertieftem und projektbezogenen Musizieren statt.<\/p>\n<p>Aus organisatorischen Gr\u00fcnden k\u00f6nnen wir derzeit nur diese\u00a0<strong>zwei Klassen als Musiziergruppen<\/strong>\u00a0anbieten, die sich\u00a0bevorzugt an SpielerInnen\u00a0von\u00a0<strong>Melodieinstrumenten<\/strong>\u00a0richten.<br \/>\nWir gehen hierbei davon aus, dass die Sch\u00fclerInnen zum Erlernen ihres Instrumentes au\u00dferdem die Unterst\u00fctzung eines Instrumentallehrers bekommen.<\/p>\n<p>Das Musikvorprofil kann in Klasse 5 &#8211; 7 mit allen anderen Z\u00fcgen, also auch dem bilingualen Zug, kombiniert werden.<\/p>\n<p>Alternativ zum Musikvorprofil besteht auch die M\u00f6glichkeit, in unserer Bl\u00e4serklasse ein Instrument von Grund auf am H\u00f6Gy zu erlernen.<\/p>\n<p>Von Musikvorprofil-Sch\u00fclerinnen und -Sch\u00fclern wird die Teilnahme an einer der musikalischen Arbeitsgemeinschaften<br \/>\nerwartet; es ist zudem m\u00f6glich, mehrere AGs zu belegen.<\/p>\n<p>Am Ende von Klasse 7 entscheiden sich die Sch\u00fclerInnen, ob sie ab Klasse 8 Musik als Hauptfach belegen m\u00f6chten.<\/p>\n<\/div><\/div><div class=\"wpb_text_column\"><div class=\"wpb_wrapper\"><h3><span style=\"color: #8592b6;\"><strong>BL\u00c4SERKLASSE IN KLASSE 5 und 6\u00a0<\/strong><\/span><\/h3>\n<\/div><\/div><div class=\"wpb_text_column us_custom_ced8c81b\"><div class=\"wpb_wrapper\"><p>Alternativ zum Musikprofil besteht am H\u00f6Gy seit 2024 auch die M\u00f6glichkeit, in Kooperation mit der Musik- und Jugendkunstschule N\u00fcrtingen ein Blasinstrument von Grund auf zu erlernen. Dabei erhalten die Kinder in Klasse 5 w\u00e4hrend der regul\u00e4ren Schulzeit am H\u00f6Gy eine Stunde Instrumentalunterricht von Musikschul-Lehrkr\u00e4ften (anstelle der dritten Wochenstunde Musik). In Klasse 6 findet der Instrumentalunterricht zus\u00e4tzlich zum regul\u00e4ren Musikunterricht in einer Randstunde (z.B. 6. Stunde) statt.<\/p>\n<p>Zu Beginn der 5. Klasse d\u00fcrfen die Bl\u00e4serklassen-Kinder in einem 4-w\u00f6chigen Instrumentenkarussell alle angebotenen Instrumente (aktuell sind dies Klarinette, Saxophon, Trompete und Baritonhorn) ausprobieren, bevor die endg\u00fcltige Einteilung erfolgt, bei der wir, im Rahmen der organisatorischen M\u00f6glichkeiten, die W\u00fcnsche der Kinder ber\u00fccksichtigen.<\/p>\n<p>In der zu entrichtenden Unterrichtsgeb\u00fchr ist, neben dem w\u00f6chentlichen Unterricht, das Leihinstrument samt notwendigem Zubeh\u00f6r und Noten enthalten.<\/p>\n<p>Nach Klasse 6 k\u00f6nnen die Kinder entweder weiter an der Musikschule Unterricht nehmen und ins Musik-Vorprofil wechseln oder den regul\u00e4ren Musikunterricht besuchen.<\/p>\n<p>Weitere Informationen sin im aktuellen <a href=\"https:\/\/hoegy.de\/homepage\/hgy-media\/2026-Flyer-Blaeserklasse-HoeGy.pdf\">Bl\u00e4serklassen-Flyer<\/a> zu finden.<\/p>\n<\/div><\/div><\/div><\/div><\/div><\/div><\/div><\/section><section class=\"l-section wpb_row height_small\"><div class=\"l-section-h i-cf\"><div class=\"g-cols vc_row via_flex valign_top type_default stacking_default\"><div class=\"vc_col-sm-6 wpb_column vc_column_container\"><div class=\"vc_column-inner us_custom_12d10119\"><div class=\"wpb_wrapper\"><div class=\"wpb_text_column\"><div class=\"wpb_wrapper\"><h3><span style=\"color: #8592b6;\"><strong>MUSIK ALS KERNFACH AB KLASSE 8<\/strong><\/span><\/h3>\n<\/div><\/div><div class=\"wpb_text_column us_custom_a958632e\"><div class=\"wpb_wrapper\"><p><span lang=\"de\">Musik wird im Musikprofil von Klasse 8 &#8211; 10 zum vierst\u00fcndigen Kernfach anstelle von NWT, IMP oder der 3. Fremdsprache.<\/span><\/p>\n<p><span lang=\"de\">In Kursstufe 1 und 2 k\u00f6nnen die Sch\u00fclerinnen und Sch\u00fcler Musik als Leistungsfach w\u00e4hlen. Durch das Musikprofil haben sie sich besonders gute Voraussetzungen geschaffen, Musik weiterhin 5-st\u00fcndig bis zum <\/span><span lang=\"de\">Abitur fortzuf\u00fchren.<\/span><\/p>\n<\/div><\/div>[vc_separator][vc_empty_space]<div class=\"wpb_text_column\"><div class=\"wpb_wrapper\"><h3><span style=\"color: #8592b6;\"><strong>WANN MUSS MAN SICH ENTSCHEIDEN?<\/strong><\/span><\/h3>\n<\/div><\/div><div class=\"wpb_text_column\"><div class=\"wpb_wrapper\"><p>Die Entscheidung f\u00fcr das Musikvorprofil (Klasse 5-7) am H\u00f6Gy trifft man mit der Anmeldung am H\u00f6Gy.<br \/>\nAustritte sind zum Schuljahrsende m\u00f6glich. Hierzu ist immer eine schriftliche Erkl\u00e4rung der Eltern notwendig.<\/p>\n<p>F\u00fcr die Bl\u00e4serklasse entscheidet man sich ebenfalls bei der Anmeldung durch Ausf\u00fcllen des entsprechenden Anmeldeformulars der Musikschule.<br \/>\nDie Bl\u00e4serklasse ist auf zwei Jahre (Klasse 5 und 6) angelegt. Danach erfolgt in Klasse 7 entweder ein Wechsel ins Musik-Vorprofil oder in den regul\u00e4ren Musikunterricht.<\/p>\n<p>Das Musikprofil (Musik als Hauptfach in Klasse 8-10) kann bei den Profilwahlen im Laufe von Klasse 7 gew\u00e4hlt werden.<\/p>\n<p>Bei nachtr\u00e4glichem Eintritt, besonders in h\u00f6heren Klassen, findet ein Gespr\u00e4ch \u00fcber die bisherige Musikausbildung statt.<\/p>\n<p>Die Wahl des Profils hat keine Auswirkungen auf die sp\u00e4teren Wahlm\u00f6glichkeiten in der Oberstufe (die letzten zwei Jahre vor dem Abitur) und auf die Abiturpr\u00fcfung.<br \/>\nUnabh\u00e4ngig vom Profil in den Klassen 8 bis 10 stehen den Sch\u00fclerinnen und Sch\u00fclern f\u00fcr die Kursstufe alle von ihnen besuchten F\u00e4cher als Schwerpunktf\u00e4cher zur Wahl.<br \/>\nDurch den Besuch des Musikprofils haben sie sich jedoch besonders gute Voraussetzungen f\u00fcr das Leistungsfach Musik geschaffen und k\u00f6nnen Musik weiterhin 5-st\u00fcndig bis zum Abitur fortf\u00fchren.<\/p>\n<\/div><\/div><\/div><\/div><\/div><div class=\"vc_col-sm-6 wpb_column vc_column_container\"><div class=\"vc_column-inner\"><div class=\"wpb_wrapper\"><div class=\"wpb_text_column\"><div class=\"wpb_wrapper\"><table style=\"background-color: #e4e6f1;\">\n<tbody>\n<tr>\n<td style=\"width: 165.183px;\"><strong><span style=\"color: #8391b8;\">UNTERSTUFEN-CHOR<\/span><\/strong><\/td>\n<td style=\"width: 623.883px;\"><span style=\"color: #8391b8;\">Weihnachtskonzerte und diverse Auftritte innerhalb des Schulalltags<\/span><\/td>\n<\/tr>\n<tr>\n<td style=\"width: 165.183px;\"><span style=\"color: #8391b8;\"><b>CHOR<\/b><\/span><\/p>\n<p><span style=\"color: #8391b8;\"><b>KLASSE 7 &#8211; 8<\/b><\/span><\/td>\n<td style=\"width: 623.883px;\"><span style=\"color: #8391b8;\">Mehrstimmiges Singen von Klassik \u00fcber Jazz bis zu Pop \/ Rock mit zwei Konzerten und evtl. kleineren Auftritten im Jahr; Mitwirkung beim Unterstufen- und auch schon beim Kammerchor<\/span><\/td>\n<\/tr>\n<tr>\n<td style=\"width: 165.183px;\"><strong><span style=\"color: #8391b8;\">VORORCHESTER<\/span><\/strong><\/td>\n<td style=\"width: 623.883px;\"><span style=\"color: #8391b8;\">Klassische bis moderne Orchestermusik f\u00fcr alle H\u00f6Gy Intrumentalisten ab Klasse 5. Auftritte beim Weihnachtskonzert und beim Unterstufenkonzert im Sommer.<\/span><\/td>\n<\/tr>\n<tr>\n<td style=\"width: 165.183px;\"><strong><span style=\"color: #8391b8;\">MINI BIGBAND<\/span><\/strong><\/td>\n<td style=\"width: 623.883px;\"><span style=\"color: #8391b8;\">Jazz, Pop, Rock ab Klasse 6.<\/span><\/td>\n<\/tr>\n<tr>\n<td style=\"width: 165.183px;\"><span style=\"color: #3d59a6;\"><strong><a style=\"color: #3d59a6;\" href=\"https:\/\/hoegy.de\/homepage\/schulangebote\/musik-ensembles\/die-hoegy-big-band\/\">H\u00f6Gy BIGBAND<\/a><\/strong><\/span><\/td>\n<td style=\"width: 623.883px;\"><span style=\"color: #8391b8;\">Bigband Jazz und Auftritte in der Region, Konzertreisen.<\/span><\/td>\n<\/tr>\n<tr>\n<td style=\"width: 165.183px;\"><span style=\"color: #3d59a6;\"><strong><a style=\"color: #3d59a6;\" href=\"https:\/\/hoegy.de\/homepage\/schulangebote\/musik-ensembles\/hoegy-sinfonieorchester\/\">SINFONIEORCHESTER<\/a><\/strong><\/span><\/td>\n<td style=\"width: 623.883px;\"><span style=\"color: #8391b8;\">Sinfonische Orchestermusik aus Klassik, Romantik, Moderne und Filmmusik. F\u00fcr qualifizierte Instrumentalist*innen in der Regel ab Klasse 8 m\u00f6glich. Gro\u00dfes Sommerkonzert, Mitwirkung bei den H\u00f6Gy-Weihnachtskonzerten und diverse andere Auftritte.<\/span><\/td>\n<\/tr>\n<tr>\n<td style=\"width: 165.183px;\"><span style=\"color: #8391b8;\"><strong>KAMMERCHOR<\/strong><\/span><\/td>\n<td style=\"width: 623.883px;\"><span style=\"color: #8391b8;\">Anspruchsvolle Chormusik durch alle Stilrichtungen; mindestens zwei Konzerte im Schuljahr; Chorparterschaft mit &#8220;I Madrigalisti&#8221; aus Brno<\/span><\/td>\n<\/tr>\n<tr>\n<td style=\"width: 165.183px;\"><span style=\"color: #8391b8;\"><strong>KAMMERMUSIK<\/strong><\/span><\/td>\n<td style=\"width: 623.883px;\"><span style=\"color: #8391b8;\">Klassische Musik in kleineren Besetzungen<\/span><\/td>\n<\/tr>\n<\/tbody>\n<\/table>\n<\/div><\/div><\/div><\/div><\/div><\/div><\/div><\/section><section class=\"l-section wpb_row height_small\"><div class=\"l-section-h i-cf\"><div class=\"g-cols vc_row via_flex valign_top type_default stacking_default\"><div class=\"vc_col-sm-12 wpb_column vc_column_container\"><div class=\"vc_column-inner\"><div class=\"wpb_wrapper\"><div class=\"wpb_text_column\"><div class=\"wpb_wrapper\"><h3><span style=\"color: #8592b6;\"><strong>WAS IST DER UNTERSCHIED ZUM &#8220;NORMALEN&#8221; MUSIKUNTERRICHT?<\/strong><\/span><\/h3>\n<\/div><\/div><div class=\"wpb_text_column\"><div class=\"wpb_wrapper\"><ul>\n<li>H\u00f6heres Niveau des Unterrichts, weil vieles vorausgesetzt werden kann, deshalb auch schnelleres Vorangehen.<\/li>\n<li>Erarbeitung von &#8220;Konzertprogrammen&#8221; mit Auff\u00fchrungen innerhalb des Schuljahres.<\/li>\n<li>Intensive musikalische F\u00f6rderung durch vielf\u00e4ltiges und ambitioniertes gemeinsames Musizieren im Klassenverband.<\/li>\n<\/ul>\n<\/div><\/div><\/div><\/div><\/div><\/div><\/div><\/section><section class=\"l-section wpb_row height_small\"><div class=\"l-section-h i-cf\"><div class=\"g-cols vc_row via_flex valign_top type_default stacking_default\"><div class=\"vc_col-sm-12 wpb_column vc_column_container\"><div class=\"vc_column-inner\"><div class=\"wpb_wrapper\">[vc_separator]<\/div><\/div><\/div><\/div><\/div><\/section><section class=\"l-section wpb_row height_small\"><div class=\"l-section-h i-cf\"><div class=\"g-cols vc_row via_flex valign_top type_default stacking_default\"><div class=\"vc_col-sm-6 wpb_column vc_column_container\"><div class=\"vc_column-inner\"><div class=\"wpb_wrapper\"><div class=\"wpb_text_column\"><div class=\"wpb_wrapper\"><h2><strong>WIR FREUEN UNS AUF DICH!<\/strong><\/h2>\n<\/div><\/div><\/div><\/div><\/div><div class=\"vc_col-sm-6 wpb_column vc_column_container\"><div class=\"vc_column-inner\"><div class=\"wpb_wrapper\"><div class=\"w-contacts\"><div class=\"w-contacts-list\"><div class=\"w-contacts-item for_email\"><span class=\"w-contacts-item-value\"><a href=\"mailto:musikprofil@hoegy.de\">musikprofil@hoegy.de<\/a><\/span><\/div><\/div><\/div><\/div><\/div><\/div><\/div><\/div><\/section><section class=\"l-section wpb_row height_small\"><div class=\"l-section-h i-cf\"><div class=\"g-cols vc_row via_flex valign_top type_default stacking_default\"><div class=\"vc_col-sm-12 wpb_column vc_column_container\"><div class=\"vc_column-inner\"><div class=\"wpb_wrapper\"><div class=\"wpb_text_column\"><div class=\"wpb_wrapper\"><p style=\"text-align: center;\"><\/p>\n<\/div><\/div><\/div><\/div><\/div><\/div><\/div><\/section>\n","protected":false},"excerpt":{"rendered":"Am H\u00f6lderlin-Gymnasium in N\u00fcrtingen gibt es ein Musikprofil, in welchem Kinder, die Freude an der Musik haben, vielf\u00e4ltig gef\u00f6rdert werden. Dabei legen wir besonderen Wert auf die Musizierpraxis. Musik f\u00f6rdert die k\u00fcnstlerische Seite und die Kreativit\u00e4t Ihres Kindes. Singen und Musizieren verst\u00e4rken aber auch die sozialen Kompetenzen und die Teamf\u00e4higkeit &#8211; Musik kann man nur...","protected":false},"author":2,"featured_media":3878,"parent":218,"menu_order":1,"comment_status":"closed","ping_status":"closed","template":"","meta":{"footnotes":""},"class_list":["post-3916","page","type-page","status-publish","has-post-thumbnail","hentry"],"publishpress_future_action":{"enabled":false,"date":"2026-04-22 15:20:38","action":"change-status","newStatus":"draft","terms":[],"taxonomy":"","extraData":[]},"publishpress_future_workflow_manual_trigger":{"enabledWorkflows":[]},"_links":{"self":[{"href":"https:\/\/hoegy.de\/homepage\/wp-json\/wp\/v2\/pages\/3916","targetHints":{"allow":["GET"]}}],"collection":[{"href":"https:\/\/hoegy.de\/homepage\/wp-json\/wp\/v2\/pages"}],"about":[{"href":"https:\/\/hoegy.de\/homepage\/wp-json\/wp\/v2\/types\/page"}],"author":[{"embeddable":true,"href":"https:\/\/hoegy.de\/homepage\/wp-json\/wp\/v2\/users\/2"}],"replies":[{"embeddable":true,"href":"https:\/\/hoegy.de\/homepage\/wp-json\/wp\/v2\/comments?post=3916"}],"version-history":[{"count":54,"href":"https:\/\/hoegy.de\/homepage\/wp-json\/wp\/v2\/pages\/3916\/revisions"}],"predecessor-version":[{"id":15336,"href":"https:\/\/hoegy.de\/homepage\/wp-json\/wp\/v2\/pages\/3916\/revisions\/15336"}],"up":[{"embeddable":true,"href":"https:\/\/hoegy.de\/homepage\/wp-json\/wp\/v2\/pages\/218"}],"wp:featuredmedia":[{"embeddable":true,"href":"https:\/\/hoegy.de\/homepage\/wp-json\/wp\/v2\/media\/3878"}],"wp:attachment":[{"href":"https:\/\/hoegy.de\/homepage\/wp-json\/wp\/v2\/media?parent=3916"}],"curies":[{"name":"wp","href":"https:\/\/api.w.org\/{rel}","templated":true}]}}