{"id":398,"date":"2018-10-17T14:04:48","date_gmt":"2018-10-17T12:04:48","guid":{"rendered":"https:\/\/hoegy.de\/homepage\/?page_id=398"},"modified":"2025-05-08T10:42:32","modified_gmt":"2025-05-08T08:42:32","slug":"mittagspause","status":"publish","type":"page","link":"https:\/\/hoegy.de\/homepage\/schulangebote\/ganztagesschule\/mittagspause\/","title":{"rendered":"Mittagspause"},"content":{"rendered":"<section class=\"l-section wpb_row height_small\"><div class=\"l-section-h i-cf\"><div class=\"g-cols vc_row via_flex valign_top type_default stacking_default\"><div class=\"vc_col-sm-6 wpb_column vc_column_container\"><div class=\"vc_column-inner\"><div class=\"wpb_wrapper\"><div class=\"wpb_text_column\"><div class=\"wpb_wrapper\"><p>In den Mittagspausen ist von Montag bis Donnerstag nicht nur die <strong>Mensa<\/strong> ge\u00f6ffnet \u2013 es gibt auch viele und sehr verschiedene M\u00f6glichkeiten, wie diese Zeit verbracht werden kann:<\/p>\n<p>Zum einen bieten wir dienstags in der Mittagszeit <strong>feste Angebote wie einige AGs<\/strong> an, zu denen man sich anmelden kann: In dieser Zeit liegen z.B. die Schach-AG, die Schulsanit\u00e4ter-AG und einige Sport-AGs wie z.B. die Fu\u00dfball-AG.<\/p>\n<p>Daneben gibt es aber auch eine <strong>Vielzahl an freien Angeboten<\/strong>, die man nach Lust, Laune und Wetterlage nutzen kann:<br \/>\nSo haben wir z.B. \u201eSpiel &amp; Spa\u00df, unsere Spieleausleihe, die direkt im Schulhof oder bei schlechtem Wetter in der Aula zu finden ist: Es gibt B\u00e4lle, Pedalos, Einr\u00e4der, Reifen, Footbags, Badminton- und Tischtennisschl\u00e4ger, Streethockey-Schl\u00e4ger usw., die man auf dem gro\u00dfen Schulhof nutzen kann. Sollte das Wetter schlecht sein, kann man sich mit allerlei Indoor- und Gesellschaftsspielen drinnen vergn\u00fcgen.<br \/>\nAu\u00dferdem ist in jeder Mittagspause die B\u00fccherei in Raum G12 ge\u00f6ffnet (auf der Empore \u00fcber der Mensa) \u2013 man kann hier unkompliziert und kostenfrei B\u00fccher ausleihen oder auch einfach nur zum Schm\u00f6kern kommen. Im Raum der Stille findet zudem regelm\u00e4\u00dfig die Ruheoase statt, die eine kleine Auszeit vom Schultrubel bietet.<\/p>\n<p>\u00dcber <strong>aktuelle Angebote und Aktionen<\/strong> wird auch im Newsticker auf dem Vertretungsplan informiert.<\/p>\n<p>\u00d6ffnungszeiten <strong>B\u00fccherei, <span>Spa\u00df &amp; Spiel <\/span><\/strong>und <strong><span>Raum der Stille<\/span><\/strong>:<\/p>\n<table class=\" cke_show_border\">\n<tbody>\n<tr>\n<td bgcolor=\"#dddddd\"><\/td>\n<td bgcolor=\"#dddddd\">Montag<\/td>\n<td bgcolor=\"#dddddd\">Dienstag<\/td>\n<td bgcolor=\"#dddddd\">Mittwoch<\/td>\n<td bgcolor=\"#dddddd\">Donnerstag<\/td>\n<\/tr>\n<tr>\n<td>B\u00fccherei (G2)<\/td>\n<td>7. Stunde<\/td>\n<td>6.\/7. Stunde<\/td>\n<td>7. Stunde<\/td>\n<td>7. Stunde<\/td>\n<\/tr>\n<tr>\n<td>Spa\u00df &amp; Spiel (Eingang Sporthalle)<\/td>\n<td>7. Stunde<\/td>\n<td>6.\/7. Stunde<\/td>\n<td>7. Stunde<\/td>\n<td>7. Stunde<\/td>\n<\/tr>\n<tr>\n<td>Raum der Stille<\/td>\n<td><\/td>\n<td>7. Stunde<\/td>\n<td><\/td>\n<td>7. Stunde<\/td>\n<\/tr>\n<\/tbody>\n<\/table>\n<p>Ansprechpartnerinnen sind: Frau U. Weber (Raum der Stille), Frau J\u00e4ger (B\u00fccherei) und Frau Laumanns (Spiel &amp; Spa\u00df)<\/p>\n<\/div><\/div><\/div><\/div><\/div><div class=\"vc_col-sm-6 wpb_column vc_column_container\"><div class=\"vc_column-inner\"><div class=\"wpb_wrapper\"><div class=\"w-slider style_none fit_scaledown nav_none count_6\"><div class=\"w-slider-h\" aria-hidden=\"true\"><div class=\"royalSlider\"><div class=\"rsContent\"><a class=\"rsImg\" data-rsw=\"1024\" data-rsh=\"768\" data-rsBigImg=\"https:\/\/hoegy.de\/homepage\/hgy-media\/IMG_8011-scaled.jpg\" href=\"https:\/\/hoegy.de\/homepage\/hgy-media\/IMG_8011-1024x768.jpg\"><span data-alt=\"\"><\/span><\/a><\/div><div class=\"rsContent\"><a class=\"rsImg\" data-rsw=\"1024\" data-rsh=\"683\" data-rsBigImg=\"https:\/\/hoegy.de\/homepage\/hgy-media\/6-1-scaled.jpg\" href=\"https:\/\/hoegy.de\/homepage\/hgy-media\/6-1-1024x683.jpg\"><span data-alt=\"\"><\/span><\/a><\/div><div class=\"rsContent\"><a class=\"rsImg\" data-rsw=\"1024\" data-rsh=\"683\" data-rsBigImg=\"https:\/\/hoegy.de\/homepage\/hgy-media\/5-4-scaled.jpg\" href=\"https:\/\/hoegy.de\/homepage\/hgy-media\/5-4-1024x683.jpg\"><span data-alt=\"\"><\/span><\/a><\/div><div class=\"rsContent\"><a class=\"rsImg\" data-rsw=\"1024\" data-rsh=\"683\" data-rsBigImg=\"https:\/\/hoegy.de\/homepage\/hgy-media\/3-4-scaled.jpg\" href=\"https:\/\/hoegy.de\/homepage\/hgy-media\/3-4-1024x683.jpg\"><span data-alt=\"\"><\/span><\/a><\/div><div class=\"rsContent\"><a class=\"rsImg\" data-rsw=\"1024\" data-rsh=\"683\" data-rsBigImg=\"https:\/\/hoegy.de\/homepage\/hgy-media\/Tischkicker-scaled.jpg\" href=\"https:\/\/hoegy.de\/homepage\/hgy-media\/Tischkicker-1024x683.jpg\"><span data-alt=\"\"><\/span><\/a><\/div><div class=\"rsContent\"><a class=\"rsImg\" data-rsw=\"1024\" data-rsh=\"576\" data-rsBigImg=\"https:\/\/hoegy.de\/homepage\/hgy-media\/IMG_20241017_140319-scaled.jpg\" href=\"https:\/\/hoegy.de\/homepage\/hgy-media\/IMG_20241017_140319-1024x576.jpg\"><span data-alt=\"\"><\/span><\/a><\/div><\/div><img decoding=\"async\" data-src=\"https:\/\/hoegy.de\/homepage\/hgy-media\/IMG_8011-1024x768.jpg\" width=\"1024\" height=\"768\" alt src=\"data:image\/svg+xml;base64,PHN2ZyB3aWR0aD0iMSIgaGVpZ2h0PSIxIiB4bWxucz0iaHR0cDovL3d3dy53My5vcmcvMjAwMC9zdmciPjwvc3ZnPg==\" class=\"lazyload\" style=\"--smush-placeholder-width: 1024px; --smush-placeholder-aspect-ratio: 1024\/768;\"><\/div><div class=\"w-slider-json\" onclick='return {&quot;autoScaleSlider&quot;:true,&quot;addActiveClass&quot;:true,&quot;loop&quot;:true,&quot;fadeInLoadedSlide&quot;:false,&quot;slidesSpacing&quot;:0,&quot;imageScalePadding&quot;:0,&quot;numImagesToPreload&quot;:2,&quot;arrowsNav&quot;:true,&quot;arrowsNavAutoHide&quot;:false,&quot;transitionType&quot;:&quot;move&quot;,&quot;transitionSpeed&quot;:250,&quot;block&quot;:{&quot;moveEffect&quot;:&quot;none&quot;,&quot;speed&quot;:300},&quot;thumbs&quot;:{&quot;fitInViewport&quot;:false,&quot;firstMargin&quot;:false,&quot;spacing&quot;:4},&quot;controlNavigation&quot;:&quot;none&quot;,&quot;fullscreen&quot;:{&quot;enabled&quot;:true},&quot;autoScaleSliderWidth&quot;:1024,&quot;autoScaleSliderHeight&quot;:768}'><\/div><\/div><\/div><\/div><\/div><\/div><\/div><\/section>\n","protected":false},"excerpt":{"rendered":"In den Mittagspausen ist von Montag bis Donnerstag nicht nur die Mensa ge\u00f6ffnet \u2013 es gibt auch viele und sehr verschiedene M\u00f6glichkeiten, wie diese Zeit verbracht werden kann: Zum einen bieten wir dienstags in der Mittagszeit feste Angebote wie einige AGs an, zu denen man sich anmelden kann: In dieser Zeit liegen z.B. die Schach-AG,...","protected":false},"author":1,"featured_media":0,"parent":34,"menu_order":4,"comment_status":"closed","ping_status":"closed","template":"","meta":{"footnotes":""},"class_list":["post-398","page","type-page","status-publish","hentry"],"publishpress_future_action":{"enabled":false,"date":"2026-05-11 11:20:16","action":"change-status","newStatus":"draft","terms":[],"taxonomy":"","extraData":[]},"publishpress_future_workflow_manual_trigger":{"enabledWorkflows":[]},"_links":{"self":[{"href":"https:\/\/hoegy.de\/homepage\/wp-json\/wp\/v2\/pages\/398","targetHints":{"allow":["GET"]}}],"collection":[{"href":"https:\/\/hoegy.de\/homepage\/wp-json\/wp\/v2\/pages"}],"about":[{"href":"https:\/\/hoegy.de\/homepage\/wp-json\/wp\/v2\/types\/page"}],"author":[{"embeddable":true,"href":"https:\/\/hoegy.de\/homepage\/wp-json\/wp\/v2\/users\/1"}],"replies":[{"embeddable":true,"href":"https:\/\/hoegy.de\/homepage\/wp-json\/wp\/v2\/comments?post=398"}],"version-history":[{"count":15,"href":"https:\/\/hoegy.de\/homepage\/wp-json\/wp\/v2\/pages\/398\/revisions"}],"predecessor-version":[{"id":9189,"href":"https:\/\/hoegy.de\/homepage\/wp-json\/wp\/v2\/pages\/398\/revisions\/9189"}],"up":[{"embeddable":true,"href":"https:\/\/hoegy.de\/homepage\/wp-json\/wp\/v2\/pages\/34"}],"wp:attachment":[{"href":"https:\/\/hoegy.de\/homepage\/wp-json\/wp\/v2\/media?parent=398"}],"curies":[{"name":"wp","href":"https:\/\/api.w.org\/{rel}","templated":true}]}}