{"id":4169,"date":"2020-08-12T16:24:56","date_gmt":"2020-08-12T14:24:56","guid":{"rendered":"https:\/\/hoegy.de\/homepage\/?page_id=4169"},"modified":"2022-09-02T20:29:19","modified_gmt":"2022-09-02T18:29:19","slug":"bilingual","status":"publish","type":"page","link":"https:\/\/hoegy.de\/homepage\/schulangebote\/faecher-unterricht\/bilingual\/","title":{"rendered":"Bilingualer Unterricht"},"content":{"rendered":"<section class=\"l-section wpb_row height_small\"><div class=\"l-section-h i-cf\"><div class=\"g-cols vc_row via_flex valign_top type_default stacking_default\"><div class=\"vc_col-sm-8 wpb_column vc_column_container\"><div class=\"vc_column-inner\"><div class=\"wpb_wrapper\"><div class=\"wpb_text_column\"><div class=\"wpb_wrapper\"><h3><span style=\"color: #f18825;\"><strong>DAS BILINGUALE UNTERRICHTSANGEBOT<\/strong><\/span><\/h3>\n<\/div><\/div><div class=\"wpb_text_column\"><div class=\"wpb_wrapper\"><p>Der bilinguale Zug ist ein Angebot, welches Sch\u00fclerinnen und Sch\u00fcler mit ausgepr\u00e4gtem Interesse und Begabung f\u00fcr die englische Sprache auf gezielte Weise f\u00f6rdern m\u00f6chte. Als Fundament dient der verst\u00e4rkte Englischunterricht mit sechs bzw. f\u00fcnf Wochenstunden in Klasse 5 und 6. Von Klasse 7 bis 10 werden dann jeweils ein oder zwei Sachf\u00e4cher in englischer Sprache unterrichtet: Erdkunde in Klasse 7 und 8, Geschichte in Klasse 8 und 9, Biologie in Klasse 9 und 10 und Gemeinschaftskunde in Klasse 10. Diese F\u00e4cher sind mit jeweils einer zus\u00e4tzlichen Wochenstunde ausgestattet. Dadurch erh\u00f6ht sich die Wochenstundenzahl im Vergleich zu nicht bilingual unterrichteten Klassen um durchschnittlich 1 bis 2 Stunden.<\/p>\n<p>Am Ende ihrer Schullaufbahn erhalten die Sch\u00fclerinnen und Sch\u00fcler zus\u00e4tzlich zum Abiturszeugnis ein bilinguales Zertifikat. Voraussetzung daf\u00fcr ist, dass sie in der Kursstufe das vierst\u00fcndige Kernkompetenzfach Englisch sowie ein weiteres bilingual unterrichtetes Sachfach oder einen bilingualen Seminarkurs belegen.<\/p>\n<\/div><\/div><\/div><\/div><\/div><div class=\"vc_col-sm-4 wpb_column vc_column_container\"><div class=\"vc_column-inner\"><div class=\"wpb_wrapper\">[vc_empty_space height=&#8221;50px&#8221;]<div class=\"w-image align_none\"><div class=\"w-image-h\"><img decoding=\"async\" width=\"300\" height=\"214\" data-src=\"https:\/\/hoegy.de\/homepage\/hgy-media\/bili-bruecke.jpg\" class=\"attachment-full size-full lazyload\" alt=\"\" data-srcset=\"https:\/\/hoegy.de\/homepage\/hgy-media\/bili-bruecke.jpg 300w, https:\/\/hoegy.de\/homepage\/hgy-media\/bili-bruecke-200x143.jpg 200w, https:\/\/hoegy.de\/homepage\/hgy-media\/bili-bruecke-126x90.jpg 126w\" data-sizes=\"auto, (max-width: 300px) 100vw, 300px\" src=\"data:image\/svg+xml;base64,PHN2ZyB3aWR0aD0iMSIgaGVpZ2h0PSIxIiB4bWxucz0iaHR0cDovL3d3dy53My5vcmcvMjAwMC9zdmciPjwvc3ZnPg==\" style=\"--smush-placeholder-width: 300px; --smush-placeholder-aspect-ratio: 300\/214;\" \/><\/div><\/div><\/div><\/div><\/div><\/div><\/div><\/section><section class=\"l-section wpb_row height_small\"><div class=\"l-section-h i-cf\"><div class=\"g-cols vc_row via_flex valign_top type_default stacking_default\"><div class=\"vc_col-sm-3 wpb_column vc_column_container\"><div class=\"vc_column-inner\"><div class=\"wpb_wrapper\">[vc_empty_space height=&#8221;50px&#8221;]<div class=\"w-image align_none\"><div class=\"w-image-h\"><img decoding=\"async\" width=\"300\" height=\"199\" data-src=\"https:\/\/hoegy.de\/homepage\/hgy-media\/bili-bruecke2.jpg\" class=\"attachment-full size-full lazyload\" alt=\"\" data-srcset=\"https:\/\/hoegy.de\/homepage\/hgy-media\/bili-bruecke2.jpg 300w, https:\/\/hoegy.de\/homepage\/hgy-media\/bili-bruecke2-200x133.jpg 200w, https:\/\/hoegy.de\/homepage\/hgy-media\/bili-bruecke2-136x90.jpg 136w\" data-sizes=\"auto, (max-width: 300px) 100vw, 300px\" src=\"data:image\/svg+xml;base64,PHN2ZyB3aWR0aD0iMSIgaGVpZ2h0PSIxIiB4bWxucz0iaHR0cDovL3d3dy53My5vcmcvMjAwMC9zdmciPjwvc3ZnPg==\" style=\"--smush-placeholder-width: 300px; --smush-placeholder-aspect-ratio: 300\/199;\" \/><\/div><\/div><\/div><\/div><\/div><div class=\"vc_col-sm-9 wpb_column vc_column_container\"><div class=\"vc_column-inner\"><div class=\"wpb_wrapper\"><div class=\"wpb_text_column\"><div class=\"wpb_wrapper\"><h3><span style=\"color: #f18825;\"><strong>ZIELSETZUNG<\/strong><\/span><\/h3>\n<\/div><\/div><div class=\"wpb_text_column us_custom_61b03c91\"><div class=\"wpb_wrapper\"><p>Ziel der bilingualen Ausbildung ist es, nicht nur hervorragende Sprachkenntnisse zu vermitteln. Dar\u00fcber hinaus soll vor allem das Verst\u00e4ndnis wachsen, dass der Fremdsprachenerwerb dazu dient, die erlernte Sprache in den unterschiedlichsten Bereichen anwenden zu k\u00f6nnen.<\/p>\n<p>Damit erhalten die Sch\u00fclerinnen und Sch\u00fcler eine ausgezeichnete Grundlage f\u00fcr ein anschlie\u00dfendes Studium und\/oder Ausbildung im In- und Ausland. Durch weitere Zusatzangebote wie Debating oder M\u00f6glichkeiten zum Aufenthalt in englischsprachigen L\u00e4ndern lernen sie die angels\u00e4chsische bzw. amerikanische Kultur vertieft kennen.<\/p>\n<p>Au\u00dferdem haben sie die M\u00f6glichkeit, das <strong>CAE (Cambridge Certificate in Advanced English)<\/strong>\u00a0zu erwerben. Dieses Zertifikat ist hilfreich und\/oder erforderlich f\u00fcr die Bewerbung an einer englischsprachigen Universit\u00e4t.<\/p>\n<\/div><\/div><\/div><\/div><\/div><\/div><\/div><\/section><section class=\"l-section wpb_row height_small\"><div class=\"l-section-h i-cf\"><div class=\"g-cols vc_row via_flex valign_top type_default stacking_default\"><div class=\"vc_col-sm-12 wpb_column vc_column_container\"><div class=\"vc_column-inner\"><div class=\"wpb_wrapper\"><div class=\"wpb_text_column\"><div class=\"wpb_wrapper\"><h3><span style=\"color: #f18825;\"><strong>PROFILWAHL<\/strong><\/span><\/h3>\n<\/div><\/div><div class=\"wpb_text_column\"><div class=\"wpb_wrapper\"><p>Die Sch\u00fclerinnen und Sch\u00fcler der bilingualen Abteilung k\u00f6nnen am H\u00f6Gy ab Klasse 8 sowohl das naturwissenschaftliche als auch das sprachliche Profil mit Spanisch als 3. Fremdsprache oder das Musikprofil w\u00e4hlen.<\/p>\n<\/div><\/div>[vc_separator]<\/div><\/div><\/div><\/div><\/div><\/section><section class=\"l-section wpb_row height_small\"><div class=\"l-section-h i-cf\"><div class=\"g-cols vc_row via_flex valign_top type_default stacking_default\"><div class=\"vc_col-sm-8 wpb_column vc_column_container\"><div class=\"vc_column-inner\"><div class=\"wpb_wrapper\"><div class=\"wpb_text_column\"><div class=\"wpb_wrapper\"><h3><span style=\"color: #f18825;\"><strong>BILINGUAL DEPARTMENT<\/strong><\/span><\/h3>\n<\/div><\/div><div class=\"wpb_text_column\"><div class=\"wpb_wrapper\"><ul>\n<li>3 additional English lessons in Years 5 and 6<\/li>\n<\/ul>\n<\/div><\/div><div class=\"wpb_text_column\"><div class=\"wpb_wrapper\"><h3><span style=\"color: #f18825;\"><strong>SUBJECTS TAUGHT IN ENGLISH<\/strong><\/span><\/h3>\n<\/div><\/div><div class=\"wpb_text_column\"><div class=\"wpb_wrapper\"><ul>\n<li>Geography (Years 7 and 8)<\/li>\n<li>History (Years 8 and 9)<\/li>\n<li>Biology (Years 9 and 10)<\/li>\n<li>Politics (Year 10)<\/li>\n<li>Geography and \/ or Biology (Lower Sixth Form)<\/li>\n<li>Seminar Course (Lower Sixth Form)<\/li>\n<\/ul>\n<\/div><\/div><div class=\"wpb_text_column\"><div class=\"wpb_wrapper\"><h3><span style=\"color: #f18825;\"><strong>ACTIVITIES AND ADDITIONAL QUALIFICATIONS<\/strong><\/span><\/h3>\n<\/div><\/div><div class=\"wpb_text_column\"><div class=\"wpb_wrapper\"><ul>\n<li>Debating<\/li>\n<li>CAE (Cambridge Certificate in Advanced\u00a0English)<\/li>\n<li>Internationales Abitur Baden-W\u00fcrttemberg: Students qualify for the \u201eInternational Abitur Baden-W\u00fcrttemberg\u201c after \u00a0having completed their bilingual education and after having sat an additional exam in Biology next to English in their final Abitur exams.<\/li>\n<\/ul>\n<\/div><\/div><div class=\"wpb_text_column\"><div class=\"wpb_wrapper\"><h3><span style=\"color: #f18825;\"><strong>SCHOOLTRIPS AND EXCHANGE PROGRAMMES<\/strong><\/span><\/h3>\n<\/div><\/div><div class=\"wpb_text_column\"><div class=\"wpb_wrapper\"><ul>\n<li>Schooltrip to Kent\/GB in Year 6 possible<\/li>\n<li>Language Camp in Year 8<\/li>\n<li>Schooltrip to London\/GB in Upper Sixth Form<\/li>\n<li>Exchange with Oregon, USA in Year 10<\/li>\n<\/ul>\n<\/div><\/div><\/div><\/div><\/div><div class=\"vc_col-sm-4 wpb_column vc_column_container\"><div class=\"vc_column-inner\"><div class=\"wpb_wrapper\"><div class=\"w-image align_none\"><div class=\"w-image-h\"><img decoding=\"async\" width=\"1200\" height=\"3302\" data-src=\"https:\/\/hoegy.de\/homepage\/hgy-media\/StatueOfLiberty.png\" class=\"attachment-full size-full lazyload\" alt=\"\" data-srcset=\"https:\/\/hoegy.de\/homepage\/hgy-media\/StatueOfLiberty.png 1200w, https:\/\/hoegy.de\/homepage\/hgy-media\/StatueOfLiberty-73x200.png 73w, https:\/\/hoegy.de\/homepage\/hgy-media\/StatueOfLiberty-372x1024.png 372w, https:\/\/hoegy.de\/homepage\/hgy-media\/StatueOfLiberty-216x595.png 216w, https:\/\/hoegy.de\/homepage\/hgy-media\/StatueOfLiberty-18x50.png 18w\" data-sizes=\"auto, (max-width: 1200px) 100vw, 1200px\" src=\"data:image\/svg+xml;base64,PHN2ZyB3aWR0aD0iMSIgaGVpZ2h0PSIxIiB4bWxucz0iaHR0cDovL3d3dy53My5vcmcvMjAwMC9zdmciPjwvc3ZnPg==\" style=\"--smush-placeholder-width: 1200px; --smush-placeholder-aspect-ratio: 1200\/3302;\" \/><\/div><\/div><\/div><\/div><\/div><\/div><\/div><\/section><section class=\"l-section wpb_row height_small\"><div class=\"l-section-h i-cf\"><div class=\"g-cols vc_row via_flex valign_top type_default stacking_default\"><div class=\"vc_col-sm-3 wpb_column vc_column_container\"><div class=\"vc_column-inner\"><div class=\"wpb_wrapper\"><div class=\"w-image align_none\"><div class=\"w-image-h\"><img decoding=\"async\" width=\"1200\" height=\"1011\" data-src=\"https:\/\/hoegy.de\/homepage\/hgy-media\/Certificate.png\" class=\"attachment-full size-full lazyload\" alt=\"\" data-srcset=\"https:\/\/hoegy.de\/homepage\/hgy-media\/Certificate.png 1200w, https:\/\/hoegy.de\/homepage\/hgy-media\/Certificate-200x169.png 200w, https:\/\/hoegy.de\/homepage\/hgy-media\/Certificate-1024x863.png 1024w, https:\/\/hoegy.de\/homepage\/hgy-media\/Certificate-600x506.png 600w, https:\/\/hoegy.de\/homepage\/hgy-media\/Certificate-50x42.png 50w\" data-sizes=\"auto, (max-width: 1200px) 100vw, 1200px\" src=\"data:image\/svg+xml;base64,PHN2ZyB3aWR0aD0iMSIgaGVpZ2h0PSIxIiB4bWxucz0iaHR0cDovL3d3dy53My5vcmcvMjAwMC9zdmciPjwvc3ZnPg==\" style=\"--smush-placeholder-width: 1200px; --smush-placeholder-aspect-ratio: 1200\/1011;\" \/><\/div><\/div><\/div><\/div><\/div><div class=\"vc_col-sm-9 wpb_column vc_column_container\"><div class=\"vc_column-inner\"><div class=\"wpb_wrapper\"><div class=\"wpb_text_column\"><div class=\"wpb_wrapper\"><h3><span style=\"color: #f18825;\"><strong>BILINGUAL CERTIFICATE<\/strong><\/span><\/h3>\n<\/div><\/div><div class=\"wpb_text_column\"><div class=\"wpb_wrapper\"><ul>\n<li>Students receive an additional Bilingual Certificate together with their \u201eAbitur\u201c after they have completed their bilingual education.<\/li>\n<\/ul>\n<\/div><\/div><\/div><\/div><\/div><\/div><\/div><\/section><section class=\"l-section wpb_row height_small\"><div class=\"l-section-h i-cf\"><div class=\"g-cols vc_row via_flex valign_top type_default stacking_default\"><div class=\"vc_col-sm-8 wpb_column vc_column_container\"><div class=\"vc_column-inner\"><div class=\"wpb_wrapper\"><div class=\"wpb_text_column\"><div class=\"wpb_wrapper\"><h3><span style=\"color: #f18825;\"><strong>ANMELDUNG<\/strong><\/span><\/h3>\n<\/div><\/div><div class=\"wpb_text_column\"><div class=\"wpb_wrapper\"><p>Die Anmeldung f\u00fcr die bilinguale Klasse findet bei der allgemeinen Anmeldung am H\u00f6Gy statt.<\/p>\n<p>Bitte bringen Sie zum Gespr\u00e4ch, das ohne Voranmeldung bei der Aufnahme stattfindet, Ihr Kind und die Halbjahresinformation der Grundschule mit.<\/p>\n<\/div><\/div><\/div><\/div><\/div><div class=\"vc_col-sm-4 wpb_column vc_column_container\"><div class=\"vc_column-inner\"><div class=\"wpb_wrapper\"><div class=\"w-image align_none\"><div class=\"w-image-h\"><img decoding=\"async\" width=\"300\" height=\"180\" data-src=\"https:\/\/hoegy.de\/homepage\/hgy-media\/bili-austr3.jpg\" class=\"attachment-full size-full lazyload\" alt=\"\" data-srcset=\"https:\/\/hoegy.de\/homepage\/hgy-media\/bili-austr3.jpg 300w, https:\/\/hoegy.de\/homepage\/hgy-media\/bili-austr3-200x120.jpg 200w, https:\/\/hoegy.de\/homepage\/hgy-media\/bili-austr3-150x90.jpg 150w\" data-sizes=\"auto, (max-width: 300px) 100vw, 300px\" src=\"data:image\/svg+xml;base64,PHN2ZyB3aWR0aD0iMSIgaGVpZ2h0PSIxIiB4bWxucz0iaHR0cDovL3d3dy53My5vcmcvMjAwMC9zdmciPjwvc3ZnPg==\" style=\"--smush-placeholder-width: 300px; --smush-placeholder-aspect-ratio: 300\/180;\" \/><\/div><\/div><\/div><\/div><\/div><\/div><\/div><\/section><section class=\"l-section wpb_row height_small\"><div class=\"l-section-h i-cf\"><div class=\"g-cols vc_row via_flex valign_top type_default stacking_default\"><div class=\"vc_col-sm-12 wpb_column vc_column_container\"><div class=\"vc_column-inner\"><div class=\"wpb_wrapper\">[vc_separator]<\/div><\/div><\/div><\/div><\/div><\/section><section class=\"l-section wpb_row height_small\"><div class=\"l-section-h i-cf\"><div class=\"g-cols vc_row via_flex valign_top type_default stacking_default\"><div class=\"vc_col-sm-6 wpb_column vc_column_container\"><div class=\"vc_column-inner\"><div class=\"wpb_wrapper\"><div class=\"wpb_text_column\"><div class=\"wpb_wrapper\"><h2><strong>WIR FREUEN UNS AUF DICH!<\/strong><\/h2>\n<\/div><\/div><\/div><\/div><\/div><div class=\"vc_col-sm-6 wpb_column vc_column_container\"><div class=\"vc_column-inner\"><div class=\"wpb_wrapper\"><div class=\"wpb_text_column\"><div class=\"wpb_wrapper\"><pre><em>Pencil Drawings \u00a9 Marisa Berzal Montes with special thanks!<\/em><\/pre>\n<\/div><\/div><\/div><\/div><\/div><\/div><\/div><\/section><section class=\"l-section wpb_row height_small\"><div class=\"l-section-h i-cf\"><div class=\"g-cols vc_row via_flex valign_top type_default stacking_default\"><div class=\"vc_col-sm-12 wpb_column vc_column_container\"><div class=\"vc_column-inner\"><div class=\"wpb_wrapper\"><div class=\"wpb_text_column\"><div class=\"wpb_wrapper\">\n<\/div><\/div><\/div><\/div><\/div><\/div><\/div><\/section>\n","protected":false},"excerpt":{"rendered":"DAS BILINGUALE UNTERRICHTSANGEBOT Der bilinguale Zug ist ein Angebot, welches Sch\u00fclerinnen und Sch\u00fcler mit ausgepr\u00e4gtem Interesse und Begabung f\u00fcr die englische Sprache auf gezielte Weise f\u00f6rdern m\u00f6chte. Als Fundament dient der verst\u00e4rkte Englischunterricht mit sechs bzw. f\u00fcnf Wochenstunden in Klasse 5 und 6. Von Klasse 7 bis 10 werden dann jeweils ein oder zwei Sachf\u00e4cher...","protected":false},"author":2,"featured_media":4172,"parent":218,"menu_order":5,"comment_status":"closed","ping_status":"closed","template":"","meta":{"footnotes":""},"class_list":["post-4169","page","type-page","status-publish","has-post-thumbnail","hentry"],"publishpress_future_action":{"enabled":false,"date":"2026-04-20 17:45:47","action":"change-status","newStatus":"draft","terms":[],"taxonomy":"","extraData":[]},"publishpress_future_workflow_manual_trigger":{"enabledWorkflows":[]},"_links":{"self":[{"href":"https:\/\/hoegy.de\/homepage\/wp-json\/wp\/v2\/pages\/4169","targetHints":{"allow":["GET"]}}],"collection":[{"href":"https:\/\/hoegy.de\/homepage\/wp-json\/wp\/v2\/pages"}],"about":[{"href":"https:\/\/hoegy.de\/homepage\/wp-json\/wp\/v2\/types\/page"}],"author":[{"embeddable":true,"href":"https:\/\/hoegy.de\/homepage\/wp-json\/wp\/v2\/users\/2"}],"replies":[{"embeddable":true,"href":"https:\/\/hoegy.de\/homepage\/wp-json\/wp\/v2\/comments?post=4169"}],"version-history":[{"count":30,"href":"https:\/\/hoegy.de\/homepage\/wp-json\/wp\/v2\/pages\/4169\/revisions"}],"predecessor-version":[{"id":8976,"href":"https:\/\/hoegy.de\/homepage\/wp-json\/wp\/v2\/pages\/4169\/revisions\/8976"}],"up":[{"embeddable":true,"href":"https:\/\/hoegy.de\/homepage\/wp-json\/wp\/v2\/pages\/218"}],"wp:featuredmedia":[{"embeddable":true,"href":"https:\/\/hoegy.de\/homepage\/wp-json\/wp\/v2\/media\/4172"}],"wp:attachment":[{"href":"https:\/\/hoegy.de\/homepage\/wp-json\/wp\/v2\/media?parent=4169"}],"curies":[{"name":"wp","href":"https:\/\/api.w.org\/{rel}","templated":true}]}}