{"id":417,"date":"2018-10-17T14:13:18","date_gmt":"2018-10-17T12:13:18","guid":{"rendered":"https:\/\/hoegy.de\/homepage\/?page_id=417"},"modified":"2026-02-07T12:02:13","modified_gmt":"2026-02-07T11:02:13","slug":"der-vorstand","status":"publish","type":"page","link":"https:\/\/hoegy.de\/homepage\/schulgemeinschaft\/vdf\/der-vorstand\/","title":{"rendered":"Der Vorstand"},"content":{"rendered":"<section class=\"l-section wpb_row height_small\"><div class=\"l-section-h i-cf\"><div class=\"g-cols vc_row via_flex valign_top type_default stacking_default\"><div class=\"vc_col-sm-12 wpb_column vc_column_container\"><div class=\"vc_column-inner\"><div class=\"wpb_wrapper\"><div class=\"wpb_text_column\"><div class=\"wpb_wrapper\"><p>So setzt sich der <strong>Vorstand<\/strong> des Vereins der Freunde des H\u00f6Gy aktuell zusammen:<\/p>\n<ul>\n<li>Herr <strong>Clemens Hau\u00dfmann<\/strong><br \/>\nVorsitzender,<br \/>\nVertreter der ehemaligen Sch\u00fclerinnen und Sch\u00fcler<\/li>\n<li>Herr <strong>Marco Laumanns<\/strong><br \/>\nstellvertretender Vorsitzender,<br \/>\nVertreter der aktiven Lehrerinnen und Lehrer<\/li>\n<li>Herr <strong>Michael Schmid<\/strong><br \/>\nSchatzmeister,<br \/>\nVertreter der ehemaligen Lehrerinnen und Lehrer<\/li>\n<li>Herr <strong>Wolf-Uli Sch\u00f6n<\/strong><br \/>\nSchriftf\u00fchrer,<br \/>\nVertreter der ehemaligen Sch\u00fclerinnen und Sch\u00fcler<\/li>\n<li>Herr <strong>Benjamin Czernoch<\/strong><br \/>\nVertreter der ehemaligen Sch\u00fclerinnen und Sch\u00fcler, Vertreter der H\u00f6Gy-Eltern<\/li>\n<li>Herr <strong>Felix Hartnagel<\/strong><br \/>\nVertreter der ehemaligen Sch\u00fclerinnen und Sch\u00fcler<\/li>\n<li>Herr <strong>Wolfgang Maier<\/strong><br \/>\nVertreter der H\u00f6Gy-Eltern<\/li>\n<li>Herr <strong>Horst Maisch<\/strong><br \/>\nVertreter der ehemaligen Lehrerinnen und Lehrer<\/li>\n<li>Frau <strong>Swetlana Sudermann<\/strong><br \/>\nVertreterin der H\u00f6Gy-Eltern<\/li>\n<li>Frau <strong>Dorothea Joos<\/strong><br \/>\nVertreterin der ehemaligen H\u00f6Gy-Eltern<\/li>\n<li>Herr <strong>Henning Drews<\/strong><br \/>\nVertreter der H\u00f6Gy-Eltern<\/li>\n<\/ul>\n<p>Kraft Amtes sind im Vorstand vertreten:<\/p>\n<ul>\n<li>die Schulleiterin:\u00a0 Frau <strong>Beate Selb<\/strong><\/li>\n<li>der Vorsitzende des H\u00f6Gy-Elternbeirats: Frau <strong>Katja Renz<\/strong><\/li>\n<li>der Sch\u00fclersprecher: <strong>Levion Tough<\/strong><\/li>\n<\/ul>\n<\/div><\/div><\/div><\/div><\/div><\/div><\/div><\/section>\n","protected":false},"excerpt":{"rendered":"So setzt sich der Vorstand des Vereins der Freunde des H\u00f6Gy aktuell zusammen: Herr Clemens Hau\u00dfmann Vorsitzender, Vertreter der ehemaligen Sch\u00fclerinnen und Sch\u00fcler Herr Marco Laumanns stellvertretender Vorsitzender, Vertreter der aktiven Lehrerinnen und Lehrer Herr Michael Schmid Schatzmeister, Vertreter der ehemaligen Lehrerinnen und Lehrer Herr Wolf-Uli Sch\u00f6n Schriftf\u00fchrer, Vertreter der ehemaligen Sch\u00fclerinnen und Sch\u00fcler Herr...","protected":false},"author":2,"featured_media":0,"parent":8399,"menu_order":2,"comment_status":"closed","ping_status":"closed","template":"","meta":{"footnotes":""},"class_list":["post-417","page","type-page","status-publish","hentry"],"publishpress_future_action":{"enabled":false,"date":"2026-04-24 10:41:52","action":"change-status","newStatus":"draft","terms":[],"taxonomy":"","extraData":[]},"publishpress_future_workflow_manual_trigger":{"enabledWorkflows":[]},"_links":{"self":[{"href":"https:\/\/hoegy.de\/homepage\/wp-json\/wp\/v2\/pages\/417","targetHints":{"allow":["GET"]}}],"collection":[{"href":"https:\/\/hoegy.de\/homepage\/wp-json\/wp\/v2\/pages"}],"about":[{"href":"https:\/\/hoegy.de\/homepage\/wp-json\/wp\/v2\/types\/page"}],"author":[{"embeddable":true,"href":"https:\/\/hoegy.de\/homepage\/wp-json\/wp\/v2\/users\/2"}],"replies":[{"embeddable":true,"href":"https:\/\/hoegy.de\/homepage\/wp-json\/wp\/v2\/comments?post=417"}],"version-history":[{"count":22,"href":"https:\/\/hoegy.de\/homepage\/wp-json\/wp\/v2\/pages\/417\/revisions"}],"predecessor-version":[{"id":15176,"href":"https:\/\/hoegy.de\/homepage\/wp-json\/wp\/v2\/pages\/417\/revisions\/15176"}],"up":[{"embeddable":true,"href":"https:\/\/hoegy.de\/homepage\/wp-json\/wp\/v2\/pages\/8399"}],"wp:attachment":[{"href":"https:\/\/hoegy.de\/homepage\/wp-json\/wp\/v2\/media?parent=417"}],"curies":[{"name":"wp","href":"https:\/\/api.w.org\/{rel}","templated":true}]}}