{"id":442,"date":"2018-10-17T14:18:18","date_gmt":"2018-10-17T12:18:18","guid":{"rendered":"https:\/\/hoegy.de\/homepage\/?page_id=442"},"modified":"2024-01-30T22:28:43","modified_gmt":"2024-01-30T21:28:43","slug":"kontakt","status":"publish","type":"page","link":"https:\/\/hoegy.de\/homepage\/schulgemeinschaft\/vdf\/kontakt\/","title":{"rendered":"Kontakt"},"content":{"rendered":"<section class=\"l-section wpb_row height_small\"><div class=\"l-section-h i-cf\"><div class=\"g-cols vc_row via_flex valign_top type_default stacking_default\"><div class=\"vc_col-sm-12 wpb_column vc_column_container\"><div class=\"vc_column-inner\"><div class=\"wpb_wrapper\"><div class=\"wpb_text_column\"><div class=\"wpb_wrapper\"><p><strong>Postadresse<\/strong><br \/>Verein der Freunde des H\u00f6lderlin-Gymnasiums N\u00fcrtingen e.V.<br \/>Am Lerchenberg 75<br \/>72622 N\u00fcrtingen<\/p>\n<p><strong>Vereinsregister<\/strong><br \/>Eingetragen beim Amtsgericht Stuttgart unter der Nummer VR 220370<\/p>\n<p><strong>Vorsitzender<\/strong><br \/>Clemens Hau\u00dfmann<\/p>\n<p><strong>Telefon<\/strong><br \/>07022 9478-7300<\/p>\n<p><strong>E-Mail an den Vorstand<\/strong><br \/><a href=\"mailto:verein@hoegy.de?subject=Eine%20Nachricht%20an%20den%20Vereins-Vorstand%20\">verein@hoegy.de<\/a><\/p>\n<\/div><\/div><\/div><\/div><\/div><\/div><\/div><\/section>\n","protected":false},"excerpt":{"rendered":"PostadresseVerein der Freunde des H\u00f6lderlin-Gymnasiums N\u00fcrtingen e.V.Am Lerchenberg 7572622 N\u00fcrtingen VereinsregisterEingetragen beim Amtsgericht Stuttgart unter der Nummer VR 220370 VorsitzenderClemens Hau\u00dfmann Telefon07022 9478-7300 E-Mail an den Vorstandverein@hoegy.de","protected":false},"author":2,"featured_media":0,"parent":8399,"menu_order":6,"comment_status":"closed","ping_status":"closed","template":"","meta":{"footnotes":""},"class_list":["post-442","page","type-page","status-publish","hentry"],"publishpress_future_action":{"enabled":false,"date":"2026-05-06 21:07:21","action":"change-status","newStatus":"draft","terms":[],"taxonomy":"","extraData":[]},"publishpress_future_workflow_manual_trigger":{"enabledWorkflows":[]},"_links":{"self":[{"href":"https:\/\/hoegy.de\/homepage\/wp-json\/wp\/v2\/pages\/442","targetHints":{"allow":["GET"]}}],"collection":[{"href":"https:\/\/hoegy.de\/homepage\/wp-json\/wp\/v2\/pages"}],"about":[{"href":"https:\/\/hoegy.de\/homepage\/wp-json\/wp\/v2\/types\/page"}],"author":[{"embeddable":true,"href":"https:\/\/hoegy.de\/homepage\/wp-json\/wp\/v2\/users\/2"}],"replies":[{"embeddable":true,"href":"https:\/\/hoegy.de\/homepage\/wp-json\/wp\/v2\/comments?post=442"}],"version-history":[{"count":15,"href":"https:\/\/hoegy.de\/homepage\/wp-json\/wp\/v2\/pages\/442\/revisions"}],"predecessor-version":[{"id":11512,"href":"https:\/\/hoegy.de\/homepage\/wp-json\/wp\/v2\/pages\/442\/revisions\/11512"}],"up":[{"embeddable":true,"href":"https:\/\/hoegy.de\/homepage\/wp-json\/wp\/v2\/pages\/8399"}],"wp:attachment":[{"href":"https:\/\/hoegy.de\/homepage\/wp-json\/wp\/v2\/media?parent=442"}],"curies":[{"name":"wp","href":"https:\/\/api.w.org\/{rel}","templated":true}]}}