{"id":473,"date":"2018-10-17T19:19:00","date_gmt":"2018-10-17T17:19:00","guid":{"rendered":"https:\/\/hoegy.de\/homepage\/?page_id=473"},"modified":"2022-08-11T14:59:52","modified_gmt":"2022-08-11T12:59:52","slug":"menue-bestellung","status":"publish","type":"page","link":"https:\/\/hoegy.de\/homepage\/schulgemeinschaft\/mensa-verein\/menue-bestellung\/","title":{"rendered":"Men\u00fc-Bestellung"},"content":{"rendered":"<section class=\"l-section wpb_row height_small\"><div class=\"l-section-h i-cf\"><div class=\"g-cols vc_row via_flex valign_top type_default stacking_default\"><div class=\"vc_col-sm-12 wpb_column vc_column_container\"><div class=\"vc_column-inner\"><div class=\"wpb_wrapper\"><div class=\"wpb_text_column\"><div class=\"wpb_wrapper\"><p><a href=\"https:\/\/www.meinessen.net\/hoegy\/Vorbesteller\/Default.aspx\">Hier klicken, um das Men\u00fc vorzubestellen.<\/a><\/p>\n<p>&nbsp;<\/p>\n<h2><a href=\"https:\/\/www.meinessen.net\/hoegy\/\"><img decoding=\"async\" class=\"alignnone wp-image-3382 size-full lazyload\" data-src=\"https:\/\/hoegy.de\/homepage\/hgy-media\/mensa_bestellsystem.jpeg\" alt=\"Mensa Online-Bestellsystem\" width=\"1266\" height=\"756\" data-srcset=\"https:\/\/hoegy.de\/homepage\/hgy-media\/mensa_bestellsystem.jpeg 1266w, https:\/\/hoegy.de\/homepage\/hgy-media\/mensa_bestellsystem-200x119.jpeg 200w, https:\/\/hoegy.de\/homepage\/hgy-media\/mensa_bestellsystem-1024x611.jpeg 1024w, https:\/\/hoegy.de\/homepage\/hgy-media\/mensa_bestellsystem-600x358.jpeg 600w, https:\/\/hoegy.de\/homepage\/hgy-media\/mensa_bestellsystem-50x30.jpeg 50w\" data-sizes=\"(max-width: 1266px) 100vw, 1266px\" src=\"data:image\/svg+xml;base64,PHN2ZyB3aWR0aD0iMSIgaGVpZ2h0PSIxIiB4bWxucz0iaHR0cDovL3d3dy53My5vcmcvMjAwMC9zdmciPjwvc3ZnPg==\" style=\"--smush-placeholder-width: 1266px; --smush-placeholder-aspect-ratio: 1266\/756;\" \/><\/a>Essen vorbestellen<\/h2>\n<ul>\n<li>Geh auf die Vorbestellseite der H\u00f6Gy-Mensa: <a title=\"hier geht's zur Men\u00fcbestellung\" href=\"https:\/\/www.meinessen.net\/hoegy\/\" target=\"_self\" rel=\"noopener noreferrer\">https:\/\/www.meinessen.net\/hoegy\/<\/a>\u00a0oder \u00f6ffne die App lunch:time<\/li>\n<li><strong>Anmelden bei MIN-TEC (Bestellsystem)<\/strong>:<br \/>\nwer sich zum ersten Mal anmeldet gibt seine Buchungsnummer als Benutzername an (228- \u2026\u2026 ) . Die Buchungsnummer hast Du bei der Registrierung erhalten.\u00a0Das Passwort entspricht anfangs Deinem Geburtsdatum (Format: TT.MM.JJJJ).\u00a0Du solltest es m\u00f6glichst bald \u00e4ndern. In der App als Standortnummer verwende bitte: HOEGY<\/li>\n<li>Jetzt erscheint der Speiseplan mit alle Hauptgerichten<br \/>\n&#8211;&gt; Wunschgericht anklicken<br \/>\n&#8211;&gt; Suppe, Dessert und\/oder Nachtisch braucht nicht vorbestellt werden<\/li>\n<li>Bestellung erscheint &#8211;&gt; Bestellung abschicken<\/li>\n<li>Bezahlt wird erst beim Abholen in der Mensa<\/li>\n<li>Die Speisen k\u00f6nnen im Voraus und noch bis sp\u00e4testens 8 Uhr des jeweiligen Tags vorbestellt werden. Bereits bestellte k\u00f6nnen bis 11 Uhr storniert werden.<\/li>\n<\/ul>\n<h2>Kontobenachrichtigung<\/h2>\n<p>Dein Essen wird \u00fcber Dein Guthaben auf dem H\u00f6Gy-Treuhandkonto bezahlt.<br \/>\nDamit nicht vergessen wird das Guthaben wieder aufzuladen, gibt es eine Benachrichtigungsfunktion:<\/p>\n<ul>\n<li>geh auf die Vorbestellseite der H\u00f6Gy-Mensa<br \/>\n<a title=\"hier geht's zur Men\u00fcbestellung\" href=\"https:\/\/www.meinessen.net\/hoegy\/Vorbesteller\/Default.aspx\" target=\"_self\" rel=\"noopener noreferrer\">https:\/\/www.meinessen.net\/hoegy\/Vorbesteller\/Default.aspx<\/a><\/li>\n<li>melde Dich an:<br \/>\nanfangs mit Deiner Buchungsnummer und Deinem Geburtsdatum, sp\u00e4ter mit Deinem selbst gew\u00e4hlten Benutzernamen und Deinem eigenen Passwort.<\/li>\n<li>klicke auf &#8220;Profil&#8221;<br \/>\n&#8212;&gt; hier kannst Du Deine EMail-Adresse eintragen<br \/>\n&#8212;&gt; und festlegen bei welchem Mindestguthaben Du eine Erinnerungs-Mail bekommen m\u00f6chtest<\/li>\n<li>im Bereich &#8220;Profil&#8221; kannst Du auch Deinen Benutzernamen oder Dein Passwort \u00e4ndern.<\/li>\n<\/ul>\n<\/div><\/div><\/div><\/div><\/div><\/div><\/div><\/section>\n","protected":false},"excerpt":{"rendered":"Hier klicken, um das Men\u00fc vorzubestellen. &nbsp; Essen vorbestellen Geh auf die Vorbestellseite der H\u00f6Gy-Mensa: https:\/\/www.meinessen.net\/hoegy\/\u00a0oder \u00f6ffne die App lunch:time Anmelden bei MIN-TEC (Bestellsystem): wer sich zum ersten Mal anmeldet gibt seine Buchungsnummer als Benutzername an (228- \u2026\u2026 ) . Die Buchungsnummer hast Du bei der Registrierung erhalten.\u00a0Das Passwort entspricht anfangs Deinem Geburtsdatum (Format: TT.MM.JJJJ).\u00a0Du...","protected":false},"author":2,"featured_media":0,"parent":8406,"menu_order":4,"comment_status":"closed","ping_status":"closed","template":"","meta":{"footnotes":""},"class_list":["post-473","page","type-page","status-publish","hentry"],"publishpress_future_action":{"enabled":false,"date":"2026-05-08 20:08:58","action":"change-status","newStatus":"draft","terms":[],"taxonomy":"","extraData":[]},"publishpress_future_workflow_manual_trigger":{"enabledWorkflows":[]},"_links":{"self":[{"href":"https:\/\/hoegy.de\/homepage\/wp-json\/wp\/v2\/pages\/473","targetHints":{"allow":["GET"]}}],"collection":[{"href":"https:\/\/hoegy.de\/homepage\/wp-json\/wp\/v2\/pages"}],"about":[{"href":"https:\/\/hoegy.de\/homepage\/wp-json\/wp\/v2\/types\/page"}],"author":[{"embeddable":true,"href":"https:\/\/hoegy.de\/homepage\/wp-json\/wp\/v2\/users\/2"}],"replies":[{"embeddable":true,"href":"https:\/\/hoegy.de\/homepage\/wp-json\/wp\/v2\/comments?post=473"}],"version-history":[{"count":13,"href":"https:\/\/hoegy.de\/homepage\/wp-json\/wp\/v2\/pages\/473\/revisions"}],"predecessor-version":[{"id":8408,"href":"https:\/\/hoegy.de\/homepage\/wp-json\/wp\/v2\/pages\/473\/revisions\/8408"}],"up":[{"embeddable":true,"href":"https:\/\/hoegy.de\/homepage\/wp-json\/wp\/v2\/pages\/8406"}],"wp:attachment":[{"href":"https:\/\/hoegy.de\/homepage\/wp-json\/wp\/v2\/media?parent=473"}],"curies":[{"name":"wp","href":"https:\/\/api.w.org\/{rel}","templated":true}]}}