{"id":492,"date":"2018-10-17T19:28:02","date_gmt":"2018-10-17T17:28:02","guid":{"rendered":"https:\/\/hoegy.de\/homepage\/?page_id=492"},"modified":"2022-08-11T15:01:45","modified_gmt":"2022-08-11T13:01:45","slug":"satzung","status":"publish","type":"page","link":"https:\/\/hoegy.de\/homepage\/schulgemeinschaft\/mensa-verein\/satzung\/","title":{"rendered":"Satzung"},"content":{"rendered":"<dl>\n<dt>\u00a7 1<strong>\u00a0\u00a0\u00a0\u00a0Name und Sitz des Vereins<\/strong><\/dt>\n<dd>Der Verein f\u00fchrt den Namen<\/p>\n<p><strong>\u201eMensa-Verein des H\u00f6lderlin-Gymnasiums N\u00fcrtingen \u2013 <\/strong><br \/>\n<strong>\u00a0\u00a0\u00a0\u00a0\u00a0\u00a0 H\u00f6gy-Eltern f\u00fcr Sch\u00fcler (H\u00f6gyEfS) \u201c.<\/strong><\/p>\n<p>Er soll im Vereinsregister des Amtsgerichts N\u00fcrtingen eingetragen werden.<br \/>\nSitz des Vereins ist N\u00fcrtingen.<br \/>\nDas Gesch\u00e4ftsjahr ist das Schuljahr.<\/dd>\n<dt>\u00a7 2<strong>\u00a0\u00a0\u00a0\u00a0Zweck des Vereins<\/strong><\/dt>\n<dd>Der Zweck des Vereins ist die F\u00f6rderung der Erziehung.<br \/>\nInsbesondere durch die Zubereitung und Ausgabe von Mahlzeiten in der Mensa \u00fcbernimmt der Verein, durch Betreuung von Sch\u00fclern im Zeitraum zwischen Vormittags \u2013 und Nachmittagsunterricht, erzieherische Aufgaben.Dadurch f\u00f6rdert der Verein die Begegnung von Sch\u00fclern, Lehrern, Eltern und Freunden des H\u00f6lderlin-Gymnasiums.<\/dd>\n<dt>\u00a7 3<strong>\u00a0\u00a0\u00a0\u00a0Gemeinn\u00fctzigkeit<\/strong><\/dt>\n<dd>Der Verein verfolgt ausschlie\u00dflich und unmittelbar gemeinn\u00fctzige Zwecke im Sinne der Abgabenordnung \u00a7\u00a7 51 ff. v. 1977. Mittel des Vereins d\u00fcrfen nur f\u00fcr die satzungsgem\u00e4\u00dfen Zwecke verwendet werden. Die Mitglieder erhalten keine Gewinnanteile und keine Zuwendungen aus den Mitteln des Vereins. Es darf keine Person durch Ausgaben, die dem Zweck des Vereins fremd sind, oder durch unverh\u00e4ltnism\u00e4\u00dfig hohe Verg\u00fctungen beg\u00fcnstigt werden.<\/p>\n<p>Die Verfolgung wirtschaftlicher, politischer und religi\u00f6ser Ziele innerhalb des Vereins ist unzul\u00e4ssig.<\/p>\n<p>Alle \u00c4mter im Verein werden ehrenamtlich ausgef\u00fchrt.<\/p>\n<p>Der Verein ist selbstlos t\u00e4tig, er verfolgt nicht in erster Linie eigenwirtschaftliche Zwecke.<\/dd>\n<dt>\u00a7 4<strong>\u00a0\u00a0\u00a0\u00a0Mitgliedschaft<\/strong><\/dt>\n<dd>Mitglied des Vereins kann jede vollj\u00e4hrige und jede juristische Person werden.<\/p>\n<p>Mitglied des Vereins k\u00f6nnen aktiv in der Mensa mitarbeitende Personen werden.<\/p>\n<p>Der Eintritt in den Verein kann zu jeder Zeit erfolgen.<\/p>\n<p>Die Mitgliedschaft wird durch schriftlichen Antrag erworben, \u00fcber dessen Annahme der Vorstand durch schriftliche Mitteilung entscheidet. Eine eventuelle Ablehnung hat schriftlich zu erfolgen und bedarf keiner Begr\u00fcndung.<\/p>\n<p>Mitgliedsbeitr\u00e4ge werden keine erhoben.<\/dd>\n<dt>\u00a7 5<strong>\u00a0\u00a0\u00a0\u00a0Beendigung der Mitgliedschaft<\/strong><\/dt>\n<dd>Die Mitgliedschaft endet<\/p>\n<ol>\n<li>durch freiwilligen Austritt<\/li>\n<li>durch Streichung von der Mitgliederliste<\/li>\n<li>durch Ausschluss aus dem Verein&lt;7li&gt;<\/li>\n<li>durch Tod der nat\u00fcrlichen bzw. Aufl\u00f6sung der juristischen Person<\/li>\n<\/ol>\n<p>Der jederzeit m\u00f6gliche Austritt ist dem Vorstand schriftlich zu erkl\u00e4ren.<\/p>\n<p>\u00dcber den Ausschluss entscheidet der Vorstand durch schriftlichen Bescheid.<\/dd>\n<dt>\u00a7 6<strong>\u00a0\u00a0\u00a0\u00a0Organe<\/strong><\/dt>\n<dd>Organe des Vereins sind der Vorstand und die Mitgliederversammlung.<\/dd>\n<dt>\u00a7 7<strong>\u00a0\u00a0\u00a0\u00a0Vorstand<\/strong><\/dt>\n<dd>Der Vorstand besteht aus<\/p>\n<ol>\n<li>der\/dem Vorsitzenden<\/li>\n<li>der\/dem stellvertretenden Vorsitzenden<\/li>\n<li>der\/dem Kassenf\u00fchrer\/in<\/li>\n<li>der\/dem Schriftf\u00fchrer\/in<\/li>\n<\/ol>\n<p>Vorstand im Sinne \u00a7 26 BGB sind die\/der Vorsitzende und die\/der Stellvertreter\/in der\/des Vorsitzenden. Jeder von ihnen vertritt den Verein allein.<\/p>\n<p>Der Vorstand wird auf zwei Jahre gew\u00e4hlt. Er bleibt bis zur Neuwahl im Amt.<\/p>\n<p>Die T\u00e4tigkeit der Vorstandsmitglieder ist ehrenamtlich.<\/p>\n<p>Die Kassenpr\u00fcfung der Mensavereinskasse \u00fcbernimmt der vom Elternbeirat des H\u00f6lderlin-Gymnasiums gew\u00e4hlte Kassenpr\u00fcfer.<\/dd>\n<dt>\u00a7 8<strong>\u00a0\u00a0\u00a0\u00a0Mitgliederversammlung<\/strong><\/dt>\n<dd>Die ordentliche Mitgliederversammlung soll mindestens einmal im Jahr stattfinden.<\/p>\n<p>Sie wird vom Vorstand unter Einhaltung einer Frist von zwei Wochen schriftlich unter Angabe der Tagesordnung einberufen.<\/p>\n<p>Eine au\u00dferordentliche Mitgliederversammlung ist vom Vorstand einzuberufen, wenn es das Interesse des Vereins erfordert oder wenn 1\/4 der Mitglieder eine solche schriftlich unter Angabe des Zwecks und der Gr\u00fcnde beim Vorstand beantragt.<\/p>\n<p>Die ordentliche Mitgliederversammlung hat folgende Aufgaben:<\/p>\n<ol>\n<li>Jahresbericht des Vorstands, des Kassenverwalters und des Kassenpr\u00fcfers sowie des Schriftf\u00fchrers entgegenzunehmen und Entlastung zu erteilen.<\/li>\n<li>Wahl des Vorstands.<br \/>\nAus der Mitgliederversammlung heraus k\u00f6nnen sich Arbeitskreise bilden, die sich, zur Entlastung des Vorstands, mit besonderen Themen befassen.<\/li>\n<li>Die Mitgliederversammlung ist ohne R\u00fccksicht auf die Zahl der erschienenen Mitglieder beschlussf\u00e4hig. Sie entscheidet grunds\u00e4tzlich mit einfacher Mehrheit. Lediglich bei \u00c4nderung der Satzung ist eine 2\/3 Mehrheit der anwesenden Mitglieder erforderlich.<\/li>\n<li>F\u00fcr eine Mitgliederversammlung, die \u00fcber die Aufl\u00f6sung des Vereins beschlie\u00dfen soll, gilt \u00a7 10.<\/li>\n<\/ol>\n<\/dd>\n<dt>\u00a7 9<strong>\u00a0\u00a0\u00a0\u00a0Versammlungsprotokoll<\/strong><\/dt>\n<dd>\u00dcber die Mitgliederversammlung ist vom Schriftf\u00fchrer eine Niederschrift aufzunehmen, die von ihm und einem weiteren Vorstandsmitglied zu unterzeichnen ist.<\/p>\n<p>Die Mitglieder werden in einem Namensverzeichnis gef\u00fchrt.<\/dd>\n<dt>\u00a7 10<strong>\u00a0\u00a0\u00a0Aufl\u00f6sung des Vereins<\/strong><\/dt>\n<dd>\u00dcber eine Aufl\u00f6sung entscheidet eine mit einer Frist von einem Monat nach \u00a7 8 Abs. 2 einzuberufende Mitgliederversammlung.<\/p>\n<p>Die Mitgliederversammlung, die \u00fcber die Aufl\u00f6sung des Vereins beschlie\u00dft, ist nur dann beschlussf\u00e4hig, wenn mindestens 3\/4 der stimmberechtigten Mitglieder anwesend sind und 2\/3 dieser anwesenden Stimmen die Aufl\u00f6sung beschlie\u00dfen.<\/p>\n<p>Ist die Versammlung nicht beschlussf\u00e4hig, so hat innerhalb von vier Wochen die Einberufung einer zweiten Versammlung zu erfolgen, die dann ohne R\u00fccksicht auf die Zahl der anwesenden Stimmen mit 3\/4 Mehrheit der anwesenden Stimmen die Aufl\u00f6sung beschlie\u00dfen kann.<\/p>\n<p>Bei Aufl\u00f6sung des Vereins oder Wegfall seines bisherigen Zwecks f\u00e4llt das Verm\u00f6gen des Vereins dem Schultr\u00e4ger des H\u00f6lderlin-Gymnasiums zu, verbunden mit der Auflage, das Verm\u00f6gen nach R\u00fccksprache mit dem Elternbeirat des H\u00f6lderlin-Gymnasiums zugunsten der Schule im Sinne der Zweckbestimmung dieses Vereins zu steuerg\u00fcnstigem Zwecke zu verwenden. Beschl\u00fcsse \u00fcber die k\u00fcnftige Verwendung des Verm\u00f6gens d\u00fcrfen erst nach Einwilligung des Finanzamts ausgef\u00fchrt werden.<\/dd>\n<dt>\u00a7 11<strong>\u00a0\u00a0\u00a0Schlussbestimmungen<\/strong><\/dt>\n<dd>Im \u00dcbrigen gelten die Bestimmungen des BGB. Gerichtsstand ist N\u00fcrtingen.<\/p>\n<p>Die Satzung wurde in der Gr\u00fcndungsversammlung am 24. M\u00e4rz 2004 beschlossen und tritt mit der Eintragung ins Vereinsregister in Kraft.<\/p>\n<p>N\u00fcrtingen, den 24. M\u00e4rz 2004<\/p>\n<p>Die Mitglieder der Gr\u00fcndungsversammlung:<\/p>\n<ul>\n<li>Gabriele Frisch<\/li>\n<li>B\u00e4rbel Igel-Goll<\/li>\n<li>Michael Schmid<\/li>\n<li>Monika Bauer<\/li>\n<li>Barbara Busch<\/li>\n<li>Anneliese Bebon<\/li>\n<li>Irmgard Haase<\/li>\n<\/ul>\n<\/dd>\n<\/dl>\n","protected":false},"excerpt":{"rendered":"<p>\u00a7 1\u00a0\u00a0\u00a0\u00a0Name und Sitz des Vereins Der Verein f\u00fchrt den Namen \u201eMensa-Verein des H\u00f6lderlin-Gymnasiums N\u00fcrtingen \u2013 \u00a0\u00a0\u00a0\u00a0\u00a0\u00a0 H\u00f6gy-Eltern f\u00fcr Sch\u00fcler (H\u00f6gyEfS) \u201c. Er soll im Vereinsregister des Amtsgerichts N\u00fcrtingen eingetragen werden. Sitz des Vereins ist N\u00fcrtingen. Das Gesch\u00e4ftsjahr ist das Schuljahr. \u00a7 2\u00a0\u00a0\u00a0\u00a0Zweck des Vereins Der Zweck des Vereins ist die F\u00f6rderung der Erziehung. Insbesondere&#8230;<\/p>\n","protected":false},"author":2,"featured_media":0,"parent":8406,"menu_order":8,"comment_status":"closed","ping_status":"closed","template":"","meta":{"footnotes":""},"class_list":["post-492","page","type-page","status-publish","hentry"],"publishpress_future_action":{"enabled":false,"date":"2026-04-20 17:44:34","action":"change-status","newStatus":"draft","terms":[],"taxonomy":"","extraData":[]},"publishpress_future_workflow_manual_trigger":{"enabledWorkflows":[]},"_links":{"self":[{"href":"https:\/\/hoegy.de\/homepage\/wp-json\/wp\/v2\/pages\/492","targetHints":{"allow":["GET"]}}],"collection":[{"href":"https:\/\/hoegy.de\/homepage\/wp-json\/wp\/v2\/pages"}],"about":[{"href":"https:\/\/hoegy.de\/homepage\/wp-json\/wp\/v2\/types\/page"}],"author":[{"embeddable":true,"href":"https:\/\/hoegy.de\/homepage\/wp-json\/wp\/v2\/users\/2"}],"replies":[{"embeddable":true,"href":"https:\/\/hoegy.de\/homepage\/wp-json\/wp\/v2\/comments?post=492"}],"version-history":[{"count":2,"href":"https:\/\/hoegy.de\/homepage\/wp-json\/wp\/v2\/pages\/492\/revisions"}],"predecessor-version":[{"id":1233,"href":"https:\/\/hoegy.de\/homepage\/wp-json\/wp\/v2\/pages\/492\/revisions\/1233"}],"up":[{"embeddable":true,"href":"https:\/\/hoegy.de\/homepage\/wp-json\/wp\/v2\/pages\/8406"}],"wp:attachment":[{"href":"https:\/\/hoegy.de\/homepage\/wp-json\/wp\/v2\/media?parent=492"}],"curies":[{"name":"wp","href":"https:\/\/api.w.org\/{rel}","templated":true}]}}