{"id":5051,"date":"2021-01-21T21:44:50","date_gmt":"2021-01-21T20:44:50","guid":{"rendered":"https:\/\/hoegy.de\/homepage\/?page_id=5051"},"modified":"2022-09-02T20:27:41","modified_gmt":"2022-09-02T18:27:41","slug":"nwtprofil","status":"publish","type":"page","link":"https:\/\/hoegy.de\/homepage\/schulangebote\/faecher-unterricht\/nwtprofil\/","title":{"rendered":"Naturwissenschaft und Technik (NWT)"},"content":{"rendered":"<section class=\"l-section wpb_row height_small\"><div class=\"l-section-h i-cf\"><div class=\"g-cols vc_row via_flex valign_top type_default stacking_default\"><div class=\"vc_col-sm-8 wpb_column vc_column_container\"><div class=\"vc_column-inner\"><div class=\"wpb_wrapper\"><div class=\"wpb_text_column\"><div class=\"wpb_wrapper\"><h3><span style=\"color: #067377;\"><strong>WARUM NWT?<\/strong><\/span><\/h3>\n<\/div><\/div><div class=\"wpb_text_column\"><div class=\"wpb_wrapper\"><p>Unsere Gegenwart und Entwicklung ist stark von naturwissenschaftlichem Erkenntnisgewinn und technischen Innovationen gepr\u00e4gt. Naturwissenschaft und Technik erm\u00f6glichen in vielen Lebensbereichen wie Mobilit\u00e4t, Kommunikation und Medizin aber auch Energie-, Nahrungs- und Rohstoffversorgung immer neue M\u00f6glichkeiten. In NwT lernen die Sch\u00fclerinnen und Sch\u00fcler die Vorkenntnisse aus den Naturwissenschaften zu vernetzen und gezielt zu vertiefen sowie Fragestellungen und Probleme kreativ zu bearbeiten und zu l\u00f6sen. NwT schl\u00e4gt die Br\u00fccke zu den Ingenieurswissenschaften.<\/p>\n<\/div><\/div><\/div><\/div><\/div><div class=\"vc_col-sm-4 wpb_column vc_column_container\"><div class=\"vc_column-inner\"><div class=\"wpb_wrapper\"><div class=\"w-image align_none\"><div class=\"w-image-h\"><img decoding=\"async\" width=\"200\" height=\"200\" data-src=\"https:\/\/hoegy.de\/homepage\/hgy-media\/nwtIdea-200x200.png\" class=\"attachment-medium size-medium lazyload\" alt=\"\" data-srcset=\"https:\/\/hoegy.de\/homepage\/hgy-media\/nwtIdea-200x200.png 200w, https:\/\/hoegy.de\/homepage\/hgy-media\/nwtIdea-150x150.png 150w, https:\/\/hoegy.de\/homepage\/hgy-media\/nwtIdea-595x595.png 595w, https:\/\/hoegy.de\/homepage\/hgy-media\/nwtIdea-50x50.png 50w, https:\/\/hoegy.de\/homepage\/hgy-media\/nwtIdea.png 1000w\" data-sizes=\"auto, (max-width: 200px) 100vw, 200px\" src=\"data:image\/svg+xml;base64,PHN2ZyB3aWR0aD0iMSIgaGVpZ2h0PSIxIiB4bWxucz0iaHR0cDovL3d3dy53My5vcmcvMjAwMC9zdmciPjwvc3ZnPg==\" style=\"--smush-placeholder-width: 200px; --smush-placeholder-aspect-ratio: 200\/200;\" \/><\/div><\/div><\/div><\/div><\/div><\/div><\/div><\/section><section class=\"l-section wpb_row height_small\"><div class=\"l-section-h i-cf\"><div class=\"g-cols vc_row via_flex valign_top type_default stacking_default\"><div class=\"vc_col-sm-6 wpb_column vc_column_container\"><div class=\"vc_column-inner\"><div class=\"wpb_wrapper\"><div class=\"wpb_text_column\"><div class=\"wpb_wrapper\"><table style=\"background-color: #b4d5d6; height: 417px;\" width=\"568\">\n<tbody>\n<tr>\n<td style=\"width: 117.917px;\"><span style=\"color: #067377;\"><strong>KLASSE 5-6<\/strong><\/span><\/td>\n<td style=\"width: 616.083px;\"><span style=\"color: #067377;\">BNT (Biologie, Naturph\u00e4nomene und Technik<\/span><\/p>\n<p><span style=\"color: #067377;\">Verbindlich f\u00fcr alle Sch\u00fclerinnen und Sch\u00fcler<\/span><\/td>\n<\/tr>\n<tr>\n<td style=\"width: 117.917px;\"><span style=\"color: #067377;\"><strong>KLASSE 8<br \/>\n<\/strong><\/span><\/td>\n<td style=\"width: 616.083px;\"><span style=\"color: #067377;\">NWT<\/span><\/p>\n<p><span style=\"color: #067377;\">Modul 1: Konstruktion eines Krans<\/span><\/p>\n<p><span style=\"color: #067377;\">Modul 2: Analoge und digitale Elektronik (Arduino)<\/span><\/p>\n<p><span style=\"color: #067377;\">Modul 3: Datenerhebung und Analyse am Beispiel Boden<\/span><\/td>\n<\/tr>\n<tr>\n<td style=\"width: 117.917px;\"><span style=\"color: #067377;\"><strong>KLASSE 9<\/strong><\/span><\/td>\n<td style=\"width: 616.083px;\"><span style=\"color: #067377;\">NWT<\/span><\/p>\n<p><span style=\"color: #067377;\">Modul 1: Fotometer<\/span><\/p>\n<p><span style=\"color: #067377;\">Modul 2: Programmierung eines Lego\u00ae Mindstorms-Roboters<\/span><\/p>\n<p><span style=\"color: #067377;\">Modul 3: Technisches Zeichnen und CAD<\/span><\/td>\n<\/tr>\n<tr>\n<td style=\"width: 117.917px;\"><span style=\"color: #067377;\"><strong>KLASSE 10<\/strong><\/span><\/td>\n<td style=\"width: 616.083px;\"><span style=\"color: #067377;\">NWT<\/span><\/p>\n<p><span style=\"color: #067377;\">Modul 1:\u00a0 Windpumpe<\/span><\/p>\n<p><span style=\"color: #067377;\">Modul 2: Medizintechnik<\/span><\/p>\n<p><span style=\"color: #067377;\">Modul 3: Lebensmitteltechnologie<\/span><\/td>\n<\/tr>\n<\/tbody>\n<\/table>\n<\/div><\/div><\/div><\/div><\/div><div class=\"vc_col-sm-6 wpb_column vc_column_container\"><div class=\"vc_column-inner\"><div class=\"wpb_wrapper\"><div class=\"wpb_text_column\"><div class=\"wpb_wrapper\"><h3><span style=\"color: #067377;\"><strong>NWT-PROFIL AM H\u00d6GY<\/strong><\/span><\/h3>\n<\/div><\/div><div class=\"wpb_text_column\"><div class=\"wpb_wrapper\"><p>Das Fach Naturwissenschaft und Technik (NwT) wurde im Schuljahr 2007\/08 landesweit eingef\u00fchrt und ist das Profilfach des naturwissenschaftlichen Profils. NwT wird in den Klassen 8, 9 und 10 jeweils 4-st\u00fcndig als Hauptfach unterrichtet. Unabh\u00e4ngig davon haben die Sch\u00fclerinnen und Sch\u00fcler weiterhin Unterricht in den F\u00e4chern Biologie, Chemie, Physik und Geographie. Dieser Unterricht erfolgt in allen Profilen mit gleichen Inhalten und gleicher Stundenzahl. Pro Klassenstufe sind 2-3 verschiedene Module vorgesehen, die von Lehrerinnen und Lehrern aus den Naturwissenschaften unterrichtet werden. Je nach Modulabfolge wechselt die Lehrkraft nach einer gewissen Wochenzahl. Ein Alleinstellungsmerkmal des Faches NwT ist das Thematisieren von Problemstellungen, die \u00fcber die Grenzen einzelner naturwissenschaftlicher F\u00e4cher und Technikdisziplinen hinausgehen. Besonderes Gewicht liegt auf experimentellem und projektorientiertem Arbeiten in einem handlungsorientierten, sch\u00fclerzentrierten Unterricht. Gleicherma\u00dfen werden Anwendungen naturwissenschaftlicher Erkenntnisse in der Technik und die Nutzung der im technischen Bereich typischen Strategien f\u00fcr zunehmend komplexer werdende Problemstellungen erarbeitet.<\/p>\n<p><em>(Quelle: Regierungspr\u00e4sidien Baden-W\u00fcrttemberg)<\/em><\/p>\n<\/div><\/div><\/div><\/div><\/div><\/div><\/div><\/section><section class=\"l-section wpb_row height_small\"><div class=\"l-section-h i-cf\"><div class=\"g-cols vc_row via_flex valign_top type_default stacking_default\"><div class=\"vc_col-sm-12 wpb_column vc_column_container\"><div class=\"vc_column-inner\"><div class=\"wpb_wrapper\"><div class=\"wpb_text_column\"><div class=\"wpb_wrapper\"><h3><span style=\"color: #067377;\"><strong>KOMPETENZEN IN NWT<\/strong><\/span><\/h3>\n<\/div><\/div><div class=\"wpb_text_column\"><div class=\"wpb_wrapper\"><table style=\"background-color: #b4d5d6; height: 417px;\" width=\"568\">\n<tbody>\n<tr>\n<td style=\"width: 117.917px;\"><span style=\"color: #067377;\"><strong>FORSCHEN<\/strong><\/span><\/td>\n<td style=\"width: 616.083px;\"><span style=\"color: #067377;\">Konsequentes wissenschaftliches Vorgehen: Forschungsfragen formulieren, dazu Forschungsg\u00e4nge entwickeln, diese anpassen und kritisch hinterfragen<\/span><\/td>\n<\/tr>\n<tr>\n<td style=\"width: 117.917px;\"><span style=\"color: #067377;\"><strong>ENTWICKELN UND KONSTRUIEREN<br \/>\n<\/strong><\/span><\/td>\n<td style=\"width: 616.083px;\"><span style=\"color: #067377;\">Entwicklung, Konstruktion und Fertigung technischer Produkte wie z.B. Fotometer und Windpumpe<\/span><\/td>\n<\/tr>\n<tr>\n<td style=\"width: 117.917px;\"><span style=\"color: #067377;\"><strong>ORGANISIEREN<\/strong><\/span><\/td>\n<td style=\"width: 616.083px;\"><span style=\"color: #067377;\">Weiterentwicklung von Kompetenzen in Planung, Durchf\u00fchrung, Auswertung und Dokumentation von Untersuchungen.<\/span><\/td>\n<\/tr>\n<tr>\n<td style=\"width: 117.917px;\"><span style=\"color: #067377;\"><strong>M\u00dcNDIGKEIT<\/strong><\/span><\/td>\n<td style=\"width: 616.083px;\"><span style=\"color: #067377;\">Zusammenh\u00e4nge zwischen Natur, Gesellschaft, Naturwissenschaft und Technik erkennen und bewerten.<\/span><\/td>\n<\/tr>\n<\/tbody>\n<\/table>\n<\/div><\/div><\/div><\/div><\/div><\/div><\/div><\/section><section class=\"l-section wpb_row height_small\"><div class=\"l-section-h i-cf\"><div class=\"g-cols vc_row via_flex valign_top type_default stacking_default\"><div class=\"vc_col-sm-12 wpb_column vc_column_container\"><div class=\"vc_column-inner\"><div class=\"wpb_wrapper\">[vc_separator]<\/div><\/div><\/div><\/div><\/div><\/section><section class=\"l-section wpb_row height_small\"><div class=\"l-section-h i-cf\"><div class=\"g-cols vc_row via_flex valign_top type_default stacking_default\"><div class=\"vc_col-sm-6 wpb_column vc_column_container\"><div class=\"vc_column-inner\"><div class=\"wpb_wrapper\"><div class=\"wpb_text_column\"><div class=\"wpb_wrapper\"><h2><strong>WIR FREUEN UNS AUF DICH!<\/strong><\/h2>\n<\/div><\/div><\/div><\/div><\/div><div class=\"vc_col-sm-6 wpb_column vc_column_container\"><div class=\"vc_column-inner\"><div class=\"wpb_wrapper\"><div class=\"w-contacts\"><div class=\"w-contacts-list\"><div class=\"w-contacts-item for_email\"><span class=\"w-contacts-item-value\"><a href=\"mailto:nwt@hoegy.de\">nwt@hoegy.de<\/a><\/span><\/div><\/div><\/div><\/div><\/div><\/div><\/div><\/div><\/section><section class=\"l-section wpb_row height_small\"><div class=\"l-section-h i-cf\"><div class=\"g-cols vc_row via_flex valign_top type_default stacking_default\"><div class=\"vc_col-sm-12 wpb_column vc_column_container\"><div class=\"vc_column-inner\"><div class=\"wpb_wrapper\"><div class=\"wpb_text_column\"><div class=\"wpb_wrapper\">\n<\/div><\/div><\/div><\/div><\/div><\/div><\/div><\/section>\n","protected":false},"excerpt":{"rendered":"WARUM NWT? Unsere Gegenwart und Entwicklung ist stark von naturwissenschaftlichem Erkenntnisgewinn und technischen Innovationen gepr\u00e4gt. Naturwissenschaft und Technik erm\u00f6glichen in vielen Lebensbereichen wie Mobilit\u00e4t, Kommunikation und Medizin aber auch Energie-, Nahrungs- und Rohstoffversorgung immer neue M\u00f6glichkeiten. In NwT lernen die Sch\u00fclerinnen und Sch\u00fcler die Vorkenntnisse aus den Naturwissenschaften zu vernetzen und gezielt zu vertiefen sowie...","protected":false},"author":2,"featured_media":3887,"parent":218,"menu_order":3,"comment_status":"closed","ping_status":"closed","template":"","meta":{"footnotes":""},"class_list":["post-5051","page","type-page","status-publish","has-post-thumbnail","hentry"],"publishpress_future_action":{"enabled":false,"date":"2026-04-25 15:21:38","action":"change-status","newStatus":"draft","terms":[],"taxonomy":"","extraData":[]},"publishpress_future_workflow_manual_trigger":{"enabledWorkflows":[]},"_links":{"self":[{"href":"https:\/\/hoegy.de\/homepage\/wp-json\/wp\/v2\/pages\/5051","targetHints":{"allow":["GET"]}}],"collection":[{"href":"https:\/\/hoegy.de\/homepage\/wp-json\/wp\/v2\/pages"}],"about":[{"href":"https:\/\/hoegy.de\/homepage\/wp-json\/wp\/v2\/types\/page"}],"author":[{"embeddable":true,"href":"https:\/\/hoegy.de\/homepage\/wp-json\/wp\/v2\/users\/2"}],"replies":[{"embeddable":true,"href":"https:\/\/hoegy.de\/homepage\/wp-json\/wp\/v2\/comments?post=5051"}],"version-history":[{"count":12,"href":"https:\/\/hoegy.de\/homepage\/wp-json\/wp\/v2\/pages\/5051\/revisions"}],"predecessor-version":[{"id":8974,"href":"https:\/\/hoegy.de\/homepage\/wp-json\/wp\/v2\/pages\/5051\/revisions\/8974"}],"up":[{"embeddable":true,"href":"https:\/\/hoegy.de\/homepage\/wp-json\/wp\/v2\/pages\/218"}],"wp:featuredmedia":[{"embeddable":true,"href":"https:\/\/hoegy.de\/homepage\/wp-json\/wp\/v2\/media\/3887"}],"wp:attachment":[{"href":"https:\/\/hoegy.de\/homepage\/wp-json\/wp\/v2\/media?parent=5051"}],"curies":[{"name":"wp","href":"https:\/\/api.w.org\/{rel}","templated":true}]}}