{"id":5238,"date":"2021-01-25T13:08:06","date_gmt":"2021-01-25T12:08:06","guid":{"rendered":"https:\/\/hoegy.de\/homepage\/?page_id=5238"},"modified":"2024-02-29T16:43:11","modified_gmt":"2024-02-29T15:43:11","slug":"der-hoegy-kulturbeutel","status":"publish","type":"page","link":"https:\/\/hoegy.de\/homepage\/schulangebote\/mehr-als-unterricht\/der-hoegy-kulturbeutel\/","title":{"rendered":"Der H\u00f6Gy-Kulturbeutel"},"content":{"rendered":"<section class=\"l-section wpb_row height_small\"><div class=\"l-section-h i-cf\"><div class=\"g-cols vc_row via_flex valign_top type_default stacking_default\"><div class=\"vc_col-sm-12 wpb_column vc_column_container\"><div class=\"vc_column-inner\"><div class=\"wpb_wrapper\"><div class=\"w-image align_center\"><div class=\"w-image-h\"><img decoding=\"async\" width=\"154\" height=\"200\" data-src=\"https:\/\/hoegy.de\/homepage\/hgy-media\/Logo-KB-154x200.png\" class=\"attachment-medium size-medium lazyload\" alt=\"\" data-srcset=\"https:\/\/hoegy.de\/homepage\/hgy-media\/Logo-KB-154x200.png 154w, https:\/\/hoegy.de\/homepage\/hgy-media\/Logo-KB-791x1024.png 791w, https:\/\/hoegy.de\/homepage\/hgy-media\/Logo-KB-1186x1536.png 1186w, https:\/\/hoegy.de\/homepage\/hgy-media\/Logo-KB-459x595.png 459w, https:\/\/hoegy.de\/homepage\/hgy-media\/Logo-KB-39x50.png 39w, https:\/\/hoegy.de\/homepage\/hgy-media\/Logo-KB-1320x1710.png 1320w, https:\/\/hoegy.de\/homepage\/hgy-media\/Logo-KB.png 1473w\" data-sizes=\"auto, (max-width: 154px) 100vw, 154px\" src=\"data:image\/svg+xml;base64,PHN2ZyB3aWR0aD0iMSIgaGVpZ2h0PSIxIiB4bWxucz0iaHR0cDovL3d3dy53My5vcmcvMjAwMC9zdmciPjwvc3ZnPg==\" style=\"--smush-placeholder-width: 154px; --smush-placeholder-aspect-ratio: 154\/200;\" \/><\/div><\/div><div class=\"wpb_text_column\"><div class=\"wpb_wrapper\"><p>Mit Kultur kennt man sich am H\u00f6Gy aus: Musik, Theater, bildende Kunst &#8211; wir sind bestens aufgestellt. Dennoch soll die Kultur als Thema einen gr\u00f6\u00dferen und umfassenderen Stellenwert an der Schule\u00a0 erhalten mit einem neuen kulturellen Schwerpunkt. Wir am H\u00f6Gy sind n\u00e4mlich \u00fcberzeugt, dass es auch Aufgabe der Schule ist, die Kinder und Jugendlichen mit den sie umgebenden kulturellen Angeboten vertraut zu machen, so dass sie sich bewusst werden k\u00f6nnen, wie so etwas wie kulturelle Identit\u00e4t entsteht.<br \/>\nDaher haben wir am H\u00f6Gy einen kulturellen Schwerpunkt entwickelt, der aus zwei Teilen besteht:<\/p>\n<ol>\n<li><strong>Der Kulturbeutel der Sch\u00fclerinnen und Sch\u00fcler:<\/strong> Hier haben die Sch\u00fclerinnen und Sch\u00fcler Gelegenheit, nach einem je nach Klassenstufe vorgegebenen Plan ihren pers\u00f6nlichen <strong>Kulturbeutel<\/strong> zu f\u00fcllen, das hei\u00dft: aktiv am kulturellen Leben der Region oder der Schule teilzunehmen und diese Besuche differenziert zu reflektieren. Die Ergebnisse dieser Auseinandersetzung werden schriftlich dokumentiert. F\u00fcr den gef\u00fcllten Kulturbeutel (den gibt es je nach Klassenstufe in Bronze, Silber und Gold) bekommen die Sch\u00fclerinnen und Sch\u00fcler am Ende des Schuljahres nat\u00fcrlich eine Anerkennung von der Schule, lernen aber vor allem den Reichtum des kulturellen Lebens der Region kennen und k\u00f6nnen ihre kreativen Potentiale entdecken oder ausbauen.<\/li>\n<li><strong>Die Schule als Kulturbeutel:<\/strong> Jedes Schuljahr wird von der <strong>Kultur-AG<\/strong> ein Jahresthema gew\u00e4hlt (z.B. Gl\u00fcck, Heimat, Diskriminierung etc.), zu dem 3-4 Veranstaltungen organisiert werden. Das k\u00f6nnen Ausstellungen regionaler K\u00fcnstler, Vortr\u00e4ge, Theaterauff\u00fchrungen, Konzerte oder anderes sein. So lernen die teilnehmenden Sch\u00fclerinnen und Sch\u00fcler auch, wie Kulturmanagement funktioniert, bekommen also Einblicke in die Organisation, Planung und Durchf\u00fchrung kultureller Projekte.<\/li>\n<\/ol>\n<\/div><\/div><div class=\"w-image align_none\"><div class=\"w-image-h\"><img decoding=\"async\" width=\"1024\" height=\"636\" data-src=\"https:\/\/hoegy.de\/homepage\/hgy-media\/image-20231019-215502-1024x636.jpeg\" class=\"attachment-large size-large lazyload\" alt=\"\" data-srcset=\"https:\/\/hoegy.de\/homepage\/hgy-media\/\/image-20231019-215502-1024x636.jpeg 1024w, https:\/\/hoegy.de\/homepage\/hgy-media\/\/image-20231019-215502-200x124.jpeg 200w, https:\/\/hoegy.de\/homepage\/hgy-media\/\/image-20231019-215502-600x372.jpeg 600w, https:\/\/hoegy.de\/homepage\/hgy-media\/\/image-20231019-215502-50x31.jpeg 50w, https:\/\/hoegy.de\/homepage\/hgy-media\/\/image-20231019-215502.jpeg 1600w\" data-sizes=\"auto, (max-width: 1024px) 100vw, 1024px\" src=\"data:image\/svg+xml;base64,PHN2ZyB3aWR0aD0iMSIgaGVpZ2h0PSIxIiB4bWxucz0iaHR0cDovL3d3dy53My5vcmcvMjAwMC9zdmciPjwvc3ZnPg==\" style=\"--smush-placeholder-width: 1024px; --smush-placeholder-aspect-ratio: 1024\/636;\" \/><\/div><\/div><div class=\"w-image align_center\"><div class=\"w-image-h\"><img decoding=\"async\" width=\"1024\" height=\"576\" src=\"https:\/\/hoegy.de\/homepage\/hgy-media\/2-8-scaled-modified-1024x576.avif\" class=\"g-placeholder\" alt=\"\" srcset=\"https:\/\/hoegy.de\/homepage\/hgy-media\/2-8-scaled-modified-1024x576.avif 1024w, https:\/\/hoegy.de\/homepage\/hgy-media\/2-8-scaled-modified-200x113.avif 200w, https:\/\/hoegy.de\/homepage\/hgy-media\/2-8-scaled-modified-600x338.avif 600w, https:\/\/hoegy.de\/homepage\/hgy-media\/2-8-scaled-modified-50x28.avif 50w, https:\/\/hoegy.de\/homepage\/hgy-media\/2-8-scaled-modified-160x90.avif 160w, https:\/\/hoegy.de\/homepage\/hgy-media\/2-8-scaled-modified-100x56.avif 100w\" sizes=\"(max-width: 1024px) 100vw, 1024px\" \/><\/div><\/div><\/div><\/div><\/div><\/div><\/div><\/section>\n","protected":false},"excerpt":{"rendered":"Mit Kultur kennt man sich am H\u00f6Gy aus: Musik, Theater, bildende Kunst &#8211; wir sind bestens aufgestellt. Dennoch soll die Kultur als Thema einen gr\u00f6\u00dferen und umfassenderen Stellenwert an der Schule\u00a0 erhalten mit einem neuen kulturellen Schwerpunkt. Wir am H\u00f6Gy sind n\u00e4mlich \u00fcberzeugt, dass es auch Aufgabe der Schule ist, die Kinder und Jugendlichen mit...","protected":false},"author":8,"featured_media":0,"parent":614,"menu_order":2,"comment_status":"closed","ping_status":"closed","template":"","meta":{"footnotes":""},"class_list":["post-5238","page","type-page","status-publish","hentry"],"publishpress_future_action":{"enabled":false,"date":"2026-05-11 11:01:35","action":"change-status","newStatus":"draft","terms":[],"taxonomy":"","extraData":[]},"publishpress_future_workflow_manual_trigger":{"enabledWorkflows":[]},"_links":{"self":[{"href":"https:\/\/hoegy.de\/homepage\/wp-json\/wp\/v2\/pages\/5238","targetHints":{"allow":["GET"]}}],"collection":[{"href":"https:\/\/hoegy.de\/homepage\/wp-json\/wp\/v2\/pages"}],"about":[{"href":"https:\/\/hoegy.de\/homepage\/wp-json\/wp\/v2\/types\/page"}],"author":[{"embeddable":true,"href":"https:\/\/hoegy.de\/homepage\/wp-json\/wp\/v2\/users\/8"}],"replies":[{"embeddable":true,"href":"https:\/\/hoegy.de\/homepage\/wp-json\/wp\/v2\/comments?post=5238"}],"version-history":[{"count":7,"href":"https:\/\/hoegy.de\/homepage\/wp-json\/wp\/v2\/pages\/5238\/revisions"}],"predecessor-version":[{"id":11730,"href":"https:\/\/hoegy.de\/homepage\/wp-json\/wp\/v2\/pages\/5238\/revisions\/11730"}],"up":[{"embeddable":true,"href":"https:\/\/hoegy.de\/homepage\/wp-json\/wp\/v2\/pages\/614"}],"wp:attachment":[{"href":"https:\/\/hoegy.de\/homepage\/wp-json\/wp\/v2\/media?parent=5238"}],"curies":[{"name":"wp","href":"https:\/\/api.w.org\/{rel}","templated":true}]}}