{"id":5326,"date":"2021-01-27T19:40:46","date_gmt":"2021-01-27T18:40:46","guid":{"rendered":"https:\/\/hoegy.de\/homepage\/?page_id=5326"},"modified":"2026-01-11T14:35:26","modified_gmt":"2026-01-11T13:35:26","slug":"aktuelles","status":"publish","type":"page","link":"https:\/\/hoegy.de\/homepage\/schulgemeinschaft\/smv\/aktuelles\/","title":{"rendered":"Aktuelles"},"content":{"rendered":"<section class=\"l-section wpb_row height_small\"><div class=\"l-section-h i-cf\"><div class=\"g-cols vc_row via_flex valign_top type_default stacking_default\"><div class=\"vc_col-sm-12 wpb_column vc_column_container\"><div class=\"vc_column-inner\"><div class=\"wpb_wrapper\"><div class=\"w-grid us_post_list apply_url_params type_grid layout_4719 cols_2 overflow_hidden preload_style_spinner\" id=\"us_post_list_bfb4\" style=\"--columns:2;--gap:1.5rem;\"><style>@media (max-width:600px){#us_post_list_bfb4{--columns:1!important}}.layout_4719 .w-grid-item-h{background:var(--color-content-bg);color:var(--color-content-text);border-radius:0.3rem;box-shadow:0 0.03rem 0.06rem rgba(0,0,0,0.1),0 0.1rem 0.3rem rgba(0,0,0,0.1);transition-duration:0.3s}.no-touch .layout_4719 .w-grid-item-h:hover{box-shadow:0 0.1rem 0.2rem rgba(0,0,0,0.1),0 0.33rem 1rem rgba(0,0,0,0.15);z-index:4}.layout_4719 .usg_post_title_1{font-size:1.4rem!important;font-weight:700!important}.layout_4719 .usg_vwrapper_1{position:static!important;padding:9% 11% 11% 11%!important}.layout_4719 .usg_hwrapper_1{color:var(--color-content-faded)!important;font-size:0.9rem!important}.layout_4719 .usg_text_1{text-transform:uppercase!important}@media (max-width:600px){.layout_4719 .usg_post_title_1{font-size:1.2rem!important}}<\/style><div class=\"w-grid-list\">\t<article class=\"w-grid-item size_1x1 post-13203 post type-post status-publish format-standard has-post-thumbnail hentry category-news category-smv\" data-id=\"13203\">\r\n\t\t<div class=\"w-grid-item-h\">\r\n\t\t\t\t\t\t<div class=\"w-post-elm post_image usg_post_image_1 stretched\"><a href=\"https:\/\/hoegy.de\/homepage\/lebkuchenhaus-aktion-des-sod-ak\/\" aria-label=\"Lebkuchenhaus-Aktion des SoD-AK\"><img decoding=\"async\" width=\"600\" height=\"400\" data-src=\"https:\/\/hoegy.de\/homepage\/hgy-media\/IMG-20241211-WA0080-600x400.jpg\" class=\"attachment-us_600_400_crop size-us_600_400_crop wp-post-image lazyload\" alt=\"\" src=\"data:image\/svg+xml;base64,PHN2ZyB3aWR0aD0iMSIgaGVpZ2h0PSIxIiB4bWxucz0iaHR0cDovL3d3dy53My5vcmcvMjAwMC9zdmciPjwvc3ZnPg==\" style=\"--smush-placeholder-width: 600px; --smush-placeholder-aspect-ratio: 600\/400;\" \/><\/a><\/div><div class=\"w-vwrapper usg_vwrapper_1 align_left valign_top\"><h2 class=\"w-post-elm post_title usg_post_title_1 entry-title color_link_inherit\"><a href=\"https:\/\/hoegy.de\/homepage\/lebkuchenhaus-aktion-des-sod-ak\/\">Lebkuchenhaus-Aktion des SoD-AK<\/a><\/h2><div class=\"w-hwrapper usg_hwrapper_1 has_text_color align_left valign_top wrap\"><time class=\"w-post-elm post_date usg_post_date_1 entry-date published\" datetime=\"2025-01-02T18:51:30+01:00\" title=\"2 Januar 2025 um 18:51:30 Europe\/Berlin\u00a0Uhr\">vor 1\u00a0Jahr<\/time><\/div><div class=\"w-post-elm post_content usg_post_content_1\">Am Mittwoch, den 12. Dezember letzten Jahres, verwandelte sich Raum 240\/241 in ein wahres Winterwunderland. Wer dort in der Mittagspause&hellip;<\/div><p class=\"w-text usg_text_1 icon_atright\"><a href=\"https:\/\/hoegy.de\/homepage\/lebkuchenhaus-aktion-des-sod-ak\/\" class=\"w-text-h\"><span class=\"w-text-value\">Weiterlesen<\/span><i class=\"fas fa-arrow-right\"><\/i><\/a><\/p><\/div>\t\t<\/div>\r\n\t\t\t<\/article>\r\n\t<article class=\"w-grid-item size_1x1 post-12751 post type-post status-publish format-standard has-post-thumbnail hentry category-news category-smv\" data-id=\"12751\">\r\n\t\t<div class=\"w-grid-item-h\">\r\n\t\t\t\t\t\t<div class=\"w-post-elm post_image usg_post_image_1 stretched\"><a href=\"https:\/\/hoegy.de\/homepage\/smv-seminar-2024\/\" aria-label=\"SMV-Seminar 2024\"><img decoding=\"async\" width=\"600\" height=\"400\" data-src=\"https:\/\/hoegy.de\/homepage\/hgy-media\/IMG_7385-600x400.jpeg\" class=\"attachment-us_600_400_crop size-us_600_400_crop wp-post-image lazyload\" alt=\"\" src=\"data:image\/svg+xml;base64,PHN2ZyB3aWR0aD0iMSIgaGVpZ2h0PSIxIiB4bWxucz0iaHR0cDovL3d3dy53My5vcmcvMjAwMC9zdmciPjwvc3ZnPg==\" style=\"--smush-placeholder-width: 600px; --smush-placeholder-aspect-ratio: 600\/400;\" \/><\/a><\/div><div class=\"w-vwrapper usg_vwrapper_1 align_left valign_top\"><h2 class=\"w-post-elm post_title usg_post_title_1 entry-title color_link_inherit\"><a href=\"https:\/\/hoegy.de\/homepage\/smv-seminar-2024\/\">SMV-Seminar 2024<\/a><\/h2><div class=\"w-hwrapper usg_hwrapper_1 has_text_color align_left valign_top wrap\"><time class=\"w-post-elm post_date usg_post_date_1 entry-date published\" datetime=\"2024-11-08T11:30:33+01:00\" title=\"8 November 2024 um 11:30:33 Europe\/Berlin\u00a0Uhr\">vor 1\u00a0Jahr<\/time><\/div><div class=\"w-post-elm post_content usg_post_content_1\">Um unsere Aktionen f\u00fcr jedes Schuljahr zu planen, fahren wir als SMV j\u00e4hrlich f\u00fcr ein paar Tage auf das SMV-Seminar.&hellip;<\/div><p class=\"w-text usg_text_1 icon_atright\"><a href=\"https:\/\/hoegy.de\/homepage\/smv-seminar-2024\/\" class=\"w-text-h\"><span class=\"w-text-value\">Weiterlesen<\/span><i class=\"fas fa-arrow-right\"><\/i><\/a><\/p><\/div>\t\t<\/div>\r\n\t\t\t<\/article>\r\n\t<article class=\"w-grid-item size_1x1 post-12721 post type-post status-publish format-standard has-post-thumbnail hentry category-smv\" data-id=\"12721\">\r\n\t\t<div class=\"w-grid-item-h\">\r\n\t\t\t\t\t\t<div class=\"w-post-elm post_image usg_post_image_1 stretched\"><a href=\"https:\/\/hoegy.de\/homepage\/ergebnisse-der-schuelersprecherwahl-2024-2025\/\" aria-label=\"Ergebnisse der Sch\u00fclersprecherwahl 2024\/2025\"><img decoding=\"async\" width=\"600\" height=\"400\" data-src=\"https:\/\/hoegy.de\/homepage\/hgy-media\/panda_svgexport-600x400.png\" class=\"attachment-us_600_400_crop size-us_600_400_crop wp-post-image lazyload\" alt=\"\" src=\"data:image\/svg+xml;base64,PHN2ZyB3aWR0aD0iMSIgaGVpZ2h0PSIxIiB4bWxucz0iaHR0cDovL3d3dy53My5vcmcvMjAwMC9zdmciPjwvc3ZnPg==\" style=\"--smush-placeholder-width: 600px; --smush-placeholder-aspect-ratio: 600\/400;\" \/><\/a><\/div><div class=\"w-vwrapper usg_vwrapper_1 align_left valign_top\"><h2 class=\"w-post-elm post_title usg_post_title_1 entry-title color_link_inherit\"><a href=\"https:\/\/hoegy.de\/homepage\/ergebnisse-der-schuelersprecherwahl-2024-2025\/\">Ergebnisse der Sch\u00fclersprecherwahl 2024\/2025<\/a><\/h2><div class=\"w-hwrapper usg_hwrapper_1 has_text_color align_left valign_top wrap\"><time class=\"w-post-elm post_date usg_post_date_1 entry-date published\" datetime=\"2024-11-04T22:50:58+01:00\" title=\"4 November 2024 um 22:50:58 Europe\/Berlin\u00a0Uhr\">vor 1\u00a0Jahr<\/time><\/div><div class=\"w-post-elm post_content usg_post_content_1\">Wir freuen uns, unser neues Sch\u00fclersprecherinnenteam bekannt zu geben! Zum Sch\u00fclersprecher wurde Felix Recke (KS2) gew\u00e4hlt! Seine Stellvertreterinnen sind Franziska&hellip;<\/div><p class=\"w-text usg_text_1 icon_atright\"><a href=\"https:\/\/hoegy.de\/homepage\/ergebnisse-der-schuelersprecherwahl-2024-2025\/\" class=\"w-text-h\"><span class=\"w-text-value\">Weiterlesen<\/span><i class=\"fas fa-arrow-right\"><\/i><\/a><\/p><\/div>\t\t<\/div>\r\n\t\t\t<\/article>\r\n\t<article class=\"w-grid-item size_1x1 post-11027 post type-post status-publish format-standard has-post-thumbnail hentry category-news category-smv\" data-id=\"11027\">\r\n\t\t<div class=\"w-grid-item-h\">\r\n\t\t\t\t\t\t<div class=\"w-post-elm post_image usg_post_image_1 stretched\"><a href=\"https:\/\/hoegy.de\/homepage\/hoegy-smv-podcast-folge-1\/\" aria-label=\"H\u00f6Gy-SMV Podcast | Folge 1\"><img decoding=\"async\" width=\"600\" height=\"400\" data-src=\"https:\/\/hoegy.de\/homepage\/hgy-media\/panda_svgexport-600x400.png\" class=\"attachment-us_600_400_crop size-us_600_400_crop wp-post-image lazyload\" alt=\"\" src=\"data:image\/svg+xml;base64,PHN2ZyB3aWR0aD0iMSIgaGVpZ2h0PSIxIiB4bWxucz0iaHR0cDovL3d3dy53My5vcmcvMjAwMC9zdmciPjwvc3ZnPg==\" style=\"--smush-placeholder-width: 600px; --smush-placeholder-aspect-ratio: 600\/400;\" \/><\/a><\/div><div class=\"w-vwrapper usg_vwrapper_1 align_left valign_top\"><h2 class=\"w-post-elm post_title usg_post_title_1 entry-title color_link_inherit\"><a href=\"https:\/\/hoegy.de\/homepage\/hoegy-smv-podcast-folge-1\/\">H\u00f6Gy-SMV Podcast | Folge 1<\/a><\/h2><div class=\"w-hwrapper usg_hwrapper_1 has_text_color align_left valign_top wrap\"><time class=\"w-post-elm post_date usg_post_date_1 entry-date published\" datetime=\"2023-09-29T16:21:04+02:00\" title=\"29 September 2023 um 16:21:04 Europe\/Berlin\u00a0Uhr\">vor 3\u00a0Jahren<\/time><\/div><div class=\"w-post-elm post_content usg_post_content_1\">Folge 1 des neuen H\u00f6Gy Podcasts jetzt anh\u00f6ren! Nicht jede Schule kann von sich behaupten, dass sie einen Englisch-Lehrer hat,&hellip;<\/div><p class=\"w-text usg_text_1 icon_atright\"><a href=\"https:\/\/hoegy.de\/homepage\/hoegy-smv-podcast-folge-1\/\" class=\"w-text-h\"><span class=\"w-text-value\">Weiterlesen<\/span><i class=\"fas fa-arrow-right\"><\/i><\/a><\/p><\/div>\t\t<\/div>\r\n\t\t\t<\/article>\r\n\t<article class=\"w-grid-item size_1x1 post-10034 post type-post status-publish format-standard has-post-thumbnail hentry category-news category-smv\" data-id=\"10034\">\r\n\t\t<div class=\"w-grid-item-h\">\r\n\t\t\t\t\t\t<div class=\"w-post-elm post_image usg_post_image_1 stretched\"><a href=\"https:\/\/hoegy.de\/homepage\/smv-night\/\" aria-label=\"SMV-Night\"><img decoding=\"async\" width=\"600\" height=\"400\" data-src=\"https:\/\/hoegy.de\/homepage\/hgy-media\/SMV-Night-Bild-4-600x400.jpeg\" class=\"attachment-us_600_400_crop size-us_600_400_crop wp-post-image lazyload\" alt=\"\" src=\"data:image\/svg+xml;base64,PHN2ZyB3aWR0aD0iMSIgaGVpZ2h0PSIxIiB4bWxucz0iaHR0cDovL3d3dy53My5vcmcvMjAwMC9zdmciPjwvc3ZnPg==\" style=\"--smush-placeholder-width: 600px; --smush-placeholder-aspect-ratio: 600\/400;\" \/><\/a><\/div><div class=\"w-vwrapper usg_vwrapper_1 align_left valign_top\"><h2 class=\"w-post-elm post_title usg_post_title_1 entry-title color_link_inherit\"><a href=\"https:\/\/hoegy.de\/homepage\/smv-night\/\">SMV-Night<\/a><\/h2><div class=\"w-hwrapper usg_hwrapper_1 has_text_color align_left valign_top wrap\"><time class=\"w-post-elm post_date usg_post_date_1 entry-date published\" datetime=\"2023-02-17T17:18:39+01:00\" title=\"17 Februar 2023 um 17:18:39 Europe\/Berlin\u00a0Uhr\">vor 3\u00a0Jahren<\/time><\/div><div class=\"w-post-elm post_content usg_post_content_1\">\u00dcbernachten in der Schule? Mit der SMV kein Problem! Wer tr\u00e4umt nicht davon, einmal in der Schule \u00fcbernachten zu d\u00fcrfen,&hellip;<\/div><p class=\"w-text usg_text_1 icon_atright\"><a href=\"https:\/\/hoegy.de\/homepage\/smv-night\/\" class=\"w-text-h\"><span class=\"w-text-value\">Weiterlesen<\/span><i class=\"fas fa-arrow-right\"><\/i><\/a><\/p><\/div>\t\t<\/div>\r\n\t\t\t<\/article>\r\n\t<article class=\"w-grid-item size_1x1 post-9266 post type-post status-publish format-standard has-post-thumbnail hentry category-news category-smv\" data-id=\"9266\">\r\n\t\t<div class=\"w-grid-item-h\">\r\n\t\t\t\t\t\t<div class=\"w-post-elm post_image usg_post_image_1 stretched\"><a href=\"https:\/\/hoegy.de\/homepage\/smv-seminar\/\" aria-label=\"SMV Seminar\"><img decoding=\"async\" width=\"600\" height=\"400\" data-src=\"https:\/\/hoegy.de\/homepage\/hgy-media\/panda_svgexport-600x400.png\" class=\"attachment-us_600_400_crop size-us_600_400_crop wp-post-image lazyload\" alt=\"\" src=\"data:image\/svg+xml;base64,PHN2ZyB3aWR0aD0iMSIgaGVpZ2h0PSIxIiB4bWxucz0iaHR0cDovL3d3dy53My5vcmcvMjAwMC9zdmciPjwvc3ZnPg==\" style=\"--smush-placeholder-width: 600px; --smush-placeholder-aspect-ratio: 600\/400;\" \/><\/a><\/div><div class=\"w-vwrapper usg_vwrapper_1 align_left valign_top\"><h2 class=\"w-post-elm post_title usg_post_title_1 entry-title color_link_inherit\"><a href=\"https:\/\/hoegy.de\/homepage\/smv-seminar\/\">SMV Seminar<\/a><\/h2><div class=\"w-hwrapper usg_hwrapper_1 has_text_color align_left valign_top wrap\"><time class=\"w-post-elm post_date usg_post_date_1 entry-date published\" datetime=\"2022-09-26T19:54:44+02:00\" title=\"26 September 2022 um 19:54:44 Europe\/Berlin\u00a0Uhr\">vor 4\u00a0Jahren<\/time><\/div><div class=\"w-post-elm post_content usg_post_content_1\">Das SMV Seminar steht wieder bevor. Ihr seid Mitglied eines AKs oder ein AK-Leiter, dann meldet euch jetzt \u00fcber das&hellip;<\/div><p class=\"w-text usg_text_1 icon_atright\"><a href=\"https:\/\/hoegy.de\/homepage\/smv-seminar\/\" class=\"w-text-h\"><span class=\"w-text-value\">Weiterlesen<\/span><i class=\"fas fa-arrow-right\"><\/i><\/a><\/p><\/div>\t\t<\/div>\r\n\t\t\t<\/article>\r\n\t<article class=\"w-grid-item size_1x1 post-9217 post type-post status-publish format-standard has-post-thumbnail hentry category-smv\" data-id=\"9217\">\r\n\t\t<div class=\"w-grid-item-h\">\r\n\t\t\t\t\t\t<div class=\"w-post-elm post_image usg_post_image_1 stretched\"><a href=\"https:\/\/hoegy.de\/homepage\/protokoll-schuelerratssitzung-1-freitag-23-09-2022\/\" aria-label=\"Protokoll Sch\u00fclerratssitzung 1 &#8211; Freitag 23.09.2022\"><img decoding=\"async\" width=\"600\" height=\"400\" data-src=\"https:\/\/hoegy.de\/homepage\/hgy-media\/panda_svgexport-600x400.png\" class=\"attachment-us_600_400_crop size-us_600_400_crop wp-post-image lazyload\" alt=\"\" src=\"data:image\/svg+xml;base64,PHN2ZyB3aWR0aD0iMSIgaGVpZ2h0PSIxIiB4bWxucz0iaHR0cDovL3d3dy53My5vcmcvMjAwMC9zdmciPjwvc3ZnPg==\" style=\"--smush-placeholder-width: 600px; --smush-placeholder-aspect-ratio: 600\/400;\" \/><\/a><\/div><div class=\"w-vwrapper usg_vwrapper_1 align_left valign_top\"><h2 class=\"w-post-elm post_title usg_post_title_1 entry-title color_link_inherit\"><a href=\"https:\/\/hoegy.de\/homepage\/protokoll-schuelerratssitzung-1-freitag-23-09-2022\/\">Protokoll Sch\u00fclerratssitzung 1 &#8211; Freitag 23.09.2022<\/a><\/h2><div class=\"w-hwrapper usg_hwrapper_1 has_text_color align_left valign_top wrap\"><time class=\"w-post-elm post_date usg_post_date_1 entry-date published\" datetime=\"2022-09-23T12:52:34+02:00\" title=\"23 September 2022 um 12:52:34 Europe\/Berlin\u00a0Uhr\">vor 4\u00a0Jahren<\/time><\/div><div class=\"w-post-elm post_content usg_post_content_1\">Sch\u00fclerratssitzung 1 am Freitag, den 23.09.2022 &nbsp; Protokollantin: Lea Nothdurft Anwesende Klassen\/Kurse: 5b-d, 6a-d, 7a-c, 8a-e, 9a-d, 10a-d, KS1 komplett,&hellip;<\/div><p class=\"w-text usg_text_1 icon_atright\"><a href=\"https:\/\/hoegy.de\/homepage\/protokoll-schuelerratssitzung-1-freitag-23-09-2022\/\" class=\"w-text-h\"><span class=\"w-text-value\">Weiterlesen<\/span><i class=\"fas fa-arrow-right\"><\/i><\/a><\/p><\/div>\t\t<\/div>\r\n\t\t\t<\/article>\r\n\t<article class=\"w-grid-item size_1x1 post-9213 post type-post status-publish format-standard has-post-thumbnail hentry category-news category-smv\" data-id=\"9213\">\r\n\t\t<div class=\"w-grid-item-h\">\r\n\t\t\t\t\t\t<div class=\"w-post-elm post_image usg_post_image_1 stretched\"><a href=\"https:\/\/hoegy.de\/homepage\/unsere-neue-schuelersprecherin\/\" aria-label=\"Unsere neue Sch\u00fclersprecherin\"><img decoding=\"async\" width=\"600\" height=\"400\" data-src=\"https:\/\/hoegy.de\/homepage\/hgy-media\/panda_svgexport-600x400.png\" class=\"attachment-us_600_400_crop size-us_600_400_crop wp-post-image lazyload\" alt=\"\" src=\"data:image\/svg+xml;base64,PHN2ZyB3aWR0aD0iMSIgaGVpZ2h0PSIxIiB4bWxucz0iaHR0cDovL3d3dy53My5vcmcvMjAwMC9zdmciPjwvc3ZnPg==\" style=\"--smush-placeholder-width: 600px; --smush-placeholder-aspect-ratio: 600\/400;\" \/><\/a><\/div><div class=\"w-vwrapper usg_vwrapper_1 align_left valign_top\"><h2 class=\"w-post-elm post_title usg_post_title_1 entry-title color_link_inherit\"><a href=\"https:\/\/hoegy.de\/homepage\/unsere-neue-schuelersprecherin\/\">Unsere neue Sch\u00fclersprecherin<\/a><\/h2><div class=\"w-hwrapper usg_hwrapper_1 has_text_color align_left valign_top wrap\"><time class=\"w-post-elm post_date usg_post_date_1 entry-date published\" datetime=\"2022-09-23T11:40:54+02:00\" title=\"23 September 2022 um 11:40:54 Europe\/Berlin\u00a0Uhr\">vor 4\u00a0Jahren<\/time><\/div><div class=\"w-post-elm post_content usg_post_content_1\">Unsere neue Sch\u00fclersprecherin ist: Lea Nothdurft (KS 1) Stellvertreter: H\u00fcseyin Sahin (KS 1) und Bruno Vicke Efler (9b) Stimmen gesamt:&hellip;<\/div><p class=\"w-text usg_text_1 icon_atright\"><a href=\"https:\/\/hoegy.de\/homepage\/unsere-neue-schuelersprecherin\/\" class=\"w-text-h\"><span class=\"w-text-value\">Weiterlesen<\/span><i class=\"fas fa-arrow-right\"><\/i><\/a><\/p><\/div>\t\t<\/div>\r\n\t\t\t<\/article>\r\n\t<article class=\"w-grid-item size_1x1 post-9097 post type-post status-publish format-standard hentry category-smv\" data-id=\"9097\">\r\n\t\t<div class=\"w-grid-item-h\">\r\n\t\t\t\t\t\t<div class=\"w-vwrapper usg_vwrapper_1 align_left valign_top\"><h2 class=\"w-post-elm post_title usg_post_title_1 entry-title color_link_inherit\"><a href=\"https:\/\/hoegy.de\/homepage\/protokoll-schuelerratssitzung-nr-4-01-04-2022\/\">Protokoll Sch\u00fclerratssitzung Nr. 4 &#8211; 01.04.2022<\/a><\/h2><div class=\"w-hwrapper usg_hwrapper_1 has_text_color align_left valign_top wrap\"><time class=\"w-post-elm post_date usg_post_date_1 entry-date published\" datetime=\"2022-04-17T23:55:27+02:00\" title=\"17 April 2022 um 23:55:27 Europe\/Berlin\u00a0Uhr\">vor 4\u00a0Jahren<\/time><\/div><div class=\"w-post-elm post_content usg_post_content_1\">ProtokollantIn: Lea Nothdurft anwesend: 5a,5b,5c,6a,6b,6c,7a,7c,7d,7e,8a,8b,8c,8d,9a,9b,9c,9d,10a,10b,10c,10d,10e, KS1, KS2 + VL + SSP-Team entschuldigt: &#8211; unentschuldigt: &#8211; 1. Vorstellung der Satzungs\u00e4nderungen 1.&hellip;<\/div><p class=\"w-text usg_text_1 icon_atright\"><a href=\"https:\/\/hoegy.de\/homepage\/protokoll-schuelerratssitzung-nr-4-01-04-2022\/\" class=\"w-text-h\"><span class=\"w-text-value\">Weiterlesen<\/span><i class=\"fas fa-arrow-right\"><\/i><\/a><\/p><\/div>\t\t<\/div>\r\n\t\t\t<\/article>\r\n\t<article class=\"w-grid-item size_1x1 post-9096 post type-post status-publish format-standard hentry category-smv\" data-id=\"9096\">\r\n\t\t<div class=\"w-grid-item-h\">\r\n\t\t\t\t\t\t<div class=\"w-vwrapper usg_vwrapper_1 align_left valign_top\"><h2 class=\"w-post-elm post_title usg_post_title_1 entry-title color_link_inherit\"><a href=\"https:\/\/hoegy.de\/homepage\/protokoll-nr-2-wahl-der-vertreter-fuer-schuko\/\">Protokoll Sch\u00fclerratssitzung 8. Oktober 2021<\/a><\/h2><div class=\"w-hwrapper usg_hwrapper_1 has_text_color align_left valign_top wrap\"><time class=\"w-post-elm post_date usg_post_date_1 entry-date published\" datetime=\"2021-10-12T20:09:14+02:00\" title=\"12 Oktober 2021 um 20:09:14 Europe\/Berlin\u00a0Uhr\">vor 5\u00a0Jahren<\/time><\/div><div class=\"w-post-elm post_content usg_post_content_1\">Protokoll Sch\u00fclerratssitzung Nr.2 (08.10.2021): Protokoll Nr.2: Wahl der Vertreter f\u00fcr Schuko Datum:8.10.2021 &#8211; Uhrzeit(von 9.15-9.35 Uhr) Raum: Mensa ProtokollantIn: Lea&hellip;<\/div><p class=\"w-text usg_text_1 icon_atright\"><a href=\"https:\/\/hoegy.de\/homepage\/protokoll-nr-2-wahl-der-vertreter-fuer-schuko\/\" class=\"w-text-h\"><span class=\"w-text-value\">Weiterlesen<\/span><i class=\"fas fa-arrow-right\"><\/i><\/a><\/p><\/div>\t\t<\/div>\r\n\t\t\t<\/article>\r\n<\/div><div class=\"g-loadmore hidden\"><div class=\"g-preloader type_1\"><div><\/div><\/div><\/div><div class=\"w-grid-list-json hidden\" onclick='return {&quot;max_num_pages&quot;:0,&quot;paginationBase&quot;:&quot;page&quot;,&quot;pagination&quot;:&quot;none&quot;,&quot;paged&quot;:1,&quot;ajaxData&quot;:{&quot;action&quot;:&quot;us_ajax_post_list&quot;,&quot;meta_type&quot;:&quot;post&quot;,&quot;object_id&quot;:0,&quot;template_vars&quot;:{&quot;shortcode_base&quot;:&quot;us_post_list&quot;,&quot;paged&quot;:1,&quot;max_num_pages&quot;:0,&quot;no_results&quot;:false,&quot;us_post_content_design_css&quot;:[],&quot;found_posts&quot;:0,&quot;per_page&quot;:10,&quot;items_count&quot;:10,&quot;orderby_random_seed&quot;:null,&quot;source&quot;:&quot;all&quot;,&quot;ids&quot;:&quot;&quot;,&quot;post_type&quot;:&quot;post&quot;,&quot;attachment_ids&quot;:null,&quot;include_post_thumbnail&quot;:0,&quot;post_author&quot;:&quot;any&quot;,&quot;post_author_ids&quot;:&quot;&quot;,&quot;apply_url_params&quot;:&quot;1&quot;,&quot;ignore_sticky_posts&quot;:&quot;0&quot;,&quot;exclude_children&quot;:0,&quot;exclude_current_post&quot;:1,&quot;exclude_prev_posts&quot;:0,&quot;exclude_past_events&quot;:&quot;1&quot;,&quot;enable_items_offset&quot;:0,&quot;items_offset&quot;:&quot;1&quot;,&quot;tax_query_relation&quot;:&quot;AND&quot;,&quot;tax_query&quot;:&quot;%5B%7B%22operator%22%3A%22IN%22%2C%22taxonomy%22%3A%22category%22%2C%22terms%22%3A%2238%22%2C%22include_children%22%3A0%7D%5D&quot;,&quot;meta_query_relation&quot;:&quot;none&quot;,&quot;meta_query&quot;:[{&quot;key&quot;:&quot;custom_field_name&quot;,&quot;compare&quot;:&quot;=&quot;,&quot;value&quot;:&quot;&quot;}],&quot;orderby&quot;:&quot;date&quot;,&quot;orderby_custom_field&quot;:&quot;&quot;,&quot;orderby_custom_type&quot;:0,&quot;order_invert&quot;:&quot;1&quot;,&quot;show_all&quot;:0,&quot;quantity&quot;:&quot;10&quot;,&quot;posts_per_archive_page&quot;:0,&quot;no_items_action&quot;:&quot;message&quot;,&quot;no_items_message&quot;:&quot;Es wurden keine Ergebnisse gefunden.&quot;,&quot;no_items_page_block&quot;:&quot;&quot;,&quot;pagination&quot;:&quot;none&quot;,&quot;pagination_style&quot;:&quot;&quot;,&quot;pagination_btn_text&quot;:&quot;Mehr laden&quot;,&quot;pagination_btn_size&quot;:&quot;&quot;,&quot;pagination_btn_style&quot;:&quot;1&quot;,&quot;pagination_btn_fullwidth&quot;:0,&quot;items_layout&quot;:&quot;4719&quot;,&quot;type&quot;:&quot;grid&quot;,&quot;items_valign&quot;:0,&quot;ignore_items_size&quot;:0,&quot;columns&quot;:&quot;2&quot;,&quot;items_gap&quot;:&quot;1.5rem&quot;,&quot;load_animation&quot;:&quot;none&quot;,&quot;items_preload_style&quot;:&quot;spinner&quot;,&quot;img_size&quot;:&quot;default&quot;,&quot;title_size&quot;:&quot;&quot;,&quot;items_ratio&quot;:&quot;default&quot;,&quot;items_ratio_width&quot;:&quot;21&quot;,&quot;items_ratio_height&quot;:&quot;9&quot;,&quot;overriding_link&quot;:&quot;{\\&quot;url\\&quot;:\\&quot;\\&quot;}&quot;,&quot;popup_page_template&quot;:&quot;0&quot;,&quot;popup_width&quot;:&quot;&quot;,&quot;popup_arrows&quot;:1,&quot;breakpoint_1_width&quot;:&quot;1281px&quot;,&quot;breakpoint_1_cols&quot;:&quot;3&quot;,&quot;breakpoint_1_quantity&quot;:&quot;&quot;,&quot;breakpoint_1_gap&quot;:&quot;&quot;,&quot;breakpoint_2_width&quot;:&quot;1025px&quot;,&quot;breakpoint_2_cols&quot;:&quot;2&quot;,&quot;breakpoint_2_quantity&quot;:&quot;&quot;,&quot;breakpoint_2_gap&quot;:&quot;&quot;,&quot;breakpoint_3_width&quot;:&quot;601px&quot;,&quot;breakpoint_3_cols&quot;:&quot;1&quot;,&quot;breakpoint_3_quantity&quot;:&quot;&quot;,&quot;breakpoint_3_gap&quot;:&quot;&quot;,&quot;conditions_operator&quot;:&quot;always&quot;,&quot;conditions&quot;:[],&quot;css&quot;:null,&quot;el_class&quot;:&quot;&quot;,&quot;el_id&quot;:&quot;&quot;,&quot;enable_custom_html_atts&quot;:0,&quot;custom_html_atts&quot;:null,&quot;hide_on_states&quot;:&quot;&quot;,&quot;hide_for_sticky&quot;:0,&quot;hide_for_not_sticky&quot;:0,&quot;hide_below&quot;:&quot;0px&quot;,&quot;hide_above&quot;:&quot;0px&quot;,&quot;classes&quot;:&quot;&quot;},&quot;found_posts&quot;:0,&quot;per_page&quot;:10,&quot;list_filters&quot;:&quot;[]&quot;},&quot;facetedFilter&quot;:{&quot;query_args_unfiltered&quot;:&quot;{\\&quot;ignore_sticky_posts\\&quot;:false,\\&quot;post__not_in\\&quot;:[],\\&quot;tax_query\\&quot;:{\\&quot;0\\&quot;:{\\&quot;operator\\&quot;:\\&quot;IN\\&quot;,\\&quot;taxonomy\\&quot;:\\&quot;category\\&quot;,\\&quot;terms\\&quot;:[\\&quot;38\\&quot;],\\&quot;include_children\\&quot;:false},\\&quot;relation\\&quot;:\\&quot;AND\\&quot;},\\&quot;meta_query\\&quot;:[],\\&quot;posts_per_page\\&quot;:10,\\&quot;paged\\&quot;:1,\\&quot;apply_list_url_params\\&quot;:true,\\&quot;post_type\\&quot;:[\\&quot;post\\&quot;],\\&quot;no_found_rows\\&quot;:true,\\&quot;post_status\\&quot;:\\&quot;publish\\&quot;}&quot;}}'><\/div><\/div><\/div><\/div><\/div><\/div><\/div><\/section>\n","protected":false},"excerpt":{"rendered":"Protokoll Sch\u00fclerratssitzung Nr.2 (08.10.2021): Protokoll Nr.2: Wahl der Vertreter f\u00fcr Schuko Datum:8.10.2021 - Uhrzeit(von 9.15-9.35 Uhr) Raum: Mensa ProtokollantIn: Lea Nothdurft anwesend:5a,5b,5c,5d,6a,6b,6c,7a,7b,7c,7d,7e,8a,8b,8c,8d,9a,9b,9c,9d,10a,10b,10c,10d,10e, Ks1,Ks2, VL+SSP\u2013Team. entschuldigt: unentschuldigt: 7b Wahl der 3Vertreter f\u00fcr Schulkonferenz und deren Stellvertreter Vertreter der Schulkonferenz: Florian Wolf (Ks2), Leonie Wagner (Ks2),Lena Jabben (10c) Die Stellvertreter werden in der n\u00e4chsten Sch\u00fclerratsitzung gew\u00e4hlt. &nbsp;...","protected":false},"author":2,"featured_media":9102,"parent":230,"menu_order":2,"comment_status":"closed","ping_status":"closed","template":"","meta":{"footnotes":""},"class_list":["post-5326","page","type-page","status-publish","has-post-thumbnail","hentry"],"publishpress_future_action":{"enabled":false,"date":"2026-04-20 17:45:47","action":"change-status","newStatus":"draft","terms":[],"taxonomy":"","extraData":[]},"publishpress_future_workflow_manual_trigger":{"enabledWorkflows":[]},"_links":{"self":[{"href":"https:\/\/hoegy.de\/homepage\/wp-json\/wp\/v2\/pages\/5326","targetHints":{"allow":["GET"]}}],"collection":[{"href":"https:\/\/hoegy.de\/homepage\/wp-json\/wp\/v2\/pages"}],"about":[{"href":"https:\/\/hoegy.de\/homepage\/wp-json\/wp\/v2\/types\/page"}],"author":[{"embeddable":true,"href":"https:\/\/hoegy.de\/homepage\/wp-json\/wp\/v2\/users\/2"}],"replies":[{"embeddable":true,"href":"https:\/\/hoegy.de\/homepage\/wp-json\/wp\/v2\/comments?post=5326"}],"version-history":[{"count":10,"href":"https:\/\/hoegy.de\/homepage\/wp-json\/wp\/v2\/pages\/5326\/revisions"}],"predecessor-version":[{"id":15039,"href":"https:\/\/hoegy.de\/homepage\/wp-json\/wp\/v2\/pages\/5326\/revisions\/15039"}],"up":[{"embeddable":true,"href":"https:\/\/hoegy.de\/homepage\/wp-json\/wp\/v2\/pages\/230"}],"wp:featuredmedia":[{"embeddable":true,"href":"https:\/\/hoegy.de\/homepage\/wp-json\/wp\/v2\/media\/9102"}],"wp:attachment":[{"href":"https:\/\/hoegy.de\/homepage\/wp-json\/wp\/v2\/media?parent=5326"}],"curies":[{"name":"wp","href":"https:\/\/api.w.org\/{rel}","templated":true}]}}