{"id":545,"date":"2018-10-17T20:02:55","date_gmt":"2018-10-17T18:02:55","guid":{"rendered":"https:\/\/hoegy.de\/homepage\/?page_id=545"},"modified":"2022-08-11T15:04:36","modified_gmt":"2022-08-11T13:04:36","slug":"mitmachen","status":"publish","type":"page","link":"https:\/\/hoegy.de\/homepage\/schulgemeinschaft\/solarverein\/mitmachen\/","title":{"rendered":"Mitmachen"},"content":{"rendered":"<h3>Mitglied werden<\/h3>\n<ul>\n<li>Mitgliedsbeitr\u00e4ge werden nicht erhoben.<\/li>\n<li>Deshalb gen\u00fcgt eine formlose Willenserkl\u00e4rung,<\/li>\n<li>die Sie per Fax oder Brief\u00a0 an den Vorstand schicken.<\/li>\n<\/ul>\n<p>Herzlich willkommen im Verein.<\/p>\n","protected":false},"excerpt":{"rendered":"<p>Mitglied werden Mitgliedsbeitr\u00e4ge werden nicht erhoben. Deshalb gen\u00fcgt eine formlose Willenserkl\u00e4rung, die Sie per Fax oder Brief\u00a0 an den Vorstand schicken. Herzlich willkommen im Verein.<\/p>\n","protected":false},"author":2,"featured_media":0,"parent":8411,"menu_order":3,"comment_status":"closed","ping_status":"closed","template":"","meta":{"footnotes":""},"class_list":["post-545","page","type-page","status-publish","hentry"],"publishpress_future_action":{"enabled":false,"date":"2026-04-23 21:14:12","action":"change-status","newStatus":"draft","terms":[],"taxonomy":"","extraData":[]},"publishpress_future_workflow_manual_trigger":{"enabledWorkflows":[]},"_links":{"self":[{"href":"https:\/\/hoegy.de\/homepage\/wp-json\/wp\/v2\/pages\/545","targetHints":{"allow":["GET"]}}],"collection":[{"href":"https:\/\/hoegy.de\/homepage\/wp-json\/wp\/v2\/pages"}],"about":[{"href":"https:\/\/hoegy.de\/homepage\/wp-json\/wp\/v2\/types\/page"}],"author":[{"embeddable":true,"href":"https:\/\/hoegy.de\/homepage\/wp-json\/wp\/v2\/users\/2"}],"replies":[{"embeddable":true,"href":"https:\/\/hoegy.de\/homepage\/wp-json\/wp\/v2\/comments?post=545"}],"version-history":[{"count":5,"href":"https:\/\/hoegy.de\/homepage\/wp-json\/wp\/v2\/pages\/545\/revisions"}],"predecessor-version":[{"id":3304,"href":"https:\/\/hoegy.de\/homepage\/wp-json\/wp\/v2\/pages\/545\/revisions\/3304"}],"up":[{"embeddable":true,"href":"https:\/\/hoegy.de\/homepage\/wp-json\/wp\/v2\/pages\/8411"}],"wp:attachment":[{"href":"https:\/\/hoegy.de\/homepage\/wp-json\/wp\/v2\/media?parent=545"}],"curies":[{"name":"wp","href":"https:\/\/api.w.org\/{rel}","templated":true}]}}