{"id":5604,"date":"2021-02-01T09:34:10","date_gmt":"2021-02-01T08:34:10","guid":{"rendered":"https:\/\/hoegy.de\/homepage\/?page_id=5604"},"modified":"2022-08-11T13:58:35","modified_gmt":"2022-08-11T11:58:35","slug":"praevention","status":"publish","type":"page","link":"https:\/\/hoegy.de\/homepage\/schulangebote\/mehr-als-unterricht\/praevention\/","title":{"rendered":"Pr\u00e4vention"},"content":{"rendered":"<p>Pr\u00e4vention hat viele Facetten \u2013 am H\u00f6Gy werden wir dazu in folgenden Aktionen aktiv:<\/p>\n<h3><strong>Verkehrspr\u00e4vention<\/strong><\/h3>\n<h4><strong>Klasse 5: \u201eBus fahren, aber sicher\u201c<\/strong><\/h4>\n<p>Zwei Polizisten und ein Busfahrer trainieren mit den F\u00fcnftkl\u00e4sslern das richtige Verhalten rund ums Busfahren \u2013 dabei sorgt nicht nur die erlebte Vollbremsung auf unserer Busschleife f\u00fcr Eindruck.<\/p>\n<p><a href=\"https:\/\/hoegy.de\/homepage\/wenn-guenter-fass-nach-vorne-fliegt\/\"><i><u><span style=\"background-color: rgba(51, 160, 214, 0.2); color: #0b0121;\">Artikel zu Sicherheit im Stra\u00dfenverkehr<\/span><\/u><\/i><\/a><\/p>\n<p><em><a ref=\"magnificPopup\" href=\"https:\/\/hoegy.de\/homepage\/hgy-media\/IMG_1891-5b-Reifen-scaled.jpg\"><img decoding=\"async\" class=\"alignnone wp-image-4530 lazyload\" data-src=\"https:\/\/hoegy.de\/homepage\/hgy-media\/IMG_1891-5b-Reifen-scaled.jpg\" alt=\"\" width=\"318\" height=\"424\" data-srcset=\"https:\/\/hoegy.de\/homepage\/hgy-media\/IMG_1891-5b-Reifen-scaled.jpg 1920w, https:\/\/hoegy.de\/homepage\/hgy-media\/IMG_1891-5b-Reifen-150x200.jpg 150w, https:\/\/hoegy.de\/homepage\/hgy-media\/IMG_1891-5b-Reifen-768x1024.jpg 768w, https:\/\/hoegy.de\/homepage\/hgy-media\/IMG_1891-5b-Reifen-446x595.jpg 446w, https:\/\/hoegy.de\/homepage\/hgy-media\/IMG_1891-5b-Reifen-38x50.jpg 38w, https:\/\/hoegy.de\/homepage\/hgy-media\/IMG_1891-5b-Reifen-1320x1760.jpg 1320w\" data-sizes=\"(max-width: 318px) 100vw, 318px\" src=\"data:image\/svg+xml;base64,PHN2ZyB3aWR0aD0iMSIgaGVpZ2h0PSIxIiB4bWxucz0iaHR0cDovL3d3dy53My5vcmcvMjAwMC9zdmciPjwvc3ZnPg==\" style=\"--smush-placeholder-width: 318px; --smush-placeholder-aspect-ratio: 318\/424;\" \/><\/a><\/em><\/p>\n<p><a href=\"https:\/\/bus-fahren.gib-acht-im-verkehr.de\/\"><em>Link zur Website der Polizei\u00a0<\/em><\/a><\/p>\n<h4><strong>Klasse 6: \u201eSch\u00fctze Dein Bestes\u201c<\/strong><\/h4>\n<p>Dass der Helm beim Fahrradfahren besser nicht am Lenker h\u00e4ngen, sondern tats\u00e4chlich auf dem Kopf getragen werden sollte, zeigen zwei Polizisten den Sechstkl\u00e4sslern praxisnah mit einigen Tests.<\/p>\n<p><a href=\"https:\/\/sdb.gib-acht-im-verkehr.de\/\"><em>Link zur Website der Polizei <\/em><\/a><\/p>\n<h3><strong>Medienpr\u00e4vention<\/strong><\/h3>\n<h4><strong>Klasse 5: \u201eMobile Medien &#8211; Dein Smartphone im Griff\u201c<\/strong><\/h4>\n<p>Einfach mal 24 Stunden \u201eHandyfasten\u201c ausprobieren? Oder die eigenen Apps auf Berechtigungen durchmisten, die sie gar nicht brauchen? \u00dcber das und mehr rund ums Handy hoffen die Experten von Mecodia unsere F\u00fcnftkl\u00e4ssler anzuregen und nachhaltig zu informieren.<\/p>\n<p><em> <a href=\"https:\/\/mecodia.de\/akademie\/medienbildung\/schuelerworkshops\/\">Link zur Website von Mecodia\u00a0<\/a><\/em><\/p>\n<h4><strong>Klasse 6: \u201eCybermobbing \u2013 Lass Dir nichts gefallen\u201c<\/strong><\/h4>\n<p>Dem unbeliebten Mitsch\u00fcler schnell mal etwas H\u00e4ssliches \u00fcbers Handy schreiben, ein paar andere liken es sofort gleich hinterher \u2013 was da in dem Betroffenen, aber auch beim Schreibenden oder Mitl\u00e4ufern vorgeht und welche Konsequenzen Cybermobbing haben kann, zeigen die Experten von Mecodia den Sechstkl\u00e4sslern.<\/p>\n<p><a href=\"https:\/\/mecodia.de\/akademie\/medienbildung\/schuelerworkshops\/\"><em>Link zur Website von Mecodia\u00a0<\/em><\/a><\/p>\n<h4><strong>Klasse 7: \u201eFake News und Einfluss von Medien\u201c<\/strong><\/h4>\n<p><a href=\"https:\/\/mecodia.de\/akademie\/medienbildung\/schuelerworkshops\/\"><em>Link zur Website von Mecodia<\/em><\/a><\/p>\n<h3><strong>Suchtpr\u00e4vention<\/strong><\/h3>\n<h4><strong>Klasse 7: Alkohol, Drogen, Handy \u2013 Infos peer-to-peer<\/strong><\/h4>\n<p>Mal ganz ohne Lehrer gestalten ausgebildete Suchtmultiplikatoren von Klasse 9 bis 12 einen Informationsvormittag f\u00fcr Siebtkl\u00e4ssler.<\/p>\n<p>&nbsp;<\/p>\n<h4><strong>Klasse 7: \u201eBe smart, don\u2019t start\u201c<\/strong><\/h4>\n<p><em><a ref=\"magnificPopup\" href=\"https:\/\/hoegy.de\/homepage\/hgy-media\/logo_be_smart1.jpg\"><img decoding=\"async\" class=\"alignnone size-full wp-image-5605 lazyload\" data-src=\"https:\/\/hoegy.de\/homepage\/hgy-media\/logo_be_smart1.jpg\" alt=\"\" width=\"294\" height=\"241\" data-srcset=\"https:\/\/hoegy.de\/homepage\/hgy-media\/logo_be_smart1.jpg 294w, https:\/\/hoegy.de\/homepage\/hgy-media\/logo_be_smart1-200x164.jpg 200w, https:\/\/hoegy.de\/homepage\/hgy-media\/logo_be_smart1-50x41.jpg 50w\" data-sizes=\"(max-width: 294px) 100vw, 294px\" src=\"data:image\/svg+xml;base64,PHN2ZyB3aWR0aD0iMSIgaGVpZ2h0PSIxIiB4bWxucz0iaHR0cDovL3d3dy53My5vcmcvMjAwMC9zdmciPjwvc3ZnPg==\" style=\"--smush-placeholder-width: 294px; --smush-placeholder-aspect-ratio: 294\/241;\" \/><\/a><\/em><\/p>\n<p><strong>\u00a0<\/strong>Die Regeln dieses Wettbewerbs sind einfach: Die Klasse entscheidet sich mit einem Vertrag, ein halbes Jahr lang nicht zu rauchen, also auf (E-)Zigaretten oder (E-)Shishas zu verzichten. Jeden Monat wird ehrlich gecheckt, ob es geklappt hat oder nicht. Im Schuljahr 2019-20 gewann eine H\u00f6Gy-Klasse dabei 100 Euro und g\u00f6nnte sich zum Abschluss ein gemeinsames Eis-Essen mit der Biologie-Lehrerin, die die Klasse durch den Wettbewerb gef\u00fchrt und das Thema Drogen im Unterricht thematisiert hatte.<\/p>\n<p><a href=\"https:\/\/www.besmart.info\/\"><em>Link zur Website vom IFT-Nord<\/em><\/a><\/p>\n<p>&nbsp;<\/p>\n<h4><b>Klasse 8 Suchtpr\u00e4vention: Ausbildung zum Suchtmultiplikator<\/b><\/h4>\n<p><b><\/b>Sucht kommt von Suchen \u2013 unter dieser \u00dcberschrift bilden die Experten der Suchtberatungsstelle des Landkreises Esslingen jedes Jahr auch freiwillige H\u00f6Gy-Sch\u00fclerInnen in einem dreit\u00e4gigen Seminar aus. Sehr pers\u00f6nlich fangen die k\u00fcnftigen \u201eSuchtmultis\u201c erst einmal mit einem Konsumprofil bei sich selbst an, bevor es zur Theorie der Suchtentstehung kommt. Auf der Suche nach Wegen, wie es erst gar nicht dazu kommen kann, lernen sie die Mittel des \u201eAuftankens\u201c kennen. Die Impulse des Seminars bringen sie dann wieder in den selbst gestalteten Vormittag f\u00fcr die Sechstkl\u00e4ssler mit ein.<\/p>\n<p><strong>\u201eHinter jeder Sucht steckt eine Sehnsucht\u201c<\/strong><\/p>\n<p>Bericht vom Sch\u00fclermultiplikatoren-Seminar 2019<\/p>\n<p>Von Lea Henseler<\/p>\n<p>Vom 20. bis 22.M\u00e4rz machte die Beratungsstelle Sucht und Pr\u00e4vention des Landkreises Esslingen wieder ihr Angebot: Interessierte Sch\u00fclerinnen und Sch\u00fcler von Esslinger Schulen konnten sich zu so genannten Multiplikatoren ausbilden lassen, um dann an ihrer Schule m\u00f6glichst aktiv f\u00fcr Pr\u00e4vention zu werben.<\/p>\n<p>Aus unserer Klasse 8e interessierten wir vier M\u00e4dchen uns daf\u00fcr und wollten gerne zu den neuen \u201eSuchtmultis\u201c ausgebildet werden.<\/p>\n<p>Wir trafen uns am fr\u00fchen Nachmittag mit den anderen angehenden \u201eSuchtmultis\u201c in der Jugendbildungsst\u00e4tte in Bempflingen-Kleinbettlingen. Diese war sehr sch\u00f6n eingerichtet, wir hatten verschiedene Zimmer mit je 6-8 Betten, einen Essensraum, eine gro\u00dfe K\u00fcche, einen Seminarraum und einen Aufenthaltsraum mit Tischkickern und einer Tischtennisplatte. Wir bezogen unsere Zimmer und lernten die Sch\u00fcler der anderen Schulen kennen. Es gab Tee, Kaffee und Hefezopf und dann ging das Programm los.<\/p>\n<p>Unser Programm startete zun\u00e4chst nat\u00fcrlich mit einer Kennenlernrunde. Danach besprachen wir die Regeln und den Ablauf und stiegen auch gleich ein ins Thema Sucht und Drogen.<\/p>\n<p>Nach dem Abendessen spielten wir \u201eActivity\u201c zum Thema Sucht, Drogen und den Folgen. Das war sehr lehrreich und auch lustig! Am n\u00e4chsten Tag lernten wir dann mehr \u00fcber legale und illegale Drogen und allt\u00e4gliche Suchtmittel. Dann bekamen wir Besuch von Natascha, einer ehemaligen Heroin-Abh\u00e4ngigen. Diese erz\u00e4hlte uns dann von ihrem Leben, wie sie zu Alkohol, Drogen und Zigaretten gekommen war. Das war sehr eindrucksvoll! Anhand ihres Beispiels konnten wir uns nochmals besser die Risiken und Folgen des Drogenmissbrauchs klarmachen!<\/p>\n<p>Am n\u00e4chsten Tag haben wir in einer R\u00fcckschau nochmals alle Themen des Seminars besprochen. Um 10 Uhr sind dann die Lehrer gekommen. Mit ihnen sollten und konnten wir dann schon konkret besprechen, welche Ideen wir haben und wie wir was an der Schule umsetzen k\u00f6nnten.<\/p>\n<p>Insgesamt hatten wir ein sch\u00f6nes und lehrreiches Seminar!<\/p>\n<p>&nbsp;<\/p>\n<p>&nbsp;<\/p>\n<p>&nbsp;<\/p>\n<p>&nbsp;<\/p>\n","protected":false},"excerpt":{"rendered":"<p>Pr\u00e4vention hat viele Facetten \u2013 am H\u00f6Gy werden wir dazu in folgenden Aktionen aktiv: Verkehrspr\u00e4vention Klasse 5: \u201eBus fahren, aber sicher\u201c Zwei Polizisten und ein Busfahrer trainieren mit den F\u00fcnftkl\u00e4sslern das richtige Verhalten rund ums Busfahren \u2013 dabei sorgt nicht nur die erlebte Vollbremsung auf unserer Busschleife f\u00fcr Eindruck. Artikel zu Sicherheit im Stra\u00dfenverkehr Link&#8230;<\/p>\n","protected":false},"author":1,"featured_media":0,"parent":614,"menu_order":10,"comment_status":"closed","ping_status":"closed","template":"","meta":{"footnotes":""},"class_list":["post-5604","page","type-page","status-publish","hentry"],"publishpress_future_action":{"enabled":false,"date":"2026-04-24 10:20:45","action":"change-status","newStatus":"draft","terms":[],"taxonomy":"","extraData":[]},"publishpress_future_workflow_manual_trigger":{"enabledWorkflows":[]},"_links":{"self":[{"href":"https:\/\/hoegy.de\/homepage\/wp-json\/wp\/v2\/pages\/5604","targetHints":{"allow":["GET"]}}],"collection":[{"href":"https:\/\/hoegy.de\/homepage\/wp-json\/wp\/v2\/pages"}],"about":[{"href":"https:\/\/hoegy.de\/homepage\/wp-json\/wp\/v2\/types\/page"}],"author":[{"embeddable":true,"href":"https:\/\/hoegy.de\/homepage\/wp-json\/wp\/v2\/users\/1"}],"replies":[{"embeddable":true,"href":"https:\/\/hoegy.de\/homepage\/wp-json\/wp\/v2\/comments?post=5604"}],"version-history":[{"count":1,"href":"https:\/\/hoegy.de\/homepage\/wp-json\/wp\/v2\/pages\/5604\/revisions"}],"predecessor-version":[{"id":5606,"href":"https:\/\/hoegy.de\/homepage\/wp-json\/wp\/v2\/pages\/5604\/revisions\/5606"}],"up":[{"embeddable":true,"href":"https:\/\/hoegy.de\/homepage\/wp-json\/wp\/v2\/pages\/614"}],"wp:attachment":[{"href":"https:\/\/hoegy.de\/homepage\/wp-json\/wp\/v2\/media?parent=5604"}],"curies":[{"name":"wp","href":"https:\/\/api.w.org\/{rel}","templated":true}]}}