{"id":626,"date":"2018-10-17T22:07:41","date_gmt":"2018-10-17T20:07:41","guid":{"rendered":"https:\/\/hoegy.de\/homepage\/?page_id=626"},"modified":"2022-09-02T21:06:21","modified_gmt":"2022-09-02T19:06:21","slug":"kursstufe","status":"publish","type":"page","link":"https:\/\/hoegy.de\/homepage\/dein-weg-am-hoegy\/kursstufe\/","title":{"rendered":"Kursstufe"},"content":{"rendered":"<section class=\"l-section wpb_row height_small\" id=\"kurswahl\"><div class=\"l-section-h i-cf\"><div class=\"g-cols vc_row via_flex valign_top type_default stacking_default\"><div class=\"vc_col-sm-12 wpb_column vc_column_container\"><div class=\"vc_column-inner\"><div class=\"wpb_wrapper\"><div class=\"wpb_text_column\"><div class=\"wpb_wrapper\"><h2>Kurswahl, schriftl. &amp; m\u00fcndl. Abitur, GFS, Seminarkurs<\/h2>\n<\/div><\/div><div class=\"wpb_text_column\"><div class=\"wpb_wrapper\"><p align=\"justify\">Mit dem Eintritt in die Kursstufe \u00e4ndert sich einiges. Du kannst deine Leistungs- und Basisf\u00e4cher w\u00e4hlen, es gibt einen Tutor anstelle eines Klassenlehrers\/einer Klassenlehrerin, deine Mitsch\u00fcler(innen) \u00e4ndern sich in jedem Fach und Zeugnisse gibt es ab sofort halbj\u00e4hrlich.<\/p>\n<p>Weiter unten oder im <a href=\"\/homepage\/formularcenter\/downloads\/\" target=\"_blank\" rel=\"noopener\">Downloadbereich<\/a> kannst du alle Informationen nachlesen. Au\u00dferdem hat die <a href=\"https:\/\/hoegy.de\/homepage\/schulangebote\/faecher-unterricht\/musikprofil\/musik-in-der-oberstufe\/\" target=\"_blank\" rel=\"noopener\">Fachschaft Musik<\/a> Informationen zum Musik-Leistungsfach zur Verf\u00fcgung gestellt.<\/p>\n<\/div><\/div><\/div><\/div><\/div><\/div><\/div><\/section><section class=\"l-section wpb_row height_small\" id=\"entschuldigung\"><div class=\"l-section-h i-cf\"><div class=\"g-cols vc_row via_flex valign_top type_default stacking_default\"><div class=\"vc_col-sm-12 wpb_column vc_column_container\"><div class=\"vc_column-inner\"><div class=\"wpb_wrapper\"><div class=\"wpb_text_column\"><div class=\"wpb_wrapper\"><h2>Entschuldigungsregelung<\/h2>\n<\/div><\/div><div class=\"wpb_text_column\"><div class=\"wpb_wrapper\"><p>In der Kursstufe entschuldigst du dich schriftlich bei deinem Tutor bzw. deiner Tutorin. Grunds\u00e4tzlich gilt, dass du dein Fehlen entweder am selben Tag oder allersp\u00e4testens am n\u00e4chsten Tag \u00fcber Mail, \u00fcber Teams, \u00fcber Telefonat mit dem Sekretariat o.\u00e4. bei deinem Tutor bzw. deiner Tutorin melden musst. \u00a0Dann hast du drei Tage Zeit, die schriftliche Entschuldigung nachzureichen.<\/p>\n<p>Beurlaubungen sind im Voraus einzuholen. Bei angek\u00fcndigten Leistungsnachweisen (Klausuren, Tests, GFS, praktische Nachweise in BK\/Sport etc.) musst du sp\u00e4testens am n\u00e4chsten Tag zus\u00e4tzlich zum Tutor \/ zur Tutorin noch deinen Fachlehrer \/ deine Fachlehrerin \u00fcber dein Fehlen informieren. Meldest du dich nicht rechtzeitig, m\u00fcssen nach der Notenverordnung 0 Punkt erteilt werden.<\/p>\n<p>Eine Vorlage f\u00fcr die schriftliche Entschuldigung und die ausf\u00fchrliche Regelung findest du weiter unten oder im <a href=\"https:\/\/hoegy.de\/homepage\/formularcenter\/downloads\/\" target=\"_blank\" rel=\"noopener\">Downloadbereich<\/a>.<\/p>\n<\/div><\/div><\/div><\/div><\/div><\/div><\/div><\/section><section class=\"l-section wpb_row height_small\" id=\"beratung\"><div class=\"l-section-h i-cf\"><div class=\"g-cols vc_row via_flex valign_top type_default stacking_default\"><div class=\"vc_col-sm-12 wpb_column vc_column_container\"><div class=\"vc_column-inner\"><div class=\"wpb_wrapper\"><div class=\"wpb_text_column\"><div class=\"wpb_wrapper\"><h2>Oberstufenberatung und Sch\u00fclerf\u00e4cher<\/h2>\n<\/div><\/div><div class=\"wpb_text_column\"><div class=\"wpb_wrapper\"><p>Die Oberstufenberatung \u00fcbernehmen Frau <strong>Kraus<\/strong> und Frau <strong>Heusel<\/strong>. Sie helfen bei der Kurswahl, bei Fragen zur Gewichtung des Abiturs, beraten bei Unterkursen oder bei der Wahl einer zus\u00e4tzlichen m\u00fcndlichen Pr\u00fcfung. Das Zimmer der Oberstufenberatung befindet sich links neben dem Sekretariat. Au\u00dferdem hat jeder Sch\u00fcler\/jede Sch\u00fclerin der Kursstufe ein eigenes Fach. Die F\u00e4cher der Kursstufe 1 und 2 befinden sich bei der Oberstufenberatung unterhalb der Tageb\u00fccher und vor der Sch\u00fclerbibliothek.<\/p>\n<\/div><\/div><\/div><\/div><\/div><\/div><\/div><\/section><section class=\"l-section wpb_row height_small\" id=\"klausuren\"><div class=\"l-section-h i-cf\"><div class=\"g-cols vc_row via_flex valign_top type_default stacking_default\"><div class=\"vc_col-sm-12 wpb_column vc_column_container\"><div class=\"vc_column-inner\"><div class=\"wpb_wrapper\"><div class=\"wpb_text_column\"><div class=\"wpb_wrapper\"><h2>Klausurenpl\u00e4ne<\/h2>\n<\/div><\/div><div class=\"wpb_text_column\"><div class=\"wpb_wrapper\"><p>Die jeweils aktuellen Klausurenpl\u00e4ne f\u00fcr KS1 und KS2 findest du weiter unten oder im <a href=\"\/homepage\/formularcenter\/downloads\/#kursstufe\" target=\"_blank\" rel=\"noopener\">Downloadbereich<\/a>.<\/p>\n<\/div><\/div><\/div><\/div><\/div><\/div><\/div><\/section><section class=\"l-section wpb_row height_small\"><div class=\"l-section-h i-cf\"><div class=\"g-cols vc_row via_flex valign_top type_default stacking_default\"><div class=\"vc_col-sm-12 wpb_column vc_column_container\"><div class=\"vc_column-inner\"><div class=\"wpb_wrapper\"><div class=\"wpb_text_column\"><div class=\"wpb_wrapper\"><div class=\"wpfd-content wpfd-content-default wpfd-content-multi\" data-category=\"81\"             style=\"background-color: rgba(255, 255, 255, 0)\"><input type=\"hidden\" id=\"current_category_81\" value=\"81\" \/>                    <input type=\"hidden\" id=\"current_category_slug_81\" value=\"kursstufe\" \/>                    <input type=\"hidden\" id=\"current_ordering_81\" value=\"ordering\" \/>                    <input type=\"hidden\" id=\"current_ordering_direction_81\" value=\"asc\" \/>                    <input type=\"hidden\" id=\"page_limit_81\" value=\"10\" \/><input type=\"hidden\" id=\"wpfd_display_empty_category_message\" value=\"0\" \/><input type=\"hidden\" id=\"wpfd_empty_category_message_val\" value=\"This file category has no files to display\" \/><input type=\"hidden\" id=\"wpfd_display_empty_folder\" value=\"0\" \/><input type=\"hidden\" id=\"wpfd_is_empty_subcategories\" value=\"1\" \/><input type=\"hidden\" id=\"wpfd_is_empty_files\" value=\"1\" \/><input type=\"hidden\" id=\"wpfd_root_category_theme\" class=\"wpfd_root_category_theme\" value=\"default\" \/><a data-catid=\"\" class=\"default-download-category \" href=\"https:\/\/hoegy.de\/homepage\/download\/wpfdcat\/81\/kursstufe\">Alles downloaden                                <i class=\"zmdi zmdi-check-all wpfd-download-category\"><\/i>                            <\/a><ul class=\"breadcrumbs wpfd-breadcrumbs-default head-category-default\">                            <li class=\"active\">Kursstufe<\/li>                        <\/ul>    <script type=\"text\/x-handlebars-template\" class=\"wpfd-template-categories\">        <div class=\"wpfd-categories \">{{#if category}}{{#with category}}<h2>{{name}}<\/h2>{{#if parent}}<a class=\"catlink backcategory\" href=\"#\" data-idcat=\"{{parent}}\">                        <i class=\"zmdi zmdi-chevron-left\"><\/i><span>Zur\u00fcck<\/span><\/a>{{\/if}}{{\/with}}{{\/if}}{{#if category.desc}}<div class=\"wpfd-category-desc\">{{category.desc}}<\/div>{{\/if}}{{#if categories}}{{#each categories}}<a class=\"wpfdcategory catlink\" style=\"margin : 10px 10px 10px 10px;\" href=\"#\" data-idcat=\"{{term_id}}\" title=\"{{name}}\">                                <span>{{name}}<\/span><i class=\"zmdi zmdi-folder wpfd-folder\"><\/i>                            <\/a>{{\/each}}{{\/if}}<div class=\"wpfdcategory_placeholder\" style=\"margin : 0 10px 0 10px;\"><\/div><div class=\"wpfdcategory_placeholder\" style=\"margin : 0 10px 0 10px;\"><\/div><div class=\"wpfdcategory_placeholder\" style=\"margin : 0 10px 0 10px;\"><\/div><\/div>    <\/script>    <script type=\"text\/x-handlebars-template\" class=\"wpfd-template-files\">        {{#if files }}        <div class=\"wpfd_list\">            {{#each files}}            <div class=\"file\" style=\"margin : 10px 10px 10px 10px;\" data-id=\"{{ID}}\" data-catid=\"{{catid}}\">                <div class=\"filecontent\">                    {{#if file_custom_icon}}                    <div class=\"icon-custom\"><img decoding=\"async\" src=\"{{file_custom_icon}}\" \/><\/div>                    {{else}}                    <div class=\"ext ext-{{ext}} wpfd-icon-set-svg\"><span class=\"txt\">{{ext}}<\/span><\/div>                    {{\/if}}<h3><label class=\"wpfd_checkbox\"><input class=\"cbox_file_download\" type=\"checkbox\" data-id=\"{{ID}}\" \/><span><\/span><\/label><a href=\"{{linkdownload}}\"  class=\"wpfd_downloadlink\" title=\"{{post_title}}\" target=\"{{#if remote_file}}_blank{{\/if}}\">{{{crop_title}}}<\/a><\/h3>                    <div class=\"file-xinfo\">                        {{#if description}}<div class=\"file-desc\">{{{description}}}<\/div>{{\/if}}{{#if versionNumber}}<div class=\"file-version\"><span>Version:<\/span> {{versionNumber}}<\/div>{{\/if}}<div class=\"file-size\"><span>Dateigr\u00f6\u00dfe:<\/span> {{bytesToSize size}}<\/div><div class=\"file-dated\"><span>Letzte \u00c4nderung:<\/span> {{modified}}<\/div>                    <\/div>                <\/div>                <span class=\"file-right\">                    <a class=\"downloadlink wpfd_downloadlink\"  href=\"{{linkdownload}}\" style=\"background-color:rgba(51, 160, 214, 1);color:#ffffff;\" target=\"{{#if remote_file}}_blank{{\/if}}\">Herunterladen<i class=\"zmdi zmdi-cloud-download wpfd-download\"><\/i><\/a>{{#if openpdflink}}<a class=\"openlink wpfdlightbox wpfd_previewlink\" href=\"{{openpdflink}}\" target=\"\">Vorschau                            <i class=\"zmdi zmdi-filter-center-focus wpfd-preview\"><\/i>                        <\/a>{{else}}{{#if viewerlink}}<a                            href=\"{{viewerlink}}\"                            class=\"openlink wpfdlightbox wpfd_previewlink\"                            target=\"\"                            data-id=\"{{ID}}\"                            data-catid=\"{{catid}}\"                            data-file-type=\"{{ext}}\">Vorschau<i class=\"zmdi zmdi-filter-center-focus wpfd-preview\"><\/i>                        <\/a>{{\/if}}{{\/if}}                <\/span>            <\/div>            {{\/each}}            <div class=\"file flex_span\" style=\"margin : 10px 10px 10px 10px;\"><\/div>        <\/div>        {{\/if}}    <\/script><div class=\"wpfd-container show_category_title show_breadcrumb show_subcategories\">        <div class=\"wpfd-open-tree\"><\/div>    <div class=\"wpfd-container-default \">        <div class=\"wpfd-categories \"><h2>Kursstufe<\/h2><div class=\"wpfd-category-desc\"><\/div><\/div>                    <div class=\"wpfd_list\">                                                        <div class=\"file\" style=\"margin : 10px 10px 10px 10px;\"                         data-id=\"12489\"                         data-catid=\"81\">                            <div class=\"filecontent\">                                <div class=\"ext ext-pdf wpfd-icon-set-svg\"><span class=\"txt\">pdf<\/span><\/div><h3><label class=\"wpfd_checkbox\"><input class=\"cbox_file_download\" type=\"checkbox\" data-id=\"12489\" data-catid=\"81\" \/><span><\/span><\/label><a href=\"https:\/\/hoegy.de\/homepage\/download\/81\/kursstufe\/12489\/entschuldigungsformular-2024-25-kursstufe-2.pdf\"  class=\"wpfd_downloadlink\" title=\"Entschuldigungsformular 2024-25 Kursstufe\" target=\"\">Entschuldigungsformular 2024-25 Kursstufe<\/a><\/h3>                                <div class=\"file-xinfo\">                                    <div class=\"file-desc\"><\/div><div class=\"file-size\"><span>Dateigr\u00f6\u00dfe:<\/span> 52.14 KB<\/div><div class=\"file-dated\"><span>Letzte \u00c4nderung:<\/span> 05.09.2024<\/div>                                <\/div>                            <\/div>                            <div class=\"file-right\">                                <a class=\"downloadlink wpfd_downloadlink\"  href=\"https:\/\/hoegy.de\/homepage\/download\/81\/kursstufe\/12489\/entschuldigungsformular-2024-25-kursstufe-2.pdf\" style=\"background-color:rgba(51, 160, 214, 1);color:#ffffff;\" target=\"\">Herunterladen<i class=\"zmdi zmdi-cloud-download wpfd-download\"><\/i><\/a><a class=\"openlink wpfdlightbox wpfd_previewlink\" href=\"https:\/\/hoegy.de\/homepage\/hgy-admin\/admin-ajax.php?juwpfisadmin=false&#038;action=wpfd&#038;task=file.download&#038;wpfd_category_id=81&#038;wpfd_file_id=12489&#038;token=&#038;preview=1\" target=\"\">Vorschau                            <i class=\"zmdi zmdi-filter-center-focus wpfd-preview\"><\/i>                        <\/a>                            <\/div>                    <\/div>                                                                            <div class=\"file\" style=\"margin : 10px 10px 10px 10px;\"                         data-id=\"11410\"                         data-catid=\"81\">                            <div class=\"filecontent\">                                <div class=\"ext ext-pdf wpfd-icon-set-svg\"><span class=\"txt\">pdf<\/span><\/div><h3><label class=\"wpfd_checkbox\"><input class=\"cbox_file_download\" type=\"checkbox\" data-id=\"11410\" data-catid=\"81\" \/><span><\/span><\/label><a href=\"https:\/\/hoegy.de\/homepage\/download\/81\/kursstufe\/11410\/info-gymn-oberstufe-abi-2026.pdf\"  class=\"wpfd_downloadlink\" title=\"Info gymn  Oberstufe Abi 2026\" target=\"\">Info gymn  Oberstufe Abi 2026<\/a><\/h3>                                <div class=\"file-xinfo\">                                    <div class=\"file-desc\"><\/div><div class=\"file-size\"><span>Dateigr\u00f6\u00dfe:<\/span> 439.75 KB<\/div><div class=\"file-dated\"><span>Letzte \u00c4nderung:<\/span> 18.01.2024<\/div>                                <\/div>                            <\/div>                            <div class=\"file-right\">                                <a class=\"downloadlink wpfd_downloadlink\"  href=\"https:\/\/hoegy.de\/homepage\/download\/81\/kursstufe\/11410\/info-gymn-oberstufe-abi-2026.pdf\" style=\"background-color:rgba(51, 160, 214, 1);color:#ffffff;\" target=\"\">Herunterladen<i class=\"zmdi zmdi-cloud-download wpfd-download\"><\/i><\/a><a class=\"openlink wpfdlightbox wpfd_previewlink\" href=\"https:\/\/hoegy.de\/homepage\/hgy-admin\/admin-ajax.php?juwpfisadmin=false&#038;action=wpfd&#038;task=file.download&#038;wpfd_category_id=81&#038;wpfd_file_id=11410&#038;token=&#038;preview=1\" target=\"\">Vorschau                            <i class=\"zmdi zmdi-filter-center-focus wpfd-preview\"><\/i>                        <\/a>                            <\/div>                    <\/div>                                                                            <div class=\"file\" style=\"margin : 10px 10px 10px 10px;\"                         data-id=\"13189\"                         data-catid=\"81\">                            <div class=\"filecontent\">                                <div class=\"ext ext-pdf wpfd-icon-set-svg\"><span class=\"txt\">pdf<\/span><\/div><h3><label class=\"wpfd_checkbox\"><input class=\"cbox_file_download\" type=\"checkbox\" data-id=\"13189\" data-catid=\"81\" \/><span><\/span><\/label><a href=\"https:\/\/hoegy.de\/homepage\/download\/81\/kursstufe\/13189\/info-gymn-oberstufe-abi-2027.pdf\"  class=\"wpfd_downloadlink\" title=\"Info gymn  Oberstufe Abi 2027\" target=\"\">Info gymn  Oberstufe Abi 2027<\/a><\/h3>                                <div class=\"file-xinfo\">                                    <div class=\"file-desc\"><\/div><div class=\"file-size\"><span>Dateigr\u00f6\u00dfe:<\/span> 437.49 KB<\/div><div class=\"file-dated\"><span>Letzte \u00c4nderung:<\/span> 20.01.2025<\/div>                                <\/div>                            <\/div>                            <div class=\"file-right\">                                <a class=\"downloadlink wpfd_downloadlink\"  href=\"https:\/\/hoegy.de\/homepage\/download\/81\/kursstufe\/13189\/info-gymn-oberstufe-abi-2027.pdf\" style=\"background-color:rgba(51, 160, 214, 1);color:#ffffff;\" target=\"\">Herunterladen<i class=\"zmdi zmdi-cloud-download wpfd-download\"><\/i><\/a><a class=\"openlink wpfdlightbox wpfd_previewlink\" href=\"https:\/\/hoegy.de\/homepage\/hgy-admin\/admin-ajax.php?juwpfisadmin=false&#038;action=wpfd&#038;task=file.download&#038;wpfd_category_id=81&#038;wpfd_file_id=13189&#038;token=&#038;preview=1\" target=\"\">Vorschau                            <i class=\"zmdi zmdi-filter-center-focus wpfd-preview\"><\/i>                        <\/a>                            <\/div>                    <\/div>                                                    <div class=\"file flex_span\" style=\"margin : 10px 10px 10px 10px;\"><\/div>            <\/div>                    <\/div><\/div><\/div>\n<\/div><\/div><\/div><\/div><\/div><\/div><\/div><\/section>\n","protected":false},"excerpt":{"rendered":"Kurswahl, schriftl. &amp; m\u00fcndl. Abitur, GFS, Seminarkurs Mit dem Eintritt in die Kursstufe \u00e4ndert sich einiges. Du kannst deine Leistungs- und Basisf\u00e4cher w\u00e4hlen, es gibt einen Tutor anstelle eines Klassenlehrers\/einer Klassenlehrerin, deine Mitsch\u00fcler(innen) \u00e4ndern sich in jedem Fach und Zeugnisse gibt es ab sofort halbj\u00e4hrlich. Weiter unten oder im Downloadbereich kannst du alle Informationen nachlesen....","protected":false},"author":2,"featured_media":0,"parent":623,"menu_order":6,"comment_status":"closed","ping_status":"closed","template":"","meta":{"footnotes":""},"class_list":["post-626","page","type-page","status-publish","hentry"],"publishpress_future_action":{"enabled":false,"date":"2026-05-06 18:07:00","action":"change-status","newStatus":"draft","terms":[],"taxonomy":"","extraData":[]},"publishpress_future_workflow_manual_trigger":{"enabledWorkflows":[]},"_links":{"self":[{"href":"https:\/\/hoegy.de\/homepage\/wp-json\/wp\/v2\/pages\/626","targetHints":{"allow":["GET"]}}],"collection":[{"href":"https:\/\/hoegy.de\/homepage\/wp-json\/wp\/v2\/pages"}],"about":[{"href":"https:\/\/hoegy.de\/homepage\/wp-json\/wp\/v2\/types\/page"}],"author":[{"embeddable":true,"href":"https:\/\/hoegy.de\/homepage\/wp-json\/wp\/v2\/users\/2"}],"replies":[{"embeddable":true,"href":"https:\/\/hoegy.de\/homepage\/wp-json\/wp\/v2\/comments?post=626"}],"version-history":[{"count":29,"href":"https:\/\/hoegy.de\/homepage\/wp-json\/wp\/v2\/pages\/626\/revisions"}],"predecessor-version":[{"id":9011,"href":"https:\/\/hoegy.de\/homepage\/wp-json\/wp\/v2\/pages\/626\/revisions\/9011"}],"up":[{"embeddable":true,"href":"https:\/\/hoegy.de\/homepage\/wp-json\/wp\/v2\/pages\/623"}],"wp:attachment":[{"href":"https:\/\/hoegy.de\/homepage\/wp-json\/wp\/v2\/media?parent=626"}],"curies":[{"name":"wp","href":"https:\/\/api.w.org\/{rel}","templated":true}]}}