{"id":651,"date":"2018-10-18T12:36:17","date_gmt":"2018-10-18T10:36:17","guid":{"rendered":"https:\/\/hoegy.de\/homepage\/?page_id=651"},"modified":"2022-08-13T12:25:37","modified_gmt":"2022-08-13T10:25:37","slug":"physik","status":"publish","type":"page","link":"https:\/\/hoegy.de\/homepage\/schulangebote\/faecher-unterricht\/physik\/","title":{"rendered":"Physik"},"content":{"rendered":"<section class=\"l-section wpb_row height_small\"><div class=\"l-section-h i-cf\"><div class=\"g-cols vc_row via_flex valign_top type_default stacking_default\"><div class=\"vc_col-sm-12 wpb_column vc_column_container\"><div class=\"vc_column-inner\"><div class=\"wpb_wrapper\"><div class=\"wpb_text_column\"><div class=\"wpb_wrapper\"><p><img decoding=\"async\" class=\"aligncenter wp-image-653 lazyload\" data-src=\"https:\/\/hoegy.de\/homepage\/hgy-media\/physik2.jpg\" alt=\"\" width=\"520\" height=\"293\" data-srcset=\"https:\/\/hoegy.de\/homepage\/hgy-media\/physik2.jpg 2718w, https:\/\/hoegy.de\/homepage\/hgy-media\/physik2-200x113.jpg 200w, https:\/\/hoegy.de\/homepage\/hgy-media\/physik2-1024x576.jpg 1024w, https:\/\/hoegy.de\/homepage\/hgy-media\/physik2-160x90.jpg 160w\" data-sizes=\"(max-width: 520px) 100vw, 520px\" src=\"data:image\/svg+xml;base64,PHN2ZyB3aWR0aD0iMSIgaGVpZ2h0PSIxIiB4bWxucz0iaHR0cDovL3d3dy53My5vcmcvMjAwMC9zdmciPjwvc3ZnPg==\" style=\"--smush-placeholder-width: 520px; --smush-placeholder-aspect-ratio: 520\/293;\" \/><\/p>\n<h3 align=\"justify\">Was ist Physik? Die Frage ist gar nicht so einfach. Probieren wir es mal mit einem Vergleich:<\/h3>\n<p align=\"justify\"><em>Stell dir vor, du beobachtest bei Freunden ein Brett- oder Kartenspiel , das du noch nicht kennst. Durch das Zuschauen entwickelst du langsam ein Gef\u00fchl, daf\u00fcr, was man bei dem Spiel darf und was nicht. Bei einfachen Grundregeln bist du dir vermutlich ziemlich schnell sicher: Wie viele Spielsteine\/-karten hat jeder? Wer f\u00e4ngt an? Wird das Spiel abwechselnd gespielt? Aber bereits bei der Frage, wer gewonnen hat (und warum) und ob es auch ein Unentschieden geben kann, ist erstmal gar nicht so leicht zu beantworten. Da hilft nur, nochmal bei einem weiteren Spiel zuzuschauen.<\/em><\/p>\n<p align=\"justify\">Und genau das machen wir in der Physik: Statt dem Spielverlauf, schauen wir bei allen Dingen, die auf der Erde oder auch ganz weit entfernt stattfinden, genau hin und versuchen Regeln abzuleiten. Bei manchen Regeln sind wir uns sehr sicher, weil wir den Ablauf bereits viele tausend mal beobachtet haben. Zum Beispiel, dass ein Gegenstand auf den Boden f\u00e4llt, wenn man ihn losl\u00e4sst. Bei manchen anderen Dingen ist man sich aber nicht so sicher, oder hat sie erst vor kurzem herausgefunden. Zum Beispiel warum bei einem frischen Cappuccino das Klappern des L\u00f6ffels beim Umr\u00fchren immer tiefer wird.<\/p>\n<p>Am Anfang einer jeden Regel steht aber immer zu erst die Beobachtung in der Natur oder im Experiment. Was passiert, wenn wir das Experiment wiederholen? Was passiert, wenn wir manche Dinge am Experiment \u00e4ndern?<\/p>\n<figure style=\"width: 350px\" class=\"wp-caption alignright\"><img decoding=\"async\" data-src=\"https:\/\/lehrerfortbildung-bw.de\/u_matnatech\/physik\/gym\/bp2004\/fb1\/box\/vortrag\/box_02.jpg\" alt=\"\" width=\"350\" height=\"372\" src=\"data:image\/svg+xml;base64,PHN2ZyB3aWR0aD0iMSIgaGVpZ2h0PSIxIiB4bWxucz0iaHR0cDovL3d3dy53My5vcmcvMjAwMC9zdmciPjwvc3ZnPg==\" class=\"lazyload\" style=\"--smush-placeholder-width: 350px; --smush-placeholder-aspect-ratio: 350\/372;\" \/><figcaption class=\"wp-caption-text\">https:\/\/lehrerfortbildung-bw.de<\/figcaption><\/figure>\n<p align=\"justify\">Mit der Zeit entwickeln wir Vermutungen\/Hypothesen und erarbeiten somit langsam ein Ger\u00fcst aus Regeln, die beschreiben, warum etwas funktioniert und k\u00f6nnen somit auch Vorhersagen \u00fcber etwas anstellen. Dieses Ger\u00fcst aus Regeln nennen wir Modellvorstellung. W\u00e4hrend des Physikunterrichts machen wir eine Runde durch die Akustik (warum klingt eine Geige anders als ein Klavier, obwohl beide denselben Ton spielen?), die Optik (wie entsteht ein Regenbogen, wie Abendrot?), die Mechanik (woher wei\u00df der Fahrradtacho, wie schnell ich fahre?), die Elektrizit\u00e4tslehre (was bedeuten &#8220;1800 Watt&#8221;? Wie kommt eigentlich elektrische Energie zu uns ins Haus?), \u00fcber den Magnetismus (stimmt es, dass sich das Erdmagnetfeld \u00e4ndert?), hin zur W\u00e4rmelehre (wie wird ein Haus gut ged\u00e4mmt?) und der Atomphysik (wie sind Atome aufgebaut?). In der Oberstufe besch\u00e4ftigt man sich au\u00dferdem mit Schwingungen und Wellen und der Quantenmechanik. Somit lernst du die Modelle der Physik f\u00fcr alle diese Bereiche kennen.<\/p>\n<p><img decoding=\"async\" class=\"wp-image-654 aligncenter lazyload\" data-src=\"https:\/\/hoegy.de\/homepage\/hgy-media\/physik1.jpg\" alt=\"\" width=\"520\" height=\"340\" data-srcset=\"https:\/\/hoegy.de\/homepage\/hgy-media\/physik1.jpg 2262w, https:\/\/hoegy.de\/homepage\/hgy-media\/physik1-200x131.jpg 200w, https:\/\/hoegy.de\/homepage\/hgy-media\/physik1-1024x669.jpg 1024w, https:\/\/hoegy.de\/homepage\/hgy-media\/physik1-138x90.jpg 138w\" data-sizes=\"(max-width: 520px) 100vw, 520px\" src=\"data:image\/svg+xml;base64,PHN2ZyB3aWR0aD0iMSIgaGVpZ2h0PSIxIiB4bWxucz0iaHR0cDovL3d3dy53My5vcmcvMjAwMC9zdmciPjwvc3ZnPg==\" style=\"--smush-placeholder-width: 520px; --smush-placeholder-aspect-ratio: 520\/340;\" \/><\/p>\n<\/div><\/div><\/div><\/div><\/div><\/div><\/div><\/section>\n","protected":false},"excerpt":{"rendered":"Was ist Physik? Die Frage ist gar nicht so einfach. Probieren wir es mal mit einem Vergleich: Stell dir vor, du beobachtest bei Freunden ein Brett- oder Kartenspiel , das du noch nicht kennst. Durch das Zuschauen entwickelst du langsam ein Gef\u00fchl, daf\u00fcr, was man bei dem Spiel darf und was nicht. Bei einfachen Grundregeln...","protected":false},"author":2,"featured_media":0,"parent":218,"menu_order":9,"comment_status":"closed","ping_status":"closed","template":"","meta":{"footnotes":""},"class_list":["post-651","page","type-page","status-publish","hentry"],"publishpress_future_action":{"enabled":false,"date":"2026-05-08 04:09:54","action":"change-status","newStatus":"draft","terms":[],"taxonomy":"","extraData":[]},"publishpress_future_workflow_manual_trigger":{"enabledWorkflows":[]},"_links":{"self":[{"href":"https:\/\/hoegy.de\/homepage\/wp-json\/wp\/v2\/pages\/651","targetHints":{"allow":["GET"]}}],"collection":[{"href":"https:\/\/hoegy.de\/homepage\/wp-json\/wp\/v2\/pages"}],"about":[{"href":"https:\/\/hoegy.de\/homepage\/wp-json\/wp\/v2\/types\/page"}],"author":[{"embeddable":true,"href":"https:\/\/hoegy.de\/homepage\/wp-json\/wp\/v2\/users\/2"}],"replies":[{"embeddable":true,"href":"https:\/\/hoegy.de\/homepage\/wp-json\/wp\/v2\/comments?post=651"}],"version-history":[{"count":13,"href":"https:\/\/hoegy.de\/homepage\/wp-json\/wp\/v2\/pages\/651\/revisions"}],"predecessor-version":[{"id":8826,"href":"https:\/\/hoegy.de\/homepage\/wp-json\/wp\/v2\/pages\/651\/revisions\/8826"}],"up":[{"embeddable":true,"href":"https:\/\/hoegy.de\/homepage\/wp-json\/wp\/v2\/pages\/218"}],"wp:attachment":[{"href":"https:\/\/hoegy.de\/homepage\/wp-json\/wp\/v2\/media?parent=651"}],"curies":[{"name":"wp","href":"https:\/\/api.w.org\/{rel}","templated":true}]}}