{"id":661,"date":"2018-10-18T12:47:30","date_gmt":"2018-10-18T10:47:30","guid":{"rendered":"https:\/\/hoegy.de\/homepage\/?page_id=661"},"modified":"2026-01-09T20:38:36","modified_gmt":"2026-01-09T19:38:36","slug":"sekretariat","status":"publish","type":"page","link":"https:\/\/hoegy.de\/homepage\/das-hoegy\/unsere-schule\/sekretariat\/","title":{"rendered":"Sekretariat &#8211; Kontakt"},"content":{"rendered":"<section class=\"l-section wpb_row height_small\"><div class=\"l-section-h i-cf\"><div class=\"g-cols vc_row via_flex valign_top type_default stacking_default\"><div class=\"vc_col-sm-6 wpb_column vc_column_container\"><div class=\"vc_column-inner\"><div class=\"wpb_wrapper\"><div class=\"w-gallery fit_cover type_grid ratio_1x1 count_1\" style=\"--columns:2;--items-gap:10px;\"><div class=\"w-gallery-list\"><div class=\"w-gallery-item\"><div class=\"w-gallery-item-img\"><img decoding=\"async\" width=\"893\" height=\"1024\" data-src=\"https:\/\/hoegy.de\/homepage\/hgy-media\/0IMG_3416-893x1024.png\" class=\"attachment-large size-large lazyload\" alt=\"\" data-srcset=\"https:\/\/hoegy.de\/homepage\/hgy-media\/0IMG_3416-893x1024.png 893w, https:\/\/hoegy.de\/homepage\/hgy-media\/0IMG_3416-174x200.png 174w, https:\/\/hoegy.de\/homepage\/hgy-media\/0IMG_3416-519x595.png 519w, https:\/\/hoegy.de\/homepage\/hgy-media\/0IMG_3416-44x50.png 44w, https:\/\/hoegy.de\/homepage\/hgy-media\/0IMG_3416.png 1827w\" data-sizes=\"(max-width: 893px) 100vw, 893px\" src=\"data:image\/svg+xml;base64,PHN2ZyB3aWR0aD0iMSIgaGVpZ2h0PSIxIiB4bWxucz0iaHR0cDovL3d3dy53My5vcmcvMjAwMC9zdmciPjwvc3ZnPg==\" style=\"--smush-placeholder-width: 893px; --smush-placeholder-aspect-ratio: 893\/1024;\" \/><\/div><\/div><\/div><\/div><div class=\"wpb_text_column\"><div class=\"wpb_wrapper\"><p>Frau Sabine Harrer<\/p>\n<\/div><\/div><div class=\"w-separator size_medium\"><\/div><div class=\"wpb_text_column\"><div class=\"wpb_wrapper\"><h3>\u00d6ffnungszeiten<\/h3>\n<p>Montag bis Donnerstag\u00a0 7.15 Uhr bis 15.30 Uhr<br \/>\nFreitag\u00a0 7.15 Uhr bis 13.00 Uhr<br \/>\n<strong>Mittwochnachmittag geschlossen!<\/strong><\/p>\n<h4>Bitte beachten Sie, dass unser Sekretariat in den Schulferien und an Br\u00fcckentagen geschlossen ist.<\/h4>\n<h5>Gerne auch eine E-Mail an <strong>sekretariat@myhoegy.de<\/strong> senden oder eine Notiz in unseren roten Briefkasten vor der B\u00fcrot\u00fcr werfen.<\/h5>\n<\/div><\/div><div class=\"wpb_text_column\"><div class=\"wpb_wrapper\"><h3>Wo finde ich das Sekretariat im H\u00f6Gy?<\/h3>\n<p>Das Sekretariat befindet sich in Ebene 3, Raum 307.<br \/>\nAm Haupteingang nach rechts, eine Treppe nach oben (= Ebene 3), den Flur entlang auf der rechten Seite.<\/p>\n<\/div><\/div><\/div><\/div><\/div><div class=\"vc_col-sm-6 wpb_column vc_column_container\"><div class=\"vc_column-inner\"><div class=\"wpb_wrapper\"><div class=\"wpb_text_column\"><div class=\"wpb_wrapper\"><h3>Kontakt<\/h3>\n<\/div><\/div><div class=\"wpb_text_column\"><div class=\"wpb_wrapper\"><div class=\"forminator-ui forminator-custom-form forminator-custom-form-11513 forminator-design--default  forminator_ajax\" data-forminator-render=\"0\" data-form=\"forminator-module-11513\" data-uid=\"69e1ed8fc1512\"><br\/><\/div><form\n\t\t\t\tid=\"forminator-module-11513\"\n\t\t\t\tclass=\"forminator-ui forminator-custom-form forminator-custom-form-11513 forminator-design--default  forminator_ajax\"\n\t\t\t\tmethod=\"post\"\n\t\t\t\tdata-forminator-render=\"0\"\n\t\t\t\tdata-form-id=\"11513\"\n\t\t\t\t data-color-option=\"default\" data-design=\"default\" data-grid=\"open\" style=\"display: none;\"\n\t\t\t\tdata-uid=\"69e1ed8fc1512\"\n\t\t\t><div role=\"alert\" aria-live=\"polite\" class=\"forminator-response-message forminator-error\" aria-hidden=\"true\"><\/div><div class=\"forminator-row\"><div id=\"name-1\" class=\"forminator-field-name forminator-col forminator-col-12 \"><div class=\"forminator-row forminator-no-margin\" data-multiple=\"true\"><div class=\"forminator-col forminator-col-md-6\"><div class=\"forminator-field\"><label for=\"forminator-field-first-name-1_69e1ed8fc1512\" id=\"forminator-field-first-name-1_69e1ed8fc1512-label\" class=\"forminator-label\">Vorname <span class=\"forminator-required\">*<\/span><\/label><input type=\"text\" name=\"name-1-first-name\" placeholder=\"z. B. Max\" id=\"forminator-field-first-name-1_69e1ed8fc1512\" class=\"forminator-input\" aria-required=\"true\" data-multi=\"1\" autocomplete=\"given-name\" value=\"\" \/><\/div><\/div><div class=\"forminator-col forminator-col-md-6\"><div class=\"forminator-field\"><label for=\"forminator-field-last-name-1_69e1ed8fc1512\" id=\"forminator-field-last-name-1_69e1ed8fc1512-label\" class=\"forminator-label\">Nachname <span class=\"forminator-required\">*<\/span><\/label><input type=\"text\" name=\"name-1-last-name\" placeholder=\"z. B. Mustermann\" id=\"forminator-field-last-name-1_69e1ed8fc1512\" class=\"forminator-input\" aria-required=\"true\" data-multi=\"1\" autocomplete=\"family-name\" value=\"\" \/><\/div><\/div><\/div><\/div><\/div><div class=\"forminator-row\"><div id=\"email-1\" class=\"forminator-field-email forminator-col forminator-col-12 \"><div class=\"forminator-field\"><label for=\"forminator-field-email-1_69e1ed8fc1512\" id=\"forminator-field-email-1_69e1ed8fc1512-label\" class=\"forminator-label\">E-Mail-Adresse <span class=\"forminator-required\">*<\/span><\/label><input type=\"email\" name=\"email-1\" value=\"\" placeholder=\"z. B. max@mustermann.de\" id=\"forminator-field-email-1_69e1ed8fc1512\" class=\"forminator-input forminator-email--field\" data-required=\"true\" aria-required=\"true\" autocomplete=\"email\" \/><\/div><\/div><\/div><div class=\"forminator-row\"><div id=\"phone-1\" class=\"forminator-field-phone forminator-col forminator-col-12 \"><div class=\"forminator-field\"><label for=\"forminator-field-phone-1_69e1ed8fc1512\" id=\"forminator-field-phone-1_69e1ed8fc1512-label\" class=\"forminator-label\">Telefonnummer<\/label><input type=\"text\" name=\"phone-1\" value=\"\" placeholder=\"z. B. +49 3004005000\" id=\"forminator-field-phone-1_69e1ed8fc1512\" class=\"forminator-input forminator-field--phone\" data-required=\"\" aria-required=\"false\" autocomplete=\"off\" \/><\/div><\/div><\/div><div class=\"forminator-row\"><div id=\"text-1\" class=\"forminator-field-text forminator-col forminator-col-12 \"><div class=\"forminator-field\"><label for=\"forminator-field-text-1_69e1ed8fc1512\" id=\"forminator-field-text-1_69e1ed8fc1512-label\" class=\"forminator-label\">Betreff <span class=\"forminator-required\">*<\/span><\/label><input type=\"text\" name=\"text-1\" value=\"\" placeholder=\"z. B. Schulbescheinigung f\u00fcr Marta Musterfrau\" id=\"forminator-field-text-1_69e1ed8fc1512\" class=\"forminator-input forminator-name--field\" data-required=\"1\" \/><\/div><\/div><\/div><div class=\"forminator-row\"><div id=\"textarea-1\" class=\"forminator-field-textarea forminator-col forminator-col-12 \"><div class=\"forminator-field\"><label for=\"forminator-field-textarea-1_69e1ed8fc1512\" id=\"forminator-field-textarea-1_69e1ed8fc1512-label\" class=\"forminator-label\">Nachricht <span class=\"forminator-required\">*<\/span><\/label><textarea name=\"textarea-1\" placeholder=\"Geben Sie Ihre Nachricht ein ...\" id=\"forminator-field-textarea-1_69e1ed8fc1512\" class=\"forminator-textarea\" rows=\"6\" style=\"min-height:140px;\" maxlength=\"250\" ><\/textarea><span id=\"forminator-field-textarea-1_69e1ed8fc1512-description\" class=\"forminator-description\"><span data-limit=\"250\" data-type=\"characters\" data-editor=\"\">0 \/ 250<\/span><\/span><\/div><\/div><\/div><div class=\"forminator-row\" style=\"margin: 0;\"><div id=\"captcha-1\" class=\"forminator-field-captcha  forminator-col-12 \"><div class=\"forminator-captcha-left forminator-g-recaptcha recaptcha-invisible\" data-theme=\"light\" data-badge=\"bottomright\" data-sitekey=\"6Lfg6VEqAAAAAEZjnnGAXqrvi30GKIGyIYGtn091\" data-size=\"invisible\"><\/div> <\/div><\/div><div class=\"forminator-row forminator-hidden\"><div id=\"hidden-1\" class=\"forminator-field-hidden  forminator-col-12 \"><input type=\"hidden\" id=\"hidden-1_69e1ed8fc1512\" name=\"hidden-1\" value=\"216.73.216.178\" \/><\/div><\/div><input type=\"hidden\" name=\"referer_url\" value=\"\" \/><div class=\"forminator-row forminator-row-last\"><div class=\"forminator-col\"><div class=\"forminator-field\"><button class=\"forminator-button forminator-button-submit\">Nachricht senden<\/button><\/div><\/div><\/div><input type=\"hidden\" id=\"forminator_nonce\" name=\"forminator_nonce\" value=\"8ba33b05b3\" \/><input type=\"hidden\" name=\"_wp_http_referer\" value=\"\/homepage\/wp-json\/wp\/v2\/pages\/661\" \/><input type=\"hidden\" name=\"form_id\" value=\"11513\"><input type=\"hidden\" name=\"page_id\" value=\"661\"><input type=\"hidden\" name=\"form_type\" value=\"default\"><input type=\"hidden\" name=\"current_url\" value=\"https:\/\/hoegy.de\/homepage\/das-hoegy\/unsere-schule\/sekretariat\/\"><input type=\"hidden\" name=\"render_id\" value=\"0\"><input type=\"hidden\" name=\"action\" value=\"forminator_submit_form_custom-forms\"><label for=\"input_7\" class=\"forminator-hidden\" aria-hidden=\"true\">Bitte f\u00fclle dieses Feld nicht aus. <input id=\"input_7\" type=\"text\" name=\"input_7\" value=\"\" autocomplete=\"off\"><\/label><\/form>\n<\/div><\/div><div class=\"wpb_text_column\"><div class=\"wpb_wrapper\"><h3>Adresse<\/h3>\n<p style=\"text-align: left;\">H\u00f6lderlin-Gymnasium N\u00fcrtingen<br \/>\nAm Lerchenberg 75<br \/>\n72622 N\u00fcrtingen<\/p>\n<p>Tel.- Nr.: <a href=\"tel:0702294787300\">07022 9478-7300<\/a><br \/>\nE-Mail: <a href=\"mailto:sekretariat@hoegy.de\">sekretariat@myhoegy.de<\/a><\/p>\n<\/div><\/div><div class=\"wpb_text_column\"><div class=\"wpb_wrapper\"><h3>Weitere Informationen<\/h3>\n<p>Schulbescheinigungen, Sch\u00fclerausweise, Fachhochschulreife etc. k\u00f6nnen unsere Sch\u00fcler*innen jederzeit direkt bei uns per Email anfordern. Wir melden uns dann, sobald die Unterlagen abgeholt werden k\u00f6nnen.<\/p>\n<\/div><\/div><\/div><\/div><\/div><\/div><\/div><\/section>\n","protected":false},"excerpt":{"rendered":"Frau Sabine Harrer \u00d6ffnungszeiten Montag bis Donnerstag\u00a0 7.15 Uhr bis 15.30 Uhr Freitag\u00a0 7.15 Uhr bis 13.00 Uhr Mittwochnachmittag geschlossen! Bitte beachten Sie, dass unser Sekretariat in den Schulferien und an Br\u00fcckentagen geschlossen ist. Gerne auch eine E-Mail an sekretariat@myhoegy.de senden oder eine Notiz in unseren roten Briefkasten vor der B\u00fcrot\u00fcr werfen. Wo finde ich...","protected":false},"author":2,"featured_media":0,"parent":13495,"menu_order":4,"comment_status":"closed","ping_status":"closed","template":"","meta":{"footnotes":""},"class_list":["post-661","page","type-page","status-publish","hentry"],"publishpress_future_action":{"enabled":false,"date":"2026-04-24 10:21:35","action":"change-status","newStatus":"draft","terms":[],"taxonomy":"","extraData":[]},"publishpress_future_workflow_manual_trigger":{"enabledWorkflows":[]},"_links":{"self":[{"href":"https:\/\/hoegy.de\/homepage\/wp-json\/wp\/v2\/pages\/661","targetHints":{"allow":["GET"]}}],"collection":[{"href":"https:\/\/hoegy.de\/homepage\/wp-json\/wp\/v2\/pages"}],"about":[{"href":"https:\/\/hoegy.de\/homepage\/wp-json\/wp\/v2\/types\/page"}],"author":[{"embeddable":true,"href":"https:\/\/hoegy.de\/homepage\/wp-json\/wp\/v2\/users\/2"}],"replies":[{"embeddable":true,"href":"https:\/\/hoegy.de\/homepage\/wp-json\/wp\/v2\/comments?post=661"}],"version-history":[{"count":84,"href":"https:\/\/hoegy.de\/homepage\/wp-json\/wp\/v2\/pages\/661\/revisions"}],"predecessor-version":[{"id":15022,"href":"https:\/\/hoegy.de\/homepage\/wp-json\/wp\/v2\/pages\/661\/revisions\/15022"}],"up":[{"embeddable":true,"href":"https:\/\/hoegy.de\/homepage\/wp-json\/wp\/v2\/pages\/13495"}],"wp:attachment":[{"href":"https:\/\/hoegy.de\/homepage\/wp-json\/wp\/v2\/media?parent=661"}],"curies":[{"name":"wp","href":"https:\/\/api.w.org\/{rel}","templated":true}]}}