{"id":764,"date":"2018-10-22T09:12:54","date_gmt":"2018-10-22T07:12:54","guid":{"rendered":"https:\/\/hoegy.de\/homepage\/?page_id=764"},"modified":"2022-08-11T13:57:59","modified_gmt":"2022-08-11T11:57:59","slug":"sprachcamp","status":"publish","type":"page","link":"https:\/\/hoegy.de\/homepage\/schulangebote\/mehr-als-unterricht\/sprachcamp\/","title":{"rendered":"Sprachcamp"},"content":{"rendered":"<section class=\"l-section wpb_row height_small\"><div class=\"l-section-h i-cf\"><div class=\"g-cols vc_row via_flex valign_top type_default stacking_default\"><div class=\"vc_col-sm-12 wpb_column vc_column_container\"><div class=\"vc_column-inner\"><div class=\"wpb_wrapper\"><div class=\"wpb_text_column\"><div class=\"wpb_wrapper\"><p>Das H\u00f6lderlin-Gymnasium bietet f\u00fcr die achten Klassen seit \u00fcber 10 Jahren das Sprachcamp Englisch an.<\/p>\n<p><strong>Worum geht es?<\/strong><\/p>\n<p>Es soll bei einem f\u00fcnft\u00e4gigen Aufenthalt im Kleinwalsertal Bewegungs- und Sozialkompetenz trainiert werden &#8211;\u00a0aber mit einer Besonderheit: Die Kommunikation l\u00e4uft ganz auf Englisch!<\/p>\n<p><strong>Methode und Konzept:<\/strong><\/p>\n<p>Das Programm baut auf den Elementen der Erlebnisp\u00e4dagogik auf, wobei der Schwerpunkt auf Teambuilding\u00a0Activities und anderen Herausforderungen aller Art liegt, wie sie auch in Trainingswochen von Auszubildenden\u00a0und Managern zum Einsatz kommen. Begleitet werden Ihre Kinder in englischer Sprache von qualifizierten\u00a0Outdoor-Trainer\/innen, die alle eine fachsportliche und erlebnisp\u00e4dagogische Ausbildung durchlaufen haben und\u00a0f\u00fcr die Sicherheit Ihrer Kinder sorgen werden. Die Betreuung erfolgt in Gruppen von ca. 13-14 Jugendlichen, f\u00fcr\u00a0die je ein Sprachcamp-Trainer sowie ggf. zus\u00e4tzlich ein Lehrer oder eine Lehrerin des H\u00f6lderlin-Gymnasiums\u00a0zust\u00e4ndig ist. F\u00fcr die Aktivit\u00e4ten sind weder Vorkenntnisse noch besondere sportliche F\u00e4higkeiten n\u00f6tig, au\u00dfer inaltersangemessener Form &#8220;gut zu Fu\u00df&#8221; zu sein.<br \/>\nDamit Ihre Kinder von dem vielf\u00e4ltigen Angebot optimal\u00a0profitieren, ist es nat\u00fcrlich erforderlich, dass sie sich auf die Aufgaben und Anregungen des Sprachcamps\u00a0einlassen. Tags\u00fcber gibt es ein Programm (vormittags und nachmittags); abends ist Freizeit.<br \/>\nDie Sch\u00fclerinnenund Sch\u00fcler werden vor Beginn des Sprachcamps in die Tagesgruppen eingeteilt. Diese Gruppen bleiben die\u00a0ganze Woche erhalten. Das jeweilige Tagesprogramm liegt in der Verantwortung des Trainers und wird den\u00a0Interessen und F\u00e4higkeiten der Gruppe unter Ber\u00fccksichtigung der Witterungsverh\u00e4ltnisse angepasst.<\/p>\n<p><strong>Ort und Organisation:<\/strong><\/p>\n<p>Die Trainingswoche findet in Hirschegg \/ Kleinwalsertal statt. Wir\u00a0m\u00f6chten darauf hinweisen, dass es sich um ein Sprachcamp handelt. Ihre Kinder d\u00fcrfen eine gut gef\u00fchrte\u00a0einfache Unterkunft, jedoch kein 3-Sterne-Hotel erwarten.Einen guten \u00dcberblick liefert die Website www.sprachcamp-allgaeu.de<\/p>\n<p>Das genaue Programm wird auf Grund der Gegebenheiten vor Ort aufgestellt und richtet sich nach dem Verlauf\u00a0des Trainingsprozesses, den F\u00e4higkeiten der Teilnehmer*innen und den jeweiligen Witterungsbedingungen. Um Ihnen\u00a0eine Vorstellung zu geben: Im zur\u00fcckliegenden Sprachcamp geh\u00f6rten u.a. folgende Programmpunkte zu denAktivit\u00e4ten:<br \/>\n&#8211; Klettern<br \/>\n&#8211; Abseilen<br \/>\n&#8211; Jakobsleiter<br \/>\n&#8211; Foto-Rallye mit Walkie-Talkies<br \/>\n&#8211; Feuerworkshop<br \/>\n&#8211; Outdoor Survival\u00a0Skills<br \/>\netc.<\/p>\n<\/div><\/div><div class=\"w-slider style_none fit_scaledown nav_none count_18\"><div class=\"w-slider-h\" aria-hidden=\"true\"><div class=\"royalSlider\"><div class=\"rsContent\"><a class=\"rsImg\" data-rsw=\"768\" data-rsh=\"1024\" href=\"https:\/\/hoegy.de\/homepage\/hgy-media\/PHOTO-2021-01-20-22-14-55.jpg\"><span data-alt=\"\"><\/span><\/a><\/div><div class=\"rsContent\"><a class=\"rsImg\" data-rsw=\"768\" data-rsh=\"1024\" href=\"https:\/\/hoegy.de\/homepage\/hgy-media\/PHOTO-2021-01-20-22-14-55-2.jpg\"><span data-alt=\"\"><\/span><\/a><\/div><div class=\"rsContent\"><a class=\"rsImg\" data-rsw=\"768\" data-rsh=\"1024\" href=\"https:\/\/hoegy.de\/homepage\/hgy-media\/PHOTO-2021-01-20-22-14-55-3.jpg\"><span data-alt=\"\"><\/span><\/a><\/div><div class=\"rsContent\"><a class=\"rsImg\" data-rsw=\"1024\" data-rsh=\"768\" href=\"https:\/\/hoegy.de\/homepage\/hgy-media\/PHOTO-2021-01-20-22-14-56.jpg\"><span data-alt=\"\"><\/span><\/a><\/div><div class=\"rsContent\"><a class=\"rsImg\" data-rsw=\"1024\" data-rsh=\"768\" href=\"https:\/\/hoegy.de\/homepage\/hgy-media\/PHOTO-2021-01-20-22-14-56-2.jpg\"><span data-alt=\"\"><\/span><\/a><\/div><div class=\"rsContent\"><a class=\"rsImg\" data-rsw=\"1024\" data-rsh=\"768\" href=\"https:\/\/hoegy.de\/homepage\/hgy-media\/PHOTO-2021-01-20-22-14-56-3.jpg\"><span data-alt=\"\"><\/span><\/a><\/div><div class=\"rsContent\"><a class=\"rsImg\" data-rsw=\"1024\" data-rsh=\"576\" href=\"https:\/\/hoegy.de\/homepage\/hgy-media\/PHOTO-2021-01-20-22-14-56-4.jpg\"><span data-alt=\"\"><\/span><\/a><\/div><div class=\"rsContent\"><a class=\"rsImg\" data-rsw=\"1024\" data-rsh=\"576\" href=\"https:\/\/hoegy.de\/homepage\/hgy-media\/PHOTO-2021-01-20-22-14-56-5.jpg\"><span data-alt=\"\"><\/span><\/a><\/div><div class=\"rsContent\"><a class=\"rsImg\" data-rsw=\"1024\" data-rsh=\"576\" href=\"https:\/\/hoegy.de\/homepage\/hgy-media\/PHOTO-2021-01-20-22-14-56-6.jpg\"><span data-alt=\"\"><\/span><\/a><\/div><div class=\"rsContent\"><a class=\"rsImg\" data-rsw=\"1024\" data-rsh=\"811\" href=\"https:\/\/hoegy.de\/homepage\/hgy-media\/PHOTO-2021-01-20-22-14-56-7.jpg\"><span data-alt=\"\"><\/span><\/a><\/div><div class=\"rsContent\"><a class=\"rsImg\" data-rsw=\"1024\" data-rsh=\"700\" href=\"https:\/\/hoegy.de\/homepage\/hgy-media\/PHOTO-2021-01-20-22-14-56-8.jpg\"><span data-alt=\"\"><\/span><\/a><\/div><div class=\"rsContent\"><a class=\"rsImg\" data-rsw=\"1024\" data-rsh=\"576\" href=\"https:\/\/hoegy.de\/homepage\/hgy-media\/PHOTO-2021-01-20-22-14-56-9.jpg\"><span data-alt=\"\"><\/span><\/a><\/div><div class=\"rsContent\"><a class=\"rsImg\" data-rsw=\"888\" data-rsh=\"1024\" href=\"https:\/\/hoegy.de\/homepage\/hgy-media\/PHOTO-2021-01-20-22-14-56-10.jpg\"><span data-alt=\"\"><\/span><\/a><\/div><div class=\"rsContent\"><a class=\"rsImg\" data-rsw=\"1024\" data-rsh=\"768\" href=\"https:\/\/hoegy.de\/homepage\/hgy-media\/PHOTO-2021-01-20-22-14-56-11.jpg\"><span data-alt=\"\"><\/span><\/a><\/div><div class=\"rsContent\"><a class=\"rsImg\" data-rsw=\"768\" data-rsh=\"1024\" href=\"https:\/\/hoegy.de\/homepage\/hgy-media\/PHOTO-2021-01-20-22-14-56-12.jpg\"><span data-alt=\"\"><\/span><\/a><\/div><div class=\"rsContent\"><a class=\"rsImg\" data-rsw=\"1024\" data-rsh=\"768\" href=\"https:\/\/hoegy.de\/homepage\/hgy-media\/PHOTO-2021-01-20-22-14-56-13.jpg\"><span data-alt=\"\"><\/span><\/a><\/div><div class=\"rsContent\"><a class=\"rsImg\" data-rsw=\"1024\" data-rsh=\"768\" href=\"https:\/\/hoegy.de\/homepage\/hgy-media\/PHOTO-2021-01-20-22-14-56-14.jpg\"><span data-alt=\"\"><\/span><\/a><\/div><div class=\"rsContent\"><a class=\"rsImg\" data-rsw=\"768\" data-rsh=\"1024\" href=\"https:\/\/hoegy.de\/homepage\/hgy-media\/PHOTO-2021-01-20-22-14-56-15.jpg\"><span data-alt=\"\"><\/span><\/a><\/div><\/div><img decoding=\"async\" data-src=\"https:\/\/hoegy.de\/homepage\/hgy-media\/PHOTO-2021-01-20-22-14-55.jpg\" width=\"768\" height=\"1024\" alt src=\"data:image\/svg+xml;base64,PHN2ZyB3aWR0aD0iMSIgaGVpZ2h0PSIxIiB4bWxucz0iaHR0cDovL3d3dy53My5vcmcvMjAwMC9zdmciPjwvc3ZnPg==\" class=\"lazyload\" style=\"--smush-placeholder-width: 768px; --smush-placeholder-aspect-ratio: 768\/1024;\"><\/div><div class=\"w-slider-json\" onclick='return {&quot;autoScaleSlider&quot;:true,&quot;addActiveClass&quot;:true,&quot;loop&quot;:true,&quot;fadeInLoadedSlide&quot;:false,&quot;slidesSpacing&quot;:0,&quot;imageScalePadding&quot;:0,&quot;numImagesToPreload&quot;:2,&quot;arrowsNav&quot;:true,&quot;arrowsNavAutoHide&quot;:false,&quot;transitionType&quot;:&quot;move&quot;,&quot;transitionSpeed&quot;:250,&quot;block&quot;:{&quot;moveEffect&quot;:&quot;none&quot;,&quot;speed&quot;:300},&quot;thumbs&quot;:{&quot;fitInViewport&quot;:false,&quot;firstMargin&quot;:false,&quot;spacing&quot;:4},&quot;controlNavigation&quot;:&quot;none&quot;,&quot;autoScaleSliderWidth&quot;:768,&quot;autoScaleSliderHeight&quot;:1024}'><\/div><\/div><\/div><\/div><\/div><\/div><\/div><\/section>\n","protected":false},"excerpt":{"rendered":"Das H\u00f6lderlin-Gymnasium bietet f\u00fcr die achten Klassen seit \u00fcber 10 Jahren das Sprachcamp Englisch an. Worum geht es? Es soll bei einem f\u00fcnft\u00e4gigen Aufenthalt im Kleinwalsertal Bewegungs- und Sozialkompetenz trainiert werden &#8211;\u00a0aber mit einer Besonderheit: Die Kommunikation l\u00e4uft ganz auf Englisch! Methode und Konzept: Das Programm baut auf den Elementen der Erlebnisp\u00e4dagogik auf, wobei der...","protected":false},"author":2,"featured_media":0,"parent":614,"menu_order":7,"comment_status":"closed","ping_status":"closed","template":"","meta":{"footnotes":""},"class_list":["post-764","page","type-page","status-publish","hentry"],"publishpress_future_action":{"enabled":false,"date":"2026-04-30 14:57:47","action":"change-status","newStatus":"draft","terms":[],"taxonomy":"","extraData":[]},"publishpress_future_workflow_manual_trigger":{"enabledWorkflows":[]},"_links":{"self":[{"href":"https:\/\/hoegy.de\/homepage\/wp-json\/wp\/v2\/pages\/764","targetHints":{"allow":["GET"]}}],"collection":[{"href":"https:\/\/hoegy.de\/homepage\/wp-json\/wp\/v2\/pages"}],"about":[{"href":"https:\/\/hoegy.de\/homepage\/wp-json\/wp\/v2\/types\/page"}],"author":[{"embeddable":true,"href":"https:\/\/hoegy.de\/homepage\/wp-json\/wp\/v2\/users\/2"}],"replies":[{"embeddable":true,"href":"https:\/\/hoegy.de\/homepage\/wp-json\/wp\/v2\/comments?post=764"}],"version-history":[{"count":3,"href":"https:\/\/hoegy.de\/homepage\/wp-json\/wp\/v2\/pages\/764\/revisions"}],"predecessor-version":[{"id":5854,"href":"https:\/\/hoegy.de\/homepage\/wp-json\/wp\/v2\/pages\/764\/revisions\/5854"}],"up":[{"embeddable":true,"href":"https:\/\/hoegy.de\/homepage\/wp-json\/wp\/v2\/pages\/614"}],"wp:attachment":[{"href":"https:\/\/hoegy.de\/homepage\/wp-json\/wp\/v2\/media?parent=764"}],"curies":[{"name":"wp","href":"https:\/\/api.w.org\/{rel}","templated":true}]}}