{"id":7833,"date":"2022-03-24T08:40:04","date_gmt":"2022-03-24T07:40:04","guid":{"rendered":"https:\/\/hoegy.de\/homepage\/?page_id=7833"},"modified":"2024-10-04T12:57:06","modified_gmt":"2024-10-04T10:57:06","slug":"iserv","status":"publish","type":"page","link":"https:\/\/hoegy.de\/homepage\/service\/iserv\/","title":{"rendered":"Informationen zu IServ"},"content":{"rendered":"<section class=\"l-section wpb_row height_small\"><div class=\"l-section-h i-cf\"><div class=\"g-cols vc_row via_flex valign_top type_default stacking_default\"><div class=\"vc_col-sm-12 wpb_column vc_column_container\"><div class=\"vc_column-inner\"><div class=\"wpb_wrapper\"><div class=\"wpb_text_column\"><div class=\"wpb_wrapper\"><p>IServ ist ein Schulserver, der ein Schulnetzwerk verwaltet und eine Weboberfl\u00e4che anbietet. Mit IServ haben Sch\u00fcler*innen die M\u00f6glichkeit, die IT-Infrastruktur der Schule auch von zu Hause aus zu nutzen.<\/p>\n<p>Weitere Informationen folgen.<\/p>\n<p>Zugang zu IServ: <a href=\"http:\/\/www.myhoegy.de\">www.myhoegy.de<\/a><\/p>\n<div class=\"wpfd-single-file\">\n    <div class=\"wpfd-single-file--icon\">\n            <a href=\"https:\/\/hoegy.de\/homepage\/hgy-admin\/admin-ajax.php?juwpfisadmin&#x3D;false&amp;action&#x3D;wpfd&amp;task&#x3D;file.download&amp;wpfd_category_id&#x3D;78&amp;wpfd_file_id&#x3D;9311&amp;token&#x3D;&amp;preview&#x3D;1\" alt=\"iserv-benutzerordnung\" class=\"wpfdlightbox\">\n            <div class=\"wpfd-icon-placeholder lazyload\" style=\"background-image:inherit;border-radius: 4%;box-shadow: 0px 0px 0px 0px transparent;background-color: #CB0606;border: 0px solid ;background-size: 100%;\" data-bg-image=\"url(&quot;https:\/\/hoegy.de\/homepage\/hgy-apps\/wp-file-download\/app\/site\/assets\/icons\/svg\/pdf.svg&quot;)\"><\/div>\n        <\/a>\n    <\/div>\n\n    <div class=\"wpfd-single-file--details wpfd-file-content\">\n                        <h3 class=\"wpfd-file-content--title\"><a href=\"https:\/\/hoegy.de\/homepage\/download\/78\/iserv\/9311\/iserv-benutzerordnung.pdf\" style=\"text-decoration: none\">iserv-benutzerordnung<\/a><\/h3>\n        <div class=\"wpfd-file-content--meta\">\n                    <div>Dateigr\u00f6\u00dfe: 174.16 KB<\/div>\n                    <div>Erstellungsdatum: 06.10.2022<\/div>\n                    <div>Aktualisiert: 06.10.2022<\/div>\n                    <div>Aufrufe: 1317<\/div>\n        <\/div>\n    <\/div>\n    <div class=\"wpfd-single-file--buttons\">\n                                <a href=\"https:\/\/hoegy.de\/homepage\/download\/78\/iserv\/9311\/iserv-benutzerordnung.pdf\"  data-id=\"9311\" title=\"iserv-benutzerordnung\" class=\"noLightbox wpfd_downloadlink wpfd-single-file-button wpfd-button-download\">\n                    <svg xmlns=\"http:\/\/www.w3.org\/2000\/svg\" width=\"38\" height=\"38\" viewBox=\"0 0 400 400\"><g fill=\"#ffffff\"><path d=\"M178 234v-7V24c0-13 8-23 20-24 13-1 24 9 24 23v212l5-5 44-44c10-9 23-10 32-1s9 23-1 33l-85 85c-10 11-23 11-34 0l-85-86a22 22 0 0123-37 28 28 0 018 6l44 44a31 31 0 013 5zM200 400H24c-17 0-28-14-23-29 3-10 12-15 23-16h351c12 0 21 6 24 16 5 15-6 29-22 29H200z\"\/><\/g><\/svg>\n                    <span>Herunterladen<\/span>\n                <\/a>\n                    <a href=\"https:\/\/hoegy.de\/homepage\/hgy-admin\/admin-ajax.php?juwpfisadmin&#x3D;false&amp;action&#x3D;wpfd&amp;task&#x3D;file.download&amp;wpfd_category_id&#x3D;78&amp;wpfd_file_id&#x3D;9311&amp;token&#x3D;&amp;preview&#x3D;1\" class=\"wpfd-single-file-button wpfd-button-preview wpfdlightbox\">\n                        <svg xmlns=\"http:\/\/www.w3.org\/2000\/svg\" width=\"38\" height=\"38\" viewBox=\"0 0 400 400\"><g fill=\"#ffffff\"><path d=\"M0 200V55C0 28 16 8 41 2a63 63 0 0115-2h289c32 0 55 23 55 54v248c0 10-6 16-15 16-8 0-14-6-14-16V56c0-16-11-27-28-27H57c-18 0-28 9-28 28v286c0 19 10 28 28 28h243c11 0 18 6 18 15s-7 14-18 14H56c-28 0-49-16-55-41a67 67 0 01-1-15V200z\"\/><path d=\"M314 302l15 15 52 51c7 7 7 14 2 20-6 6-13 5-20-2l-67-65a11 11 0 00-1-1 104 104 0 01-149-26c-29-43-20-99 20-133 39-33 99-31 137 4 38 34 45 93 11 137zm-159-64c-1 42 34 77 77 77 42 1 78-33 78-75 1-42-34-77-75-77-44-1-79 32-80 75z\"\/><\/g><\/svg>\n                        <span>Vorschau<\/span>\n                    <\/a>\n    <\/div>\n<\/div>\n<br \/>\n<div class=\"wpfd-single-file\">\n    <div class=\"wpfd-single-file--icon\">\n            <a href=\"https:\/\/hoegy.de\/homepage\/hgy-admin\/admin-ajax.php?juwpfisadmin&#x3D;false&amp;action&#x3D;wpfd&amp;task&#x3D;file.download&amp;wpfd_category_id&#x3D;78&amp;wpfd_file_id&#x3D;9310&amp;token&#x3D;&amp;preview&#x3D;1\" alt=\"iserv-datenschutzerklaerung\" class=\"wpfdlightbox\">\n            <div class=\"wpfd-icon-placeholder lazyload\" style=\"background-image:inherit;border-radius: 4%;box-shadow: 0px 0px 0px 0px transparent;background-color: #CB0606;border: 0px solid ;background-size: 100%;\" data-bg-image=\"url(&quot;https:\/\/hoegy.de\/homepage\/hgy-apps\/wp-file-download\/app\/site\/assets\/icons\/svg\/pdf.svg&quot;)\"><\/div>\n        <\/a>\n    <\/div>\n\n    <div class=\"wpfd-single-file--details wpfd-file-content\">\n                        <h3 class=\"wpfd-file-content--title\"><a href=\"https:\/\/hoegy.de\/homepage\/download\/78\/iserv\/9310\/iserv-datenschutzerklaerung.pdf\" style=\"text-decoration: none\">iserv-datenschutzerklaerung<\/a><\/h3>\n        <div class=\"wpfd-file-content--meta\">\n                    <div>Dateigr\u00f6\u00dfe: 117.28 KB<\/div>\n                    <div>Erstellungsdatum: 06.10.2022<\/div>\n                    <div>Aktualisiert: 06.10.2022<\/div>\n                    <div>Aufrufe: 861<\/div>\n        <\/div>\n    <\/div>\n    <div class=\"wpfd-single-file--buttons\">\n                                <a href=\"https:\/\/hoegy.de\/homepage\/download\/78\/iserv\/9310\/iserv-datenschutzerklaerung.pdf\"  data-id=\"9310\" title=\"iserv-datenschutzerklaerung\" class=\"noLightbox wpfd_downloadlink wpfd-single-file-button wpfd-button-download\">\n                    <svg xmlns=\"http:\/\/www.w3.org\/2000\/svg\" width=\"38\" height=\"38\" viewBox=\"0 0 400 400\"><g fill=\"#ffffff\"><path d=\"M178 234v-7V24c0-13 8-23 20-24 13-1 24 9 24 23v212l5-5 44-44c10-9 23-10 32-1s9 23-1 33l-85 85c-10 11-23 11-34 0l-85-86a22 22 0 0123-37 28 28 0 018 6l44 44a31 31 0 013 5zM200 400H24c-17 0-28-14-23-29 3-10 12-15 23-16h351c12 0 21 6 24 16 5 15-6 29-22 29H200z\"\/><\/g><\/svg>\n                    <span>Herunterladen<\/span>\n                <\/a>\n                    <a href=\"https:\/\/hoegy.de\/homepage\/hgy-admin\/admin-ajax.php?juwpfisadmin&#x3D;false&amp;action&#x3D;wpfd&amp;task&#x3D;file.download&amp;wpfd_category_id&#x3D;78&amp;wpfd_file_id&#x3D;9310&amp;token&#x3D;&amp;preview&#x3D;1\" class=\"wpfd-single-file-button wpfd-button-preview wpfdlightbox\">\n                        <svg xmlns=\"http:\/\/www.w3.org\/2000\/svg\" width=\"38\" height=\"38\" viewBox=\"0 0 400 400\"><g fill=\"#ffffff\"><path d=\"M0 200V55C0 28 16 8 41 2a63 63 0 0115-2h289c32 0 55 23 55 54v248c0 10-6 16-15 16-8 0-14-6-14-16V56c0-16-11-27-28-27H57c-18 0-28 9-28 28v286c0 19 10 28 28 28h243c11 0 18 6 18 15s-7 14-18 14H56c-28 0-49-16-55-41a67 67 0 01-1-15V200z\"\/><path d=\"M314 302l15 15 52 51c7 7 7 14 2 20-6 6-13 5-20-2l-67-65a11 11 0 00-1-1 104 104 0 01-149-26c-29-43-20-99 20-133 39-33 99-31 137 4 38 34 45 93 11 137zm-159-64c-1 42 34 77 77 77 42 1 78-33 78-75 1-42-34-77-75-77-44-1-79 32-80 75z\"\/><\/g><\/svg>\n                        <span>Vorschau<\/span>\n                    <\/a>\n    <\/div>\n<\/div>\n<\/div><\/div><\/div><\/div><\/div><\/div><\/div><\/section>\n","protected":false},"excerpt":{"rendered":"IServ ist ein Schulserver, der ein Schulnetzwerk verwaltet und eine Weboberfl\u00e4che anbietet. Mit IServ haben Sch\u00fcler*innen die M\u00f6glichkeit, die IT-Infrastruktur der Schule auch von zu Hause aus zu nutzen. Weitere Informationen folgen. Zugang zu IServ: www.myhoegy.de iserv-benutzerordnung Dateigr\u00f6\u00dfe: 174.16 KB Erstellungsdatum: 06.10.2022 Aktualisiert: 06.10.2022 Aufrufe: 1317 Herunterladen Vorschau iserv-datenschutzerklaerung Dateigr\u00f6\u00dfe: 117.28 KB Erstellungsdatum: 06.10.2022 Aktualisiert:...","protected":false},"author":1,"featured_media":0,"parent":239,"menu_order":4,"comment_status":"closed","ping_status":"closed","template":"","meta":{"footnotes":""},"class_list":["post-7833","page","type-page","status-publish","hentry"],"publishpress_future_action":{"enabled":false,"date":"2026-04-19 11:12:31","action":"change-status","newStatus":"draft","terms":[],"taxonomy":"","extraData":[]},"publishpress_future_workflow_manual_trigger":{"enabledWorkflows":[]},"_links":{"self":[{"href":"https:\/\/hoegy.de\/homepage\/wp-json\/wp\/v2\/pages\/7833","targetHints":{"allow":["GET"]}}],"collection":[{"href":"https:\/\/hoegy.de\/homepage\/wp-json\/wp\/v2\/pages"}],"about":[{"href":"https:\/\/hoegy.de\/homepage\/wp-json\/wp\/v2\/types\/page"}],"author":[{"embeddable":true,"href":"https:\/\/hoegy.de\/homepage\/wp-json\/wp\/v2\/users\/1"}],"replies":[{"embeddable":true,"href":"https:\/\/hoegy.de\/homepage\/wp-json\/wp\/v2\/comments?post=7833"}],"version-history":[{"count":9,"href":"https:\/\/hoegy.de\/homepage\/wp-json\/wp\/v2\/pages\/7833\/revisions"}],"predecessor-version":[{"id":9312,"href":"https:\/\/hoegy.de\/homepage\/wp-json\/wp\/v2\/pages\/7833\/revisions\/9312"}],"up":[{"embeddable":true,"href":"https:\/\/hoegy.de\/homepage\/wp-json\/wp\/v2\/pages\/239"}],"wp:attachment":[{"href":"https:\/\/hoegy.de\/homepage\/wp-json\/wp\/v2\/media?parent=7833"}],"curies":[{"name":"wp","href":"https:\/\/api.w.org\/{rel}","templated":true}]}}