{"id":8603,"date":"2022-08-11T16:55:50","date_gmt":"2022-08-11T14:55:50","guid":{"rendered":"https:\/\/hoegy.de\/homepage\/?page_id=8603"},"modified":"2026-01-20T20:01:39","modified_gmt":"2026-01-20T19:01:39","slug":"informationen-zur-smv","status":"publish","type":"page","link":"https:\/\/hoegy.de\/homepage\/schulgemeinschaft\/smv\/informationen-zur-smv\/","title":{"rendered":"Informationen zur SMV"},"content":{"rendered":"<section class=\"l-section wpb_row us_custom_24941e40 height_small with_shape\"><div class=\"l-section-shape type_triangle pos_bottom hor_flip\" style=\"height:5vh;\"><svg xmlns=\"http:\/\/www.w3.org\/2000\/svg\" viewBox=\"0 0 64 8\" preserveAspectRatio=\"none\" width=\"100%\" height=\"100%\">\r\n\t<path fill=\"currentColor\" d=\"M64 8 L0 8 L0 0 L32 7.9 L64 0 Z\"\/>\r\n<\/svg><\/div><div class=\"l-section-h i-cf\"><div class=\"g-cols vc_row via_flex valign_top type_default stacking_default\"><div class=\"vc_col-sm-12 wpb_column vc_column_container\"><div class=\"vc_column-inner\"><div class=\"wpb_wrapper\"><h3 class=\"w-text us_custom_d44d8758 has_text_color\"><span class=\"w-text-h\"><span class=\"w-text-value\">Die SMV besteht aus drei gro\u00dfen Bereichen: den Sch\u00fclersprecher*innen, den Verbindungslehrer*innen sowie den verschiedenen Arbeitskreisen:<\/span><\/span><\/h3><div class=\"wpb_text_column us_custom_d44d8758 has_text_color\"><div class=\"wpb_wrapper\"><p>Unsere Aufgabe ist es, die SMV zu koordinieren und ebenso die SMV bzw. die ganze Sch\u00fclerschaft zu vertreten.<\/p>\n<p>Der Sch\u00fclersprecher wird am Anfang jedes Schuljahres von der ganzen Sch\u00fclerschaft gew\u00e4hlt. Der Sch\u00fclersprecher muss dabei mindestens in die achte Klasse gehen.<br \/>\nDie Stellvertreter werden meist noch am gleichen Tag vom Sch\u00fclerrat gew\u00e4hlt, also von allen Klassen- und Kurssprechern.<\/p>\n<p>Wenn ihr Fragen oder Probleme habt, k\u00f6nnt ihr euch gerne \u00fcber eure Klassen- oder Kurssprecher oder direkt an uns wenden!<\/p>\n<\/div><\/div><div class=\"w-separator size_medium\"><\/div><h3 class=\"w-text us_custom_d44d8758 has_text_color\"><span class=\"w-text-h\"><span class=\"w-text-value\">Sch\u00fclersprecher*in und Stellvertreter*innen<\/span><\/span><\/h3><div class=\"w-person us_custom_123c36ec has_text_color layout_cards\" itemscope itemtype=\"https:\/\/schema.org\/Person\"><div class=\"w-person-image\"><img decoding=\"async\" width=\"2560\" height=\"1707\" src=\"https:\/\/hoegy.de\/homepage\/hgy-media\/D34A6020-scaled.avif\" class=\"attachment-full size-full\" alt=\"\" itemprop=\"image\" srcset=\"https:\/\/hoegy.de\/homepage\/hgy-media\/D34A6020-scaled.avif 2560w, https:\/\/hoegy.de\/homepage\/hgy-media\/D34A6020-200x133.avif 200w, https:\/\/hoegy.de\/homepage\/hgy-media\/D34A6020-1024x683.avif 1024w, https:\/\/hoegy.de\/homepage\/hgy-media\/D34A6020-600x400.avif 600w, https:\/\/hoegy.de\/homepage\/hgy-media\/D34A6020-50x33.avif 50w, https:\/\/hoegy.de\/homepage\/hgy-media\/D34A6020-100x67.avif 100w\" sizes=\"(max-width: 2560px) 100vw, 2560px\" \/><\/div><div class=\"w-person-content\"><h4 itemprop=\"name\" class=\"w-person-name\"><span>Philipp Ladewig, Levion Tough, Aim\u00e9e Dessbesell<\/span><\/h4><div class=\"w-person-role\" itemprop=\"jobTitle\">Sch\u00fclersprecher*innen<\/div><\/div><\/div><\/div><\/div><\/div><\/div><\/div><\/section><section class=\"l-section wpb_row us_custom_1e42dcd7 height_small with_shape\"><div class=\"l-section-shape type_triangle-inv pos_top\" style=\"height:5vh;color:#ffffff\"><svg xmlns=\"http:\/\/www.w3.org\/2000\/svg\" viewBox=\"0 0 64 8\" preserveAspectRatio=\"none\" width=\"100%\" height=\"100%\">\r\n\t<path fill=\"currentColor\" d=\"M64 9 L0 9 L0 7.9 L32 0 L64 7.9 Z\"\/>\r\n<\/svg><\/div><div class=\"l-section-shape type_triangle pos_bottom\" style=\"height:5vh;color:#ffffff\"><svg xmlns=\"http:\/\/www.w3.org\/2000\/svg\" viewBox=\"0 0 64 8\" preserveAspectRatio=\"none\" width=\"100%\" height=\"100%\">\r\n\t<path fill=\"currentColor\" d=\"M64 8 L0 8 L0 0 L32 7.9 L64 0 Z\"\/>\r\n<\/svg><\/div><div class=\"l-section-h i-cf\"><div class=\"g-cols vc_row via_flex valign_top type_default stacking_default\"><div class=\"vc_col-sm-6 wpb_column vc_column_container\"><div class=\"vc_column-inner\"><div class=\"wpb_wrapper\"><div class=\"w-separator size_medium\"><\/div><div class=\"w-separator size_medium\"><\/div><\/div><\/div><\/div><div class=\"vc_col-sm-6 wpb_column vc_column_container\"><div class=\"vc_column-inner\"><div class=\"wpb_wrapper\"><div class=\"w-separator size_small\"><\/div><div class=\"w-separator size_large\"><\/div><div class=\"w-separator size_small\"><\/div><\/div><\/div><\/div><\/div><\/div><\/section><section class=\"l-section wpb_row us_custom_24941e40 height_small with_shape\"><div class=\"l-section-shape type_triangle-inv pos_top\" style=\"height:5vh;\"><svg xmlns=\"http:\/\/www.w3.org\/2000\/svg\" viewBox=\"0 0 64 8\" preserveAspectRatio=\"none\" width=\"100%\" height=\"100%\">\r\n\t<path fill=\"currentColor\" d=\"M64 9 L0 9 L0 7.9 L32 0 L64 7.9 Z\"\/>\r\n<\/svg><\/div><div class=\"l-section-shape type_triangle pos_bottom\" style=\"height:5vh;\"><svg xmlns=\"http:\/\/www.w3.org\/2000\/svg\" viewBox=\"0 0 64 8\" preserveAspectRatio=\"none\" width=\"100%\" height=\"100%\">\r\n\t<path fill=\"currentColor\" d=\"M64 8 L0 8 L0 0 L32 7.9 L64 0 Z\"\/>\r\n<\/svg><\/div><div class=\"l-section-h i-cf\"><div class=\"g-cols vc_row via_flex valign_top type_default stacking_default\"><div class=\"vc_col-sm-6 wpb_column vc_column_container\"><div class=\"vc_column-inner\"><div class=\"wpb_wrapper\"><div class=\"w-separator size_huge\"><\/div><h3 class=\"w-text us_custom_d44d8758 has_text_color\"><span class=\"w-text-h\"><span class=\"w-text-value\">Verbindungslehrer*innen<\/span><\/span><\/h3><div class=\"wpb_text_column us_custom_d44d8758 has_text_color\"><div class=\"wpb_wrapper\"><p>Unsere Aufgabe ist es die SMV und die gesamte Lehrerschaft zu verbinden und Informationen dem jeweils anderen mitzuteilen.<br \/>\nWir sind bis zu drei Verbindungslehrer und werden jedes Jahr neu vom Sch\u00fclerrat gew\u00e4hlt.<\/p>\n<\/div><\/div><\/div><\/div><\/div><div class=\"vc_col-sm-6 wpb_column vc_column_container\"><div class=\"vc_column-inner\"><div class=\"wpb_wrapper\"><div class=\"w-separator size_medium\"><\/div><div class=\"w-person us_custom_6df4bc3a has_text_color layout_cards\" itemscope itemtype=\"https:\/\/schema.org\/Person\"><div class=\"w-person-image\"><img decoding=\"async\" width=\"2560\" height=\"1707\" src=\"https:\/\/hoegy.de\/homepage\/hgy-media\/D34A6075-scaled.avif\" class=\"attachment-full size-full\" alt=\"\" itemprop=\"image\" srcset=\"https:\/\/hoegy.de\/homepage\/hgy-media\/D34A6075-scaled.avif 2560w, https:\/\/hoegy.de\/homepage\/hgy-media\/D34A6075-200x133.avif 200w, https:\/\/hoegy.de\/homepage\/hgy-media\/D34A6075-1024x683.avif 1024w, https:\/\/hoegy.de\/homepage\/hgy-media\/D34A6075-600x400.avif 600w, https:\/\/hoegy.de\/homepage\/hgy-media\/D34A6075-50x33.avif 50w, https:\/\/hoegy.de\/homepage\/hgy-media\/D34A6075-100x67.avif 100w\" sizes=\"(max-width: 2560px) 100vw, 2560px\" \/><\/div><div class=\"w-person-content\"><h4 itemprop=\"name\" class=\"w-person-name\"><span>Hr. Beck und Fr. Baumeister<\/span><\/h4><div class=\"w-person-role\" itemprop=\"jobTitle\">Verbindungslehrer*innen<\/div><\/div><\/div><div class=\"w-separator size_small\"><\/div><\/div><\/div><\/div><\/div><\/div><\/section><section class=\"l-section wpb_row us_custom_24941e40 height_small with_shape\"><div class=\"l-section-shape type_triangle-inv pos_top\" style=\"height:5vh;\"><svg xmlns=\"http:\/\/www.w3.org\/2000\/svg\" viewBox=\"0 0 64 8\" preserveAspectRatio=\"none\" width=\"100%\" height=\"100%\">\r\n\t<path fill=\"currentColor\" d=\"M64 9 L0 9 L0 7.9 L32 0 L64 7.9 Z\"\/>\r\n<\/svg><\/div><div class=\"l-section-shape type_triangle pos_bottom\" style=\"height:5vmin;\"><svg xmlns=\"http:\/\/www.w3.org\/2000\/svg\" viewBox=\"0 0 64 8\" preserveAspectRatio=\"none\" width=\"100%\" height=\"100%\">\r\n\t<path fill=\"currentColor\" d=\"M64 8 L0 8 L0 0 L32 7.9 L64 0 Z\"\/>\r\n<\/svg><\/div><div class=\"l-section-h i-cf\"><div class=\"g-cols vc_row via_flex valign_top type_default stacking_default\"><div class=\"vc_col-sm-2 wpb_column vc_column_container\"><div class=\"vc_column-inner\"><div class=\"wpb_wrapper\"><div class=\"w-separator size_medium\"><\/div><div class=\"w-person us_custom_4fb9e5a3 layout_cards with_desc\" itemscope itemtype=\"https:\/\/schema.org\/Person\"><div class=\"w-person-image\"><a title=\"Technik-AK\" href=\"https:\/\/hoegy.de\/homepage\/schulgemeinschaft\/smv\/arbeitskreise\/technik-ak\/\" class=\"w-person-link\" aria-label=\"Technik AK\"><img decoding=\"async\" width=\"1024\" height=\"276\" data-src=\"https:\/\/hoegy.de\/homepage\/hgy-media\/logo_svgexport-1024x276.png\" class=\"attachment-large size-large lazyload\" alt=\"\" itemprop=\"image\" data-srcset=\"https:\/\/hoegy.de\/homepage\/hgy-media\/logo_svgexport-1024x276.png 1024w, https:\/\/hoegy.de\/homepage\/hgy-media\/logo_svgexport-200x54.png 200w, https:\/\/hoegy.de\/homepage\/hgy-media\/logo_svgexport-160x43.png 160w\" data-sizes=\"(max-width: 1024px) 100vw, 1024px\" src=\"data:image\/svg+xml;base64,PHN2ZyB3aWR0aD0iMSIgaGVpZ2h0PSIxIiB4bWxucz0iaHR0cDovL3d3dy53My5vcmcvMjAwMC9zdmciPjwvc3ZnPg==\" style=\"--smush-placeholder-width: 1024px; --smush-placeholder-aspect-ratio: 1024\/276;\" \/><\/a><\/div><div class=\"w-person-content\"><h4 itemprop=\"name\" class=\"w-person-name\"><a title=\"Technik-AK\" href=\"https:\/\/hoegy.de\/homepage\/schulgemeinschaft\/smv\/arbeitskreise\/technik-ak\/\" class=\"w-person-link\" aria-label=\"Technik AK\"><span>Technik AK<\/span><\/a><\/h4><div class=\"w-person-role\" itemprop=\"jobTitle\">Arbeitskreis<\/div><div class=\"w-person-description\" itemprop=\"description\"><p>Veranstaltungstechnik am H\u00f6lderlin-Gymnasium<\/p>\n<\/div><\/div><\/div><\/div><\/div><\/div><div class=\"vc_col-sm-2 wpb_column vc_column_container\"><div class=\"vc_column-inner\"><div class=\"wpb_wrapper\"><div class=\"w-separator size_medium\"><\/div><div class=\"w-person us_custom_4fb9e5a3 layout_cards with_desc\" itemscope itemtype=\"https:\/\/schema.org\/Person\"><div class=\"w-person-image\"><a title=\"SoD-AK\" href=\"https:\/\/hoegy.de\/homepage\/schulgemeinschaft\/smv\/arbeitskreise\/sod-ak\/\" class=\"w-person-link\" aria-label=\"SoD AK\"><img decoding=\"async\" width=\"1024\" height=\"368\" data-src=\"https:\/\/hoegy.de\/homepage\/hgy-media\/Screenshot_20221202_145602_Canva-1024x368.jpg\" class=\"attachment-large size-large lazyload\" alt=\"\" itemprop=\"image\" data-srcset=\"https:\/\/hoegy.de\/homepage\/hgy-media\/Screenshot_20221202_145602_Canva-1024x368.jpg 1024w, https:\/\/hoegy.de\/homepage\/hgy-media\/Screenshot_20221202_145602_Canva-200x72.jpg 200w, https:\/\/hoegy.de\/homepage\/hgy-media\/Screenshot_20221202_145602_Canva-600x216.jpg 600w, https:\/\/hoegy.de\/homepage\/hgy-media\/Screenshot_20221202_145602_Canva-50x18.jpg 50w, https:\/\/hoegy.de\/homepage\/hgy-media\/Screenshot_20221202_145602_Canva.jpg 1080w\" data-sizes=\"(max-width: 1024px) 100vw, 1024px\" src=\"data:image\/svg+xml;base64,PHN2ZyB3aWR0aD0iMSIgaGVpZ2h0PSIxIiB4bWxucz0iaHR0cDovL3d3dy53My5vcmcvMjAwMC9zdmciPjwvc3ZnPg==\" style=\"--smush-placeholder-width: 1024px; --smush-placeholder-aspect-ratio: 1024\/368;\" \/><\/a><\/div><div class=\"w-person-content\"><h4 itemprop=\"name\" class=\"w-person-name\"><a title=\"SoD-AK\" href=\"https:\/\/hoegy.de\/homepage\/schulgemeinschaft\/smv\/arbeitskreise\/sod-ak\/\" class=\"w-person-link\" aria-label=\"SoD AK\"><span>SoD AK<\/span><\/a><\/h4><div class=\"w-person-role\" itemprop=\"jobTitle\">Arbeitskreis<\/div><div class=\"w-person-description\" itemprop=\"description\"><p>H\u00f6lderlin-Gymnasium ohne Diskriminierung<\/p>\n<\/div><\/div><\/div><\/div><\/div><\/div><div class=\"vc_col-sm-2 wpb_column vc_column_container\"><div class=\"vc_column-inner\"><div class=\"wpb_wrapper\"><div class=\"w-separator size_medium\"><\/div><div class=\"w-person us_custom_4fb9e5a3 layout_cards with_desc\" itemscope itemtype=\"https:\/\/schema.org\/Person\"><div class=\"w-person-image\"><a title=\"Umwelt-AK\" href=\"https:\/\/hoegy.de\/homepage\/schulgemeinschaft\/smv\/arbeitskreise\/umwelt-ak\/\" class=\"w-person-link\" aria-label=\"Umwelt AK\"><img decoding=\"async\" width=\"1020\" height=\"218\" data-src=\"https:\/\/hoegy.de\/homepage\/hgy-media\/Umwelt-AK-fixed-2.png\" class=\"attachment-large size-large lazyload\" alt=\"\" itemprop=\"image\" data-srcset=\"https:\/\/hoegy.de\/homepage\/hgy-media\/Umwelt-AK-fixed-2.png 1020w, https:\/\/hoegy.de\/homepage\/hgy-media\/Umwelt-AK-fixed-2-200x43.png 200w, https:\/\/hoegy.de\/homepage\/hgy-media\/Umwelt-AK-fixed-2-600x128.png 600w, https:\/\/hoegy.de\/homepage\/hgy-media\/Umwelt-AK-fixed-2-50x11.png 50w\" data-sizes=\"(max-width: 1020px) 100vw, 1020px\" src=\"data:image\/svg+xml;base64,PHN2ZyB3aWR0aD0iMSIgaGVpZ2h0PSIxIiB4bWxucz0iaHR0cDovL3d3dy53My5vcmcvMjAwMC9zdmciPjwvc3ZnPg==\" style=\"--smush-placeholder-width: 1020px; --smush-placeholder-aspect-ratio: 1020\/218;\" \/><\/a><\/div><div class=\"w-person-content\"><h4 itemprop=\"name\" class=\"w-person-name\"><a title=\"Umwelt-AK\" href=\"https:\/\/hoegy.de\/homepage\/schulgemeinschaft\/smv\/arbeitskreise\/umwelt-ak\/\" class=\"w-person-link\" aria-label=\"Umwelt AK\"><span>Umwelt AK<\/span><\/a><\/h4><div class=\"w-person-role\" itemprop=\"jobTitle\">Arbeitskreis<\/div><div class=\"w-person-description\" itemprop=\"description\"><p>Nachhaltigkeit und Umweltschutz am H\u00f6Gy<\/p>\n<\/div><\/div><\/div><\/div><\/div><\/div><div class=\"vc_col-sm-2 wpb_column vc_column_container\"><div class=\"vc_column-inner\"><div class=\"wpb_wrapper\"><div class=\"w-separator size_medium\"><\/div><div class=\"w-person us_custom_4fb9e5a3 layout_cards with_desc\" itemscope itemtype=\"https:\/\/schema.org\/Person\"><div class=\"w-person-image\"><a title=\"Sport-AK\" href=\"https:\/\/hoegy.de\/homepage\/schulgemeinschaft\/smv\/arbeitskreise\/sport-ak\/\" class=\"w-person-link\" aria-label=\"Sport AK\"><img decoding=\"async\" width=\"500\" height=\"104\" data-src=\"https:\/\/hoegy.de\/homepage\/hgy-media\/Sport_AK.png\" class=\"attachment-large size-large lazyload\" alt=\"\" itemprop=\"image\" data-srcset=\"https:\/\/hoegy.de\/homepage\/hgy-media\/Sport_AK.png 500w, https:\/\/hoegy.de\/homepage\/hgy-media\/Sport_AK-200x42.png 200w, https:\/\/hoegy.de\/homepage\/hgy-media\/Sport_AK-50x10.png 50w\" data-sizes=\"(max-width: 500px) 100vw, 500px\" src=\"data:image\/svg+xml;base64,PHN2ZyB3aWR0aD0iMSIgaGVpZ2h0PSIxIiB4bWxucz0iaHR0cDovL3d3dy53My5vcmcvMjAwMC9zdmciPjwvc3ZnPg==\" style=\"--smush-placeholder-width: 500px; --smush-placeholder-aspect-ratio: 500\/104;\" \/><\/a><\/div><div class=\"w-person-content\"><h4 itemprop=\"name\" class=\"w-person-name\"><a title=\"Sport-AK\" href=\"https:\/\/hoegy.de\/homepage\/schulgemeinschaft\/smv\/arbeitskreise\/sport-ak\/\" class=\"w-person-link\" aria-label=\"Sport AK\"><span>Sport AK<\/span><\/a><\/h4><div class=\"w-person-role\" itemprop=\"jobTitle\">Arbeitskreis<\/div><div class=\"w-person-description\" itemprop=\"description\"><p>Sportevents am H\u00f6Gy und Online<\/p>\n<\/div><\/div><\/div><\/div><\/div><\/div><div class=\"vc_col-sm-2 wpb_column vc_column_container\"><div class=\"vc_column-inner\"><div class=\"wpb_wrapper\"><div class=\"w-separator size_medium\"><\/div><div class=\"w-person us_custom_4fb9e5a3 layout_cards with_desc\" itemscope itemtype=\"https:\/\/schema.org\/Person\"><div class=\"w-person-image\"><a title=\"Feste-AK\" href=\"https:\/\/hoegy.de\/homepage\/schulgemeinschaft\/smv\/arbeitskreise\/feste-ak\/\" class=\"w-person-link\" aria-label=\"Feste AK\"><img decoding=\"async\" width=\"1024\" height=\"546\" data-src=\"https:\/\/hoegy.de\/homepage\/hgy-media\/Screenshot_20221202_140557_Canva-1024x546.jpg\" class=\"attachment-large size-large lazyload\" alt=\"\" itemprop=\"image\" data-srcset=\"https:\/\/hoegy.de\/homepage\/hgy-media\/Screenshot_20221202_140557_Canva-1024x546.jpg 1024w, https:\/\/hoegy.de\/homepage\/hgy-media\/Screenshot_20221202_140557_Canva-200x107.jpg 200w, https:\/\/hoegy.de\/homepage\/hgy-media\/Screenshot_20221202_140557_Canva-600x320.jpg 600w, https:\/\/hoegy.de\/homepage\/hgy-media\/Screenshot_20221202_140557_Canva-50x27.jpg 50w, https:\/\/hoegy.de\/homepage\/hgy-media\/Screenshot_20221202_140557_Canva.jpg 1078w\" data-sizes=\"(max-width: 1024px) 100vw, 1024px\" src=\"data:image\/svg+xml;base64,PHN2ZyB3aWR0aD0iMSIgaGVpZ2h0PSIxIiB4bWxucz0iaHR0cDovL3d3dy53My5vcmcvMjAwMC9zdmciPjwvc3ZnPg==\" style=\"--smush-placeholder-width: 1024px; --smush-placeholder-aspect-ratio: 1024\/546;\" \/><\/a><\/div><div class=\"w-person-content\"><h4 itemprop=\"name\" class=\"w-person-name\"><a title=\"Feste-AK\" href=\"https:\/\/hoegy.de\/homepage\/schulgemeinschaft\/smv\/arbeitskreise\/feste-ak\/\" class=\"w-person-link\" aria-label=\"Feste AK\"><span>Feste AK<\/span><\/a><\/h4><div class=\"w-person-role\" itemprop=\"jobTitle\">Arbeitskreis<\/div><div class=\"w-person-description\" itemprop=\"description\"><p>verschiedene altersgerechte Veranstaltungen<\/p>\n<\/div><\/div><\/div><\/div><\/div><\/div><div class=\"vc_col-sm-2 wpb_column vc_column_container\"><div class=\"vc_column-inner\"><div class=\"wpb_wrapper\"><div class=\"w-separator size_medium\"><\/div><div class=\"w-person us_custom_4fb9e5a3 layout_cards with_desc\" itemscope itemtype=\"https:\/\/schema.org\/Person\"><div class=\"w-person-image\"><a title=\"\u00d6ffentlichkeits-AK\" href=\"https:\/\/hoegy.de\/homepage\/schulgemeinschaft\/smv\/arbeitskreise\/oeffentlichkeits-ak\/\" class=\"w-person-link\" aria-label=\"\u00d6ffentlichkeits AK\"><img decoding=\"async\" width=\"1024\" height=\"402\" data-src=\"https:\/\/hoegy.de\/homepage\/hgy-media\/Logo-Oeffentlichkeits-AK-1024x402.png\" class=\"attachment-large size-large lazyload\" alt=\"\" itemprop=\"image\" data-srcset=\"https:\/\/hoegy.de\/homepage\/hgy-media\/Logo-Oeffentlichkeits-AK-1024x402.png 1024w, https:\/\/hoegy.de\/homepage\/hgy-media\/Logo-Oeffentlichkeits-AK-200x79.png 200w, https:\/\/hoegy.de\/homepage\/hgy-media\/Logo-Oeffentlichkeits-AK-600x236.png 600w, https:\/\/hoegy.de\/homepage\/hgy-media\/Logo-Oeffentlichkeits-AK-50x20.png 50w, https:\/\/hoegy.de\/homepage\/hgy-media\/Logo-Oeffentlichkeits-AK-1320x518.png 1320w\" data-sizes=\"(max-width: 1024px) 100vw, 1024px\" src=\"data:image\/svg+xml;base64,PHN2ZyB3aWR0aD0iMSIgaGVpZ2h0PSIxIiB4bWxucz0iaHR0cDovL3d3dy53My5vcmcvMjAwMC9zdmciPjwvc3ZnPg==\" style=\"--smush-placeholder-width: 1024px; --smush-placeholder-aspect-ratio: 1024\/402;\" \/><\/a><\/div><div class=\"w-person-content\"><h4 itemprop=\"name\" class=\"w-person-name\"><a title=\"\u00d6ffentlichkeits-AK\" href=\"https:\/\/hoegy.de\/homepage\/schulgemeinschaft\/smv\/arbeitskreise\/oeffentlichkeits-ak\/\" class=\"w-person-link\" aria-label=\"\u00d6ffentlichkeits AK\"><span>\u00d6ffentlichkeits AK<\/span><\/a><\/h4><div class=\"w-person-role\" itemprop=\"jobTitle\">Arbeitskreis<\/div><div class=\"w-person-description\" itemprop=\"description\"><p>\u00d6ffentlichkeitsarbeit der H\u00f6Gy SMV<\/p>\n<\/div><\/div><\/div><\/div><\/div><\/div><\/div><\/div><\/section><section class=\"l-section wpb_row us_custom_24941e40 height_small with_shape\"><div class=\"l-section-shape type_triangle-inv pos_top\" style=\"height:5vmin;\"><svg xmlns=\"http:\/\/www.w3.org\/2000\/svg\" viewBox=\"0 0 64 8\" preserveAspectRatio=\"none\" width=\"100%\" height=\"100%\">\r\n\t<path fill=\"currentColor\" d=\"M64 9 L0 9 L0 7.9 L32 0 L64 7.9 Z\"\/>\r\n<\/svg><\/div><div class=\"l-section-h i-cf\"><div class=\"g-cols vc_row via_flex valign_top type_default stacking_default\"><div class=\"vc_col-sm-4 wpb_column vc_column_container\"><div class=\"vc_column-inner\"><div class=\"wpb_wrapper\"><div class=\"w-separator size_huge\"><\/div><div class=\"w-separator size_large\"><\/div><div class=\"wpb_text_column us_custom_d44d8758 has_text_color\"><div class=\"wpb_wrapper\"><h2>Ihr findet die AKs nat\u00fcrlich auch auf Social Media (Instagram)<\/h2>\n<\/div><\/div><\/div><\/div><\/div><div class=\"vc_col-sm-4 wpb_column vc_column_container\"><div class=\"vc_column-inner\"><div class=\"wpb_wrapper\"><div class=\"w-separator size_medium\"><\/div><div class=\"w-image us_custom_8f71434a style_phone12 align_center\"><div class=\"w-image-h\"><img decoding=\"async\" width=\"1080\" height=\"2316\" data-src=\"https:\/\/hoegy.de\/homepage\/hgy-media\/Screenshot_20240419_155246_Instagram.jpg\" class=\"attachment-full size-full lazyload\" alt=\"\" src=\"data:image\/svg+xml;base64,PHN2ZyB3aWR0aD0iMSIgaGVpZ2h0PSIxIiB4bWxucz0iaHR0cDovL3d3dy53My5vcmcvMjAwMC9zdmciPjwvc3ZnPg==\" style=\"--smush-placeholder-width: 1080px; --smush-placeholder-aspect-ratio: 1080\/2316;\" \/><\/div><\/div><\/div><\/div><\/div><div class=\"vc_col-sm-4 wpb_column vc_column_container\"><div class=\"vc_column-inner\"><div class=\"wpb_wrapper\"><div class=\"w-separator size_medium\"><\/div><div class=\"wpb_text_column us_custom_d44d8758 has_text_color\"><div class=\"wpb_wrapper\"><h4>@hoegy.smv (\u00d6ffi AK)<\/h4>\n<h4>@technik.ak (Technik AK)<\/h4>\n<h4>@sportak_hoegy (Sport AK)<\/h4>\n<h4>@feste.ak (Feste AK)<\/h4>\n<h4>@umweltak (Umwelt AK)<\/h4>\n<h4>@hoegyohnediskriminierung (SoD AK)<\/h4>\n<\/div><\/div><\/div><\/div><\/div><\/div><\/div><\/section>\n","protected":false},"excerpt":{"rendered":"Die SMV besteht aus drei gro\u00dfen Bereichen: den Sch\u00fclersprecher*innen, den Verbindungslehrer*innen sowie den verschiedenen Arbeitskreisen:Unsere Aufgabe ist es, die SMV zu koordinieren und ebenso die SMV bzw. die ganze Sch\u00fclerschaft zu vertreten. Der Sch\u00fclersprecher wird am Anfang jedes Schuljahres von der ganzen Sch\u00fclerschaft gew\u00e4hlt. Der Sch\u00fclersprecher muss dabei mindestens in die achte Klasse gehen. Die...","protected":false},"author":2,"featured_media":9107,"parent":230,"menu_order":1,"comment_status":"closed","ping_status":"closed","template":"","meta":{"footnotes":""},"class_list":["post-8603","page","type-page","status-publish","has-post-thumbnail","hentry"],"publishpress_future_action":{"enabled":false,"date":"2026-04-20 19:02:13","action":"change-status","newStatus":"draft","terms":[],"taxonomy":"","extraData":[]},"publishpress_future_workflow_manual_trigger":{"enabledWorkflows":[]},"_links":{"self":[{"href":"https:\/\/hoegy.de\/homepage\/wp-json\/wp\/v2\/pages\/8603","targetHints":{"allow":["GET"]}}],"collection":[{"href":"https:\/\/hoegy.de\/homepage\/wp-json\/wp\/v2\/pages"}],"about":[{"href":"https:\/\/hoegy.de\/homepage\/wp-json\/wp\/v2\/types\/page"}],"author":[{"embeddable":true,"href":"https:\/\/hoegy.de\/homepage\/wp-json\/wp\/v2\/users\/2"}],"replies":[{"embeddable":true,"href":"https:\/\/hoegy.de\/homepage\/wp-json\/wp\/v2\/comments?post=8603"}],"version-history":[{"count":69,"href":"https:\/\/hoegy.de\/homepage\/wp-json\/wp\/v2\/pages\/8603\/revisions"}],"predecessor-version":[{"id":15078,"href":"https:\/\/hoegy.de\/homepage\/wp-json\/wp\/v2\/pages\/8603\/revisions\/15078"}],"up":[{"embeddable":true,"href":"https:\/\/hoegy.de\/homepage\/wp-json\/wp\/v2\/pages\/230"}],"wp:featuredmedia":[{"embeddable":true,"href":"https:\/\/hoegy.de\/homepage\/wp-json\/wp\/v2\/media\/9107"}],"wp:attachment":[{"href":"https:\/\/hoegy.de\/homepage\/wp-json\/wp\/v2\/media?parent=8603"}],"curies":[{"name":"wp","href":"https:\/\/api.w.org\/{rel}","templated":true}]}}