{"id":8834,"date":"2022-08-28T12:18:53","date_gmt":"2022-08-28T10:18:53","guid":{"rendered":"https:\/\/hoegy.de\/homepage\/?page_id=8834"},"modified":"2026-03-10T11:30:11","modified_gmt":"2026-03-10T10:30:11","slug":"kontakt","status":"publish","type":"page","link":"https:\/\/hoegy.de\/homepage\/schulgemeinschaft\/smv\/kontakt\/","title":{"rendered":"Kontakt"},"content":{"rendered":"<section class=\"l-section wpb_row height_small\"><div class=\"l-section-h i-cf\"><div class=\"g-cols vc_row via_flex valign_top type_default stacking_default\"><div class=\"vc_col-sm-12 wpb_column vc_column_container\"><div class=\"vc_column-inner\"><div class=\"wpb_wrapper\"><h1 class=\"w-text us_custom_eb849559\"><span class=\"w-text-h\"><span class=\"w-text-value\">Euer Kontakt zur SMV:<\/span><\/span><\/h1><\/div><\/div><\/div><\/div><\/div><\/section><section class=\"l-section wpb_row height_small\"><div class=\"l-section-h i-cf\"><div class=\"g-cols vc_row via_flex valign_top type_default stacking_default\"><div class=\"vc_col-sm-4 wpb_column vc_column_container\"><div class=\"vc_column-inner\"><div class=\"wpb_wrapper\"><h3 class=\"w-text us_custom_eb849559\"><span class=\"w-text-h\"><span class=\"w-text-value\">Sch\u00fclersprecher*innen<\/span><\/span><\/h3><div class=\"w-contacts us_custom_eb849559\"><div class=\"w-contacts-list\"><div class=\"w-contacts-item for_email\"><span class=\"w-contacts-item-value\"><a href=\"mailto:schuelersprecher@myhoegy.de\">schuelersprecher@myhoegy.de<\/a><\/span><\/div><\/div><\/div><div class=\"w-separator size_medium\"><\/div><form class=\"w-form  us-field-style_1 layout_ver show_message_after_sending for_cform us_form_1\" action=\"https:\/\/hoegy.de\/homepage\/homepage\/wp-json\/wp\/v2\/pages\/8834\" method=\"post\"><div class=\"w-form-h\"><div class=\"w-form-row for_text required\">\r\n\t\t<div class=\"w-form-row-field\">\r\n\t\t\t\t\t\t<input aria-label=\"Name\" type=\"text\" name=\"us_form_1_text_1\" value placeholder=\"Name *\" data-required=\"true\" aria-required=\"true\"\/>\r\n\t\t\t<\/div>\r\n\t\t<div class=\"w-form-row-state\">Bitte f\u00fcllen Sie dieses Feld aus.<\/div>\r\n<\/div>\r\n<div class=\"w-form-row for_email required\">\r\n\t\t<div class=\"w-form-row-field\">\r\n\t\t\t\t\t\t<input aria-label=\"E-Mail\" type=\"email\" name=\"us_form_1_email_1\" value placeholder=\"E-Mail *\" data-required=\"true\" aria-required=\"true\"\/>\r\n\t\t\t<\/div>\r\n\t\t<div class=\"w-form-row-state\">Bitte gib eine g\u00fcltige E-Mail-Adresse ein.<\/div>\r\n<\/div>\r\n<div class=\"w-form-row for_textarea required\">\r\n\t\t<div class=\"w-form-row-field\">\r\n\t\t\t\t\t\t<textarea aria-label=\"Text\" name=\"us_form_1_textarea_1\" placeholder=\"Text *\" data-required=\"true\" aria-required=\"true\"><\/textarea>\r\n\t\t\t<\/div>\r\n\t\t<div class=\"w-form-row-state\">Bitte f\u00fcllen Sie dieses Feld aus.<\/div>\r\n<\/div>\r\n<input type=\"hidden\" name=\"action\" value=\"us_ajax_cform\" \/>\r\n<input type=\"hidden\" name=\"post_id\" value=\"0\" \/>\r\n<input type=\"hidden\" name=\"form_index\" value=\"1\" \/>\r\n<div class=\"w-form-row for_submit align_center\"><button class=\"w-btn us-btn-style_3\" type=\"submit\" aria-label=\"Absenden\"><span class=\"g-preloader type_1\"><\/span><span class=\"w-btn-label\">Absenden<\/span><\/button><\/div><\/div><div class=\"w-form-message\"><\/div><div class=\"w-form-json hidden\" onclick='return {&quot;ajaxurl&quot;:&quot;https:\\\/\\\/hoegy.de\\\/homepage\\\/hgy-admin\\\/admin-ajax.php&quot;,&quot;messages&quot;:{&quot;err_empty&quot;:&quot;Bitte f\\u00fcllen Sie dieses Feld aus.&quot;,&quot;err_size&quot;:&quot;Die Dateigr\\u00f6\\u00dfe darf %s MB nicht \\u00fcberschreiten&quot;,&quot;err_extension&quot;:&quot;Dateityp %s ist nicht zul\\u00e4ssig&quot;,&quot;err_recaptcha_keys&quot;:&quot;reCAPTCHA-Schl\\u00fcssel sind fehlerhaft&quot;}}'><\/div><\/form><\/div><\/div><\/div><div class=\"vc_col-sm-4 wpb_column vc_column_container\"><div class=\"vc_column-inner\"><div class=\"wpb_wrapper\"><h3 class=\"w-text us_custom_eb849559\"><span class=\"w-text-h\"><span class=\"w-text-value\">Verbindungslehrer*innen<\/span><\/span><\/h3><div class=\"w-contacts us_custom_eb849559\"><div class=\"w-contacts-list\"><div class=\"w-contacts-item for_email\"><span class=\"w-contacts-item-value\"><a href=\"mailto:verbindungslehrer@myhoegy.de\">verbindungslehrer@myhoegy.de<\/a><\/span><\/div><\/div><\/div><div class=\"w-separator size_medium\"><\/div><form class=\"w-form  us-field-style_1 layout_ver show_message_after_sending for_cform us_form_2\" action=\"https:\/\/hoegy.de\/homepage\/homepage\/wp-json\/wp\/v2\/pages\/8834\" method=\"post\"><div class=\"w-form-h\"><div class=\"w-form-row for_text required\">\r\n\t\t<div class=\"w-form-row-field\">\r\n\t\t\t\t\t\t<input aria-label=\"Name\" type=\"text\" name=\"us_form_2_text_1\" value placeholder=\"Name *\" data-required=\"true\" aria-required=\"true\"\/>\r\n\t\t\t<\/div>\r\n\t\t<div class=\"w-form-row-state\">Bitte f\u00fcllen Sie dieses Feld aus.<\/div>\r\n<\/div>\r\n<div class=\"w-form-row for_email required\">\r\n\t\t<div class=\"w-form-row-field\">\r\n\t\t\t\t\t\t<input aria-label=\"E-Mail\" type=\"email\" name=\"us_form_2_email_1\" value placeholder=\"E-Mail *\" data-required=\"true\" aria-required=\"true\"\/>\r\n\t\t\t<\/div>\r\n\t\t<div class=\"w-form-row-state\">Bitte gib eine g\u00fcltige E-Mail-Adresse ein.<\/div>\r\n<\/div>\r\n<div class=\"w-form-row for_textarea required\">\r\n\t\t<div class=\"w-form-row-field\">\r\n\t\t\t\t\t\t<textarea aria-label=\"Text\" name=\"us_form_2_textarea_1\" placeholder=\"Text *\" data-required=\"true\" aria-required=\"true\"><\/textarea>\r\n\t\t\t<\/div>\r\n\t\t<div class=\"w-form-row-state\">Bitte f\u00fcllen Sie dieses Feld aus.<\/div>\r\n<\/div>\r\n<input type=\"hidden\" name=\"action\" value=\"us_ajax_cform\" \/>\r\n<input type=\"hidden\" name=\"post_id\" value=\"0\" \/>\r\n<input type=\"hidden\" name=\"form_index\" value=\"2\" \/>\r\n<div class=\"w-form-row for_submit align_center\"><button class=\"w-btn us-btn-style_3\" type=\"submit\" aria-label=\"Absenden\"><span class=\"g-preloader type_1\"><\/span><span class=\"w-btn-label\">Absenden<\/span><\/button><\/div><\/div><div class=\"w-form-message\"><\/div><div class=\"w-form-json hidden\" onclick='return {&quot;ajaxurl&quot;:&quot;https:\\\/\\\/hoegy.de\\\/homepage\\\/hgy-admin\\\/admin-ajax.php&quot;,&quot;messages&quot;:{&quot;err_empty&quot;:&quot;Bitte f\\u00fcllen Sie dieses Feld aus.&quot;,&quot;err_size&quot;:&quot;Die Dateigr\\u00f6\\u00dfe darf %s MB nicht \\u00fcberschreiten&quot;,&quot;err_extension&quot;:&quot;Dateityp %s ist nicht zul\\u00e4ssig&quot;,&quot;err_recaptcha_keys&quot;:&quot;reCAPTCHA-Schl\\u00fcssel sind fehlerhaft&quot;}}'><\/div><\/form><\/div><\/div><\/div><div class=\"vc_col-sm-4 wpb_column vc_column_container\"><div class=\"vc_column-inner\"><div class=\"wpb_wrapper\"><h3 class=\"w-text us_custom_eb849559\"><span class=\"w-text-h\"><span class=\"w-text-value\">Arbeitskreise<\/span><\/span><\/h3><div class=\"w-tabs layout_ver navwidth_auto navpos_left style_default switch_click has_scrolling\" style=\"--sections-title-size:1em\"><div class=\"w-tabs-list items_2 align_none\"><div class=\"w-tabs-list-h\"><button class=\"w-tabs-item active defined-active\" aria-controls=\"content-de53\" aria-expanded=\"true\"><span class=\"w-tabs-item-title\">Technik AK<\/span><\/button><button class=\"w-tabs-item\" aria-controls=\"content-vf4d\" aria-expanded=\"false\"><span class=\"w-tabs-item-title\">Umwelt AK<\/span><\/button><\/div><\/div><div class=\"w-tabs-sections titles-align_center icon_triangle cpos_right\"><div class=\"w-tabs-section has_text_color active\" id=\"de53\"><button class=\"w-tabs-section-header active\" aria-controls=\"content-de53\" aria-expanded=\"true\"><div class=\"w-tabs-section-title\">Technik AK<\/div><div class=\"w-tabs-section-control\"><\/div><\/button><div  class=\"w-tabs-section-content us_custom_dcdd4a27\" id=\"content-de53\"><div class=\"w-tabs-section-content-h i-cf\"><div class=\"wpb_text_column\"><div class=\"wpb_wrapper\"><p><a href=\"mailto:technikak@smv.hoegy.de\">technikak@smv.hoegy.de<\/a><br \/>\nInstagram: <a href=\"https:\/\/instagram.com\/technik.ak\">@technik.ak<\/a><\/p>\n<\/div><\/div><\/div><\/div><\/div><div class=\"w-tabs-section has_text_color\" id=\"vf4d\"><button class=\"w-tabs-section-header\" aria-controls=\"content-vf4d\" aria-expanded=\"false\"><div class=\"w-tabs-section-title\">Umwelt AK<\/div><div class=\"w-tabs-section-control\"><\/div><\/button><div  class=\"w-tabs-section-content us_custom_a500e18f\" id=\"content-vf4d\"><div class=\"w-tabs-section-content-h i-cf\"><div class=\"wpb_text_column us_custom_eb849559\"><div class=\"wpb_wrapper\"><p><a href=\"mailto:umweltak@smv.hoegy.de\">umweltak@smv.hoegy.de<\/a><br \/>\nInstagram: <a href=\"https:\/\/instagram.com\/umweltak\">@umweltak<\/a><\/p>\n<\/div><\/div><\/div><\/div><\/div><\/div><\/div><div class=\"w-tabs layout_ver navwidth_auto navpos_left style_default switch_click has_scrolling\" style=\"--sections-title-size:1em\"><div class=\"w-tabs-list items_2 align_none\"><div class=\"w-tabs-list-h\"><button class=\"w-tabs-item active\" aria-controls=\"content-o352\" aria-expanded=\"false\"><span class=\"w-tabs-item-title\">Feste AK<\/span><\/button><button class=\"w-tabs-item\" aria-controls=\"content-g432\" aria-expanded=\"false\"><span class=\"w-tabs-item-title\">Schule ohne Diskriminierung AK<\/span><\/button><\/div><\/div><div class=\"w-tabs-sections titles-align_center icon_triangle cpos_right\"><div class=\"w-tabs-section active has_text_color\" id=\"o352\" style=\"color:#3b3d40;\"><button class=\"w-tabs-section-header active\" aria-controls=\"content-o352\" aria-expanded=\"true\"><div class=\"w-tabs-section-title\">Feste AK<\/div><div class=\"w-tabs-section-control\"><\/div><\/button><div  class=\"w-tabs-section-content\" id=\"content-o352\"><div class=\"w-tabs-section-content-h i-cf\"><div class=\"wpb_text_column us_custom_eb849559\"><div class=\"wpb_wrapper\"><p><a href=\"mailto:festeak@smv.hoegy.de\">festeak@smv.hoegy.de<\/a><\/p>\n<\/div><\/div><\/div><\/div><\/div><div class=\"w-tabs-section\" id=\"g432\"><button class=\"w-tabs-section-header\" aria-controls=\"content-g432\" aria-expanded=\"false\"><div class=\"w-tabs-section-title\">Schule ohne Diskriminierung AK<\/div><div class=\"w-tabs-section-control\"><\/div><\/button><div  class=\"w-tabs-section-content us_custom_eb849559\" id=\"content-g432\"><div class=\"w-tabs-section-content-h i-cf\"><div class=\"wpb_text_column\"><div class=\"wpb_wrapper\"><p><a href=\"mailto:sodak@smv.hoegy.de\">sodak@smv.hoegy.de<\/a><br \/>\nInstagram: <a href=\"https:\/\/instagram.com\/hoegyohnediskriminierung\">@hoegyohnediskriminierung<\/a><\/p>\n<\/div><\/div><\/div><\/div><\/div><\/div><\/div><div class=\"w-tabs layout_ver navwidth_auto navpos_left style_default switch_click has_scrolling\" style=\"--sections-title-size:1em\"><div class=\"w-tabs-list items_2 align_none\"><div class=\"w-tabs-list-h\"><button class=\"w-tabs-item active\" aria-controls=\"content-k818\" aria-expanded=\"false\"><span class=\"w-tabs-item-title\">Sport AK<\/span><\/button><button class=\"w-tabs-item\" aria-controls=\"content-t902\" aria-expanded=\"false\"><span class=\"w-tabs-item-title\">\u00d6ffentlichkeits AK<\/span><\/button><\/div><\/div><div class=\"w-tabs-sections titles-align_center icon_triangle cpos_right\"><div class=\"w-tabs-section active has_text_color\" id=\"k818\" style=\"color:#3b3d40;\"><button class=\"w-tabs-section-header active\" aria-controls=\"content-k818\" aria-expanded=\"true\"><div class=\"w-tabs-section-title\">Sport AK<\/div><div class=\"w-tabs-section-control\"><\/div><\/button><div  class=\"w-tabs-section-content\" id=\"content-k818\"><div class=\"w-tabs-section-content-h i-cf\"><div class=\"wpb_text_column us_custom_eb849559\"><div class=\"wpb_wrapper\"><p><a href=\"mailto:sportak@smv.hoegy.de\">sportak@smv.hoegy.de<\/a><\/p>\n<\/div><\/div><\/div><\/div><\/div><div class=\"w-tabs-section\" id=\"t902\"><button class=\"w-tabs-section-header\" aria-controls=\"content-t902\" aria-expanded=\"false\"><div class=\"w-tabs-section-title\">\u00d6ffentlichkeits AK<\/div><div class=\"w-tabs-section-control\"><\/div><\/button><div  class=\"w-tabs-section-content\" id=\"content-t902\"><div class=\"w-tabs-section-content-h i-cf\"><div class=\"wpb_text_column us_custom_eb849559\"><div class=\"wpb_wrapper\"><p><a href=\"mailto:\u00f6ffentlichkeitsak@smv.hoegy.de\">\u00f6ffentlichkeitsak@smv.hoegy.de<\/a><br \/>\nInstagram: <a href=\"https:\/\/instagram.com\/hoegy.smv\">@hoegy.smv<\/a><\/p>\n<\/div><\/div><\/div><\/div><\/div><\/div><\/div><\/div><\/div><\/div><\/div><\/div><\/section><section class=\"l-section wpb_row height_small\"><div class=\"l-section-h i-cf\"><div class=\"g-cols vc_row via_flex valign_top type_default stacking_default\"><div class=\"vc_col-sm-12 wpb_column vc_column_container\"><div class=\"vc_column-inner\"><div class=\"wpb_wrapper\"><div class=\"w-popup us_custom_eb849559 align_none\"><span  class=\"w-popup-trigger type_load\" data-options=\"{&quot;delay&quot;:2}\"><\/span><div class=\"w-popup-overlay\" style=\"background:rgba(0,0,0,0.85);\"><\/div><div class=\"w-popup-wrap layout_default\" role=\"dialog\" aria-modal=\"true\" aria-label=\"Pop-up\" style=\"--title-color:var(--color-content-heading);--title-bg-color:var(--color-content-bg-alt);--content-color:var(--color-content-text);--content-bg-color:var(--color-content-bg);--popup-width:600px;--popup-padding:5%;\"><button aria-label=\"Schlie\u00dfen\" class=\"w-popup-closer\" type=\"button\"><\/button><div class=\"w-popup-box animation_fadeIn closerpos_outside with_title\"><div class=\"w-popup-box-h\"><div class=\"w-popup-box-title\">MACH MIT!<\/div><div class=\"w-popup-box-content\"><p><strong>Trete jetzt einem der AKs bei oder bewerbe dich als Sch\u00fclersprecher*in&#8230;<\/strong><br \/>\nWir freuen uns auf dich!<\/p>\n<\/div><\/div><\/div><\/div><\/div><\/div><\/div><\/div><\/div><\/div><\/section>\n","protected":false},"excerpt":{"rendered":"Euer Kontakt zur SMV:Sch\u00fclersprecher*innenschuelersprecher@myhoegy.de Bitte f\u00fcllen Sie dieses Feld aus. Bitte gib eine g\u00fcltige E-Mail-Adresse ein. Bitte f\u00fcllen Sie dieses Feld aus. AbsendenVerbindungslehrer*innenverbindungslehrer@myhoegy.de Bitte f\u00fcllen Sie dieses Feld aus. Bitte gib eine g\u00fcltige E-Mail-Adresse ein. Bitte f\u00fcllen Sie dieses Feld aus. AbsendenArbeitskreiseTechnik AKUmwelt AKTechnik AKtechnikak@smv.hoegy.de Instagram: @technik.ak Umwelt AKumweltak@smv.hoegy.de Instagram: @umweltak Feste AKSchule ohne Diskriminierung...","protected":false},"author":37,"featured_media":9069,"parent":230,"menu_order":4,"comment_status":"closed","ping_status":"closed","template":"","meta":{"footnotes":""},"class_list":["post-8834","page","type-page","status-publish","has-post-thumbnail","hentry"],"publishpress_future_action":{"enabled":false,"date":"2026-04-15 08:55:23","action":"change-status","newStatus":"draft","terms":[],"taxonomy":"","extraData":[]},"publishpress_future_workflow_manual_trigger":{"enabledWorkflows":[]},"_links":{"self":[{"href":"https:\/\/hoegy.de\/homepage\/wp-json\/wp\/v2\/pages\/8834","targetHints":{"allow":["GET"]}}],"collection":[{"href":"https:\/\/hoegy.de\/homepage\/wp-json\/wp\/v2\/pages"}],"about":[{"href":"https:\/\/hoegy.de\/homepage\/wp-json\/wp\/v2\/types\/page"}],"author":[{"embeddable":true,"href":"https:\/\/hoegy.de\/homepage\/wp-json\/wp\/v2\/users\/37"}],"replies":[{"embeddable":true,"href":"https:\/\/hoegy.de\/homepage\/wp-json\/wp\/v2\/comments?post=8834"}],"version-history":[{"count":19,"href":"https:\/\/hoegy.de\/homepage\/wp-json\/wp\/v2\/pages\/8834\/revisions"}],"predecessor-version":[{"id":15441,"href":"https:\/\/hoegy.de\/homepage\/wp-json\/wp\/v2\/pages\/8834\/revisions\/15441"}],"up":[{"embeddable":true,"href":"https:\/\/hoegy.de\/homepage\/wp-json\/wp\/v2\/pages\/230"}],"wp:featuredmedia":[{"embeddable":true,"href":"https:\/\/hoegy.de\/homepage\/wp-json\/wp\/v2\/media\/9069"}],"wp:attachment":[{"href":"https:\/\/hoegy.de\/homepage\/wp-json\/wp\/v2\/media?parent=8834"}],"curies":[{"name":"wp","href":"https:\/\/api.w.org\/{rel}","templated":true}]}}