{"id":8921,"date":"2022-09-02T17:19:55","date_gmt":"2022-09-02T15:19:55","guid":{"rendered":"https:\/\/hoegy.de\/homepage\/?page_id=8921"},"modified":"2025-08-16T11:17:42","modified_gmt":"2025-08-16T09:17:42","slug":"termine-dokumente","status":"publish","type":"page","link":"https:\/\/hoegy.de\/homepage\/schulgemeinschaft\/smv\/termine-dokumente\/","title":{"rendered":"Termine &amp; Dokumente"},"content":{"rendered":"<section class=\"l-section wpb_row height_small\"><div class=\"l-section-h i-cf\"><div class=\"g-cols vc_row via_flex valign_top type_default stacking_default\"><div class=\"vc_col-sm-12 wpb_column vc_column_container\"><div class=\"vc_column-inner\"><div class=\"wpb_wrapper\"><h1 class=\"w-text us_custom_eb849559\"><span class=\"w-text-h\"><span class=\"w-text-value\">Weiteres Material und Informationen zur H\u00f6Gy-SMV<\/span><\/span><\/h1><\/div><\/div><\/div><\/div><\/div><\/section><section class=\"l-section wpb_row height_small\"><div class=\"l-section-h i-cf\"><div class=\"g-cols vc_row via_flex valign_top type_default stacking_default\"><div class=\"vc_col-sm-6 wpb_column vc_column_container\"><div class=\"vc_column-inner\"><div class=\"wpb_wrapper\"><div class=\"w-separator size_huge\"><\/div><h3 class=\"w-text us_custom_eb849559\"><span class=\"w-text-h\"><span class=\"w-text-value\">Dokumente<\/span><\/span><\/h3><div class=\"wpb_text_column us_custom_eb849559\"><div class=\"wpb_wrapper\"><p>Hier gibt es aktuelle\u00a0<strong>Dokumente<\/strong>, die wir nat\u00fcrlich m\u00f6glichst zeitnah aktualisieren.<\/p>\n<\/div><\/div><div class=\"wpfd-wpbakery-category  \" id=\"\" ><div class=\"wpfd-content wpfd-content-default wpfd-content-multi\" data-category=\"98\"             style=\"background-color: rgba(255, 255, 255, 0)\"><input type=\"hidden\" id=\"current_category_98\" value=\"98\" \/>                    <input type=\"hidden\" id=\"current_category_slug_98\" value=\"smv\" \/>                    <input type=\"hidden\" id=\"current_ordering_98\" value=\"ordering\" \/>                    <input type=\"hidden\" id=\"current_ordering_direction_98\" value=\"asc\" \/>                    <input type=\"hidden\" id=\"page_limit_98\" value=\"10\" \/><input type=\"hidden\" id=\"wpfd_display_empty_category_message\" value=\"0\" \/><input type=\"hidden\" id=\"wpfd_empty_category_message_val\" value=\"This file category has no files to display\" \/><input type=\"hidden\" id=\"wpfd_display_empty_folder\" value=\"0\" \/><input type=\"hidden\" id=\"wpfd_is_empty_subcategories\" value=\"1\" \/><input type=\"hidden\" id=\"wpfd_is_empty_files\" value=\"1\" \/><input type=\"hidden\" id=\"wpfd_root_category_theme\" class=\"wpfd_root_category_theme\" value=\"default\" \/><a data-catid=\"\" class=\"default-download-category \" href=\"https:\/\/hoegy.de\/homepage\/download\/wpfdcat\/98\/smv\">Alles downloaden                                <i class=\"zmdi zmdi-check-all wpfd-download-category\"><\/i>                            <\/a><ul class=\"breadcrumbs wpfd-breadcrumbs-default head-category-default\">                            <li class=\"active\">SMV<\/li>                        <\/ul>    <script type=\"text\/x-handlebars-template\" class=\"wpfd-template-categories\">        <div class=\"wpfd-categories \">{{#if category}}{{#with category}}<h2>{{name}}<\/h2>{{#if parent}}<a class=\"catlink backcategory\" href=\"#\" data-idcat=\"{{parent}}\">                        <i class=\"zmdi zmdi-chevron-left\"><\/i><span>Zur\u00fcck<\/span><\/a>{{\/if}}{{\/with}}{{\/if}}{{#if category.desc}}<div class=\"wpfd-category-desc\">{{category.desc}}<\/div>{{\/if}}{{#if categories}}{{#each categories}}<a class=\"wpfdcategory catlink\" style=\"margin : 10px 10px 10px 10px;\" href=\"#\" data-idcat=\"{{term_id}}\" title=\"{{name}}\">                                <span>{{name}}<\/span><i class=\"zmdi zmdi-folder wpfd-folder\"><\/i>                            <\/a>{{\/each}}{{\/if}}<div class=\"wpfdcategory_placeholder\" style=\"margin : 0 10px 0 10px;\"><\/div><div class=\"wpfdcategory_placeholder\" style=\"margin : 0 10px 0 10px;\"><\/div><div class=\"wpfdcategory_placeholder\" style=\"margin : 0 10px 0 10px;\"><\/div><\/div>    <\/script>    <script type=\"text\/x-handlebars-template\" class=\"wpfd-template-files\">        {{#if files }}        <div class=\"wpfd_list\">            {{#each files}}            <div class=\"file\" style=\"margin : 10px 10px 10px 10px;\" data-id=\"{{ID}}\" data-catid=\"{{catid}}\">                <div class=\"filecontent\">                    {{#if file_custom_icon}}                    <div class=\"icon-custom\"><img decoding=\"async\" src=\"{{file_custom_icon}}\" \/><\/div>                    {{else}}                    <div class=\"ext ext-{{ext}} wpfd-icon-set-svg\"><span class=\"txt\">{{ext}}<\/span><\/div>                    {{\/if}}<h3><label class=\"wpfd_checkbox\"><input class=\"cbox_file_download\" type=\"checkbox\" data-id=\"{{ID}}\" \/><span><\/span><\/label><a href=\"{{linkdownload}}\"  class=\"wpfd_downloadlink\" title=\"{{post_title}}\" target=\"{{#if remote_file}}_blank{{\/if}}\">{{{crop_title}}}<\/a><\/h3>                    <div class=\"file-xinfo\">                        {{#if description}}<div class=\"file-desc\">{{{description}}}<\/div>{{\/if}}{{#if versionNumber}}<div class=\"file-version\"><span>Version:<\/span> {{versionNumber}}<\/div>{{\/if}}<div class=\"file-size\"><span>Dateigr\u00f6\u00dfe:<\/span> {{bytesToSize size}}<\/div><div class=\"file-dated\"><span>Letzte \u00c4nderung:<\/span> {{modified}}<\/div>                    <\/div>                <\/div>                <span class=\"file-right\">                    <a class=\"downloadlink wpfd_downloadlink\"  href=\"{{linkdownload}}\" style=\"background-color:rgba(51, 160, 214, 1);color:#ffffff;\" target=\"{{#if remote_file}}_blank{{\/if}}\">Herunterladen<i class=\"zmdi zmdi-cloud-download wpfd-download\"><\/i><\/a>{{#if openpdflink}}<a class=\"openlink wpfdlightbox wpfd_previewlink\" href=\"{{openpdflink}}\" target=\"\">Vorschau                            <i class=\"zmdi zmdi-filter-center-focus wpfd-preview\"><\/i>                        <\/a>{{else}}{{#if viewerlink}}<a                            href=\"{{viewerlink}}\"                            class=\"openlink wpfdlightbox wpfd_previewlink\"                            target=\"\"                            data-id=\"{{ID}}\"                            data-catid=\"{{catid}}\"                            data-file-type=\"{{ext}}\">Vorschau<i class=\"zmdi zmdi-filter-center-focus wpfd-preview\"><\/i>                        <\/a>{{\/if}}{{\/if}}                <\/span>            <\/div>            {{\/each}}            <div class=\"file flex_span\" style=\"margin : 10px 10px 10px 10px;\"><\/div>        <\/div>        {{\/if}}    <\/script><div class=\"wpfd-container show_category_title show_breadcrumb show_subcategories\">        <div class=\"wpfd-open-tree\"><\/div>    <div class=\"wpfd-container-default \">        <div class=\"wpfd-categories \"><h2>SMV<\/h2><div class=\"wpfd-category-desc\"><\/div><\/div>                    <div class=\"wpfd_list\">                                                        <div class=\"file\" style=\"margin : 10px 10px 10px 10px;\"                         data-id=\"11219\"                         data-catid=\"98\">                            <div class=\"filecontent\">                                <div class=\"ext ext-pdf wpfd-icon-set-svg\"><span class=\"txt\">pdf<\/span><\/div><h3><label class=\"wpfd_checkbox\"><input class=\"cbox_file_download\" type=\"checkbox\" data-id=\"11219\" data-catid=\"98\" \/><span><\/span><\/label><a href=\"https:\/\/hoegy.de\/homepage\/download\/98\/smv\/11219\/smv-satzung-08-02-2022.pdf\"  class=\"wpfd_downloadlink\" title=\"SMV-Satzung (08.02.2022)\" target=\"\">SMV-Satzung (08.02.2022)<\/a><\/h3>                                <div class=\"file-xinfo\">                                    <div class=\"file-desc\"><\/div><div class=\"file-size\"><span>Dateigr\u00f6\u00dfe:<\/span> 83.75 KB<\/div><div class=\"file-dated\"><span>Letzte \u00c4nderung:<\/span> 30.11.2023<\/div>                                <\/div>                            <\/div>                            <div class=\"file-right\">                                <a class=\"downloadlink wpfd_downloadlink\"  href=\"https:\/\/hoegy.de\/homepage\/download\/98\/smv\/11219\/smv-satzung-08-02-2022.pdf\" style=\"background-color:rgba(51, 160, 214, 1);color:#ffffff;\" target=\"\">Herunterladen<i class=\"zmdi zmdi-cloud-download wpfd-download\"><\/i><\/a><a class=\"openlink wpfdlightbox wpfd_previewlink\" href=\"https:\/\/hoegy.de\/homepage\/hgy-admin\/admin-ajax.php?juwpfisadmin=false&#038;action=wpfd&#038;task=file.download&#038;wpfd_category_id=98&#038;wpfd_file_id=11219&#038;token=&#038;preview=1\" target=\"\">Vorschau                            <i class=\"zmdi zmdi-filter-center-focus wpfd-preview\"><\/i>                        <\/a>                            <\/div>                    <\/div>                                                                            <div class=\"file\" style=\"margin : 10px 10px 10px 10px;\"                         data-id=\"9026\"                         data-catid=\"98\">                            <div class=\"filecontent\">                                <div class=\"ext ext-pdf wpfd-icon-set-svg\"><span class=\"txt\">pdf<\/span><\/div><h3><label class=\"wpfd_checkbox\"><input class=\"cbox_file_download\" type=\"checkbox\" data-id=\"9026\" data-catid=\"98\" \/><span><\/span><\/label><a href=\"https:\/\/hoegy.de\/homepage\/download\/98\/smv\/9026\/abrechnung_leer.pdf\"  class=\"wpfd_downloadlink\" title=\"Abrechnung_leer\" target=\"\">Abrechnung_leer<\/a><\/h3>                                <div class=\"file-xinfo\">                                    <div class=\"file-desc\"><\/div><div class=\"file-size\"><span>Dateigr\u00f6\u00dfe:<\/span> 29.75 KB<\/div><div class=\"file-dated\"><span>Letzte \u00c4nderung:<\/span> 02.09.2022<\/div>                                <\/div>                            <\/div>                            <div class=\"file-right\">                                <a class=\"downloadlink wpfd_downloadlink\"  href=\"https:\/\/hoegy.de\/homepage\/download\/98\/smv\/9026\/abrechnung_leer.pdf\" style=\"background-color:rgba(51, 160, 214, 1);color:#ffffff;\" target=\"\">Herunterladen<i class=\"zmdi zmdi-cloud-download wpfd-download\"><\/i><\/a><a class=\"openlink wpfdlightbox wpfd_previewlink\" href=\"https:\/\/hoegy.de\/homepage\/hgy-admin\/admin-ajax.php?juwpfisadmin=false&#038;action=wpfd&#038;task=file.download&#038;wpfd_category_id=98&#038;wpfd_file_id=9026&#038;token=&#038;preview=1\" target=\"\">Vorschau                            <i class=\"zmdi zmdi-filter-center-focus wpfd-preview\"><\/i>                        <\/a>                            <\/div>                    <\/div>                                                                            <div class=\"file\" style=\"margin : 10px 10px 10px 10px;\"                         data-id=\"9027\"                         data-catid=\"98\">                            <div class=\"filecontent\">                                <div class=\"ext ext-pdf wpfd-icon-set-svg\"><span class=\"txt\">pdf<\/span><\/div><h3><label class=\"wpfd_checkbox\"><input class=\"cbox_file_download\" type=\"checkbox\" data-id=\"9027\" data-catid=\"98\" \/><span><\/span><\/label><a href=\"https:\/\/hoegy.de\/homepage\/download\/98\/smv\/9027\/rechnung_leer.pdf\"  class=\"wpfd_downloadlink\" title=\"Rechnung_leer\" target=\"\">Rechnung_leer<\/a><\/h3>                                <div class=\"file-xinfo\">                                    <div class=\"file-desc\"><\/div><div class=\"file-size\"><span>Dateigr\u00f6\u00dfe:<\/span> 32.06 KB<\/div><div class=\"file-dated\"><span>Letzte \u00c4nderung:<\/span> 02.09.2022<\/div>                                <\/div>                            <\/div>                            <div class=\"file-right\">                                <a class=\"downloadlink wpfd_downloadlink\"  href=\"https:\/\/hoegy.de\/homepage\/download\/98\/smv\/9027\/rechnung_leer.pdf\" style=\"background-color:rgba(51, 160, 214, 1);color:#ffffff;\" target=\"\">Herunterladen<i class=\"zmdi zmdi-cloud-download wpfd-download\"><\/i><\/a><a class=\"openlink wpfdlightbox wpfd_previewlink\" href=\"https:\/\/hoegy.de\/homepage\/hgy-admin\/admin-ajax.php?juwpfisadmin=false&#038;action=wpfd&#038;task=file.download&#038;wpfd_category_id=98&#038;wpfd_file_id=9027&#038;token=&#038;preview=1\" target=\"\">Vorschau                            <i class=\"zmdi zmdi-filter-center-focus wpfd-preview\"><\/i>                        <\/a>                            <\/div>                    <\/div>                                                                            <div class=\"file\" style=\"margin : 10px 10px 10px 10px;\"                         data-id=\"10937\"                         data-catid=\"98\">                            <div class=\"filecontent\">                                <div class=\"ext ext-pdf wpfd-icon-set-svg\"><span class=\"txt\">pdf<\/span><\/div><h3><label class=\"wpfd_checkbox\"><input class=\"cbox_file_download\" type=\"checkbox\" data-id=\"10937\" data-catid=\"98\" \/><span><\/span><\/label><a href=\"https:\/\/hoegy.de\/homepage\/download\/98\/smv\/10937\/ssp-info.pdf\"  class=\"wpfd_downloadlink\" title=\"SSP Info\" target=\"\">SSP Info<\/a><\/h3>                                <div class=\"file-xinfo\">                                    <div class=\"file-desc\"><\/div><div class=\"file-size\"><span>Dateigr\u00f6\u00dfe:<\/span> 483.65 KB<\/div><div class=\"file-dated\"><span>Letzte \u00c4nderung:<\/span> 10.09.2023<\/div>                                <\/div>                            <\/div>                            <div class=\"file-right\">                                <a class=\"downloadlink wpfd_downloadlink\"  href=\"https:\/\/hoegy.de\/homepage\/download\/98\/smv\/10937\/ssp-info.pdf\" style=\"background-color:rgba(51, 160, 214, 1);color:#ffffff;\" target=\"\">Herunterladen<i class=\"zmdi zmdi-cloud-download wpfd-download\"><\/i><\/a><a class=\"openlink wpfdlightbox wpfd_previewlink\" href=\"https:\/\/hoegy.de\/homepage\/hgy-admin\/admin-ajax.php?juwpfisadmin=false&#038;action=wpfd&#038;task=file.download&#038;wpfd_category_id=98&#038;wpfd_file_id=10937&#038;token=&#038;preview=1\" target=\"\">Vorschau                            <i class=\"zmdi zmdi-filter-center-focus wpfd-preview\"><\/i>                        <\/a>                            <\/div>                    <\/div>                                                                            <div class=\"file\" style=\"margin : 10px 10px 10px 10px;\"                         data-id=\"9071\"                         data-catid=\"98\">                            <div class=\"filecontent\">                                <div class=\"ext ext-jpg wpfd-icon-set-svg\"><span class=\"txt\">jpg<\/span><\/div><h3><label class=\"wpfd_checkbox\"><input class=\"cbox_file_download\" type=\"checkbox\" data-id=\"9071\" data-catid=\"98\" \/><span><\/span><\/label><a href=\"https:\/\/hoegy.de\/homepage\/download\/98\/smv\/9071\/schaubild-smv.jpg\"  class=\"wpfd_downloadlink\" title=\"Schaubild SMV\" target=\"\">Schaubild SMV<\/a><\/h3>                                <div class=\"file-xinfo\">                                    <div class=\"file-desc\"><\/div><div class=\"file-size\"><span>Dateigr\u00f6\u00dfe:<\/span> 670.18 KB<\/div><div class=\"file-dated\"><span>Letzte \u00c4nderung:<\/span> 05.09.2022<\/div>                                <\/div>                            <\/div>                            <div class=\"file-right\">                                <a class=\"downloadlink wpfd_downloadlink\"  href=\"https:\/\/hoegy.de\/homepage\/download\/98\/smv\/9071\/schaubild-smv.jpg\" style=\"background-color:rgba(51, 160, 214, 1);color:#ffffff;\" target=\"\">Herunterladen<i class=\"zmdi zmdi-cloud-download wpfd-download\"><\/i><\/a><a                            href=\"https:\/\/hoegy.de\/homepage\/hgy-admin\/admin-ajax.php?juwpfisadmin=false&#038;action=wpfd&#038;task=frontviewer.display&#038;view=frontviewer&#038;id=9071&#038;catid=98&#038;type=image&#038;ext=jpg\"                            class=\"openlink wpfdlightbox wpfd_previewlink\"                            target=\"\"                            data-id=\"9071\"                            data-catid=\"98\"                            data-file-type=\"jpg\">Vorschau<i class=\"zmdi zmdi-filter-center-focus wpfd-preview\"><\/i>                        <\/a>                            <\/div>                    <\/div>                                                                            <div class=\"file\" style=\"margin : 10px 10px 10px 10px;\"                         data-id=\"9238\"                         data-catid=\"98\">                            <div class=\"filecontent\">                                <div class=\"ext ext-pdf wpfd-icon-set-svg\"><span class=\"txt\">pdf<\/span><\/div><h3><label class=\"wpfd_checkbox\"><input class=\"cbox_file_download\" type=\"checkbox\" data-id=\"9238\" data-catid=\"98\" \/><span><\/span><\/label><a href=\"https:\/\/hoegy.de\/homepage\/download\/98\/smv\/9238\/schuelerratssitzung-1-neu.pdf\"  class=\"wpfd_downloadlink\" title=\"Sch\u00fclerratssitzung 1 neu\" target=\"\">Sch\u00fclerratssitzung 1 neu<\/a><\/h3>                                <div class=\"file-xinfo\">                                    <div class=\"file-desc\"><\/div><div class=\"file-size\"><span>Dateigr\u00f6\u00dfe:<\/span> 81.73 KB<\/div><div class=\"file-dated\"><span>Letzte \u00c4nderung:<\/span> 23.09.2022<\/div>                                <\/div>                            <\/div>                            <div class=\"file-right\">                                <a class=\"downloadlink wpfd_downloadlink\"  href=\"https:\/\/hoegy.de\/homepage\/download\/98\/smv\/9238\/schuelerratssitzung-1-neu.pdf\" style=\"background-color:rgba(51, 160, 214, 1);color:#ffffff;\" target=\"\">Herunterladen<i class=\"zmdi zmdi-cloud-download wpfd-download\"><\/i><\/a><a class=\"openlink wpfdlightbox wpfd_previewlink\" href=\"https:\/\/hoegy.de\/homepage\/hgy-admin\/admin-ajax.php?juwpfisadmin=false&#038;action=wpfd&#038;task=file.download&#038;wpfd_category_id=98&#038;wpfd_file_id=9238&#038;token=&#038;preview=1\" target=\"\">Vorschau                            <i class=\"zmdi zmdi-filter-center-focus wpfd-preview\"><\/i>                        <\/a>                            <\/div>                    <\/div>                                                    <div class=\"file flex_span\" style=\"margin : 10px 10px 10px 10px;\"><\/div>            <\/div>                    <\/div><\/div><\/div><\/div><div class=\"w-separator size_huge\"><\/div><\/div><\/div><\/div><div class=\"vc_col-sm-6 wpb_column vc_column_container\"><div class=\"vc_column-inner\"><div class=\"wpb_wrapper\"><div class=\"w-separator size_huge\"><\/div><h3 class=\"w-text us_custom_eb849559\"><span class=\"w-text-h\"><span class=\"w-text-value\">Termine<\/span><\/span><\/h3><div class=\"w-tabs layout_ver navwidth_auto navpos_left style_default switch_click has_scrolling\" style=\"--sections-title-size:1em\"><div class=\"w-tabs-list items_2 align_none\"><div class=\"w-tabs-list-h\"><button class=\"w-tabs-item\" aria-controls=\"content-xc80\" aria-expanded=\"false\"><span class=\"w-tabs-item-title\">Ank\u00fcndigungen<\/span><\/button><button class=\"w-tabs-item active defined-active\" aria-controls=\"content-eda1\" aria-expanded=\"true\"><span class=\"w-tabs-item-title\">Vergangene<\/span><\/button><\/div><\/div><div class=\"w-tabs-sections titles-align_none icon_chevron cpos_right\"><div class=\"w-tabs-section\" id=\"xc80\"><button class=\"w-tabs-section-header\" aria-controls=\"content-xc80\" aria-expanded=\"false\"><div class=\"w-tabs-section-title\">Ank\u00fcndigungen<\/div><div class=\"w-tabs-section-control\"><\/div><\/button><div  class=\"w-tabs-section-content\" id=\"content-xc80\"><div class=\"w-tabs-section-content-h i-cf\"><div class=\"wpb_text_column\"><div class=\"wpb_wrapper\"><ul>\n<li><\/li>\n<\/ul>\n<\/div><\/div><\/div><\/div><\/div><div class=\"w-tabs-section active\" id=\"eda1\"><button class=\"w-tabs-section-header active\" aria-controls=\"content-eda1\" aria-expanded=\"true\"><div class=\"w-tabs-section-title\">Vergangene<\/div><div class=\"w-tabs-section-control\"><\/div><\/button><div  class=\"w-tabs-section-content\" id=\"content-eda1\"><div class=\"w-tabs-section-content-h i-cf\"><div class=\"wpb_text_column\"><div class=\"wpb_wrapper\"><ul>\n<li>Pride-Day | SoD AK<\/li>\n<li>M\u00fcllsammelaktion | Umwelt AK<\/li>\n<li>Osteraktion f\u00fcr Klasse 5 | Feste AK<\/li>\n<li>Verkleidungstag f\u00fcr Unterstufe | Feste AK<\/li>\n<li>Flohmarkt | Umwelt AK<\/li>\n<li>\u00a0Mini-Weltenbuffet | SoD AK<\/li>\n<li>Meinungsm\u00fclleimer in der Mensa | Umwelt AK<\/li>\n<li>Sportchallenges auf Instagram | Sport AK<\/li>\n<\/ul>\n<\/div><\/div><\/div><\/div><\/div><\/div><\/div><div class=\"w-separator size_huge\"><\/div><\/div><\/div><\/div><\/div><\/div><\/section>\n","protected":false},"excerpt":{"rendered":"Weiteres Material und Informationen zur H\u00f6Gy-SMVDokumenteHier gibt es aktuelle\u00a0Dokumente, die wir nat\u00fcrlich m\u00f6glichst zeitnah aktualisieren. Alles downloaden SMV SMV pdfSMV-Satzung (08.02.2022) Dateigr\u00f6\u00dfe: 83.75 KBLetzte \u00c4nderung: 30.11.2023 HerunterladenVorschau pdfAbrechnung_leer Dateigr\u00f6\u00dfe: 29.75 KBLetzte \u00c4nderung: 02.09.2022 HerunterladenVorschau pdfRechnung_leer Dateigr\u00f6\u00dfe: 32.06 KBLetzte \u00c4nderung: 02.09.2022 HerunterladenVorschau pdfSSP Info Dateigr\u00f6\u00dfe: 483.65 KBLetzte \u00c4nderung: 10.09.2023 HerunterladenVorschau jpgSchaubild SMV Dateigr\u00f6\u00dfe: 670.18 KBLetzte \u00c4nderung:...","protected":false},"author":37,"featured_media":9068,"parent":230,"menu_order":5,"comment_status":"closed","ping_status":"closed","template":"","meta":{"footnotes":""},"class_list":["post-8921","page","type-page","status-publish","has-post-thumbnail","hentry"],"publishpress_future_action":{"enabled":false,"date":"2026-04-24 10:44:42","action":"change-status","newStatus":"draft","terms":[],"taxonomy":"","extraData":[]},"publishpress_future_workflow_manual_trigger":{"enabledWorkflows":[]},"_links":{"self":[{"href":"https:\/\/hoegy.de\/homepage\/wp-json\/wp\/v2\/pages\/8921","targetHints":{"allow":["GET"]}}],"collection":[{"href":"https:\/\/hoegy.de\/homepage\/wp-json\/wp\/v2\/pages"}],"about":[{"href":"https:\/\/hoegy.de\/homepage\/wp-json\/wp\/v2\/types\/page"}],"author":[{"embeddable":true,"href":"https:\/\/hoegy.de\/homepage\/wp-json\/wp\/v2\/users\/37"}],"replies":[{"embeddable":true,"href":"https:\/\/hoegy.de\/homepage\/wp-json\/wp\/v2\/comments?post=8921"}],"version-history":[{"count":30,"href":"https:\/\/hoegy.de\/homepage\/wp-json\/wp\/v2\/pages\/8921\/revisions"}],"predecessor-version":[{"id":14450,"href":"https:\/\/hoegy.de\/homepage\/wp-json\/wp\/v2\/pages\/8921\/revisions\/14450"}],"up":[{"embeddable":true,"href":"https:\/\/hoegy.de\/homepage\/wp-json\/wp\/v2\/pages\/230"}],"wp:featuredmedia":[{"embeddable":true,"href":"https:\/\/hoegy.de\/homepage\/wp-json\/wp\/v2\/media\/9068"}],"wp:attachment":[{"href":"https:\/\/hoegy.de\/homepage\/wp-json\/wp\/v2\/media?parent=8921"}],"curies":[{"name":"wp","href":"https:\/\/api.w.org\/{rel}","templated":true}]}}